{"id":3,"date":"2021-05-29T10:01:40","date_gmt":"2021-05-29T10:01:40","guid":{"rendered":"https:\/\/bluebirds.sslcommerz.org\/?page_id=3"},"modified":"2021-06-29T12:20:01","modified_gmt":"2021-06-29T12:20:01","slug":"privacy-policy","status":"publish","type":"page","link":"https:\/\/sexdollxxx.com\/cs\/privacy-policy\/","title":{"rendered":"Z\u00e1sady ochrany osobn\u00edch \u00fadaj\u016f"},"content":{"rendered":"<div data-elementor-type=\"wp-page\" data-elementor-id=\"3\" class=\"elementor elementor-3\" data-elementor-post-type=\"page\">\n\t\t\t\t\t\t<section class=\"elementor-section elementor-top-section elementor-element elementor-element-28db0f3 elementor-section-boxed elementor-section-height-default elementor-section-height-default\" data-id=\"28db0f3\" data-element_type=\"section\">\n\t\t\t\t\t\t<div class=\"elementor-container elementor-column-gap-default\">\n\t\t\t\t\t<div class=\"elementor-column elementor-col-100 elementor-top-column elementor-element elementor-element-a983f34\" data-id=\"a983f34\" data-element_type=\"column\">\n\t\t\t<div class=\"elementor-column-wrap--a983f34 elementor-widget-wrap elementor-element-populated\">\n\t\t\t\t\t\t<div class=\"elementor-element elementor-element-57a1bda elementor-widget elementor-widget-woocommerce-breadcrumb\" data-id=\"57a1bda\" data-element_type=\"widget\" data-widget_type=\"woocommerce-breadcrumb.default\">\n\t\t\t\t<div class=\"elementor-widget-container\">\n\t\t\t\t\t<nav class=\"rey-breadcrumbs\"><div class=\"rey-breadcrumbs-item\" data-no-translation=\"\" data-trp-gettext=\"\">Dom\u016f<\/div><\/nav>\t\t\t\t<\/div>\n\t\t\t\t<\/div>\n\t\t\t\t\t<\/div>\n\t\t<\/div>\n\t\t\t\t\t<\/div>\n\t\t<\/section>\n\t\t\t\t<section class=\"elementor-section elementor-top-section elementor-element elementor-element-0abf504 elementor-section-boxed elementor-section-height-default elementor-section-height-default\" data-id=\"0abf504\" data-element_type=\"section\">\n\t\t\t\t\t\t<div class=\"elementor-container elementor-column-gap-default\">\n\t\t\t\t\t<div class=\"elementor-column elementor-col-100 elementor-top-column elementor-element elementor-element-c387141\" data-id=\"c387141\" data-element_type=\"column\">\n\t\t\t<div class=\"elementor-column-wrap--c387141 elementor-widget-wrap elementor-element-populated\">\n\t\t\t\t\t\t<div class=\"elementor-element elementor-element-d1ece43 elementor-widget elementor-widget-heading\" data-id=\"d1ece43\" data-element_type=\"widget\" data-widget_type=\"heading.default\">\n\t\t\t\t<div class=\"elementor-widget-container\">\n\t\t\t\t\t<h1 class=\"elementor-heading-title elementor-size-default\">Z\u00e1sady ochrany osobn\u00edch \u00fadaj\u016f\n<\/h1>\t\t\t\t<\/div>\n\t\t\t\t<\/div>\n\t\t\t\t\t<\/div>\n\t\t<\/div>\n\t\t\t\t\t<\/div>\n\t\t<\/section>\n\t\t\t\t<section class=\"elementor-section elementor-top-section elementor-element elementor-element-457d9e0 elementor-section-boxed elementor-section-height-default elementor-section-height-default\" data-id=\"457d9e0\" data-element_type=\"section\">\n\t\t\t\t\t\t<div class=\"elementor-container elementor-column-gap-default\">\n\t\t\t\t\t<div class=\"elementor-column elementor-col-100 elementor-top-column elementor-element elementor-element-98ab7b9\" data-id=\"98ab7b9\" data-element_type=\"column\">\n\t\t\t<div class=\"elementor-column-wrap--98ab7b9 elementor-widget-wrap elementor-element-populated\">\n\t\t\t\t\t\t<div class=\"elementor-element elementor-element-4df22f2 elementor-widget elementor-widget-heading\" data-id=\"4df22f2\" data-element_type=\"widget\" data-widget_type=\"heading.default\">\n\t\t\t\t<div class=\"elementor-widget-container\">\n\t\t\t\t\t<h2 class=\"elementor-heading-title elementor-size-default\">Informace, kter\u00e9 shroma\u017e\u010fujeme\n<\/h2>\t\t\t\t<\/div>\n\t\t\t\t<\/div>\n\t\t\t\t\t<\/div>\n\t\t<\/div>\n\t\t\t\t\t<\/div>\n\t\t<\/section>\n\t\t\t\t<section class=\"elementor-section elementor-top-section elementor-element elementor-element-4df10f0 elementor-section-boxed elementor-section-height-default elementor-section-height-default\" data-id=\"4df10f0\" data-element_type=\"section\">\n\t\t\t\t\t\t<div class=\"elementor-container elementor-column-gap-default\">\n\t\t\t\t\t<div class=\"elementor-column elementor-col-100 elementor-top-column elementor-element elementor-element-b5113e9\" data-id=\"b5113e9\" data-element_type=\"column\">\n\t\t\t<div class=\"elementor-column-wrap--b5113e9 elementor-widget-wrap elementor-element-populated\">\n\t\t\t\t\t\t<div class=\"elementor-element elementor-element-2139bbb elementor-widget elementor-widget-text-editor\" data-id=\"2139bbb\" data-element_type=\"widget\" data-widget_type=\"text-editor.default\">\n\t\t\t\t<div class=\"elementor-widget-container\">\n\t\t\t\t\t\t\t\t\t<ul><li>Kdy\u017e se zaregistrujete jako n\u00e1\u0161 u\u017eivatel, ulo\u017e\u00edme pouze v\u00e1\u0161 <strong>\u00fa\u010det<\/strong> a <strong>Heslo<\/strong> na na\u0161em serveru<\/li><li>Kdy\u017e p\u0159id\u00e1te produkty do seznam\u016f p\u0159\u00e1n\u00ed, ulo\u017e\u00edme za v\u00e1s tak\u00e9 data.<\/li><li>Kdy\u017e zad\u00e1te objedn\u00e1vku a zaplat\u00edte za ni, ulo\u017e\u00edme va\u0161i <strong>e-mail<\/strong>, <strong>telefonn\u00ed \u010d\u00edslo<\/strong>, <strong>adresa<\/strong> a dal\u0161\u00ed informace, proto\u017ee je pot\u0159ebujeme pro va\u0161i z\u00e1silku.<\/li><\/ul>\t\t\t\t\t\t\t\t<\/div>\n\t\t\t\t<\/div>\n\t\t\t\t\t<\/div>\n\t\t<\/div>\n\t\t\t\t\t<\/div>\n\t\t<\/section>\n\t\t\t\t<section class=\"elementor-section elementor-top-section elementor-element elementor-element-9b9d12e elementor-section-boxed elementor-section-height-default elementor-section-height-default\" data-id=\"9b9d12e\" data-element_type=\"section\">\n\t\t\t\t\t\t<div class=\"elementor-container elementor-column-gap-default\">\n\t\t\t\t\t<div class=\"elementor-column elementor-col-100 elementor-top-column elementor-element elementor-element-f14f8f4\" data-id=\"f14f8f4\" data-element_type=\"column\">\n\t\t\t<div class=\"elementor-column-wrap--f14f8f4 elementor-widget-wrap elementor-element-populated\">\n\t\t\t\t\t\t<div class=\"elementor-element elementor-element-80a84dd elementor-widget elementor-widget-heading\" data-id=\"80a84dd\" data-element_type=\"widget\" data-widget_type=\"heading.default\">\n\t\t\t\t<div class=\"elementor-widget-container\">\n\t\t\t\t\t<h2 class=\"elementor-heading-title elementor-size-default\">Informa\u010dn\u00ed bezpe\u010dnost\n<\/h2>\t\t\t\t<\/div>\n\t\t\t\t<\/div>\n\t\t\t\t\t<\/div>\n\t\t<\/div>\n\t\t\t\t\t<\/div>\n\t\t<\/section>\n\t\t\t\t<section class=\"elementor-section elementor-top-section elementor-element elementor-element-1cfc0b5 elementor-section-boxed elementor-section-height-default elementor-section-height-default\" data-id=\"1cfc0b5\" data-element_type=\"section\">\n\t\t\t\t\t\t<div class=\"elementor-container elementor-column-gap-default\">\n\t\t\t\t\t<div class=\"elementor-column elementor-col-100 elementor-top-column elementor-element elementor-element-16600a7\" data-id=\"16600a7\" data-element_type=\"column\">\n\t\t\t<div class=\"elementor-column-wrap--16600a7 elementor-widget-wrap elementor-element-populated\">\n\t\t\t\t\t\t<div class=\"elementor-element elementor-element-9a00552 elementor-widget elementor-widget-text-editor\" data-id=\"9a00552\" data-element_type=\"widget\" data-widget_type=\"text-editor.default\">\n\t\t\t\t<div class=\"elementor-widget-container\">\n\t\t\t\t\t\t\t\t\t<ul><li>N\u00e1\u0161 internetov\u00fd obchod je zalo\u017een na woocommerce. M\u00e1 perfektn\u00ed obrann\u00e1 opat\u0159en\u00ed proti XSS a csrf. Pro v\u00edce informac\u00ed m\u016f\u017eete nav\u0161t\u00edvit podrobnosti o woocommerce.<\/li><li>P\u0159i n\u00e1v\u0161t\u011bv\u011b t\u011bchto str\u00e1nek budete vych\u00e1zet z bezpe\u010dnostn\u00edho protokolu htpps, abyste zajistili bezpe\u010dnost p\u0159enosu informac\u00ed.<\/li><li>Na\u0161e platba je zalo\u017eena na zabezpe\u010den\u00fdch platform\u00e1ch t\u0159et\u00edch stran, jako je PayPal. Nav\u0161tivte zde a zjist\u011bte, jak PayPal zaji\u0161\u0165uje bezpe\u010dnost transakc\u00ed<\/li><\/ul>\t\t\t\t\t\t\t\t<\/div>\n\t\t\t\t<\/div>\n\t\t\t\t\t<\/div>\n\t\t<\/div>\n\t\t\t\t\t<\/div>\n\t\t<\/section>\n\t\t\t\t<section class=\"elementor-section elementor-top-section elementor-element elementor-element-35f7479 elementor-section-boxed elementor-section-height-default elementor-section-height-default\" data-id=\"35f7479\" data-element_type=\"section\">\n\t\t\t\t\t\t<div class=\"elementor-container elementor-column-gap-default\">\n\t\t\t\t\t<div class=\"elementor-column elementor-col-100 elementor-top-column elementor-element elementor-element-f9b12d5\" data-id=\"f9b12d5\" data-element_type=\"column\">\n\t\t\t<div class=\"elementor-column-wrap--f9b12d5 elementor-widget-wrap elementor-element-populated\">\n\t\t\t\t\t\t<div class=\"elementor-element elementor-element-6f4d007 elementor-widget elementor-widget-heading\" data-id=\"6f4d007\" data-element_type=\"widget\" data-widget_type=\"heading.default\">\n\t\t\t\t<div class=\"elementor-widget-container\">\n\t\t\t\t\t<h2 class=\"elementor-heading-title elementor-size-default\">V\u011bk souhlasu\n<\/h2>\t\t\t\t<\/div>\n\t\t\t\t<\/div>\n\t\t\t\t\t<\/div>\n\t\t<\/div>\n\t\t\t\t\t<\/div>\n\t\t<\/section>\n\t\t\t\t<section class=\"elementor-section elementor-top-section elementor-element elementor-element-2c04a42 elementor-section-boxed elementor-section-height-default elementor-section-height-default\" data-id=\"2c04a42\" data-element_type=\"section\">\n\t\t\t\t\t\t<div class=\"elementor-container elementor-column-gap-default\">\n\t\t\t\t\t<div class=\"elementor-column elementor-col-100 elementor-top-column elementor-element elementor-element-16c0ced\" data-id=\"16c0ced\" data-element_type=\"column\">\n\t\t\t<div class=\"elementor-column-wrap--16c0ced elementor-widget-wrap elementor-element-populated\">\n\t\t\t\t\t\t<div class=\"elementor-element elementor-element-01f6e47 elementor-widget elementor-widget-text-editor\" data-id=\"01f6e47\" data-element_type=\"widget\" data-widget_type=\"text-editor.default\">\n\t\t\t\t<div class=\"elementor-widget-container\">\n\t\t\t\t\t\t\t\t\t<ul><li>Na\u0161e webov\u00e9 str\u00e1nky obsahuj\u00ed obsah omezen\u00fd pouze pro dosp\u011bl\u00e9. Pokud je v\u00e1m m\u00e9n\u011b ne\u017e 18 let, nenav\u0161t\u011bvujte pros\u00edm webovou str\u00e1nku.<\/li><li>Kdy\u017e nav\u0161t\u00edv\u00edte, znamen\u00e1 to, \u017ee d\u016fsledky obsahu pro dosp\u011bl\u00e9 s n\u00e1mi nemaj\u00ed nic spole\u010dn\u00e9ho.<\/li><\/ul>\t\t\t\t\t\t\t\t<\/div>\n\t\t\t\t<\/div>\n\t\t\t\t<div class=\"elementor-element elementor-element-0e3c52c elementor-widget elementor-widget-text-editor\" data-id=\"0e3c52c\" data-element_type=\"widget\" data-widget_type=\"text-editor.default\">\n\t\t\t\t<div class=\"elementor-widget-container\">\n\t\t\t\t\t\t\t\t\t<p>Zm\u011bny z\u00e1sad ochrany osobn\u00edch \u00fadaj\u016f<br \/>Vyhrazujeme si pr\u00e1vo zm\u011bnit na\u0161e z\u00e1sady ochrany osobn\u00edch \u00fadaj\u016f. Na t\u00e9to str\u00e1nce si m\u016f\u017eete prohl\u00e9dnout nejnov\u011bj\u0161\u00ed z\u00e1sady ochrany osobn\u00edch \u00fadaj\u016f.<\/p>\t\t\t\t\t\t\t\t<\/div>\n\t\t\t\t<\/div>\n\t\t\t\t\t<\/div>\n\t\t<\/div>\n\t\t\t\t\t<\/div>\n\t\t<\/section>\n\t\t\t\t<\/div>","protected":false},"excerpt":{"rendered":"<p>Privacy Policy The information we collect When you register as our user, we only save your account and password on our server When you add products to wishlists, we also save data for you. When you place an order and pay for it, we will save your emai, phone number, address and other information, because [&hellip;]<\/p>\n","protected":false},"author":3,"featured_media":0,"parent":0,"menu_order":0,"comment_status":"closed","ping_status":"open","template":"elementor_header_footer","meta":{"footnotes":""},"class_list":["post-3","page","type-page","status-publish","hentry"],"_links":{"self":[{"href":"https:\/\/sexdollxxx.com\/cs\/wp-json\/wp\/v2\/pages\/3","targetHints":{"allow":["GET"]}}],"collection":[{"href":"https:\/\/sexdollxxx.com\/cs\/wp-json\/wp\/v2\/pages"}],"about":[{"href":"https:\/\/sexdollxxx.com\/cs\/wp-json\/wp\/v2\/types\/page"}],"author":[{"embeddable":true,"href":"https:\/\/sexdollxxx.com\/cs\/wp-json\/wp\/v2\/users\/3"}],"replies":[{"embeddable":true,"href":"https:\/\/sexdollxxx.com\/cs\/wp-json\/wp\/v2\/comments?post=3"}],"version-history":[{"count":0,"href":"https:\/\/sexdollxxx.com\/cs\/wp-json\/wp\/v2\/pages\/3\/revisions"}],"wp:attachment":[{"href":"https:\/\/sexdollxxx.com\/cs\/wp-json\/wp\/v2\/media?parent=3"}],"curies":[{"name":"wp","href":"https:\/\/api.w.org\/{rel}","templated":true}]}}