{"id":579,"date":"2021-06-01T15:27:36","date_gmt":"2021-06-01T15:27:36","guid":{"rendered":"https:\/\/bluebirds.sslcommerz.org\/?page_id=579"},"modified":"2024-11-16T16:30:14","modified_gmt":"2024-11-16T08:30:14","slug":"more-sex-doll-sites","status":"publish","type":"page","link":"https:\/\/sexdollxxx.com\/cs\/more-sex-doll-sites\/","title":{"rendered":"V\u00edce str\u00e1nek o sexu panenk\u00e1ch"},"content":{"rendered":"<div data-elementor-type=\"wp-page\" data-elementor-id=\"579\" class=\"elementor elementor-579\" data-elementor-post-type=\"page\">\n\t\t\t\t\t\t<section class=\"elementor-section elementor-top-section elementor-element elementor-element-6e09150 elementor-section-boxed elementor-section-height-default elementor-section-height-default\" data-id=\"6e09150\" data-element_type=\"section\">\n\t\t\t\t\t\t<div class=\"elementor-container elementor-column-gap-default\">\n\t\t\t\t\t<div class=\"elementor-column elementor-col-100 elementor-top-column elementor-element elementor-element-6bc6109\" data-id=\"6bc6109\" data-element_type=\"column\">\n\t\t\t<div class=\"elementor-column-wrap--6bc6109 elementor-widget-wrap elementor-element-populated\">\n\t\t\t\t\t\t<div class=\"elementor-element elementor-element-84793b0 elementor-widget elementor-widget-woocommerce-breadcrumb\" data-id=\"84793b0\" data-element_type=\"widget\" data-widget_type=\"woocommerce-breadcrumb.default\">\n\t\t\t\t<div class=\"elementor-widget-container\">\n\t\t\t\t\t<nav class=\"rey-breadcrumbs\"><div class=\"rey-breadcrumbs-item\" data-no-translation=\"\" data-trp-gettext=\"\">Dom\u016f<\/div><\/nav>\t\t\t\t<\/div>\n\t\t\t\t<\/div>\n\t\t\t\t\t<\/div>\n\t\t<\/div>\n\t\t\t\t\t<\/div>\n\t\t<\/section>\n\t\t\t\t<section class=\"elementor-section elementor-top-section elementor-element elementor-element-2ff495d elementor-section-boxed elementor-section-height-default elementor-section-height-default\" data-id=\"2ff495d\" data-element_type=\"section\">\n\t\t\t\t\t\t<div class=\"elementor-container elementor-column-gap-default\">\n\t\t\t\t\t<div class=\"elementor-column elementor-col-100 elementor-top-column elementor-element elementor-element-84c644f\" data-id=\"84c644f\" data-element_type=\"column\">\n\t\t\t<div class=\"elementor-column-wrap--84c644f elementor-widget-wrap elementor-element-populated\">\n\t\t\t\t\t\t<div class=\"elementor-element elementor-element-3f36792 elementor-widget elementor-widget-heading\" data-id=\"3f36792\" data-element_type=\"widget\" data-widget_type=\"heading.default\">\n\t\t\t\t<div class=\"elementor-widget-container\">\n\t\t\t\t\t<h1 class=\"elementor-heading-title elementor-size-default\">V\u00edce str\u00e1nek o sexu panenk\u00e1ch<\/h1>\t\t\t\t<\/div>\n\t\t\t\t<\/div>\n\t\t\t\t\t<\/div>\n\t\t<\/div>\n\t\t\t\t\t<\/div>\n\t\t<\/section>\n\t\t\t\t<section class=\"elementor-section elementor-top-section elementor-element elementor-element-0f1ceb6 elementor-section-boxed elementor-section-height-default elementor-section-height-default\" data-id=\"0f1ceb6\" data-element_type=\"section\">\n\t\t\t\t\t\t<div class=\"elementor-container elementor-column-gap-default\">\n\t\t\t\t\t<div class=\"elementor-column elementor-col-50 elementor-top-column elementor-element elementor-element-3f6db41\" data-id=\"3f6db41\" data-element_type=\"column\">\n\t\t\t<div class=\"elementor-column-wrap--3f6db41 elementor-widget-wrap elementor-element-populated\">\n\t\t\t\t\t\t<div class=\"elementor-element elementor-element-fc616c8 elementor-bg-transform elementor-bg-transform-move-up elementor-cta--skin-classic elementor-animated-content elementor-widget elementor-widget-call-to-action\" data-id=\"fc616c8\" data-element_type=\"widget\" data-widget_type=\"call-to-action.default\">\n\t\t\t\t<div class=\"elementor-widget-container\">\n\t\t\t\t\t\t\t<div class=\"elementor-cta\">\n\t\t\t\t\t<div class=\"elementor-cta__bg-wrapper\">\n\t\t\t\t<div class=\"elementor-cta__bg elementor-bg\" style=\"background-image: url(https:\/\/sexdollxxx.com\/wp-content\/uploads\/2021\/06\/buy-sex-doll-on-aliexpress.jpg);\" role=\"img\" aria-label=\"koupit-sex-panenku-na-aliexpress\"><\/div>\n\t\t\t\t<div class=\"elementor-cta__bg-overlay\"><\/div>\n\t\t\t<\/div>\n\t\t\t\t\t\t\t\t<\/div>\n\t\t\t\t\t\t<\/div>\n\t\t\t\t<\/div>\n\t\t\t\t<div class=\"elementor-element elementor-element-8996d36 elementor-widget elementor-widget-text-editor\" data-id=\"8996d36\" data-element_type=\"widget\" data-widget_type=\"text-editor.default\">\n\t\t\t\t<div class=\"elementor-widget-container\">\n\t\t\t\t\t\t\t\t\tKupte si Sex Dolls na Aliexpress\t\t\t\t\t\t\t\t<\/div>\n\t\t\t\t<\/div>\n\t\t\t\t\t<\/div>\n\t\t<\/div>\n\t\t\t\t<div class=\"elementor-column elementor-col-50 elementor-top-column elementor-element elementor-element-52c154c\" data-id=\"52c154c\" data-element_type=\"column\">\n\t\t\t<div class=\"elementor-column-wrap--52c154c elementor-widget-wrap elementor-element-populated\">\n\t\t\t\t\t\t<div class=\"elementor-element elementor-element-e94131b elementor-bg-transform elementor-bg-transform-move-up elementor-cta--skin-classic elementor-animated-content elementor-widget elementor-widget-call-to-action\" data-id=\"e94131b\" data-element_type=\"widget\" data-widget_type=\"call-to-action.default\">\n\t\t\t\t<div class=\"elementor-widget-container\">\n\t\t\t\t\t\t\t<div class=\"elementor-cta\">\n\t\t\t\t\t<div class=\"elementor-cta__bg-wrapper\">\n\t\t\t\t<div class=\"elementor-cta__bg elementor-bg\" style=\"background-image: url(https:\/\/sexdollxxx.com\/wp-content\/uploads\/2021\/06\/buy-sex-doll-on-amazon.jpg);\" role=\"img\" aria-label=\"koupit-sex-panenku-na-Amazonu\"><\/div>\n\t\t\t\t<div class=\"elementor-cta__bg-overlay\"><\/div>\n\t\t\t<\/div>\n\t\t\t\t\t\t\t\t<\/div>\n\t\t\t\t\t\t<\/div>\n\t\t\t\t<\/div>\n\t\t\t\t<div class=\"elementor-element elementor-element-22b8323 elementor-widget elementor-widget-text-editor\" data-id=\"22b8323\" data-element_type=\"widget\" data-widget_type=\"text-editor.default\">\n\t\t\t\t<div class=\"elementor-widget-container\">\n\t\t\t\t\t\t\t\t\tKupte si Sex Dolls na Amazonu\t\t\t\t\t\t\t\t<\/div>\n\t\t\t\t<\/div>\n\t\t\t\t\t<\/div>\n\t\t<\/div>\n\t\t\t\t\t<\/div>\n\t\t<\/section>\n\t\t\t\t<section class=\"elementor-section elementor-top-section elementor-element elementor-element-f228c90 elementor-section-boxed elementor-section-height-default elementor-section-height-default\" data-id=\"f228c90\" data-element_type=\"section\">\n\t\t\t\t\t\t<div class=\"elementor-container elementor-column-gap-default\">\n\t\t\t\t\t<div class=\"elementor-column elementor-col-100 elementor-top-column elementor-element elementor-element-277bf01\" data-id=\"277bf01\" data-element_type=\"column\">\n\t\t\t<div class=\"elementor-column-wrap--277bf01 elementor-widget-wrap elementor-element-populated\">\n\t\t\t\t\t\t<div class=\"elementor-element elementor-element-10a8e0b elementor-widget elementor-widget-text-editor\" data-id=\"10a8e0b\" data-element_type=\"widget\" data-widget_type=\"text-editor.default\">\n\t\t\t\t<div class=\"elementor-widget-container\">\n\t\t\t\t\t\t\t\t\t<p>Pokud pro v\u00e1s na\u0161e panenky nejsou vhodn\u00e9, m\u016f\u017eete naj\u00edt dal\u0161\u00ed panenky na n\u011bkter\u00fdch str\u00e1nk\u00e1ch o sexu panenk\u00e1ch. Spo\u010d\u00edtaj\u00ed nejobl\u00edben\u011bj\u0161\u00ed n\u00e1kupn\u00ed centra erotick\u00fdch pom\u016fcek na internetu a vytvo\u0159\u00ed \u017eeb\u0159\u00ed\u010dky na z\u00e1klad\u011b u\u017eivatelsk\u00fdch recenz\u00ed a cenov\u00fdch faktor\u016f. Nemus\u00edte vynakl\u00e1dat v\u00edce energie, abyste na\u0161li tyto str\u00e1nky, nab\u00edz\u00edme n\u00e1sleduj\u00edc\u00ed str\u00e1nky se sexu\u00e1ln\u00edmi panenkami.<\/p>\t\t\t\t\t\t\t\t<\/div>\n\t\t\t\t<\/div>\n\t\t\t\t<div class=\"elementor-element elementor-element-bf413c6 elementor-widget elementor-widget-text-editor\" data-id=\"bf413c6\" data-element_type=\"widget\" data-widget_type=\"text-editor.default\">\n\t\t\t\t<div class=\"elementor-widget-container\">\n\t\t\t\t\t\t\t\t\t<ul><li><a href=\"https:\/\/sndoll.com\/\" target=\"_blank\" rel=\"noopener\"><span style=\"color: red;\">SnDoll:<\/span><\/a> 4500 Sex doll dokonale vyroben\u00e9 z TPE a silikonov\u00e9ho materi\u00e1lu. Jsme nejd\u016fv\u011bryhodn\u011bj\u0161\u00ed spole\u010dnost\u00ed zab\u00fdvaj\u00edc\u00ed se sexu\u00e1ln\u00edmi panenkami, proto\u017ee na\u0161im z\u00e1kazn\u00edk\u016fm poskytujeme vysoce kvalitn\u00ed m\u011bkk\u00e9 a bezpe\u010dn\u00e9 milostn\u00e9 panenky a super TPE sexu\u00e1ln\u00ed panenky. Garantovan\u00e9 doru\u010den\u00ed a doprava zdarma!<\/li><li><a href=\"https:\/\/pornsites.xxx\/\" target=\"_blank\" rel=\"noopener\"><span style=\"color: red;\">Recenze porno str\u00e1nek:<\/span><\/a> Porno str\u00e1nky jsou jednodu\u0161e seznamem nejlep\u0161\u00edch porno str\u00e1nek a str\u00e1nek se sexu\u00e1ln\u00edmi hra\u010dkami. Najd\u011bte XXX recenze a poctiv\u00e9 hodnocen\u00ed nejobl\u00edben\u011bj\u0161\u00edch sexcams, tubes, VR a spousty bezplatn\u00fdch str\u00e1nek!<\/li><li><a href=\"https:\/\/utengrense.com\/\" target=\"_blank\" rel=\"noopener\"><span style=\"color: red;\">Utengrense.com:<\/span><\/a> V Norsku m\u00e1me n\u00e1\u0161 online obchod se sexem a m\u00e1me z\u00e1jem prod\u00e1vat na\u0161im z\u00e1kazn\u00edk\u016fm pouze vysoce kvalitn\u00ed zbo\u017e\u00ed za dobrou cenu, jako jsou sexu\u00e1ln\u00ed hra\u010dky a sexy spodn\u00ed pr\u00e1dlo.<\/li><li><a href=\"https:\/\/www.pincelebs.net\/\" target=\"_blank\" rel=\"noopener\"><span style=\"color: red;\">P\u0159ipnout celebrity:<\/span><\/a> Nah\u00e9, nah\u00e9, polonah\u00e9, sexy a pr\u016fhledn\u00e9 obr\u00e1zky celebrit here\u010dek, zp\u011bva\u010dek, modelek a televizn\u00edch osobnost\u00ed<\/li><li><a href=\"https:\/\/www.youpornlist.com\/\" target=\"_blank\" rel=\"noopener\"><span style=\"color: red;\">Youpornlist.com: <\/span><\/a>YouPornList je v\u00fdb\u011br nejlep\u0161\u00edch porno str\u00e1nek podle kategori\u00ed. Ka\u017ed\u00e9 pracovi\u0161t\u011b bylo vybr\u00e1no po dlouh\u00e9 a pe\u010dliv\u00e9 anal\u00fdze na\u0161ich odborn\u00edk\u016f na ru\u010dn\u00ed pr\u00e1ce.<\/li><li><a href=\"https:\/\/www.porninspector.com\/\" target=\"_blank\" rel=\"noopener\"><span style=\"color: red;\">Porninspector.com:<\/span><\/a> Porn Inspector m\u00e1 mnoho porno recenz\u00ed n\u011bkter\u00fdch z nejslibn\u011bj\u0161\u00edch webov\u00fdch str\u00e1nek pro dosp\u011bl\u00e9. V\u017edy vyjad\u0159ujeme sv\u016fj nejup\u0159\u00edmn\u011bj\u0161\u00ed a nestrann\u00fd n\u00e1zor. Ka\u017ed\u00fd z\u00e1pis bude obsahovat \u010detn\u00e9 obr\u00e1zky a uk\u00e1zky vide\u00ed po\u0159\u00edzen\u00fdch p\u0159\u00edmo z \u010dlensk\u00e9 oblasti dan\u00e9ho webu, co\u017e v\u00e1m d\u00e1v\u00e1 p\u0159\u00edle\u017eitost p\u0159esn\u011b vid\u011bt, co je nab\u00edzeno, ne\u017e se rozhodnete pro n\u00e1kup!<\/li><li><a href=\"http:\/\/hentai-gamer.com\/\" target=\"_blank\" rel=\"noopener\"><span style=\"color: red;\">Hentai-Gamer:<\/span><\/a> Hentai-Gamer.com je nejlep\u0161\u00ed webov\u00e1 str\u00e1nka pro bezplatn\u00e9 hry Hentai 100%. Tak\u017ee jd\u011bte do toho a hrajte hentai flash hry hned te\u010f!<\/li><li><a href=\"https:\/\/sexdollpornhd.com\/\" target=\"_blank\" rel=\"noopener\"><span style=\"color: red;\">Sex Doll Porn HD: <\/span><\/a>Pod\u00edvejte se na porno videa se sexu\u00e1ln\u00ed panenkou na SexDollPornHD.com, abyste vid\u011bli svou panenku l\u00e1sky v akci, ne\u017e si ji koup\u00edte!<\/li><li><a href=\"https:\/\/www.thesafeporn.com\/\" target=\"_blank\" rel=\"noopener\"><span style=\"color: red;\">Bezpe\u010dn\u00e9 porno: <\/span><\/a>na thesafeporn.com najdete tis\u00edce porno str\u00e1nek, vybran\u00fdch pro jejich kvalitu a bezpe\u010dnost, u ka\u017ed\u00e9 str\u00e1nky recenzi, kter\u00e1 v\u00e1m pom\u016f\u017ee p\u0159i v\u00fdb\u011bru.<\/li><li><a href=\"https:\/\/allpornsites.net\/\" target=\"_blank\" rel=\"noopener\"><span style=\"color: red;\">Allpornsites.net:<\/span><\/a> Na v\u0161ech porno str\u00e1nk\u00e1ch najdete nejv\u011bt\u0161\u00ed v\u00fdb\u011br porno str\u00e1nek ve vesm\u00edru, kter\u00fd se pravideln\u011b aktualizuje t\u00e9m\u011b\u0159 ka\u017ed\u00fd den o nov\u00e9 porno str\u00e1nky jak\u00e9hokoli v\u00fdklenku.<\/li><li><a href=\"https:\/\/hotpornbible.com\/\" target=\"_blank\" rel=\"noopener\"><span style=\"color: red;\">Seznam hork\u00fdch porno str\u00e1nek:<\/span><\/a>Hot Porn Bible m\u00e1 nej\u017ehav\u011bj\u0161\u00ed porno str\u00e1nky na sv\u011bt\u011b! M\u00e1me nejl\u00e9pe hodnocen\u00e9 bezplatn\u00e9 a pr\u00e9miov\u00e9 webov\u00e9 str\u00e1nky xxx pro dosp\u011bl\u00e9 v ka\u017ed\u00e9 kategorii.<\/li><li><a href=\"https:\/\/www.mrpinks.com\/\" target=\"_blank\" rel=\"noopener\"><span style=\"color: red;\">Recenze na porno:<\/span><\/a> Mr. Pink&#039;s Porn Reviews je v\u00e1\u0161 d\u016fv\u011bryhodn\u00fd web pro recenze porna pro poctiv\u00e9 recenze str\u00e1nek pro dosp\u011bl\u00e9, slevov\u00e9 porno a nejlep\u0161\u00ed porno str\u00e1nky.<\/li><li><a href=\"https:\/\/richobo.com\/\" target=\"_blank\" rel=\"noopener\"><span style=\"color: red;\">Inzer\u00e1ty a pr\u016fvodce doprovodem | Richobo: <\/span><\/a>Z\u00e1bava novinky seznam mezin\u00e1rodn\u00edch inzer\u00e1t\u016f pro dosp\u011bl\u00e9 Richobo \/ doprovod \/ ud\u00e1losti \/ stript\u00e9rky \/ slu\u017eby pro dosp\u011bl\u00e9 \/ xguide \/ modely \/ mas\u00e1\u017ee \/ luxusn\u00ed vozy<\/li><li><a href=\"https:\/\/uncams.com\/\" target=\"_blank\" rel=\"noopener\"><span style=\"color: red;\">Kamery OSN:<\/span><\/a> Sledujte \u017eiv\u00e9 kamery hned te\u010f! Nen\u00ed nutn\u00e1 \u017e\u00e1dn\u00e1 registrace \u2013 100% zdarma necenzurovan\u00fd chat pro dosp\u011bl\u00e9. Za\u010dn\u011bte chatovat s amat\u00e9ry, exhibicionisty, pornohv\u011bzdami pomoc\u00ed HD videa a zvuku.<\/li><li><p><a href=\"https:\/\/thebestfetishsites.com\/adult-toy-stores\/\" target=\"_blank\" rel=\"noopener\">Nejlep\u0161\u00ed str\u00e1nky o sexu\u00e1ln\u00edch hra\u010dk\u00e1ch<\/a> :\u00a0<\/p><\/li><\/ul>\t\t\t\t\t\t\t\t<\/div>\n\t\t\t\t<\/div>\n\t\t\t\t\t<\/div>\n\t\t<\/div>\n\t\t\t\t\t<\/div>\n\t\t<\/section>\n\t\t\t\t<section class=\"elementor-section elementor-top-section elementor-element elementor-element-9b10116 elementor-section-boxed elementor-section-height-default elementor-section-height-default\" data-id=\"9b10116\" data-element_type=\"section\">\n\t\t\t\t\t\t<div class=\"elementor-container elementor-column-gap-default\">\n\t\t\t\t\t<div class=\"elementor-column elementor-col-100 elementor-top-column elementor-element elementor-element-60c82a0\" data-id=\"60c82a0\" data-element_type=\"column\">\n\t\t\t<div class=\"elementor-column-wrap--60c82a0 elementor-widget-wrap elementor-element-populated\">\n\t\t\t\t\t\t<div class=\"elementor-element elementor-element-a13b0eb elementor-widget elementor-widget-spacer\" data-id=\"a13b0eb\" data-element_type=\"widget\" data-widget_type=\"spacer.default\">\n\t\t\t\t<div class=\"elementor-widget-container\">\n\t\t\t\t\t\t\t<div class=\"elementor-spacer\">\n\t\t\t<div class=\"elementor-spacer-inner\"><\/div>\n\t\t<\/div>\n\t\t\t\t\t\t<\/div>\n\t\t\t\t<\/div>\n\t\t\t\t\t<\/div>\n\t\t<\/div>\n\t\t\t\t\t<\/div>\n\t\t<\/section>\n\t\t\t\t<\/div>","protected":false},"excerpt":{"rendered":"<p>More Sex Doll Sites Buy Sex Dolls on Aliexpress Buy Sex Dolls on Amazon If our dolls are not suitable for you, you can find more dolls through some sex doll sites. They will count the most popular sex toy malls on the Internet and make rankings based on user reviews and price factors. You [&hellip;]<\/p>\n","protected":false},"author":3,"featured_media":0,"parent":0,"menu_order":0,"comment_status":"closed","ping_status":"closed","template":"elementor_header_footer","meta":{"footnotes":""},"class_list":["post-579","page","type-page","status-publish","hentry"],"_links":{"self":[{"href":"https:\/\/sexdollxxx.com\/cs\/wp-json\/wp\/v2\/pages\/579","targetHints":{"allow":["GET"]}}],"collection":[{"href":"https:\/\/sexdollxxx.com\/cs\/wp-json\/wp\/v2\/pages"}],"about":[{"href":"https:\/\/sexdollxxx.com\/cs\/wp-json\/wp\/v2\/types\/page"}],"author":[{"embeddable":true,"href":"https:\/\/sexdollxxx.com\/cs\/wp-json\/wp\/v2\/users\/3"}],"replies":[{"embeddable":true,"href":"https:\/\/sexdollxxx.com\/cs\/wp-json\/wp\/v2\/comments?post=579"}],"version-history":[{"count":0,"href":"https:\/\/sexdollxxx.com\/cs\/wp-json\/wp\/v2\/pages\/579\/revisions"}],"wp:attachment":[{"href":"https:\/\/sexdollxxx.com\/cs\/wp-json\/wp\/v2\/media?parent=579"}],"curies":[{"name":"wp","href":"https:\/\/api.w.org\/{rel}","templated":true}]}}