{"id":3030,"date":"2021-06-11T23:38:50","date_gmt":"2021-06-11T23:38:50","guid":{"rendered":"https:\/\/bluebirds.sslcommerz.org\/?post_type=product&#038;p=3030"},"modified":"2025-08-19T01:45:09","modified_gmt":"2025-08-18T17:45:09","slug":"real-love-doll-torso-ava","status":"publish","type":"product","link":"https:\/\/sexdollxxx.com\/cs\/real-love-doll-torso-ava\/","title":{"rendered":"Torzo panenky Real Love \u2013 Ava"},"content":{"rendered":"<h2>\u017dhav\u00e1 skute\u010dn\u00e1 l\u00e1ska torzo panenky<\/h2>\n<p>Skute\u010dn\u00e1 prdel, opravdov\u00e1 ko\u010di\u010dka; to jsou v\u011bci, kter\u00e9 v\u00e1m masturb\u00e1tor nikdy nem\u016f\u017ee d\u00e1t, a proto mezi lidmi rychle ztr\u00e1c\u00ed popularitu. Tak\u00e9 ne ka\u017ed\u00fd m\u016f\u017ee vlastnit a <a href=\"\/cs\/\">sexu\u00e1ln\u00ed panenka<\/a>, tak\u017ee n\u011bkde mezi t\u011bmito dv\u011bma je na\u0161e\u00a0<a href=\"https:\/\/en.wikipedia.org\/wiki\/Thermoplastic_elastomer\" target=\"_blank\" rel=\"noopener\">tpe<\/a> skute\u010dn\u00e1 l\u00e1ska torzo panenky. Je to mnohem lep\u0161\u00ed alternativa k masturb\u00e1tor\u016fm a d\u00e1v\u00e1 v\u00e1m dostate\u010dn\u011b bli\u017e\u0161\u00ed pocit, \u017ee \u0161uk\u00e1te se \u017eenou. Ke ko\u010di\u010dce m\u016f\u017eete p\u0159istupovat tak\u00e9 zep\u0159edu nebo zezadu.<\/p>\n<p>Pokud jste pl\u00e1novali zbavit se masturb\u00e1toru, pak m\u00e1te \u0161anci. Objednejte si ji hned a nechte si ji doru\u010dit dom\u016f b\u011bhem n\u011bkolika dn\u00ed bez jak\u00fdchkoli dal\u0161\u00edch n\u00e1klad\u016f.<\/p>\n<p><img fetchpriority=\"high\" decoding=\"async\" class=\"alignnone wp-image-3035 size-full\" src=\"https:\/\/sexdollxxx.com\/wp-content\/uploads\/2021\/06\/ass-sex-doll-torso-measurement.jpg\" alt=\"Love Doll Torso\" width=\"1000\" height=\"1000\" title=\"\" srcset=\"https:\/\/sexdollxxx.com\/wp-content\/uploads\/2021\/06\/ass-sex-doll-torso-measurement.jpg 1000w, https:\/\/sexdollxxx.com\/wp-content\/uploads\/2021\/06\/ass-sex-doll-torso-measurement-300x300.jpg 300w, https:\/\/sexdollxxx.com\/wp-content\/uploads\/2021\/06\/ass-sex-doll-torso-measurement-250x250.jpg 250w, https:\/\/sexdollxxx.com\/wp-content\/uploads\/2021\/06\/ass-sex-doll-torso-measurement-600x600.jpg 600w, https:\/\/sexdollxxx.com\/wp-content\/uploads\/2021\/06\/ass-sex-doll-torso-measurement-150x150.jpg 150w, https:\/\/sexdollxxx.com\/wp-content\/uploads\/2021\/06\/ass-sex-doll-torso-measurement-768x768.jpg 768w, https:\/\/sexdollxxx.com\/wp-content\/uploads\/2021\/06\/ass-sex-doll-torso-measurement-100x100.jpg 100w\" sizes=\"(max-width: 1000px) 100vw, 1000px\"><\/p>","protected":false},"excerpt":{"rendered":"<p><span style=\"color: #f73e74;\">P\u0159ipraveno k odesl\u00e1n\u00ed do USA, EU, Kanady a Austr\u00e1lie<\/span><\/p>","protected":false},"featured_media":3045,"comment_status":"open","ping_status":"closed","template":"","meta":[],"product_cat":[205,194,189,219,344],"product_tag":[396],"class_list":{"0":"post-3030","1":"product","2":"type-product","3":"status-publish","4":"has-post-thumbnail","6":"product_cat-sex-doll-torso","7":"product_cat-65cm-88cm-sex-doll","8":"product_cat-mini-sex-doll","9":"product_cat-real-sex-dolls","10":"product_cat-tpe-sex-doll","11":"product_tag-65cm","12":"tm-no-options","14":"first","15":"instock","16":"sale","17":"shipping-taxable","18":"purchasable","19":"product-type-simple","swatches":"rey-swatches","show_selected":""},"_links":{"self":[{"href":"https:\/\/sexdollxxx.com\/cs\/wp-json\/wp\/v2\/product\/3030","targetHints":{"allow":["GET"]}}],"collection":[{"href":"https:\/\/sexdollxxx.com\/cs\/wp-json\/wp\/v2\/product"}],"about":[{"href":"https:\/\/sexdollxxx.com\/cs\/wp-json\/wp\/v2\/types\/product"}],"replies":[{"embeddable":true,"href":"https:\/\/sexdollxxx.com\/cs\/wp-json\/wp\/v2\/comments?post=3030"}],"wp:featuredmedia":[{"embeddable":true,"href":"https:\/\/sexdollxxx.com\/cs\/wp-json\/wp\/v2\/media\/3045"}],"wp:attachment":[{"href":"https:\/\/sexdollxxx.com\/cs\/wp-json\/wp\/v2\/media?parent=3030"}],"wp:term":[{"taxonomy":"product_cat","embeddable":true,"href":"https:\/\/sexdollxxx.com\/cs\/wp-json\/wp\/v2\/product_cat?post=3030"},{"taxonomy":"product_tag","embeddable":true,"href":"https:\/\/sexdollxxx.com\/cs\/wp-json\/wp\/v2\/product_tag?post=3030"}],"curies":[{"name":"wp","href":"https:\/\/api.w.org\/{rel}","templated":true}]}}