{"id":3047,"date":"2021-06-11T23:40:42","date_gmt":"2021-06-11T23:40:42","guid":{"rendered":"https:\/\/bluebirds.sslcommerz.org\/?post_type=product&#038;p=3047"},"modified":"2025-08-19T01:47:50","modified_gmt":"2025-08-18T17:47:50","slug":"lifelike-torso-doll-gigi","status":"publish","type":"product","link":"https:\/\/sexdollxxx.com\/cs\/lifelike-torso-doll-gigi\/","title":{"rendered":"Mal\u00e1 realistick\u00e1 torzo panenka \u2013 Gigi"},"content":{"rendered":"<h2>Mal\u00e1 realistick\u00e1 torzo panenka \u2013 Gigi<\/h2>\n<p>Ne ka\u017ed\u00fd chce a <a href=\"https:\/\/en.wikipedia.org\/wiki\/Sex_doll\" target=\"_blank\" rel=\"noopener\">sexu\u00e1ln\u00ed panenka<\/a> pro pln\u00e9 osobn\u00ed vlastnosti a pro tuto skupinu lid\u00ed plat\u00ed, \u017ee \u010d\u00edm je leh\u010d\u00ed a men\u0161\u00ed, t\u00edm l\u00e9pe. D\u00edky materi\u00e1lu zn\u00e1m\u00e9mu jako TPE existuj\u00ed sexu\u00e1ln\u00ed panenky, kter\u00e9 jsou lehk\u00e9 jako 4,4 libry a jsou tak\u00e9 mal\u00e9, s velikost\u00ed 11,6 palce.<\/p>\n<p>Krom\u011b lehkosti p\u0159ich\u00e1z\u00ed TPE s dal\u0161\u00ed v\u00fdhodou pocitu z k\u016f\u017ee, d\u00edky kter\u00e9mu je sex s panenkou s mal\u00fdm trupem co nej\u017eiv\u011bj\u0161\u00ed. Toto je se zvl\u00e1\u0161tn\u00edm d\u016frazem na \u0159itn\u00ed otvor a vag\u00ednu, kter\u00e9 jsou navr\u017eeny s n\u011bkolika z\u00e1hyby, aby v\u00e1m poskytly ohromuj\u00edc\u00ed z\u00e1\u017eitek z bouch\u00e1n\u00ed skute\u010dn\u00e9 \u017eeny.<\/p>\n<p>N\u011bkter\u00e9 v\u00fdhody <strong>cenov\u011b dostupn\u00e1 panenka TPE Small Lifelike Torso <\/strong>\u017ee je relativn\u011b levn\u00fd, snadno se \u010dist\u00ed a nevy\u017eaduje velk\u00fd \u00falo\u017en\u00fd prostor.<\/p>\n<p><img fetchpriority=\"high\" decoding=\"async\" class=\"alignnone wp-image-3053 size-full\" src=\"https:\/\/sexdollxxx.com\/wp-content\/uploads\/2021\/06\/torso-sex-doll-measurement.jpg\" alt=\"Torzo panenka\" width=\"1000\" height=\"1000\" title=\"\" srcset=\"https:\/\/sexdollxxx.com\/wp-content\/uploads\/2021\/06\/torso-sex-doll-measurement.jpg 1000w, https:\/\/sexdollxxx.com\/wp-content\/uploads\/2021\/06\/torso-sex-doll-measurement-300x300.jpg 300w, https:\/\/sexdollxxx.com\/wp-content\/uploads\/2021\/06\/torso-sex-doll-measurement-250x250.jpg 250w, https:\/\/sexdollxxx.com\/wp-content\/uploads\/2021\/06\/torso-sex-doll-measurement-600x600.jpg 600w, https:\/\/sexdollxxx.com\/wp-content\/uploads\/2021\/06\/torso-sex-doll-measurement-150x150.jpg 150w, https:\/\/sexdollxxx.com\/wp-content\/uploads\/2021\/06\/torso-sex-doll-measurement-768x768.jpg 768w, https:\/\/sexdollxxx.com\/wp-content\/uploads\/2021\/06\/torso-sex-doll-measurement-100x100.jpg 100w\" sizes=\"(max-width: 1000px) 100vw, 1000px\"><\/p>","protected":false},"excerpt":{"rendered":"<p><span style=\"color: #f73e74;\">P\u0159ipraveno k odesl\u00e1n\u00ed do USA, EU, Kanady a Austr\u00e1lie<\/span><\/p>","protected":false},"featured_media":3060,"comment_status":"open","ping_status":"closed","template":"","meta":[],"product_cat":[205,194,189,219,344],"product_tag":[396],"class_list":{"0":"post-3047","1":"product","2":"type-product","3":"status-publish","4":"has-post-thumbnail","6":"product_cat-sex-doll-torso","7":"product_cat-65cm-88cm-sex-doll","8":"product_cat-mini-sex-doll","9":"product_cat-real-sex-dolls","10":"product_cat-tpe-sex-doll","11":"product_tag-65cm","12":"tm-no-options","14":"first","15":"instock","16":"sale","17":"shipping-taxable","18":"purchasable","19":"product-type-simple","swatches":"rey-swatches","show_selected":""},"_links":{"self":[{"href":"https:\/\/sexdollxxx.com\/cs\/wp-json\/wp\/v2\/product\/3047","targetHints":{"allow":["GET"]}}],"collection":[{"href":"https:\/\/sexdollxxx.com\/cs\/wp-json\/wp\/v2\/product"}],"about":[{"href":"https:\/\/sexdollxxx.com\/cs\/wp-json\/wp\/v2\/types\/product"}],"replies":[{"embeddable":true,"href":"https:\/\/sexdollxxx.com\/cs\/wp-json\/wp\/v2\/comments?post=3047"}],"wp:featuredmedia":[{"embeddable":true,"href":"https:\/\/sexdollxxx.com\/cs\/wp-json\/wp\/v2\/media\/3060"}],"wp:attachment":[{"href":"https:\/\/sexdollxxx.com\/cs\/wp-json\/wp\/v2\/media?parent=3047"}],"wp:term":[{"taxonomy":"product_cat","embeddable":true,"href":"https:\/\/sexdollxxx.com\/cs\/wp-json\/wp\/v2\/product_cat?post=3047"},{"taxonomy":"product_tag","embeddable":true,"href":"https:\/\/sexdollxxx.com\/cs\/wp-json\/wp\/v2\/product_tag?post=3047"}],"curies":[{"name":"wp","href":"https:\/\/api.w.org\/{rel}","templated":true}]}}