{"id":3061,"date":"2021-06-11T23:44:24","date_gmt":"2021-06-11T23:44:24","guid":{"rendered":"https:\/\/bluebirds.sslcommerz.org\/?post_type=product&#038;p=3061"},"modified":"2025-08-16T10:24:58","modified_gmt":"2025-08-16T02:24:58","slug":"tpe-torso-doll-veronica","status":"publish","type":"product","link":"https:\/\/sexdollxxx.com\/cs\/tpe-torso-doll-veronica\/","title":{"rendered":"TPE torzo panenka pro sex \u2013 Veronica"},"content":{"rendered":"<h2>TPE torzo panenka pro sex \u2013 Veronica<\/h2>\n<p>The <a href=\"\/cs\/140cm-tpe-doll-pepper\/\">sexu\u00e1ln\u00ed panenka tpe<\/a> torzo je prost\u0159edn\u00edkem mezi sexu\u00e1ln\u00ed panenkou v pln\u00e9 velikosti a a <a href=\"https:\/\/www.snapdeal.com\/products\/mens-sex-toys-masturbators-fleshlights?sort=plrty\" target=\"_blank\" rel=\"noopener\">masturb\u00e1tor<\/a>; nebo l\u00e9pe \u0159e\u010deno, sexu\u00e1ln\u00ed panenka na trup bez n\u011bkter\u00fdch kon\u010detin a hlavy. D\u00edky tomu jsou mnohem men\u0161\u00ed a leh\u010d\u00ed pro snadn\u011bj\u0161\u00ed pou\u017eit\u00ed, \u00fadr\u017ebu a skladov\u00e1n\u00ed. Tato konkr\u00e9tn\u00ed je jen 55 cm dlouh\u00e1, p\u0159esto si zachov\u00e1v\u00e1 pocit skute\u010dn\u00e9 lidsk\u00e9 osoby.<\/p>\n<p>Toto torzo sexu\u00e1ln\u00ed panenky m\u00e1 st\u00e1le vestav\u011bnou kovovou kostru, kter\u00e1 umo\u017e\u0148uje pohyb p\u0159i sexu, a TPE k\u016f\u017ei, kter\u00e1 v\u00e1m d\u00e1v\u00e1 pocit intimity se skute\u010dnou osobou. Proto\u017ee byla stvo\u0159ena hlavn\u011b pro sex, byla j\u00ed v\u011bnov\u00e1na velk\u00e1 priorita <a href=\"https:\/\/en.wikipedia.org\/wiki\/Labia\" target=\"_blank\" rel=\"noopener\">stydk\u00e9 pysky<\/a> do hloubky jej\u00ed pochvy. To je nad r\u00e1mec jak\u00e9hokoli pot\u011b\u0161en\u00ed, kter\u00e9 v\u00e1m masturb\u00e1to\u0159i mohou poskytnout.<\/p>\n<p><img fetchpriority=\"high\" decoding=\"async\" class=\"alignnone wp-image-3070 size-full\" src=\"https:\/\/sexdollxxx.com\/wp-content\/uploads\/2021\/06\/55cm-torso-sex-doll.jpg\" alt=\"Torzo TPE\" width=\"1000\" height=\"1000\" title=\"\" srcset=\"https:\/\/sexdollxxx.com\/wp-content\/uploads\/2021\/06\/55cm-torso-sex-doll.jpg 1000w, https:\/\/sexdollxxx.com\/wp-content\/uploads\/2021\/06\/55cm-torso-sex-doll-300x300.jpg 300w, https:\/\/sexdollxxx.com\/wp-content\/uploads\/2021\/06\/55cm-torso-sex-doll-250x250.jpg 250w, https:\/\/sexdollxxx.com\/wp-content\/uploads\/2021\/06\/55cm-torso-sex-doll-600x600.jpg 600w, https:\/\/sexdollxxx.com\/wp-content\/uploads\/2021\/06\/55cm-torso-sex-doll-150x150.jpg 150w, https:\/\/sexdollxxx.com\/wp-content\/uploads\/2021\/06\/55cm-torso-sex-doll-768x768.jpg 768w, https:\/\/sexdollxxx.com\/wp-content\/uploads\/2021\/06\/55cm-torso-sex-doll-100x100.jpg 100w\" sizes=\"(max-width: 1000px) 100vw, 1000px\"><\/p>","protected":false},"excerpt":{"rendered":"<p><span style=\"color: #f73e74;\">P\u0159ipraveno k odesl\u00e1n\u00ed do USA, EU, Kanady a Austr\u00e1lie<\/span><\/p>","protected":false},"featured_media":3067,"comment_status":"open","ping_status":"closed","template":"","meta":[],"product_cat":[205,194,189,219,344],"product_tag":[381],"class_list":{"0":"post-3061","1":"product","2":"type-product","3":"status-publish","4":"has-post-thumbnail","6":"product_cat-sex-doll-torso","7":"product_cat-65cm-88cm-sex-doll","8":"product_cat-mini-sex-doll","9":"product_cat-real-sex-dolls","10":"product_cat-tpe-sex-doll","11":"product_tag-123cm","12":"tm-no-options","14":"first","15":"instock","16":"sale","17":"shipping-taxable","18":"purchasable","19":"product-type-simple","swatches":"rey-swatches","show_selected":""},"_links":{"self":[{"href":"https:\/\/sexdollxxx.com\/cs\/wp-json\/wp\/v2\/product\/3061","targetHints":{"allow":["GET"]}}],"collection":[{"href":"https:\/\/sexdollxxx.com\/cs\/wp-json\/wp\/v2\/product"}],"about":[{"href":"https:\/\/sexdollxxx.com\/cs\/wp-json\/wp\/v2\/types\/product"}],"replies":[{"embeddable":true,"href":"https:\/\/sexdollxxx.com\/cs\/wp-json\/wp\/v2\/comments?post=3061"}],"wp:featuredmedia":[{"embeddable":true,"href":"https:\/\/sexdollxxx.com\/cs\/wp-json\/wp\/v2\/media\/3067"}],"wp:attachment":[{"href":"https:\/\/sexdollxxx.com\/cs\/wp-json\/wp\/v2\/media?parent=3061"}],"wp:term":[{"taxonomy":"product_cat","embeddable":true,"href":"https:\/\/sexdollxxx.com\/cs\/wp-json\/wp\/v2\/product_cat?post=3061"},{"taxonomy":"product_tag","embeddable":true,"href":"https:\/\/sexdollxxx.com\/cs\/wp-json\/wp\/v2\/product_tag?post=3061"}],"curies":[{"name":"wp","href":"https:\/\/api.w.org\/{rel}","templated":true}]}}