{"id":52,"date":"2021-05-29T11:06:41","date_gmt":"2021-05-29T11:06:41","guid":{"rendered":"https:\/\/bluebirds.sslcommerz.org\/?page_id=52"},"modified":"2023-12-20T15:04:14","modified_gmt":"2023-12-20T07:04:14","slug":"sex-doll-videos","status":"publish","type":"page","link":"https:\/\/sexdollxxx.com\/da\/sex-doll-videos\/","title":{"rendered":"Sex dukke videoer"},"content":{"rendered":"<div data-elementor-type=\"wp-page\" data-elementor-id=\"52\" class=\"elementor elementor-52\" data-elementor-post-type=\"page\">\n\t\t\t\t\t\t<section class=\"elementor-section elementor-top-section elementor-element elementor-element-55d8837 elementor-section-boxed elementor-section-height-default elementor-section-height-default\" data-id=\"55d8837\" data-element_type=\"section\">\n\t\t\t\t\t\t<div class=\"elementor-container elementor-column-gap-default\">\n\t\t\t\t\t<div class=\"elementor-column elementor-col-100 elementor-top-column elementor-element elementor-element-36f2a4f\" data-id=\"36f2a4f\" data-element_type=\"column\">\n\t\t\t<div class=\"elementor-column-wrap--36f2a4f elementor-widget-wrap elementor-element-populated\">\n\t\t\t\t\t\t<div class=\"elementor-element elementor-element-9047998 elementor-widget elementor-widget-woocommerce-breadcrumb\" data-id=\"9047998\" data-element_type=\"widget\" data-widget_type=\"woocommerce-breadcrumb.default\">\n\t\t\t\t<div class=\"elementor-widget-container\">\n\t\t\t\t\t<nav class=\"rey-breadcrumbs\"><div class=\"rey-breadcrumbs-item\" data-no-translation=\"\" data-trp-gettext=\"\">Forside<\/div><\/nav>\t\t\t\t<\/div>\n\t\t\t\t<\/div>\n\t\t\t\t\t<\/div>\n\t\t<\/div>\n\t\t\t\t\t<\/div>\n\t\t<\/section>\n\t\t\t\t<section class=\"elementor-section elementor-top-section elementor-element elementor-element-735f232 elementor-section-boxed elementor-section-height-default elementor-section-height-default\" data-id=\"735f232\" data-element_type=\"section\">\n\t\t\t\t\t\t<div class=\"elementor-container elementor-column-gap-default\">\n\t\t\t\t\t<div class=\"elementor-column elementor-col-100 elementor-top-column elementor-element elementor-element-874ad7e\" data-id=\"874ad7e\" data-element_type=\"column\">\n\t\t\t<div class=\"elementor-column-wrap--874ad7e elementor-widget-wrap elementor-element-populated\">\n\t\t\t\t\t\t<div class=\"elementor-element elementor-element-8eadb93 elementor-widget elementor-widget-heading\" data-id=\"8eadb93\" data-element_type=\"widget\" data-widget_type=\"heading.default\">\n\t\t\t\t<div class=\"elementor-widget-container\">\n\t\t\t\t\t<h1 class=\"elementor-heading-title elementor-size-default\">Sex dukke videoer<\/h1>\t\t\t\t<\/div>\n\t\t\t\t<\/div>\n\t\t\t\t\t<\/div>\n\t\t<\/div>\n\t\t\t\t\t<\/div>\n\t\t<\/section>\n\t\t\t\t<section class=\"elementor-section elementor-top-section elementor-element elementor-element-71c7b0d elementor-section-boxed elementor-section-height-default elementor-section-height-default\" data-id=\"71c7b0d\" data-element_type=\"section\">\n\t\t\t\t\t\t<div class=\"elementor-container elementor-column-gap-default\">\n\t\t\t\t\t<div class=\"elementor-column elementor-col-100 elementor-top-column elementor-element elementor-element-bd49328\" data-id=\"bd49328\" data-element_type=\"column\">\n\t\t\t<div class=\"elementor-column-wrap--bd49328 elementor-widget-wrap elementor-element-populated\">\n\t\t\t\t\t\t<div class=\"elementor-element elementor-element-c510833 elementor-widget elementor-widget-heading\" data-id=\"c510833\" data-element_type=\"widget\" data-widget_type=\"heading.default\">\n\t\t\t\t<div class=\"elementor-widget-container\">\n\t\t\t\t\t<h2 class=\"elementor-heading-title elementor-size-default\">Installer hoved og parykker<\/h2>\t\t\t\t<\/div>\n\t\t\t\t<\/div>\n\t\t\t\t<section class=\"elementor-section elementor-inner-section elementor-element elementor-element-49cdecd elementor-section-boxed elementor-section-height-default elementor-section-height-default\" data-id=\"49cdecd\" data-element_type=\"section\">\n\t\t\t\t\t\t<div class=\"elementor-container elementor-column-gap-default\">\n\t\t\t\t\t<div class=\"elementor-column elementor-col-100 elementor-inner-column elementor-element elementor-element-09a2d30\" data-id=\"09a2d30\" data-element_type=\"column\">\n\t\t\t<div class=\"elementor-column-wrap--09a2d30 elementor-widget-wrap elementor-element-populated\">\n\t\t\t\t\t\t<div class=\"elementor-element elementor-element-fbb53fe elementor-widget elementor-widget-text-editor\" data-id=\"fbb53fe\" data-element_type=\"widget\" data-widget_type=\"text-editor.default\">\n\t\t\t\t<div class=\"elementor-widget-container\">\n\t\t\t\t\t\t\t\t\t<p>Tjek nedenfor <a href=\"https:\/\/www.youtube.com\/watch?v=pTSrLHxSoAQ\" data-rel=\"lightbox-video-0\" target=\"_blank\" rel=\"noopener\">sex dukke videoer<\/a> at finde ud af funktionen af vores <a href=\"\/da\/about-sexdollxxx\/\">sexdukke xxx<\/a> og m\u00e5den at bruge dem p\u00e5, for eksempel m\u00e5den at b\u00e6re en paryk p\u00e5 og metoden til at s\u00e6tte i hovedet . Vi tager ogs\u00e5 en dildo for at demonstrere skedens bl\u00f8dhed. I l\u00f8bet af videoen vil du ogs\u00e5 se bl\u00f8dhedsdemoen af vagina, anal og mund, s\u00e5 du f\u00e5r en bedre forst\u00e5else af vores <a href=\"https:\/\/www.scmp.com\/news\/hong-kong\/society\/article\/3078456\/tourists-gone-hong-kong-guest-house-owner-hopes-sex-doll\" target=\"_blank\" rel=\"noopener\">Sex dukker<\/a>.<\/p>\t\t\t\t\t\t\t\t<\/div>\n\t\t\t\t<\/div>\n\t\t\t\t\t<\/div>\n\t\t<\/div>\n\t\t\t\t\t<\/div>\n\t\t<\/section>\n\t\t\t\t\t<\/div>\n\t\t<\/div>\n\t\t\t\t\t<\/div>\n\t\t<\/section>\n\t\t\t\t<section class=\"elementor-section elementor-top-section elementor-element elementor-element-c23d2a7 elementor-section-boxed elementor-section-height-default elementor-section-height-default\" data-id=\"c23d2a7\" data-element_type=\"section\">\n\t\t\t\t\t\t<div class=\"elementor-container elementor-column-gap-default\">\n\t\t\t\t\t<div class=\"elementor-column elementor-col-50 elementor-top-column elementor-element elementor-element-f35f236\" data-id=\"f35f236\" data-element_type=\"column\">\n\t\t\t<div class=\"elementor-column-wrap--f35f236 elementor-widget-wrap elementor-element-populated\">\n\t\t\t\t\t\t<div class=\"elementor-element elementor-element-ade6068 elementor-widget elementor-widget-html\" data-id=\"ade6068\" data-element_type=\"widget\" data-widget_type=\"html.default\">\n\t\t\t\t<div class=\"elementor-widget-container\">\n\t\t\t\t\t<div style='position:relative; padding-bottom:100%'><iframe src='https:\/\/www.redgifs.com\/ifr\/peachpuffblackandwhitegalapagoshawk' frameborder='0' scrolling='no' width='100%' height='100%' style='position:absolute; top:0; left:0;' allowfullscreen><\/iframe><\/div><p><a href=\"https:\/\/www.redgifs.com\/watch\/peachpuffblackandwhitegalapagoshawk\" target=\"_blank\" rel=\"noopener\"><\/a>Montering af hovedet<\/p>\t\t\t\t<\/div>\n\t\t\t\t<\/div>\n\t\t\t\t\t<\/div>\n\t\t<\/div>\n\t\t\t\t<div class=\"elementor-column elementor-col-50 elementor-top-column elementor-element elementor-element-e13a66b\" data-id=\"e13a66b\" data-element_type=\"column\">\n\t\t\t<div class=\"elementor-column-wrap--e13a66b elementor-widget-wrap elementor-element-populated\">\n\t\t\t\t\t\t<div class=\"elementor-element elementor-element-8e07f6d elementor-widget elementor-widget-html\" data-id=\"8e07f6d\" data-element_type=\"widget\" data-widget_type=\"html.default\">\n\t\t\t\t<div class=\"elementor-widget-container\">\n\t\t\t\t\t<div style='position:relative; padding-bottom:100%'><iframe src='https:\/\/www.redgifs.com\/ifr\/sentimentalputridbarasinga' frameborder='0' scrolling='no' width='100%' height='100%' style='position:absolute; top:0; left:0;' allowfullscreen><\/iframe><\/div><p><a href=\"https:\/\/www.redgifs.com\/watch\/sentimentalputridbarasinga\" target=\"_blank\" rel=\"noopener\"><\/a>Hvordan man b\u00e6rer parykker<\/p>\t\t\t\t<\/div>\n\t\t\t\t<\/div>\n\t\t\t\t\t<\/div>\n\t\t<\/div>\n\t\t\t\t\t<\/div>\n\t\t<\/section>\n\t\t\t\t<section class=\"elementor-section elementor-top-section elementor-element elementor-element-6c001f5 elementor-section-boxed elementor-section-height-default elementor-section-height-default\" data-id=\"6c001f5\" data-element_type=\"section\">\n\t\t\t\t\t\t<div class=\"elementor-container elementor-column-gap-default\">\n\t\t\t\t\t<div class=\"elementor-column elementor-col-100 elementor-top-column elementor-element elementor-element-61c2706\" data-id=\"61c2706\" data-element_type=\"column\">\n\t\t\t<div class=\"elementor-column-wrap--61c2706 elementor-widget-wrap elementor-element-populated\">\n\t\t\t\t\t\t<div class=\"elementor-element elementor-element-e436552 elementor-widget elementor-widget-heading\" data-id=\"e436552\" data-element_type=\"widget\" data-widget_type=\"heading.default\">\n\t\t\t\t<div class=\"elementor-widget-container\">\n\t\t\t\t\t<h3 class=\"elementor-heading-title elementor-size-default\">Funktionsguide til sexdukkevideoer<\/h3>\t\t\t\t<\/div>\n\t\t\t\t<\/div>\n\t\t\t\t\t<\/div>\n\t\t<\/div>\n\t\t\t\t\t<\/div>\n\t\t<\/section>\n\t\t\t\t<section class=\"elementor-section elementor-top-section elementor-element elementor-element-715b9aa elementor-section-boxed elementor-section-height-default elementor-section-height-default\" data-id=\"715b9aa\" data-element_type=\"section\">\n\t\t\t\t\t\t<div class=\"elementor-container elementor-column-gap-default\">\n\t\t\t\t\t<div class=\"elementor-column elementor-col-50 elementor-top-column elementor-element elementor-element-dfaf78d\" data-id=\"dfaf78d\" data-element_type=\"column\">\n\t\t\t<div class=\"elementor-column-wrap--dfaf78d elementor-widget-wrap elementor-element-populated\">\n\t\t\t\t\t\t<div class=\"elementor-element elementor-element-a2c33d4 elementor-widget elementor-widget-html\" data-id=\"a2c33d4\" data-element_type=\"widget\" data-widget_type=\"html.default\">\n\t\t\t\t<div class=\"elementor-widget-container\">\n\t\t\t\t\t<div style='position:relative; padding-bottom:100%'><iframe src='https:\/\/www.redgifs.com\/ifr\/canineagileantipodesgreenparakeet' frameborder='0' scrolling='no' width='100%' height='100%' style='position:absolute; top:0; left:0;' allowfullscreen><\/iframe><\/div><p><a href=\"https:\/\/www.redgifs.com\/watch\/canineagileantipodesgreenparakeet\" target=\"_blank\" rel=\"noopener\">EVO skelet<\/a><\/p>\t\t\t\t<\/div>\n\t\t\t\t<\/div>\n\t\t\t\t\t<\/div>\n\t\t<\/div>\n\t\t\t\t<div class=\"elementor-column elementor-col-50 elementor-top-column elementor-element elementor-element-a28b297\" data-id=\"a28b297\" data-element_type=\"column\">\n\t\t\t<div class=\"elementor-column-wrap--a28b297 elementor-widget-wrap elementor-element-populated\">\n\t\t\t\t\t\t<div class=\"elementor-element elementor-element-7013085 elementor-widget elementor-widget-html\" data-id=\"7013085\" data-element_type=\"widget\" data-widget_type=\"html.default\">\n\t\t\t\t<div class=\"elementor-widget-container\">\n\t\t\t\t\t<div style='position:relative; padding-bottom:100%'><iframe src='https:\/\/www.redgifs.com\/ifr\/merryuntriedkatydid' frameborder='0' scrolling='no' width='100%' height='100%' style='position:absolute; top:0; left:0;' allowfullscreen><\/iframe><\/div><p><a href=\"https:\/\/www.redgifs.com\/watch\/merryuntriedkatydid\" target=\"_blank\" rel=\"noopener\">L\u00f8st skelet<\/a><\/p>\t\t\t\t<\/div>\n\t\t\t\t<\/div>\n\t\t\t\t\t<\/div>\n\t\t<\/div>\n\t\t\t\t\t<\/div>\n\t\t<\/section>\n\t\t\t\t<section class=\"elementor-section elementor-top-section elementor-element elementor-element-e4ba1aa elementor-section-boxed elementor-section-height-default elementor-section-height-default\" data-id=\"e4ba1aa\" data-element_type=\"section\">\n\t\t\t\t\t\t<div class=\"elementor-container elementor-column-gap-default\">\n\t\t\t\t\t<div class=\"elementor-column elementor-col-50 elementor-top-column elementor-element elementor-element-2f05b4b\" data-id=\"2f05b4b\" data-element_type=\"column\">\n\t\t\t<div class=\"elementor-column-wrap--2f05b4b elementor-widget-wrap elementor-element-populated\">\n\t\t\t\t\t\t<div class=\"elementor-element elementor-element-cc09e70 elementor-widget elementor-widget-html\" data-id=\"cc09e70\" data-element_type=\"widget\" data-widget_type=\"html.default\">\n\t\t\t\t<div class=\"elementor-widget-container\">\n\t\t\t\t\t<div style='position:relative; padding-bottom:100%'><iframe src='https:\/\/www.redgifs.com\/ifr\/braveprofitabledungenesscrab' frameborder='0' scrolling='no' width='100%' height='100%' style='position:absolute; top:0; left:0;' allowfullscreen><\/iframe><\/div><p><a href=\"https:\/\/www.redgifs.com\/watch\/braveprofitabledungenesscrab\" target=\"_blank\" rel=\"noopener\">St\u00f8nnende<\/a><\/p>\t\t\t\t<\/div>\n\t\t\t\t<\/div>\n\t\t\t\t\t<\/div>\n\t\t<\/div>\n\t\t\t\t<div class=\"elementor-column elementor-col-50 elementor-top-column elementor-element elementor-element-1d93155\" data-id=\"1d93155\" data-element_type=\"column\">\n\t\t\t<div class=\"elementor-column-wrap--1d93155 elementor-widget-wrap elementor-element-populated\">\n\t\t\t\t\t\t<div class=\"elementor-element elementor-element-d534382 elementor-widget elementor-widget-html\" data-id=\"d534382\" data-element_type=\"widget\" data-widget_type=\"html.default\">\n\t\t\t\t<div class=\"elementor-widget-container\">\n\t\t\t\t\t<div style='position:relative; padding-bottom:100%'><iframe src='https:\/\/www.redgifs.com\/ifr\/impeccablemoccasinbonobo' frameborder='0' scrolling='no' width='100%' height='100%' style='position:absolute; top:0; left:0;' allowfullscreen><\/iframe><\/div><p><a href=\"https:\/\/www.redgifs.com\/watch\/impeccablemoccasinbonobo\" target=\"_blank\" rel=\"noopener\">Smart stemme<\/a><\/p>\t\t\t\t<\/div>\n\t\t\t\t<\/div>\n\t\t\t\t\t<\/div>\n\t\t<\/div>\n\t\t\t\t\t<\/div>\n\t\t<\/section>\n\t\t\t\t<section class=\"elementor-section elementor-top-section elementor-element elementor-element-127d18c elementor-section-boxed elementor-section-height-default elementor-section-height-default\" data-id=\"127d18c\" data-element_type=\"section\">\n\t\t\t\t\t\t<div class=\"elementor-container elementor-column-gap-default\">\n\t\t\t\t\t<div class=\"elementor-column elementor-col-50 elementor-top-column elementor-element elementor-element-739665c\" data-id=\"739665c\" data-element_type=\"column\">\n\t\t\t<div class=\"elementor-column-wrap--739665c elementor-widget-wrap elementor-element-populated\">\n\t\t\t\t\t\t<div class=\"elementor-element elementor-element-447a044 elementor-widget elementor-widget-html\" data-id=\"447a044\" data-element_type=\"widget\" data-widget_type=\"html.default\">\n\t\t\t\t<div class=\"elementor-widget-container\">\n\t\t\t\t\t<div style='position:relative; padding-bottom:100%'><iframe src='https:\/\/www.redgifs.com\/ifr\/yummyfavorabledinosaur' frameborder='0' scrolling='no' width='100%' height='100%' style='position:absolute; top:0; left:0;' allowfullscreen><\/iframe><\/div><p><a href=\"https:\/\/www.redgifs.com\/watch\/yummyfavorabledinosaur\" target=\"_blank\" rel=\"noopener\">Bl\u00e5 vene<\/a><\/p>\t\t\t\t<\/div>\n\t\t\t\t<\/div>\n\t\t\t\t\t<\/div>\n\t\t<\/div>\n\t\t\t\t<div class=\"elementor-column elementor-col-50 elementor-top-column elementor-element elementor-element-d2543dc\" data-id=\"d2543dc\" data-element_type=\"column\">\n\t\t\t<div class=\"elementor-column-wrap--d2543dc elementor-widget-wrap elementor-element-populated\">\n\t\t\t\t\t\t<div class=\"elementor-element elementor-element-67c593e elementor-widget elementor-widget-html\" data-id=\"67c593e\" data-element_type=\"widget\" data-widget_type=\"html.default\">\n\t\t\t\t<div class=\"elementor-widget-container\">\n\t\t\t\t\t<div style='position:relative; padding-bottom:100%'><iframe src='https:\/\/www.redgifs.com\/ifr\/unwieldyrobustchick' frameborder='0' scrolling='no' width='100%' height='100%' style='position:absolute; top:0; left:0;' allowfullscreen><\/iframe><\/div><p><a href=\"https:\/\/www.redgifs.com\/watch\/unwieldyrobustchick\" target=\"_blank\" rel=\"noopener\">Ledfinger<\/a><\/p>\t\t\t\t<\/div>\n\t\t\t\t<\/div>\n\t\t\t\t\t<\/div>\n\t\t<\/div>\n\t\t\t\t\t<\/div>\n\t\t<\/section>\n\t\t\t\t<section class=\"elementor-section elementor-top-section elementor-element elementor-element-ea38e07 elementor-section-boxed elementor-section-height-default elementor-section-height-default\" data-id=\"ea38e07\" data-element_type=\"section\">\n\t\t\t\t\t\t<div class=\"elementor-container elementor-column-gap-default\">\n\t\t\t\t\t<div class=\"elementor-column elementor-col-50 elementor-top-column elementor-element elementor-element-86d971b\" data-id=\"86d971b\" data-element_type=\"column\">\n\t\t\t<div class=\"elementor-column-wrap--86d971b elementor-widget-wrap elementor-element-populated\">\n\t\t\t\t\t\t<div class=\"elementor-element elementor-element-8a7649c elementor-widget elementor-widget-html\" data-id=\"8a7649c\" data-element_type=\"widget\" data-widget_type=\"html.default\">\n\t\t\t\t<div class=\"elementor-widget-container\">\n\t\t\t\t\t<div style='position:relative; padding-bottom:60%'><iframe src='https:\/\/www.redgifs.com\/ifr\/grumpyfreshquadrisectus' frameborder='0' scrolling='no' width='100%' height='100%' style='position:absolute; top:0; left:0;' allowfullscreen><\/iframe><\/div><p><a href=\"https:\/\/www.redgifs.com\/watch\/grumpyfreshquadrisectus\" target=\"_blank\" rel=\"noopener\">Bev\u00e6gelig k\u00e6be<\/a><\/p>\t\t\t\t<\/div>\n\t\t\t\t<\/div>\n\t\t\t\t\t<\/div>\n\t\t<\/div>\n\t\t\t\t<div class=\"elementor-column elementor-col-50 elementor-top-column elementor-element elementor-element-f58c7bf\" data-id=\"f58c7bf\" data-element_type=\"column\">\n\t\t\t<div class=\"elementor-column-wrap--f58c7bf elementor-widget-wrap elementor-element-populated\">\n\t\t\t\t\t\t<div class=\"elementor-element elementor-element-0e1d16e elementor-widget elementor-widget-html\" data-id=\"0e1d16e\" data-element_type=\"widget\" data-widget_type=\"html.default\">\n\t\t\t\t<div class=\"elementor-widget-container\">\n\t\t\t\t\t<div style='position:relative; padding-bottom:60%'><iframe src='https:\/\/www.redgifs.com\/ifr\/dapperdefinitivegraysquirrel' frameborder='0' scrolling='no' width='100%' height='100%' style='position:absolute; top:0; left:0;' allowfullscreen><\/iframe><\/div><p><a href=\"https:\/\/www.redgifs.com\/watch\/dapperdefinitivegraysquirrel\" target=\"_blank\" rel=\"noopener\">Implantat h\u00e5r<\/a><\/p>\t\t\t\t<\/div>\n\t\t\t\t<\/div>\n\t\t\t\t\t<\/div>\n\t\t<\/div>\n\t\t\t\t\t<\/div>\n\t\t<\/section>\n\t\t\t\t<section class=\"elementor-section elementor-top-section elementor-element elementor-element-9f23a1c elementor-section-boxed elementor-section-height-default elementor-section-height-default\" data-id=\"9f23a1c\" data-element_type=\"section\">\n\t\t\t\t\t\t<div class=\"elementor-container elementor-column-gap-default\">\n\t\t\t\t\t<div class=\"elementor-column elementor-col-50 elementor-top-column elementor-element elementor-element-a96a891\" data-id=\"a96a891\" data-element_type=\"column\">\n\t\t\t<div class=\"elementor-column-wrap--a96a891 elementor-widget-wrap elementor-element-populated\">\n\t\t\t\t\t\t<div class=\"elementor-element elementor-element-f1948a5 elementor-widget elementor-widget-html\" data-id=\"f1948a5\" data-element_type=\"widget\" data-widget_type=\"html.default\">\n\t\t\t\t<div class=\"elementor-widget-container\">\n\t\t\t\t\t<div style='position:relative; padding-bottom:56.25%'><iframe src='https:\/\/www.redgifs.com\/ifr\/untruecurvyafricanmolesnake' frameborder='0' scrolling='no' width='100%' height='100%' style='position:absolute; top:0; left:0;' allowfullscreen><\/iframe><\/div><p><a href=\"https:\/\/www.redgifs.com\/watch\/untruecurvyafricanmolesnake\" target=\"_blank\" rel=\"noopener\">Lager<\/a><\/p>\t\t\t\t<\/div>\n\t\t\t\t<\/div>\n\t\t\t\t\t<\/div>\n\t\t<\/div>\n\t\t\t\t<div class=\"elementor-column elementor-col-50 elementor-top-column elementor-element elementor-element-0ad02e6\" data-id=\"0ad02e6\" data-element_type=\"column\">\n\t\t\t<div class=\"elementor-column-wrap--0ad02e6 elementor-widget-wrap elementor-element-populated\">\n\t\t\t\t\t\t<div class=\"elementor-element elementor-element-5bbe5d5 elementor-widget elementor-widget-spacer\" data-id=\"5bbe5d5\" data-element_type=\"widget\" data-widget_type=\"spacer.default\">\n\t\t\t\t<div class=\"elementor-widget-container\">\n\t\t\t\t\t\t\t<div class=\"elementor-spacer\">\n\t\t\t<div class=\"elementor-spacer-inner\"><\/div>\n\t\t<\/div>\n\t\t\t\t\t\t<\/div>\n\t\t\t\t<\/div>\n\t\t\t\t<div class=\"elementor-element elementor-element-08800ad elementor-widget elementor-widget-image\" data-id=\"08800ad\" data-element_type=\"widget\" data-widget_type=\"image.default\">\n\t\t\t\t<div class=\"elementor-widget-container\">\n\t\t\t\t\t\t\t\t\t\t\t\t\t\t\t\t<a href=\"\/da\/contact-us\/\">\n\t\t\t\t\t\t\t<img fetchpriority=\"high\" decoding=\"async\" width=\"1024\" height=\"306\" src=\"https:\/\/sexdollxxx.com\/wp-content\/uploads\/2021\/07\/more-videos-1024x306.png\" class=\"attachment-large size-large wp-image-4939\" alt=\"sex dukke videoer\" srcset=\"https:\/\/sexdollxxx.com\/wp-content\/uploads\/2021\/07\/more-videos-1024x306.png 1024w, https:\/\/sexdollxxx.com\/wp-content\/uploads\/2021\/07\/more-videos-300x90.png 300w, https:\/\/sexdollxxx.com\/wp-content\/uploads\/2021\/07\/more-videos-250x75.png 250w, https:\/\/sexdollxxx.com\/wp-content\/uploads\/2021\/07\/more-videos-600x179.png 600w, https:\/\/sexdollxxx.com\/wp-content\/uploads\/2021\/07\/more-videos-768x230.png 768w, https:\/\/sexdollxxx.com\/wp-content\/uploads\/2021\/07\/more-videos-16x5.png 16w, https:\/\/sexdollxxx.com\/wp-content\/uploads\/2021\/07\/more-videos.png 1130w\" sizes=\"(max-width: 1024px) 100vw, 1024px\" title=\"\">\t\t\t\t\t\t\t\t<\/a>\n\t\t\t\t\t\t\t\t\t\t\t\t\t\t\t<\/div>\n\t\t\t\t<\/div>\n\t\t\t\t\t<\/div>\n\t\t<\/div>\n\t\t\t\t\t<\/div>\n\t\t<\/section>\n\t\t\t\t<\/div>","protected":false},"excerpt":{"rendered":"<p>Sex Doll Videos Install Head and Wigs Check out below sex doll videos to find out the feature of our sex doll xxx and the way to use them, for example, the way to wear a wig and the method to put in the head . We also take a dildo to demonstrate the softness [&hellip;]<\/p>\n","protected":false},"author":3,"featured_media":0,"parent":0,"menu_order":0,"comment_status":"closed","ping_status":"closed","template":"elementor_header_footer","meta":{"footnotes":""},"class_list":["post-52","page","type-page","status-publish","hentry"],"_links":{"self":[{"href":"https:\/\/sexdollxxx.com\/da\/wp-json\/wp\/v2\/pages\/52","targetHints":{"allow":["GET"]}}],"collection":[{"href":"https:\/\/sexdollxxx.com\/da\/wp-json\/wp\/v2\/pages"}],"about":[{"href":"https:\/\/sexdollxxx.com\/da\/wp-json\/wp\/v2\/types\/page"}],"author":[{"embeddable":true,"href":"https:\/\/sexdollxxx.com\/da\/wp-json\/wp\/v2\/users\/3"}],"replies":[{"embeddable":true,"href":"https:\/\/sexdollxxx.com\/da\/wp-json\/wp\/v2\/comments?post=52"}],"version-history":[{"count":0,"href":"https:\/\/sexdollxxx.com\/da\/wp-json\/wp\/v2\/pages\/52\/revisions"}],"wp:attachment":[{"href":"https:\/\/sexdollxxx.com\/da\/wp-json\/wp\/v2\/media?parent=52"}],"curies":[{"name":"wp","href":"https:\/\/api.w.org\/{rel}","templated":true}]}}