{"id":3047,"date":"2021-06-11T23:40:42","date_gmt":"2021-06-11T23:40:42","guid":{"rendered":"https:\/\/bluebirds.sslcommerz.org\/?post_type=product&#038;p=3047"},"modified":"2025-08-19T01:47:50","modified_gmt":"2025-08-18T17:47:50","slug":"lifelike-torso-doll-gigi","status":"publish","type":"product","link":"https:\/\/sexdollxxx.com\/da\/lifelike-torso-doll-gigi\/","title":{"rendered":"Lille naturtro torso-dukke \u2013 Gigi"},"content":{"rendered":"<h2>Lille naturtro torso-dukke \u2013 Gigi<\/h2>\n<p>Ikke alle \u00f8nsker en <a href=\"https:\/\/en.wikipedia.org\/wiki\/Sex_doll\" target=\"_blank\" rel=\"noopener\">sex dukke<\/a> for de fulde personlige effekter af det, og for denne gruppe mennesker, jo lettere og mindre det er, jo bedre. Takket v\u00e6re et materiale kendt som TPE, er der sexdukker, der er s\u00e5 lette som 4,4 pund og ogs\u00e5 sm\u00e5 med en st\u00f8rrelse p\u00e5 11,6 tommer.<\/p>\n<p>Ud over den lette v\u00e6gt kommer TPE med en ekstra fordel af sin hudlignende f\u00f8lelse, som g\u00f8r sex med en lille torsodukke s\u00e5 naturtro som muligt. Dette er med s\u00e6rlig v\u00e6gt p\u00e5 anus og vagina, designet med flere folder i dem for at give dig den overv\u00e6ldende oplevelse af at sl\u00e5 en rigtig kvinde.<\/p>\n<p>Nogle fordele ved <strong>overkommelig TPE Small Lifelike Torso Doll <\/strong>er, at den er relativt billig, nem at reng\u00f8re og ikke kr\u00e6ver stor opbevaringsplads.<\/p>\n<p><img fetchpriority=\"high\" decoding=\"async\" class=\"alignnone wp-image-3053 size-full\" src=\"https:\/\/sexdollxxx.com\/wp-content\/uploads\/2021\/06\/torso-sex-doll-measurement.jpg\" alt=\"Torso dukke\" width=\"1000\" height=\"1000\" title=\"\" srcset=\"https:\/\/sexdollxxx.com\/wp-content\/uploads\/2021\/06\/torso-sex-doll-measurement.jpg 1000w, https:\/\/sexdollxxx.com\/wp-content\/uploads\/2021\/06\/torso-sex-doll-measurement-300x300.jpg 300w, https:\/\/sexdollxxx.com\/wp-content\/uploads\/2021\/06\/torso-sex-doll-measurement-250x250.jpg 250w, https:\/\/sexdollxxx.com\/wp-content\/uploads\/2021\/06\/torso-sex-doll-measurement-600x600.jpg 600w, https:\/\/sexdollxxx.com\/wp-content\/uploads\/2021\/06\/torso-sex-doll-measurement-150x150.jpg 150w, https:\/\/sexdollxxx.com\/wp-content\/uploads\/2021\/06\/torso-sex-doll-measurement-768x768.jpg 768w, https:\/\/sexdollxxx.com\/wp-content\/uploads\/2021\/06\/torso-sex-doll-measurement-100x100.jpg 100w\" sizes=\"(max-width: 1000px) 100vw, 1000px\"><\/p>","protected":false},"excerpt":{"rendered":"<p><span style=\"color: #f73e74;\">Klar til forsendelse til USA, EU, Canada og Australien<\/span><\/p>","protected":false},"featured_media":3060,"comment_status":"open","ping_status":"closed","template":"","meta":[],"product_cat":[205,194,189,219,344],"product_tag":[396],"class_list":{"0":"post-3047","1":"product","2":"type-product","3":"status-publish","4":"has-post-thumbnail","6":"product_cat-sex-doll-torso","7":"product_cat-65cm-88cm-sex-doll","8":"product_cat-mini-sex-doll","9":"product_cat-real-sex-dolls","10":"product_cat-tpe-sex-doll","11":"product_tag-65cm","12":"tm-no-options","14":"first","15":"instock","16":"sale","17":"shipping-taxable","18":"purchasable","19":"product-type-simple","swatches":"rey-swatches","show_selected":""},"_links":{"self":[{"href":"https:\/\/sexdollxxx.com\/da\/wp-json\/wp\/v2\/product\/3047","targetHints":{"allow":["GET"]}}],"collection":[{"href":"https:\/\/sexdollxxx.com\/da\/wp-json\/wp\/v2\/product"}],"about":[{"href":"https:\/\/sexdollxxx.com\/da\/wp-json\/wp\/v2\/types\/product"}],"replies":[{"embeddable":true,"href":"https:\/\/sexdollxxx.com\/da\/wp-json\/wp\/v2\/comments?post=3047"}],"wp:featuredmedia":[{"embeddable":true,"href":"https:\/\/sexdollxxx.com\/da\/wp-json\/wp\/v2\/media\/3060"}],"wp:attachment":[{"href":"https:\/\/sexdollxxx.com\/da\/wp-json\/wp\/v2\/media?parent=3047"}],"wp:term":[{"taxonomy":"product_cat","embeddable":true,"href":"https:\/\/sexdollxxx.com\/da\/wp-json\/wp\/v2\/product_cat?post=3047"},{"taxonomy":"product_tag","embeddable":true,"href":"https:\/\/sexdollxxx.com\/da\/wp-json\/wp\/v2\/product_tag?post=3047"}],"curies":[{"name":"wp","href":"https:\/\/api.w.org\/{rel}","templated":true}]}}