{"id":3076,"date":"2021-06-11T23:48:09","date_gmt":"2021-06-11T23:48:09","guid":{"rendered":"https:\/\/bluebirds.sslcommerz.org\/?post_type=product&#038;p=3076"},"modified":"2025-08-19T02:15:29","modified_gmt":"2025-08-18T18:15:29","slug":"ass-sex-doll-torso-aiko","status":"publish","type":"product","link":"https:\/\/sexdollxxx.com\/de\/ass-sex-doll-torso-aiko\/","title":{"rendered":"Mini Arsch Sex Puppe Torso - Aiko"},"content":{"rendered":"<h2>Mini Arsch Sex Puppe Torso - Aiko<\/h2>\n<p>Diese <strong>Silikon Mini Ass Sex Doll Torso online<\/strong> wiegt nur 4,4 lb und ist leicht genug, um es herumzutragen und auch damit zu spielen. Sie besteht aus TPE, ist also elastisch und verursacht keine Verletzungen oder Nebenwirkungen w\u00e4hrend des Gebrauchs. Das ist der Grund, warum sich ihr Arsch weich und realistisch anf\u00fchlt wie ein menschlicher Arsch. Das Innere der Vagina ist v\u00f6llig surreal und ahmt auf komplizierte Weise die Strukturfalten einer echten Frau nach. Der Anus wird mit ebenso viel Konzentration bearbeitet, um Ihnen das maximale Vergn\u00fcgen zu bereiten.<\/p>\n<p>Sie k\u00f6nnen kaufen <strong>TPE realistischer Mini-Sexpuppentorso<\/strong> und es kann Ihnen in ein paar Tagen zugestellt werden, und wir geben den Inhalt des Pakets nicht bekannt.<\/p>\n<p><img fetchpriority=\"high\" decoding=\"async\" class=\"alignnone wp-image-3086 size-full\" src=\"https:\/\/sexdollxxx.com\/wp-content\/uploads\/2021\/06\/Mini-Ass-Torso-Sex-Doll-Size.jpg\" alt=\"Mini Arsch Sex Puppe Torso\" width=\"1000\" height=\"1000\" title=\"\" srcset=\"https:\/\/sexdollxxx.com\/wp-content\/uploads\/2021\/06\/Mini-Ass-Torso-Sex-Doll-Size.jpg 1000w, https:\/\/sexdollxxx.com\/wp-content\/uploads\/2021\/06\/Mini-Ass-Torso-Sex-Doll-Size-300x300.jpg 300w, https:\/\/sexdollxxx.com\/wp-content\/uploads\/2021\/06\/Mini-Ass-Torso-Sex-Doll-Size-250x250.jpg 250w, https:\/\/sexdollxxx.com\/wp-content\/uploads\/2021\/06\/Mini-Ass-Torso-Sex-Doll-Size-600x600.jpg 600w, https:\/\/sexdollxxx.com\/wp-content\/uploads\/2021\/06\/Mini-Ass-Torso-Sex-Doll-Size-150x150.jpg 150w, https:\/\/sexdollxxx.com\/wp-content\/uploads\/2021\/06\/Mini-Ass-Torso-Sex-Doll-Size-768x768.jpg 768w, https:\/\/sexdollxxx.com\/wp-content\/uploads\/2021\/06\/Mini-Ass-Torso-Sex-Doll-Size-100x100.jpg 100w\" sizes=\"(max-width: 1000px) 100vw, 1000px\"><\/p>","protected":false},"excerpt":{"rendered":"<p><span style=\"color: #f73e74;\">Bereit f\u00fcr den Versand in die USA, EU, Kanada und Australien<\/span><\/p>","protected":false},"featured_media":3077,"comment_status":"open","ping_status":"closed","template":"","meta":[],"product_cat":[205,194,189,219,344],"product_tag":[396],"class_list":{"0":"post-3076","1":"product","2":"type-product","3":"status-publish","4":"has-post-thumbnail","6":"product_cat-sex-doll-torso","7":"product_cat-65cm-88cm-sex-doll","8":"product_cat-mini-sex-doll","9":"product_cat-real-sex-dolls","10":"product_cat-tpe-sex-doll","11":"product_tag-65cm","12":"tm-no-options","14":"first","15":"instock","16":"sale","17":"shipping-taxable","18":"purchasable","19":"product-type-simple","swatches":"rey-swatches","show_selected":""},"_links":{"self":[{"href":"https:\/\/sexdollxxx.com\/de\/wp-json\/wp\/v2\/product\/3076","targetHints":{"allow":["GET"]}}],"collection":[{"href":"https:\/\/sexdollxxx.com\/de\/wp-json\/wp\/v2\/product"}],"about":[{"href":"https:\/\/sexdollxxx.com\/de\/wp-json\/wp\/v2\/types\/product"}],"replies":[{"embeddable":true,"href":"https:\/\/sexdollxxx.com\/de\/wp-json\/wp\/v2\/comments?post=3076"}],"wp:featuredmedia":[{"embeddable":true,"href":"https:\/\/sexdollxxx.com\/de\/wp-json\/wp\/v2\/media\/3077"}],"wp:attachment":[{"href":"https:\/\/sexdollxxx.com\/de\/wp-json\/wp\/v2\/media?parent=3076"}],"wp:term":[{"taxonomy":"product_cat","embeddable":true,"href":"https:\/\/sexdollxxx.com\/de\/wp-json\/wp\/v2\/product_cat?post=3076"},{"taxonomy":"product_tag","embeddable":true,"href":"https:\/\/sexdollxxx.com\/de\/wp-json\/wp\/v2\/product_tag?post=3076"}],"curies":[{"name":"wp","href":"https:\/\/api.w.org\/{rel}","templated":true}]}}