{"id":573,"date":"2021-06-01T15:23:04","date_gmt":"2021-06-01T15:23:04","guid":{"rendered":"https:\/\/bluebirds.sslcommerz.org\/?page_id=573"},"modified":"2021-06-29T12:14:31","modified_gmt":"2021-06-29T12:14:31","slug":"terms-of-use","status":"publish","type":"page","link":"https:\/\/sexdollxxx.com\/es\/terms-of-use\/","title":{"rendered":"Condiciones de uso"},"content":{"rendered":"<div data-elementor-type=\"wp-page\" data-elementor-id=\"573\" class=\"elementor elementor-573\" data-elementor-post-type=\"page\">\n\t\t\t\t\t\t<section class=\"elementor-section elementor-top-section elementor-element elementor-element-5539fe5 elementor-section-boxed elementor-section-height-default elementor-section-height-default\" data-id=\"5539fe5\" data-element_type=\"section\">\n\t\t\t\t\t\t<div class=\"elementor-container elementor-column-gap-default\">\n\t\t\t\t\t<div class=\"elementor-column elementor-col-100 elementor-top-column elementor-element elementor-element-9197215\" data-id=\"9197215\" data-element_type=\"column\">\n\t\t\t<div class=\"elementor-column-wrap--9197215 elementor-widget-wrap elementor-element-populated\">\n\t\t\t\t\t\t<div class=\"elementor-element elementor-element-8564278 elementor-widget elementor-widget-woocommerce-breadcrumb\" data-id=\"8564278\" data-element_type=\"widget\" data-widget_type=\"woocommerce-breadcrumb.default\">\n\t\t\t\t<div class=\"elementor-widget-container\">\n\t\t\t\t\t<nav class=\"rey-breadcrumbs\"><div class=\"rey-breadcrumbs-item\" data-no-translation=\"\" data-trp-gettext=\"\">Inicio<\/div><\/nav>\t\t\t\t<\/div>\n\t\t\t\t<\/div>\n\t\t\t\t\t<\/div>\n\t\t<\/div>\n\t\t\t\t\t<\/div>\n\t\t<\/section>\n\t\t\t\t<section class=\"elementor-section elementor-top-section elementor-element elementor-element-05ce4b8 elementor-section-boxed elementor-section-height-default elementor-section-height-default\" data-id=\"05ce4b8\" data-element_type=\"section\">\n\t\t\t\t\t\t<div class=\"elementor-container elementor-column-gap-default\">\n\t\t\t\t\t<div class=\"elementor-column elementor-col-100 elementor-top-column elementor-element elementor-element-479b636\" data-id=\"479b636\" data-element_type=\"column\">\n\t\t\t<div class=\"elementor-column-wrap--479b636 elementor-widget-wrap elementor-element-populated\">\n\t\t\t\t\t\t<div class=\"elementor-element elementor-element-8902af9 elementor-widget elementor-widget-heading\" data-id=\"8902af9\" data-element_type=\"widget\" data-widget_type=\"heading.default\">\n\t\t\t\t<div class=\"elementor-widget-container\">\n\t\t\t\t\t<h1 class=\"elementor-heading-title elementor-size-default\">Condiciones de uso<\/h1>\t\t\t\t<\/div>\n\t\t\t\t<\/div>\n\t\t\t\t\t<\/div>\n\t\t<\/div>\n\t\t\t\t\t<\/div>\n\t\t<\/section>\n\t\t\t\t<section class=\"elementor-section elementor-top-section elementor-element elementor-element-508454a elementor-section-boxed elementor-section-height-default elementor-section-height-default\" data-id=\"508454a\" data-element_type=\"section\">\n\t\t\t\t\t\t<div class=\"elementor-container elementor-column-gap-default\">\n\t\t\t\t\t<div class=\"elementor-column elementor-col-100 elementor-top-column elementor-element elementor-element-4b48ff9\" data-id=\"4b48ff9\" data-element_type=\"column\">\n\t\t\t<div class=\"elementor-column-wrap--4b48ff9 elementor-widget-wrap elementor-element-populated\">\n\t\t\t\t\t\t<div class=\"elementor-element elementor-element-2de2546 elementor-widget elementor-widget-heading\" data-id=\"2de2546\" data-element_type=\"widget\" data-widget_type=\"heading.default\">\n\t\t\t\t<div class=\"elementor-widget-container\">\n\t\t\t\t\t<h2 class=\"elementor-heading-title elementor-size-default\">Aceptaci\u00f3n de las condiciones\n<\/h2>\t\t\t\t<\/div>\n\t\t\t\t<\/div>\n\t\t\t\t\t<\/div>\n\t\t<\/div>\n\t\t\t\t\t<\/div>\n\t\t<\/section>\n\t\t\t\t<section class=\"elementor-section elementor-top-section elementor-element elementor-element-b1699a2 elementor-section-boxed elementor-section-height-default elementor-section-height-default\" data-id=\"b1699a2\" data-element_type=\"section\">\n\t\t\t\t\t\t<div class=\"elementor-container elementor-column-gap-default\">\n\t\t\t\t\t<div class=\"elementor-column elementor-col-100 elementor-top-column elementor-element elementor-element-764bce6\" data-id=\"764bce6\" data-element_type=\"column\">\n\t\t\t<div class=\"elementor-column-wrap--764bce6 elementor-widget-wrap elementor-element-populated\">\n\t\t\t\t\t\t<div class=\"elementor-element elementor-element-d677622 elementor-widget elementor-widget-text-editor\" data-id=\"d677622\" data-element_type=\"widget\" data-widget_type=\"text-editor.default\">\n\t\t\t\t<div class=\"elementor-widget-container\">\n\t\t\t\t\t\t\t\t\t<p>Las siguientes Condiciones de Uso (\"CDU\") se aplican al uso que usted hace de nuestro sitio web (https:\/\/www.sexdollxxx.com\/) y de cualquier servicio asociado. SexDollxxx se reserva el derecho de actualizar las CDU en cualquier momento sin previo aviso. La versi\u00f3n m\u00e1s actualizada de las CDU puede consultarse haciendo clic en el enlace de hipertexto \"Condiciones de uso\" situado en la parte inferior de nuestras p\u00e1ginas web.<\/p>\t\t\t\t\t\t\t\t<\/div>\n\t\t\t\t<\/div>\n\t\t\t\t\t<\/div>\n\t\t<\/div>\n\t\t\t\t\t<\/div>\n\t\t<\/section>\n\t\t\t\t<section class=\"elementor-section elementor-top-section elementor-element elementor-element-5acd8b6 elementor-section-boxed elementor-section-height-default elementor-section-height-default\" data-id=\"5acd8b6\" data-element_type=\"section\">\n\t\t\t\t\t\t<div class=\"elementor-container elementor-column-gap-default\">\n\t\t\t\t\t<div class=\"elementor-column elementor-col-100 elementor-top-column elementor-element elementor-element-074124a\" data-id=\"074124a\" data-element_type=\"column\">\n\t\t\t<div class=\"elementor-column-wrap--074124a elementor-widget-wrap elementor-element-populated\">\n\t\t\t\t\t\t<div class=\"elementor-element elementor-element-9732559 elementor-widget elementor-widget-heading\" data-id=\"9732559\" data-element_type=\"widget\" data-widget_type=\"heading.default\">\n\t\t\t\t<div class=\"elementor-widget-container\">\n\t\t\t\t\t<h2 class=\"elementor-heading-title elementor-size-default\">Descripci\u00f3n del servicio\n<\/h2>\t\t\t\t<\/div>\n\t\t\t\t<\/div>\n\t\t\t\t\t<\/div>\n\t\t<\/div>\n\t\t\t\t\t<\/div>\n\t\t<\/section>\n\t\t\t\t<section class=\"elementor-section elementor-top-section elementor-element elementor-element-505cf09 elementor-section-boxed elementor-section-height-default elementor-section-height-default\" data-id=\"505cf09\" data-element_type=\"section\">\n\t\t\t\t\t\t<div class=\"elementor-container elementor-column-gap-default\">\n\t\t\t\t\t<div class=\"elementor-column elementor-col-100 elementor-top-column elementor-element elementor-element-fd7be84\" data-id=\"fd7be84\" data-element_type=\"column\">\n\t\t\t<div class=\"elementor-column-wrap--fd7be84 elementor-widget-wrap elementor-element-populated\">\n\t\t\t\t\t\t<div class=\"elementor-element elementor-element-3588333 elementor-widget elementor-widget-text-editor\" data-id=\"3588333\" data-element_type=\"widget\" data-widget_type=\"text-editor.default\">\n\t\t\t\t<div class=\"elementor-widget-container\">\n\t\t\t\t\t\t\t\t\t<p>SexDollxxx le proporciona una gran cantidad de mu\u00f1ecas sexuales (con contenido para adultos), incluyendo el registro de la cuenta, las revisiones de los productos, el chat en l\u00ednea y la informaci\u00f3n sobre los productos (colectivamente, los \"Servicios\"). Los Servicios, incluyendo cualquier actualizaci\u00f3n, mejora, nuevas caracter\u00edsticas, y\/o la adici\u00f3n de cualquier nueva propiedad web, est\u00e1n sujetos a las CDU.<\/p>\t\t\t\t\t\t\t\t<\/div>\n\t\t\t\t<\/div>\n\t\t\t\t\t<\/div>\n\t\t<\/div>\n\t\t\t\t\t<\/div>\n\t\t<\/section>\n\t\t\t\t<section class=\"elementor-section elementor-top-section elementor-element elementor-element-8cbacbf elementor-section-boxed elementor-section-height-default elementor-section-height-default\" data-id=\"8cbacbf\" data-element_type=\"section\">\n\t\t\t\t\t\t<div class=\"elementor-container elementor-column-gap-default\">\n\t\t\t\t\t<div class=\"elementor-column elementor-col-100 elementor-top-column elementor-element elementor-element-f26a0a7\" data-id=\"f26a0a7\" data-element_type=\"column\">\n\t\t\t<div class=\"elementor-column-wrap--f26a0a7 elementor-widget-wrap elementor-element-populated\">\n\t\t\t\t\t\t<div class=\"elementor-element elementor-element-21f0acb elementor-widget elementor-widget-heading\" data-id=\"21f0acb\" data-element_type=\"widget\" data-widget_type=\"heading.default\">\n\t\t\t\t<div class=\"elementor-widget-container\">\n\t\t\t\t\t<h2 class=\"elementor-heading-title elementor-size-default\">Limitaci\u00f3n de uso personal y no comercial\n<\/h2>\t\t\t\t<\/div>\n\t\t\t\t<\/div>\n\t\t\t\t\t<\/div>\n\t\t<\/div>\n\t\t\t\t\t<\/div>\n\t\t<\/section>\n\t\t\t\t<section class=\"elementor-section elementor-top-section elementor-element elementor-element-72c1daa elementor-section-boxed elementor-section-height-default elementor-section-height-default\" data-id=\"72c1daa\" data-element_type=\"section\">\n\t\t\t\t\t\t<div class=\"elementor-container elementor-column-gap-default\">\n\t\t\t\t\t<div class=\"elementor-column elementor-col-100 elementor-top-column elementor-element elementor-element-d9357f5\" data-id=\"d9357f5\" data-element_type=\"column\">\n\t\t\t<div class=\"elementor-column-wrap--d9357f5 elementor-widget-wrap elementor-element-populated\">\n\t\t\t\t\t\t<div class=\"elementor-element elementor-element-c78e6ad elementor-widget elementor-widget-text-editor\" data-id=\"c78e6ad\" data-element_type=\"widget\" data-widget_type=\"text-editor.default\">\n\t\t\t\t<div class=\"elementor-widget-container\">\n\t\t\t\t\t\t\t\t\tA menos que se especifique lo contrario, los Servicios son para su uso personal y no comercial. Usted no puede modificar, copiar, distribuir, transmitir, mostrar p\u00fablicamente, ejecutar, reproducir, publicar, licenciar, crear trabajos derivados, transferir o vender cualquier informaci\u00f3n, software, productos o servicios obtenidos de los Servicios (excepto para su propio uso personal y no comercial) sin nuestro consentimiento previo por escrito.\n\n\t\t\t\t\t\t\t\t<\/div>\n\t\t\t\t<\/div>\n\t\t\t\t\t<\/div>\n\t\t<\/div>\n\t\t\t\t\t<\/div>\n\t\t<\/section>\n\t\t\t\t<section class=\"elementor-section elementor-top-section elementor-element elementor-element-e3ef4fa elementor-section-boxed elementor-section-height-default elementor-section-height-default\" data-id=\"e3ef4fa\" data-element_type=\"section\">\n\t\t\t\t\t\t<div class=\"elementor-container elementor-column-gap-default\">\n\t\t\t\t\t<div class=\"elementor-column elementor-col-100 elementor-top-column elementor-element elementor-element-b1058bf\" data-id=\"b1058bf\" data-element_type=\"column\">\n\t\t\t<div class=\"elementor-column-wrap--b1058bf elementor-widget-wrap elementor-element-populated\">\n\t\t\t\t\t\t<div class=\"elementor-element elementor-element-84a2eda elementor-widget elementor-widget-heading\" data-id=\"84a2eda\" data-element_type=\"widget\" data-widget_type=\"heading.default\">\n\t\t\t\t<div class=\"elementor-widget-container\">\n\t\t\t\t\t<h2 class=\"elementor-heading-title elementor-size-default\">Privacidad y protecci\u00f3n de datos personales<\/h2>\t\t\t\t<\/div>\n\t\t\t\t<\/div>\n\t\t\t\t\t<\/div>\n\t\t<\/div>\n\t\t\t\t\t<\/div>\n\t\t<\/section>\n\t\t\t\t<section class=\"elementor-section elementor-top-section elementor-element elementor-element-834850d elementor-section-boxed elementor-section-height-default elementor-section-height-default\" data-id=\"834850d\" data-element_type=\"section\">\n\t\t\t\t\t\t<div class=\"elementor-container elementor-column-gap-default\">\n\t\t\t\t\t<div class=\"elementor-column elementor-col-100 elementor-top-column elementor-element elementor-element-5a5e132\" data-id=\"5a5e132\" data-element_type=\"column\">\n\t\t\t<div class=\"elementor-column-wrap--5a5e132 elementor-widget-wrap elementor-element-populated\">\n\t\t\t\t\t\t<div class=\"elementor-element elementor-element-bec2d8c elementor-widget elementor-widget-text-editor\" data-id=\"bec2d8c\" data-element_type=\"widget\" data-widget_type=\"text-editor.default\">\n\t\t\t\t<div class=\"elementor-widget-container\">\n\t\t\t\t\t\t\t\t\tSu privacidad es importante para nosotros. y las bases legales que tenemos para procesar esos datos. protegeremos sus comentarios, valoraciones o rese\u00f1as de los Servicios, comunicaciones, archivos, fotos, documentos, audio, obras digitales, livestreams, v\u00eddeos y cualquier otro contenido que cargue, almacene, difunda o comparta a trav\u00e9s de los Servicios. Cuando el procesamiento se basa en el consentimiento y en la medida en que lo permita la ley, al aceptar estas Condiciones, usted acepta que recopilemos, utilicemos y divulguemos sus contenidos y datos tal como se describe en la Declaraci\u00f3n de Privacidad. En algunos casos, le avisaremos por separado y le pediremos su consentimiento, tal y como se indica en la Declaraci\u00f3n de Privacidad.\t\t\t\t\t\t\t\t<\/div>\n\t\t\t\t<\/div>\n\t\t\t\t<div class=\"elementor-element elementor-element-2d15cee elementor-widget elementor-widget-text-editor\" data-id=\"2d15cee\" data-element_type=\"widget\" data-widget_type=\"text-editor.default\">\n\t\t\t\t<div class=\"elementor-widget-container\">\n\t\t\t\t\t\t\t\t\t<p>Estas condiciones de servicio y cualquier otro acuerdo por el que le proporcionemos servicios se regir\u00e1n e interpretar\u00e1n de acuerdo con las leyes de Hongkong.<\/p>\t\t\t\t\t\t\t\t<\/div>\n\t\t\t\t<\/div>\n\t\t\t\t\t<\/div>\n\t\t<\/div>\n\t\t\t\t\t<\/div>\n\t\t<\/section>\n\t\t\t\t<\/div>","protected":false},"excerpt":{"rendered":"<p>Terms of use Acceptance of Terms The following Terms of Use (\u201cTOU\u201d) apply to your use of our website (https:\/\/www.sexdollxxx.com\/) and any associated services. SexDollxxx reserves the right to update the TOU at any time without notice to you. The most current version of the TOU can be reviewed by clicking on the \u201cTerms of [&hellip;]<\/p>\n","protected":false},"author":3,"featured_media":0,"parent":0,"menu_order":0,"comment_status":"closed","ping_status":"closed","template":"elementor_header_footer","meta":{"footnotes":""},"class_list":["post-573","page","type-page","status-publish","hentry"],"_links":{"self":[{"href":"https:\/\/sexdollxxx.com\/es\/wp-json\/wp\/v2\/pages\/573","targetHints":{"allow":["GET"]}}],"collection":[{"href":"https:\/\/sexdollxxx.com\/es\/wp-json\/wp\/v2\/pages"}],"about":[{"href":"https:\/\/sexdollxxx.com\/es\/wp-json\/wp\/v2\/types\/page"}],"author":[{"embeddable":true,"href":"https:\/\/sexdollxxx.com\/es\/wp-json\/wp\/v2\/users\/3"}],"replies":[{"embeddable":true,"href":"https:\/\/sexdollxxx.com\/es\/wp-json\/wp\/v2\/comments?post=573"}],"version-history":[{"count":0,"href":"https:\/\/sexdollxxx.com\/es\/wp-json\/wp\/v2\/pages\/573\/revisions"}],"wp:attachment":[{"href":"https:\/\/sexdollxxx.com\/es\/wp-json\/wp\/v2\/media?parent=573"}],"curies":[{"name":"wp","href":"https:\/\/api.w.org\/{rel}","templated":true}]}}