{"id":579,"date":"2021-06-01T15:27:36","date_gmt":"2021-06-01T15:27:36","guid":{"rendered":"https:\/\/bluebirds.sslcommerz.org\/?page_id=579"},"modified":"2024-11-16T16:30:14","modified_gmt":"2024-11-16T08:30:14","slug":"more-sex-doll-sites","status":"publish","type":"page","link":"https:\/\/sexdollxxx.com\/es\/more-sex-doll-sites\/","title":{"rendered":"M\u00e1s sitios de mu\u00f1ecas sexuales"},"content":{"rendered":"<div data-elementor-type=\"wp-page\" data-elementor-id=\"579\" class=\"elementor elementor-579\" data-elementor-post-type=\"page\">\n\t\t\t\t\t\t<section class=\"elementor-section elementor-top-section elementor-element elementor-element-6e09150 elementor-section-boxed elementor-section-height-default elementor-section-height-default\" data-id=\"6e09150\" data-element_type=\"section\">\n\t\t\t\t\t\t<div class=\"elementor-container elementor-column-gap-default\">\n\t\t\t\t\t<div class=\"elementor-column elementor-col-100 elementor-top-column elementor-element elementor-element-6bc6109\" data-id=\"6bc6109\" data-element_type=\"column\">\n\t\t\t<div class=\"elementor-column-wrap--6bc6109 elementor-widget-wrap elementor-element-populated\">\n\t\t\t\t\t\t<div class=\"elementor-element elementor-element-84793b0 elementor-widget elementor-widget-woocommerce-breadcrumb\" data-id=\"84793b0\" data-element_type=\"widget\" data-widget_type=\"woocommerce-breadcrumb.default\">\n\t\t\t\t<div class=\"elementor-widget-container\">\n\t\t\t\t\t<nav class=\"rey-breadcrumbs\"><div class=\"rey-breadcrumbs-item\" data-no-translation=\"\" data-trp-gettext=\"\">Inicio<\/div><\/nav>\t\t\t\t<\/div>\n\t\t\t\t<\/div>\n\t\t\t\t\t<\/div>\n\t\t<\/div>\n\t\t\t\t\t<\/div>\n\t\t<\/section>\n\t\t\t\t<section class=\"elementor-section elementor-top-section elementor-element elementor-element-2ff495d elementor-section-boxed elementor-section-height-default elementor-section-height-default\" data-id=\"2ff495d\" data-element_type=\"section\">\n\t\t\t\t\t\t<div class=\"elementor-container elementor-column-gap-default\">\n\t\t\t\t\t<div class=\"elementor-column elementor-col-100 elementor-top-column elementor-element elementor-element-84c644f\" data-id=\"84c644f\" data-element_type=\"column\">\n\t\t\t<div class=\"elementor-column-wrap--84c644f elementor-widget-wrap elementor-element-populated\">\n\t\t\t\t\t\t<div class=\"elementor-element elementor-element-3f36792 elementor-widget elementor-widget-heading\" data-id=\"3f36792\" data-element_type=\"widget\" data-widget_type=\"heading.default\">\n\t\t\t\t<div class=\"elementor-widget-container\">\n\t\t\t\t\t<h1 class=\"elementor-heading-title elementor-size-default\">M\u00e1s sitios de mu\u00f1ecas sexuales<\/h1>\t\t\t\t<\/div>\n\t\t\t\t<\/div>\n\t\t\t\t\t<\/div>\n\t\t<\/div>\n\t\t\t\t\t<\/div>\n\t\t<\/section>\n\t\t\t\t<section class=\"elementor-section elementor-top-section elementor-element elementor-element-0f1ceb6 elementor-section-boxed elementor-section-height-default elementor-section-height-default\" data-id=\"0f1ceb6\" data-element_type=\"section\">\n\t\t\t\t\t\t<div class=\"elementor-container elementor-column-gap-default\">\n\t\t\t\t\t<div class=\"elementor-column elementor-col-50 elementor-top-column elementor-element elementor-element-3f6db41\" data-id=\"3f6db41\" data-element_type=\"column\">\n\t\t\t<div class=\"elementor-column-wrap--3f6db41 elementor-widget-wrap elementor-element-populated\">\n\t\t\t\t\t\t<div class=\"elementor-element elementor-element-fc616c8 elementor-bg-transform elementor-bg-transform-move-up elementor-cta--skin-classic elementor-animated-content elementor-widget elementor-widget-call-to-action\" data-id=\"fc616c8\" data-element_type=\"widget\" data-widget_type=\"call-to-action.default\">\n\t\t\t\t<div class=\"elementor-widget-container\">\n\t\t\t\t\t\t\t<div class=\"elementor-cta\">\n\t\t\t\t\t<div class=\"elementor-cta__bg-wrapper\">\n\t\t\t\t<div class=\"elementor-cta__bg elementor-bg\" style=\"background-image: url(https:\/\/sexdollxxx.com\/wp-content\/uploads\/2021\/06\/buy-sex-doll-on-aliexpress.jpg);\" role=\"img\" aria-label=\"comprar mu\u00f1eca sexual en aliexpress\"><\/div>\n\t\t\t\t<div class=\"elementor-cta__bg-overlay\"><\/div>\n\t\t\t<\/div>\n\t\t\t\t\t\t\t\t<\/div>\n\t\t\t\t\t\t<\/div>\n\t\t\t\t<\/div>\n\t\t\t\t<div class=\"elementor-element elementor-element-8996d36 elementor-widget elementor-widget-text-editor\" data-id=\"8996d36\" data-element_type=\"widget\" data-widget_type=\"text-editor.default\">\n\t\t\t\t<div class=\"elementor-widget-container\">\n\t\t\t\t\t\t\t\t\tComprar mu\u00f1ecas sexuales en Aliexpress\t\t\t\t\t\t\t\t<\/div>\n\t\t\t\t<\/div>\n\t\t\t\t\t<\/div>\n\t\t<\/div>\n\t\t\t\t<div class=\"elementor-column elementor-col-50 elementor-top-column elementor-element elementor-element-52c154c\" data-id=\"52c154c\" data-element_type=\"column\">\n\t\t\t<div class=\"elementor-column-wrap--52c154c elementor-widget-wrap elementor-element-populated\">\n\t\t\t\t\t\t<div class=\"elementor-element elementor-element-e94131b elementor-bg-transform elementor-bg-transform-move-up elementor-cta--skin-classic elementor-animated-content elementor-widget elementor-widget-call-to-action\" data-id=\"e94131b\" data-element_type=\"widget\" data-widget_type=\"call-to-action.default\">\n\t\t\t\t<div class=\"elementor-widget-container\">\n\t\t\t\t\t\t\t<div class=\"elementor-cta\">\n\t\t\t\t\t<div class=\"elementor-cta__bg-wrapper\">\n\t\t\t\t<div class=\"elementor-cta__bg elementor-bg\" style=\"background-image: url(https:\/\/sexdollxxx.com\/wp-content\/uploads\/2021\/06\/buy-sex-doll-on-amazon.jpg);\" role=\"img\" aria-label=\"comprar mu\u00f1eca sexual en amazon\"><\/div>\n\t\t\t\t<div class=\"elementor-cta__bg-overlay\"><\/div>\n\t\t\t<\/div>\n\t\t\t\t\t\t\t\t<\/div>\n\t\t\t\t\t\t<\/div>\n\t\t\t\t<\/div>\n\t\t\t\t<div class=\"elementor-element elementor-element-22b8323 elementor-widget elementor-widget-text-editor\" data-id=\"22b8323\" data-element_type=\"widget\" data-widget_type=\"text-editor.default\">\n\t\t\t\t<div class=\"elementor-widget-container\">\n\t\t\t\t\t\t\t\t\tComprar Sex Dolls en Amazon\t\t\t\t\t\t\t\t<\/div>\n\t\t\t\t<\/div>\n\t\t\t\t\t<\/div>\n\t\t<\/div>\n\t\t\t\t\t<\/div>\n\t\t<\/section>\n\t\t\t\t<section class=\"elementor-section elementor-top-section elementor-element elementor-element-f228c90 elementor-section-boxed elementor-section-height-default elementor-section-height-default\" data-id=\"f228c90\" data-element_type=\"section\">\n\t\t\t\t\t\t<div class=\"elementor-container elementor-column-gap-default\">\n\t\t\t\t\t<div class=\"elementor-column elementor-col-100 elementor-top-column elementor-element elementor-element-277bf01\" data-id=\"277bf01\" data-element_type=\"column\">\n\t\t\t<div class=\"elementor-column-wrap--277bf01 elementor-widget-wrap elementor-element-populated\">\n\t\t\t\t\t\t<div class=\"elementor-element elementor-element-10a8e0b elementor-widget elementor-widget-text-editor\" data-id=\"10a8e0b\" data-element_type=\"widget\" data-widget_type=\"text-editor.default\">\n\t\t\t\t<div class=\"elementor-widget-container\">\n\t\t\t\t\t\t\t\t\t<p>Si nuestras mu\u00f1ecas no son adecuadas para usted, puede encontrar m\u00e1s mu\u00f1ecas a trav\u00e9s de algunos sitios de mu\u00f1ecas sexuales. Ellos contar\u00e1n con los centros comerciales de juguetes sexuales m\u00e1s populares en Internet y har\u00e1n clasificaciones basadas en los comentarios de los usuarios y en los factores de precio. Usted no tiene que gastar m\u00e1s energ\u00eda para encontrar estos sitios, proporcionamos los siguientes sitios de mu\u00f1ecas sexuales.<\/p>\t\t\t\t\t\t\t\t<\/div>\n\t\t\t\t<\/div>\n\t\t\t\t<div class=\"elementor-element elementor-element-bf413c6 elementor-widget elementor-widget-text-editor\" data-id=\"bf413c6\" data-element_type=\"widget\" data-widget_type=\"text-editor.default\">\n\t\t\t\t<div class=\"elementor-widget-container\">\n\t\t\t\t\t\t\t\t\t<ul><li><a href=\"https:\/\/sndoll.com\/\" target=\"_blank\" rel=\"noopener\"><span style=\"color: red;\">Mu\u00f1eca Sn:<\/span><\/a> Mu\u00f1eca sexual 4500 perfectamente fabricada con material de TPE y silicona. Somos la empresa de mu\u00f1ecas sexuales m\u00e1s confiable porque ofrecemos mu\u00f1ecas sexuales suaves y seguras de alta calidad y mu\u00f1ecas sexuales de TPE s\u00faper suaves a nuestros clientes. \u00a1Entrega garantizada y env\u00edo gratis!<\/li><li><a href=\"https:\/\/pornsites.xxx\/\" target=\"_blank\" rel=\"noopener\"><span style=\"color: red;\">Rese\u00f1as de sitios porno:<\/span><\/a> Sitios porno es simplemente la lista de los mejores sitios porno y de juguetes sexuales. \u00a1Encuentra rese\u00f1as XXX y clasificaciones honestas de las sexcams m\u00e1s populares, tubes, VR y toneladas de sitios gratuitos!<\/li><li><a href=\"https:\/\/utengrense.com\/\" target=\"_blank\" rel=\"noopener\"><span style=\"color: red;\">Utengrense.com:<\/span><\/a> Tenemos nuestra tienda de sexo en l\u00ednea en Noruega y estamos interesados en vender s\u00f3lo art\u00edculos de alta calidad a buen precio a nuestros clientes como juguetes sexuales y lencer\u00eda sexy.<\/li><li><a href=\"https:\/\/www.pincelebs.net\/\" target=\"_blank\" rel=\"noopener\"><span style=\"color: red;\">Pin celebs:<\/span><\/a> Im\u00e1genes de actrices, cantantes, modelos y personalidades de la televisi\u00f3n desnudas, en topless, sexys y transparentes<\/li><li><a href=\"https:\/\/www.youpornlist.com\/\" target=\"_blank\" rel=\"noopener\"><span style=\"color: red;\">Youpornlist.com: <\/span><\/a>YouPornList es una selecci\u00f3n de los mejores sitios porno por categor\u00edas. Cada sitio ha sido seleccionado tras un largo y riguroso an\u00e1lisis de nuestros expertos en pajas.<\/li><li><a href=\"https:\/\/www.porninspector.com\/\" target=\"_blank\" rel=\"noopener\"><span style=\"color: red;\">Porninspector.com:<\/span><\/a> Porn Inspector tiene muchas rese\u00f1as de porno de algunos de los sitios web para adultos m\u00e1s prometedores. Siempre damos nuestra opini\u00f3n m\u00e1s honesta e imparcial. Cada rese\u00f1a incluir\u00e1 numerosas im\u00e1genes y muestras de v\u00eddeo tomadas directamente del \u00e1rea de miembros de ese sitio, \u00a1d\u00e1ndole la oportunidad de ver exactamente lo que se ofrece antes de decidirse a comprar!<\/li><li><a href=\"http:\/\/hentai-gamer.com\/\" target=\"_blank\" rel=\"noopener\"><span style=\"color: red;\">Hentai-Gamer:<\/span><\/a> Hentai-Gamer.com es el mejor sitio web para 100% juegos hentai gratis. \u00a1As\u00ed que sigue adelante y juega a los juegos flash hentai ahora!<\/li><li><a href=\"https:\/\/sexdollpornhd.com\/\" target=\"_blank\" rel=\"noopener\"><span style=\"color: red;\">Mu\u00f1eca Sexual Porno HD: <\/span><\/a>Comprueba los v\u00eddeos porno de mu\u00f1ecas sexuales en SexDollPornHD.com para que puedas ver a tu mu\u00f1eca del amor en acci\u00f3n antes de comprarla.<\/li><li><a href=\"https:\/\/www.thesafeporn.com\/\" target=\"_blank\" rel=\"noopener\"><span style=\"color: red;\">Porno seguro: <\/span><\/a>en thesafeporn.com encontrar\u00e1s miles de sitios porno, seleccionados por su calidad y seguridad, para cada sitio una rese\u00f1a que te ayudar\u00e1 en tu elecci\u00f3n.<\/li><li><a href=\"https:\/\/allpornsites.net\/\" target=\"_blank\" rel=\"noopener\"><span style=\"color: red;\">Allpornsites.net:<\/span><\/a> En todos los sitios porno, usted encontrar\u00e1 la mayor selecci\u00f3n de sitios porno en el universo que se actualiza regularmente casi todos los d\u00edas con nuevos sitios porno de cualquier nicho.<\/li><li><a href=\"https:\/\/hotpornbible.com\/\" target=\"_blank\" rel=\"noopener\"><span style=\"color: red;\">Lista de sitios porno calientes:<\/span><\/a>\u00a1Hot Porn Bible tiene los sitios porno m\u00e1s calientes del mundo! Tenemos los sitios web xxx para adultos m\u00e1s valorados, gratuitos y premium, en todas las categor\u00edas.<\/li><li><a href=\"https:\/\/www.mrpinks.com\/\" target=\"_blank\" rel=\"noopener\"><span style=\"color: red;\">Rese\u00f1as de porno:<\/span><\/a> Mr. Pink's Porn Reviews es su sitio de revisi\u00f3n de porno de confianza para revisiones honestas de sitios para adultos, porno de descuento y los mejores sitios de porno.<\/li><li><a href=\"https:\/\/richobo.com\/\" target=\"_blank\" rel=\"noopener\"><span style=\"color: red;\">Anuncios clasificados y Gu\u00eda de Escorts | Richobo: <\/span><\/a>Lista de noticias de entretenimiento de anuncios internacionales para adultos Richobo \/ escorts \/ eventos \/ strippers \/ servicios para adultos \/ xguide \/ modelos \/ masajes \/ coches de lujo<\/li><li><a href=\"https:\/\/uncams.com\/\" target=\"_blank\" rel=\"noopener\"><span style=\"color: red;\">C\u00e1maras de la ONU:<\/span><\/a> \u00a1Ver c\u00e1maras en vivo ahora! No es necesario registrarse - 100% Free Uncensored Adult Chat. Empieza a chatear con amateurs, exhibicionistas y estrellas porno con v\u00eddeo y audio de alta definici\u00f3n.<\/li><li><p><a href=\"https:\/\/thebestfetishsites.com\/adult-toy-stores\/\" target=\"_blank\" rel=\"noopener\">Los mejores sitios de juguetes sexuales<\/a> :\u00a0<\/p><\/li><\/ul>\t\t\t\t\t\t\t\t<\/div>\n\t\t\t\t<\/div>\n\t\t\t\t\t<\/div>\n\t\t<\/div>\n\t\t\t\t\t<\/div>\n\t\t<\/section>\n\t\t\t\t<section class=\"elementor-section elementor-top-section elementor-element elementor-element-9b10116 elementor-section-boxed elementor-section-height-default elementor-section-height-default\" data-id=\"9b10116\" data-element_type=\"section\">\n\t\t\t\t\t\t<div class=\"elementor-container elementor-column-gap-default\">\n\t\t\t\t\t<div class=\"elementor-column elementor-col-100 elementor-top-column elementor-element elementor-element-60c82a0\" data-id=\"60c82a0\" data-element_type=\"column\">\n\t\t\t<div class=\"elementor-column-wrap--60c82a0 elementor-widget-wrap elementor-element-populated\">\n\t\t\t\t\t\t<div class=\"elementor-element elementor-element-a13b0eb elementor-widget elementor-widget-spacer\" data-id=\"a13b0eb\" data-element_type=\"widget\" data-widget_type=\"spacer.default\">\n\t\t\t\t<div class=\"elementor-widget-container\">\n\t\t\t\t\t\t\t<div class=\"elementor-spacer\">\n\t\t\t<div class=\"elementor-spacer-inner\"><\/div>\n\t\t<\/div>\n\t\t\t\t\t\t<\/div>\n\t\t\t\t<\/div>\n\t\t\t\t\t<\/div>\n\t\t<\/div>\n\t\t\t\t\t<\/div>\n\t\t<\/section>\n\t\t\t\t<\/div>","protected":false},"excerpt":{"rendered":"<p>More Sex Doll Sites Buy Sex Dolls on Aliexpress Buy Sex Dolls on Amazon If our dolls are not suitable for you, you can find more dolls through some sex doll sites. They will count the most popular sex toy malls on the Internet and make rankings based on user reviews and price factors. You [&hellip;]<\/p>\n","protected":false},"author":3,"featured_media":0,"parent":0,"menu_order":0,"comment_status":"closed","ping_status":"closed","template":"elementor_header_footer","meta":{"footnotes":""},"class_list":["post-579","page","type-page","status-publish","hentry"],"_links":{"self":[{"href":"https:\/\/sexdollxxx.com\/es\/wp-json\/wp\/v2\/pages\/579","targetHints":{"allow":["GET"]}}],"collection":[{"href":"https:\/\/sexdollxxx.com\/es\/wp-json\/wp\/v2\/pages"}],"about":[{"href":"https:\/\/sexdollxxx.com\/es\/wp-json\/wp\/v2\/types\/page"}],"author":[{"embeddable":true,"href":"https:\/\/sexdollxxx.com\/es\/wp-json\/wp\/v2\/users\/3"}],"replies":[{"embeddable":true,"href":"https:\/\/sexdollxxx.com\/es\/wp-json\/wp\/v2\/comments?post=579"}],"version-history":[{"count":0,"href":"https:\/\/sexdollxxx.com\/es\/wp-json\/wp\/v2\/pages\/579\/revisions"}],"wp:attachment":[{"href":"https:\/\/sexdollxxx.com\/es\/wp-json\/wp\/v2\/media?parent=579"}],"curies":[{"name":"wp","href":"https:\/\/api.w.org\/{rel}","templated":true}]}}