{"id":617,"date":"2021-06-01T20:26:08","date_gmt":"2021-06-01T12:26:08","guid":{"rendered":"https:\/\/bluebirds.sslcommerz.org\/?page_id=617"},"modified":"2024-01-03T16:34:57","modified_gmt":"2024-01-03T08:34:57","slug":"sex-doll-affiliate-program","status":"publish","type":"page","link":"https:\/\/sexdollxxx.com\/es\/sex-doll-affiliate-program\/","title":{"rendered":"Programa de afiliados de mu\u00f1ecas sexuales"},"content":{"rendered":"<div data-elementor-type=\"wp-page\" data-elementor-id=\"617\" class=\"elementor elementor-617\" data-elementor-post-type=\"page\">\n\t\t\t\t\t\t<section class=\"elementor-section elementor-top-section elementor-element elementor-element-43ee23e elementor-section-boxed elementor-section-height-default elementor-section-height-default\" data-id=\"43ee23e\" data-element_type=\"section\">\n\t\t\t\t\t\t<div class=\"elementor-container elementor-column-gap-default\">\n\t\t\t\t\t<div class=\"elementor-column elementor-col-100 elementor-top-column elementor-element elementor-element-1adf86a\" data-id=\"1adf86a\" data-element_type=\"column\">\n\t\t\t<div class=\"elementor-column-wrap--1adf86a elementor-widget-wrap elementor-element-populated\">\n\t\t\t\t\t\t<div class=\"elementor-element elementor-element-210f1af elementor-widget elementor-widget-woocommerce-breadcrumb\" data-id=\"210f1af\" data-element_type=\"widget\" data-widget_type=\"woocommerce-breadcrumb.default\">\n\t\t\t\t<div class=\"elementor-widget-container\">\n\t\t\t\t\t<nav class=\"rey-breadcrumbs\"><div class=\"rey-breadcrumbs-item\" data-no-translation=\"\" data-trp-gettext=\"\">Inicio<\/div><\/nav>\t\t\t\t<\/div>\n\t\t\t\t<\/div>\n\t\t\t\t\t<\/div>\n\t\t<\/div>\n\t\t\t\t\t<\/div>\n\t\t<\/section>\n\t\t\t\t<section class=\"elementor-section elementor-top-section elementor-element elementor-element-c228a1a elementor-section-boxed elementor-section-height-default elementor-section-height-default\" data-id=\"c228a1a\" data-element_type=\"section\">\n\t\t\t\t\t\t<div class=\"elementor-container elementor-column-gap-default\">\n\t\t\t\t\t<div class=\"elementor-column elementor-col-100 elementor-top-column elementor-element elementor-element-19a633d\" data-id=\"19a633d\" data-element_type=\"column\">\n\t\t\t<div class=\"elementor-column-wrap--19a633d elementor-widget-wrap elementor-element-populated\">\n\t\t\t\t\t\t<div class=\"elementor-element elementor-element-92458c9 elementor-widget elementor-widget-heading\" data-id=\"92458c9\" data-element_type=\"widget\" data-widget_type=\"heading.default\">\n\t\t\t\t<div class=\"elementor-widget-container\">\n\t\t\t\t\t<h1 class=\"elementor-heading-title elementor-size-default\">Programa de afiliados de mu\u00f1ecas sexuales\n<\/h1>\t\t\t\t<\/div>\n\t\t\t\t<\/div>\n\t\t\t\t\t<\/div>\n\t\t<\/div>\n\t\t\t\t\t<\/div>\n\t\t<\/section>\n\t\t\t\t<section class=\"elementor-section elementor-top-section elementor-element elementor-element-e718e91 elementor-section-boxed elementor-section-height-default elementor-section-height-default\" data-id=\"e718e91\" data-element_type=\"section\">\n\t\t\t\t\t\t<div class=\"elementor-container elementor-column-gap-default\">\n\t\t\t\t\t<div class=\"elementor-column elementor-col-100 elementor-top-column elementor-element elementor-element-298e9dc\" data-id=\"298e9dc\" data-element_type=\"column\">\n\t\t\t<div class=\"elementor-column-wrap--298e9dc elementor-widget-wrap elementor-element-populated\">\n\t\t\t\t\t\t<div class=\"elementor-element elementor-element-65a9015 elementor-widget elementor-widget-spacer\" data-id=\"65a9015\" data-element_type=\"widget\" data-widget_type=\"spacer.default\">\n\t\t\t\t<div class=\"elementor-widget-container\">\n\t\t\t\t\t\t\t<div class=\"elementor-spacer\">\n\t\t\t<div class=\"elementor-spacer-inner\"><\/div>\n\t\t<\/div>\n\t\t\t\t\t\t<\/div>\n\t\t\t\t<\/div>\n\t\t\t\t\t<\/div>\n\t\t<\/div>\n\t\t\t\t\t<\/div>\n\t\t<\/section>\n\t\t\t\t<section class=\"elementor-section elementor-top-section elementor-element elementor-element-25f4ca3 elementor-section-boxed elementor-section-height-default elementor-section-height-default\" data-id=\"25f4ca3\" data-element_type=\"section\">\n\t\t\t\t\t\t<div class=\"elementor-container elementor-column-gap-default\">\n\t\t\t\t\t<div class=\"elementor-column elementor-col-100 elementor-top-column elementor-element elementor-element-b199dec\" data-id=\"b199dec\" data-element_type=\"column\">\n\t\t\t<div class=\"elementor-column-wrap--b199dec elementor-widget-wrap elementor-element-populated\">\n\t\t\t\t\t\t<div class=\"elementor-element elementor-element-0165792 elementor-widget elementor-widget-text-editor\" data-id=\"0165792\" data-element_type=\"widget\" data-widget_type=\"text-editor.default\">\n\t\t\t\t<div class=\"elementor-widget-container\">\n\t\t\t\t\t\t\t\t\t<p>Gracias por su inter\u00e9s en el programa de afiliados de SexDollxxx. Nos gustar\u00eda invitarlo a ser un afiliado y ganar dinero a trav\u00e9s de nuestro programa de afiliados.<br \/>\u00a1Convi\u00e9rtase en parte del programa de afiliados de mu\u00f1ecas sexuales para adultos m\u00e1s grande y reconocido AHORA MISMO!<\/p><p>Cada mes vendemos miles de mu\u00f1ecas sexuales, por lo que ahora estamos agregando canales de marketing de afiliados y esperamos que se una a nosotros para llevar nuestras ventas al siguiente nivel. Espero que tengamos una gran cooperaci\u00f3n en el futuro.<\/p>\t\t\t\t\t\t\t\t<\/div>\n\t\t\t\t<\/div>\n\t\t\t\t\t<\/div>\n\t\t<\/div>\n\t\t\t\t\t<\/div>\n\t\t<\/section>\n\t\t\t\t<section class=\"elementor-section elementor-top-section elementor-element elementor-element-928a69f elementor-section-boxed elementor-section-height-default elementor-section-height-default\" data-id=\"928a69f\" data-element_type=\"section\">\n\t\t\t\t\t\t<div class=\"elementor-container elementor-column-gap-default\">\n\t\t\t\t\t<div class=\"elementor-column elementor-col-100 elementor-top-column elementor-element elementor-element-245c2c7\" data-id=\"245c2c7\" data-element_type=\"column\">\n\t\t\t<div class=\"elementor-column-wrap--245c2c7 elementor-widget-wrap elementor-element-populated\">\n\t\t\t\t\t\t<div class=\"elementor-element elementor-element-f7ed410 elementor-widget elementor-widget-heading\" data-id=\"f7ed410\" data-element_type=\"widget\" data-widget_type=\"heading.default\">\n\t\t\t\t<div class=\"elementor-widget-container\">\n\t\t\t\t\t<h5 class=\"elementor-heading-title elementor-size-default\">Beneficios del programa de afiliados<\/h5>\t\t\t\t<\/div>\n\t\t\t\t<\/div>\n\t\t\t\t<div class=\"elementor-element elementor-element-e558776 elementor-widget elementor-widget-text-editor\" data-id=\"e558776\" data-element_type=\"widget\" data-widget_type=\"text-editor.default\">\n\t\t\t\t<div class=\"elementor-widget-container\">\n\t\t\t\t\t\t\t\t\t<ul><li>Tasa de comisi\u00f3n: 6%<\/li><li>Duraci\u00f3n de las cookies: 30 d\u00edas<\/li><li>Valor promedio del pedido (AOV): $500-1999 (<strong>\u00a1Ganas un promedio de $60 con un solo pedido!<\/strong>)<\/li><li>Pagar :<strong>\u00a0<\/strong>Si tiene una comisi\u00f3n de m\u00e1s de 200 USD, nuestro departamento de finanzas la liquidar\u00e1 una vez.<\/li><li>Bolet\u00edn mensual: para que pueda mantenerse actualizado sobre los \u00faltimos lanzamientos de productos, promociones y m\u00e1s.<\/li><li>Gerente de afiliados interno y soporte: \u00a1nuestro trabajo es cuidar de usted!<\/li><li>Confiable desde el a\u00f1o 2019<\/li><\/ul>\t\t\t\t\t\t\t\t<\/div>\n\t\t\t\t<\/div>\n\t\t\t\t\t<\/div>\n\t\t<\/div>\n\t\t\t\t\t<\/div>\n\t\t<\/section>\n\t\t\t\t<section class=\"elementor-section elementor-top-section elementor-element elementor-element-b17aee8 elementor-section-boxed elementor-section-height-default elementor-section-height-default\" data-id=\"b17aee8\" data-element_type=\"section\">\n\t\t\t\t\t\t<div class=\"elementor-container elementor-column-gap-default\">\n\t\t\t\t\t<div class=\"elementor-column elementor-col-100 elementor-top-column elementor-element elementor-element-c044242\" data-id=\"c044242\" data-element_type=\"column\">\n\t\t\t<div class=\"elementor-column-wrap--c044242 elementor-widget-wrap elementor-element-populated\">\n\t\t\t\t\t\t<div class=\"elementor-element elementor-element-139830c elementor-widget elementor-widget-text-editor\" data-id=\"139830c\" data-element_type=\"widget\" data-widget_type=\"text-editor.default\">\n\t\t\t\t<div class=\"elementor-widget-container\">\n\t\t\t\t\t\t\t\t\t<p><strong>\u00bfCu\u00e1nto puede ganar como socio afiliado de SexDollxxx?<\/strong><\/p><p>Nuestros socios afiliados ganan <em><span style=\"text-decoration: underline;\"><strong>6%<\/strong><\/span><\/em> comisi\u00f3n por cada venta generada por sus referidos. Esta NO es la tasa de comisi\u00f3n m\u00e1s alta ofrecida por esta industria. pero generar\u00e1s m\u00e1s ventas ya que nuestro precio es muy competitivo.<\/p><p>Un ejemplo de comisi\u00f3n:<\/p><p>Nuestra mu\u00f1eca de pecho plano m\u00e1s vendida. <a href=\"https:\/\/sexdollxxx.com\/es\/flat-chested-sex-doll-misaki\/\" data-abc=\"true\">Misaki<\/a> est\u00e1 valorado en $499. Nuestros socios afiliados ganan $29.94 cada vez que una de sus referencias la compra. ($499 X 0,06 = $29,94)<br \/>Como de costumbre, se vender\u00e1n unas 10 mu\u00f1ecas Misaki cada mes. es decir ganar\u00e1s 299.4usd ($29.94 X 10 = $299.4)<\/p>\t\t\t\t\t\t\t\t<\/div>\n\t\t\t\t<\/div>\n\t\t\t\t\t<\/div>\n\t\t<\/div>\n\t\t\t\t\t<\/div>\n\t\t<\/section>\n\t\t\t\t<section class=\"elementor-section elementor-top-section elementor-element elementor-element-accac0b elementor-section-boxed elementor-section-height-default elementor-section-height-default\" data-id=\"accac0b\" data-element_type=\"section\">\n\t\t\t\t\t\t<div class=\"elementor-container elementor-column-gap-default\">\n\t\t\t\t\t<div class=\"elementor-column elementor-col-100 elementor-top-column elementor-element elementor-element-58f881d\" data-id=\"58f881d\" data-element_type=\"column\">\n\t\t\t<div class=\"elementor-column-wrap--58f881d elementor-widget-wrap elementor-element-populated\">\n\t\t\t\t\t\t<div class=\"elementor-element elementor-element-e68a6ba elementor-widget elementor-widget-heading\" data-id=\"e68a6ba\" data-element_type=\"widget\" data-widget_type=\"heading.default\">\n\t\t\t\t<div class=\"elementor-widget-container\">\n\t\t\t\t\t<h5 class=\"elementor-heading-title elementor-size-default\">C\u00f3mo convertirse en socio afiliado<\/h5>\t\t\t\t<\/div>\n\t\t\t\t<\/div>\n\t\t\t\t<div class=\"elementor-element elementor-element-7cb08f1 elementor-widget elementor-widget-text-editor\" data-id=\"7cb08f1\" data-element_type=\"widget\" data-widget_type=\"text-editor.default\">\n\t\t\t\t<div class=\"elementor-widget-container\">\n\t\t\t\t\t\t\t\t\t<p><strong style=\"background-color: var(--body-bg-color); color: var(--body-color); font-family: var(--body-font-family),sans-serif; font-size: 1.125rem;\">P\u00e1gina de inicio del programa de afiliados:<\/strong><\/p><div class=\"elementor-element elementor-element-62e1a98 elementor-widget elementor-widget-wd_text_block\" data-id=\"62e1a98\" data-element_type=\"widget\" data-widget_type=\"wd_text_block.default\"><div class=\"elementor-widget-container\"><div class=\"wd-text-block reset-last-child text-left\"><p class=\"nitro-offscreen\"><a href=\"https:\/\/sexdollxxx.goaffpro.com\/\" target=\"_blank\" rel=\"noopener\">https:\/\/sexdollxxx.goaffpro.com\/<\/a><\/p><p class=\"nitro-offscreen\"><strong>P\u00e1gina de registro:<\/strong><br \/><a href=\"https:\/\/sexdollxxx.goaffpro.com\/create-account\/\" target=\"_blank\" rel=\"noopener\">https:\/\/sexdollxxx.goaffpro.com\/create-account\/<\/a><\/p><p class=\"nitro-offscreen\"><strong>P\u00e1gina de inicio de sesi\u00f3n:<\/strong><br \/><a href=\"https:\/\/sexdollxxx.goaffpro.com\/login\/\" target=\"_blank\" rel=\"noopener\">https:\/\/sexdollxxx.goaffpro.com\/login\/<\/a><\/p><\/div><\/div><\/div><div class=\"elementor-element elementor-element-7dbf6af elementor-widget elementor-widget-wd_text_block\" data-id=\"7dbf6af\" data-element_type=\"widget\" data-widget_type=\"wd_text_block.default\"><div class=\"elementor-widget-container\"><div class=\"wd-text-block reset-last-child text-left\"><p><strong>Nota:<\/strong> No se permiten canales publicitarios pagos como Exoclick, Trafficfactory y TrafficJunky. Los sitios web de directorios de cupones tampoco est\u00e1n permitidos. Si tiene alguna pregunta, no dude en contactarnos en <a href=\"mailto:sales@sexdollxxx.com\">sales@sexdollxxx.com<\/a><\/p><\/div><\/div><\/div>\t\t\t\t\t\t\t\t<\/div>\n\t\t\t\t<\/div>\n\t\t\t\t\t<\/div>\n\t\t<\/div>\n\t\t\t\t\t<\/div>\n\t\t<\/section>\n\t\t\t\t<section class=\"elementor-section elementor-top-section elementor-element elementor-element-01c7f3b elementor-section-boxed elementor-section-height-default elementor-section-height-default\" data-id=\"01c7f3b\" data-element_type=\"section\">\n\t\t\t\t\t\t<div class=\"elementor-container elementor-column-gap-default\">\n\t\t\t\t\t<div class=\"elementor-column elementor-col-100 elementor-top-column elementor-element elementor-element-c598eb9\" data-id=\"c598eb9\" data-element_type=\"column\">\n\t\t\t<div class=\"elementor-column-wrap--c598eb9 elementor-widget-wrap elementor-element-populated\">\n\t\t\t\t\t\t<div class=\"elementor-element elementor-element-bba4079 elementor-widget elementor-widget-heading\" data-id=\"bba4079\" data-element_type=\"widget\" data-widget_type=\"heading.default\">\n\t\t\t\t<div class=\"elementor-widget-container\">\n\t\t\t\t\t<h5 class=\"elementor-heading-title elementor-size-default\">\u00bfComo funciona?<\/h5>\t\t\t\t<\/div>\n\t\t\t\t<\/div>\n\t\t\t\t<div class=\"elementor-element elementor-element-298027d elementor-widget elementor-widget-text-editor\" data-id=\"298027d\" data-element_type=\"widget\" data-widget_type=\"text-editor.default\">\n\t\t\t\t<div class=\"elementor-widget-container\">\n\t\t\t\t\t\t\t\t\t<p>\u2013 Reg\u00edstrese como socio afiliado de SexDollxxx.<br \/>\u2013 Coloque anuncios publicitarios y agregue su URL de afiliado en su sitio web.<br \/>\u2013 Cuando un usuario hace clic en sexdollxxx.com y realiza una compra, autom\u00e1ticamente ganar\u00e1 6% de la venta.<br \/>\u2013 Inicie sesi\u00f3n en su Panel de socios afiliados en cualquier momento para realizar un seguimiento de los clics, las conversiones y las ganancias.<br \/>\u2013 Los pagos se realizar\u00e1n mediante transferencia de Paypal una vez que se haya alcanzado el umbral de $200.00.<\/p>\t\t\t\t\t\t\t\t<\/div>\n\t\t\t\t<\/div>\n\t\t\t\t\t<\/div>\n\t\t<\/div>\n\t\t\t\t\t<\/div>\n\t\t<\/section>\n\t\t\t\t<section class=\"elementor-section elementor-top-section elementor-element elementor-element-89486af elementor-section-boxed elementor-section-height-default elementor-section-height-default\" data-id=\"89486af\" data-element_type=\"section\">\n\t\t\t\t\t\t<div class=\"elementor-container elementor-column-gap-default\">\n\t\t\t\t\t<div class=\"elementor-column elementor-col-100 elementor-top-column elementor-element elementor-element-deae571\" data-id=\"deae571\" data-element_type=\"column\">\n\t\t\t<div class=\"elementor-column-wrap--deae571 elementor-widget-wrap elementor-element-populated\">\n\t\t\t\t\t\t<div class=\"elementor-element elementor-element-30f276c elementor-widget elementor-widget-spacer\" data-id=\"30f276c\" data-element_type=\"widget\" data-widget_type=\"spacer.default\">\n\t\t\t\t<div class=\"elementor-widget-container\">\n\t\t\t\t\t\t\t<div class=\"elementor-spacer\">\n\t\t\t<div class=\"elementor-spacer-inner\"><\/div>\n\t\t<\/div>\n\t\t\t\t\t\t<\/div>\n\t\t\t\t<\/div>\n\t\t\t\t\t<\/div>\n\t\t<\/div>\n\t\t\t\t\t<\/div>\n\t\t<\/section>\n\t\t\t\t<\/div>","protected":false},"excerpt":{"rendered":"<p>Sex Doll Affiliate Program Thank you for your interest in the SexDollxxx Affiliate Program. We would like to invite you to be an affiliate and earn money through our Affiliate program.Become a part of the largest and most renowned Adult Sex Doll Affiliate Program NOW! Every month we are selling thousands of sex dolls, so [&hellip;]<\/p>\n","protected":false},"author":3,"featured_media":0,"parent":0,"menu_order":0,"comment_status":"closed","ping_status":"closed","template":"elementor_header_footer","meta":{"footnotes":""},"class_list":["post-617","page","type-page","status-publish","hentry"],"_links":{"self":[{"href":"https:\/\/sexdollxxx.com\/es\/wp-json\/wp\/v2\/pages\/617","targetHints":{"allow":["GET"]}}],"collection":[{"href":"https:\/\/sexdollxxx.com\/es\/wp-json\/wp\/v2\/pages"}],"about":[{"href":"https:\/\/sexdollxxx.com\/es\/wp-json\/wp\/v2\/types\/page"}],"author":[{"embeddable":true,"href":"https:\/\/sexdollxxx.com\/es\/wp-json\/wp\/v2\/users\/3"}],"replies":[{"embeddable":true,"href":"https:\/\/sexdollxxx.com\/es\/wp-json\/wp\/v2\/comments?post=617"}],"version-history":[{"count":0,"href":"https:\/\/sexdollxxx.com\/es\/wp-json\/wp\/v2\/pages\/617\/revisions"}],"wp:attachment":[{"href":"https:\/\/sexdollxxx.com\/es\/wp-json\/wp\/v2\/media?parent=617"}],"curies":[{"name":"wp","href":"https:\/\/api.w.org\/{rel}","templated":true}]}}