{"id":3047,"date":"2021-06-11T23:40:42","date_gmt":"2021-06-11T23:40:42","guid":{"rendered":"https:\/\/bluebirds.sslcommerz.org\/?post_type=product&#038;p=3047"},"modified":"2025-08-19T01:47:50","modified_gmt":"2025-08-18T17:47:50","slug":"lifelike-torso-doll-gigi","status":"publish","type":"product","link":"https:\/\/sexdollxxx.com\/es\/lifelike-torso-doll-gigi\/","title":{"rendered":"Mu\u00f1eca de torso peque\u00f1o - Gigi"},"content":{"rendered":"<h2>Mu\u00f1eca de torso peque\u00f1o - Gigi<\/h2>\n<p>No todo el mundo quiere un <a href=\"https:\/\/en.wikipedia.org\/wiki\/Sex_doll\" target=\"_blank\" rel=\"noopener\">mu\u00f1eca sexual<\/a> para los efectos personales completos de la misma, y para este grupo de personas, cuanto m\u00e1s ligera y peque\u00f1a sea, mejor. Gracias a un material conocido como TPE, hay mu\u00f1ecas sexuales que pesan hasta 4,4 libras y tambi\u00e9n son peque\u00f1as, con un tama\u00f1o de 11,6 pulgadas.<\/p>\n<p>M\u00e1s all\u00e1 de su ligereza, el TPE cuenta con la ventaja a\u00f1adida de su tacto similar al de la piel, que hace que el sexo con una mu\u00f1eca de torso peque\u00f1o sea lo m\u00e1s parecido posible a la realidad. Esto es con especial \u00e9nfasis en el ano y la vagina, dise\u00f1ado con m\u00faltiples pliegues en ellos para darle la experiencia alucinante de golpear a una mujer real.<\/p>\n<p>Algunas ventajas de la <strong>Mu\u00f1eca de torso realista peque\u00f1a TPE asequible <\/strong>son que es relativamente barato, f\u00e1cil de limpiar y no requiere un gran espacio de almacenamiento.<\/p>\n<p><img fetchpriority=\"high\" decoding=\"async\" class=\"alignnone wp-image-3053 size-full\" src=\"https:\/\/sexdollxxx.com\/wp-content\/uploads\/2021\/06\/torso-sex-doll-measurement.jpg\" alt=\"Mu\u00f1eca Torso\" width=\"1000\" height=\"1000\" title=\"\" srcset=\"https:\/\/sexdollxxx.com\/wp-content\/uploads\/2021\/06\/torso-sex-doll-measurement.jpg 1000w, https:\/\/sexdollxxx.com\/wp-content\/uploads\/2021\/06\/torso-sex-doll-measurement-300x300.jpg 300w, https:\/\/sexdollxxx.com\/wp-content\/uploads\/2021\/06\/torso-sex-doll-measurement-250x250.jpg 250w, https:\/\/sexdollxxx.com\/wp-content\/uploads\/2021\/06\/torso-sex-doll-measurement-600x600.jpg 600w, https:\/\/sexdollxxx.com\/wp-content\/uploads\/2021\/06\/torso-sex-doll-measurement-150x150.jpg 150w, https:\/\/sexdollxxx.com\/wp-content\/uploads\/2021\/06\/torso-sex-doll-measurement-768x768.jpg 768w, https:\/\/sexdollxxx.com\/wp-content\/uploads\/2021\/06\/torso-sex-doll-measurement-100x100.jpg 100w\" sizes=\"(max-width: 1000px) 100vw, 1000px\"><\/p>","protected":false},"excerpt":{"rendered":"<p><span style=\"color: #f73e74;\">Listo para el env\u00edo a Estados Unidos, la UE, Canad\u00e1 y Australia<\/span><\/p>","protected":false},"featured_media":3060,"comment_status":"open","ping_status":"closed","template":"","meta":[],"product_cat":[205,194,189,219,344],"product_tag":[396],"class_list":{"0":"post-3047","1":"product","2":"type-product","3":"status-publish","4":"has-post-thumbnail","6":"product_cat-sex-doll-torso","7":"product_cat-65cm-88cm-sex-doll","8":"product_cat-mini-sex-doll","9":"product_cat-real-sex-dolls","10":"product_cat-tpe-sex-doll","11":"product_tag-65cm","12":"tm-no-options","14":"first","15":"instock","16":"sale","17":"shipping-taxable","18":"purchasable","19":"product-type-simple","swatches":"rey-swatches","show_selected":""},"_links":{"self":[{"href":"https:\/\/sexdollxxx.com\/es\/wp-json\/wp\/v2\/product\/3047","targetHints":{"allow":["GET"]}}],"collection":[{"href":"https:\/\/sexdollxxx.com\/es\/wp-json\/wp\/v2\/product"}],"about":[{"href":"https:\/\/sexdollxxx.com\/es\/wp-json\/wp\/v2\/types\/product"}],"replies":[{"embeddable":true,"href":"https:\/\/sexdollxxx.com\/es\/wp-json\/wp\/v2\/comments?post=3047"}],"wp:featuredmedia":[{"embeddable":true,"href":"https:\/\/sexdollxxx.com\/es\/wp-json\/wp\/v2\/media\/3060"}],"wp:attachment":[{"href":"https:\/\/sexdollxxx.com\/es\/wp-json\/wp\/v2\/media?parent=3047"}],"wp:term":[{"taxonomy":"product_cat","embeddable":true,"href":"https:\/\/sexdollxxx.com\/es\/wp-json\/wp\/v2\/product_cat?post=3047"},{"taxonomy":"product_tag","embeddable":true,"href":"https:\/\/sexdollxxx.com\/es\/wp-json\/wp\/v2\/product_tag?post=3047"}],"curies":[{"name":"wp","href":"https:\/\/api.w.org\/{rel}","templated":true}]}}