{"id":579,"date":"2021-06-01T15:27:36","date_gmt":"2021-06-01T15:27:36","guid":{"rendered":"https:\/\/bluebirds.sslcommerz.org\/?page_id=579"},"modified":"2024-11-16T16:30:14","modified_gmt":"2024-11-16T08:30:14","slug":"more-sex-doll-sites","status":"publish","type":"page","link":"https:\/\/sexdollxxx.com\/et\/more-sex-doll-sites\/","title":{"rendered":"Rohkem seksnukkude saite"},"content":{"rendered":"<div data-elementor-type=\"wp-page\" data-elementor-id=\"579\" class=\"elementor elementor-579\" data-elementor-post-type=\"page\">\n\t\t\t\t\t\t<section class=\"elementor-section elementor-top-section elementor-element elementor-element-6e09150 elementor-section-boxed elementor-section-height-default elementor-section-height-default\" data-id=\"6e09150\" data-element_type=\"section\">\n\t\t\t\t\t\t<div class=\"elementor-container elementor-column-gap-default\">\n\t\t\t\t\t<div class=\"elementor-column elementor-col-100 elementor-top-column elementor-element elementor-element-6bc6109\" data-id=\"6bc6109\" data-element_type=\"column\">\n\t\t\t<div class=\"elementor-column-wrap--6bc6109 elementor-widget-wrap elementor-element-populated\">\n\t\t\t\t\t\t<div class=\"elementor-element elementor-element-84793b0 elementor-widget elementor-widget-woocommerce-breadcrumb\" data-id=\"84793b0\" data-element_type=\"widget\" data-widget_type=\"woocommerce-breadcrumb.default\">\n\t\t\t\t<div class=\"elementor-widget-container\">\n\t\t\t\t\t<nav class=\"rey-breadcrumbs\"><div class=\"rey-breadcrumbs-item\" data-no-translation=\"\" data-trp-gettext=\"\">Kodu<\/div><\/nav>\t\t\t\t<\/div>\n\t\t\t\t<\/div>\n\t\t\t\t\t<\/div>\n\t\t<\/div>\n\t\t\t\t\t<\/div>\n\t\t<\/section>\n\t\t\t\t<section class=\"elementor-section elementor-top-section elementor-element elementor-element-2ff495d elementor-section-boxed elementor-section-height-default elementor-section-height-default\" data-id=\"2ff495d\" data-element_type=\"section\">\n\t\t\t\t\t\t<div class=\"elementor-container elementor-column-gap-default\">\n\t\t\t\t\t<div class=\"elementor-column elementor-col-100 elementor-top-column elementor-element elementor-element-84c644f\" data-id=\"84c644f\" data-element_type=\"column\">\n\t\t\t<div class=\"elementor-column-wrap--84c644f elementor-widget-wrap elementor-element-populated\">\n\t\t\t\t\t\t<div class=\"elementor-element elementor-element-3f36792 elementor-widget elementor-widget-heading\" data-id=\"3f36792\" data-element_type=\"widget\" data-widget_type=\"heading.default\">\n\t\t\t\t<div class=\"elementor-widget-container\">\n\t\t\t\t\t<h1 class=\"elementor-heading-title elementor-size-default\">Rohkem seksnukkude saite<\/h1>\t\t\t\t<\/div>\n\t\t\t\t<\/div>\n\t\t\t\t\t<\/div>\n\t\t<\/div>\n\t\t\t\t\t<\/div>\n\t\t<\/section>\n\t\t\t\t<section class=\"elementor-section elementor-top-section elementor-element elementor-element-0f1ceb6 elementor-section-boxed elementor-section-height-default elementor-section-height-default\" data-id=\"0f1ceb6\" data-element_type=\"section\">\n\t\t\t\t\t\t<div class=\"elementor-container elementor-column-gap-default\">\n\t\t\t\t\t<div class=\"elementor-column elementor-col-50 elementor-top-column elementor-element elementor-element-3f6db41\" data-id=\"3f6db41\" data-element_type=\"column\">\n\t\t\t<div class=\"elementor-column-wrap--3f6db41 elementor-widget-wrap elementor-element-populated\">\n\t\t\t\t\t\t<div class=\"elementor-element elementor-element-fc616c8 elementor-bg-transform elementor-bg-transform-move-up elementor-cta--skin-classic elementor-animated-content elementor-widget elementor-widget-call-to-action\" data-id=\"fc616c8\" data-element_type=\"widget\" data-widget_type=\"call-to-action.default\">\n\t\t\t\t<div class=\"elementor-widget-container\">\n\t\t\t\t\t\t\t<div class=\"elementor-cta\">\n\t\t\t\t\t<div class=\"elementor-cta__bg-wrapper\">\n\t\t\t\t<div class=\"elementor-cta__bg elementor-bg\" style=\"background-image: url(https:\/\/sexdollxxx.com\/wp-content\/uploads\/2021\/06\/buy-sex-doll-on-aliexpress.jpg);\" role=\"img\" aria-label=\"osta-seksinukku-aliexpressist\"><\/div>\n\t\t\t\t<div class=\"elementor-cta__bg-overlay\"><\/div>\n\t\t\t<\/div>\n\t\t\t\t\t\t\t\t<\/div>\n\t\t\t\t\t\t<\/div>\n\t\t\t\t<\/div>\n\t\t\t\t<div class=\"elementor-element elementor-element-8996d36 elementor-widget elementor-widget-text-editor\" data-id=\"8996d36\" data-element_type=\"widget\" data-widget_type=\"text-editor.default\">\n\t\t\t\t<div class=\"elementor-widget-container\">\n\t\t\t\t\t\t\t\t\tOstke Aliexpressist seksinukke\t\t\t\t\t\t\t\t<\/div>\n\t\t\t\t<\/div>\n\t\t\t\t\t<\/div>\n\t\t<\/div>\n\t\t\t\t<div class=\"elementor-column elementor-col-50 elementor-top-column elementor-element elementor-element-52c154c\" data-id=\"52c154c\" data-element_type=\"column\">\n\t\t\t<div class=\"elementor-column-wrap--52c154c elementor-widget-wrap elementor-element-populated\">\n\t\t\t\t\t\t<div class=\"elementor-element elementor-element-e94131b elementor-bg-transform elementor-bg-transform-move-up elementor-cta--skin-classic elementor-animated-content elementor-widget elementor-widget-call-to-action\" data-id=\"e94131b\" data-element_type=\"widget\" data-widget_type=\"call-to-action.default\">\n\t\t\t\t<div class=\"elementor-widget-container\">\n\t\t\t\t\t\t\t<div class=\"elementor-cta\">\n\t\t\t\t\t<div class=\"elementor-cta__bg-wrapper\">\n\t\t\t\t<div class=\"elementor-cta__bg elementor-bg\" style=\"background-image: url(https:\/\/sexdollxxx.com\/wp-content\/uploads\/2021\/06\/buy-sex-doll-on-amazon.jpg);\" role=\"img\" aria-label=\"osta-seks-nukk-amazonis\"><\/div>\n\t\t\t\t<div class=\"elementor-cta__bg-overlay\"><\/div>\n\t\t\t<\/div>\n\t\t\t\t\t\t\t\t<\/div>\n\t\t\t\t\t\t<\/div>\n\t\t\t\t<\/div>\n\t\t\t\t<div class=\"elementor-element elementor-element-22b8323 elementor-widget elementor-widget-text-editor\" data-id=\"22b8323\" data-element_type=\"widget\" data-widget_type=\"text-editor.default\">\n\t\t\t\t<div class=\"elementor-widget-container\">\n\t\t\t\t\t\t\t\t\tOstke Amazonist seksinukke\t\t\t\t\t\t\t\t<\/div>\n\t\t\t\t<\/div>\n\t\t\t\t\t<\/div>\n\t\t<\/div>\n\t\t\t\t\t<\/div>\n\t\t<\/section>\n\t\t\t\t<section class=\"elementor-section elementor-top-section elementor-element elementor-element-f228c90 elementor-section-boxed elementor-section-height-default elementor-section-height-default\" data-id=\"f228c90\" data-element_type=\"section\">\n\t\t\t\t\t\t<div class=\"elementor-container elementor-column-gap-default\">\n\t\t\t\t\t<div class=\"elementor-column elementor-col-100 elementor-top-column elementor-element elementor-element-277bf01\" data-id=\"277bf01\" data-element_type=\"column\">\n\t\t\t<div class=\"elementor-column-wrap--277bf01 elementor-widget-wrap elementor-element-populated\">\n\t\t\t\t\t\t<div class=\"elementor-element elementor-element-10a8e0b elementor-widget elementor-widget-text-editor\" data-id=\"10a8e0b\" data-element_type=\"widget\" data-widget_type=\"text-editor.default\">\n\t\t\t\t<div class=\"elementor-widget-container\">\n\t\t\t\t\t\t\t\t\t<p>Kui meie nukud Sulle ei sobi, leiad rohkem nukke m\u00f5ne seksnukkude saidi kaudu. Nad loendavad Internetis populaarseimad seksim\u00e4nguasjade kaubanduskeskused ning koostavad kasutajate arvustuste ja hinnategurite p\u00f5hjal pingeread. Nende saitide leidmiseks ei pea te rohkem energiat kulutama, pakume j\u00e4rgmisi seksnukkude saite.<\/p>\t\t\t\t\t\t\t\t<\/div>\n\t\t\t\t<\/div>\n\t\t\t\t<div class=\"elementor-element elementor-element-bf413c6 elementor-widget elementor-widget-text-editor\" data-id=\"bf413c6\" data-element_type=\"widget\" data-widget_type=\"text-editor.default\">\n\t\t\t\t<div class=\"elementor-widget-container\">\n\t\t\t\t\t\t\t\t\t<ul><li><a href=\"https:\/\/sndoll.com\/\" target=\"_blank\" rel=\"noopener\"><span style=\"color: red;\">SnDoll:<\/span><\/a> 4500 seksnukk, mis on t\u00e4iuslikult valmistatud TPE-st ja silikoonmaterjalist, oleme k\u00f5ige usaldusv\u00e4\u00e4rsem seksnukkude ettev\u00f5te, kuna pakume oma klientidele kvaliteetseid pehmeid ja turvalisi armastusnukke ja super-TPE seksnukke. Garanteeritud kohaletoimetamine ja tasuta kohaletoimetamine!<\/li><li><a href=\"https:\/\/pornsites.xxx\/\" target=\"_blank\" rel=\"noopener\"><span style=\"color: red;\">Porno saidi \u00fclevaated:<\/span><\/a> Porno saidid on lihtsalt parimate pornosaitide ja seksim\u00e4nguasjade saitide loend. Leidke XXX arvustust ja ausat pingerida populaarseimate sekskaamerate, torude, VR-i ja paljude tasuta saitide kohta!<\/li><li><a href=\"https:\/\/utengrense.com\/\" target=\"_blank\" rel=\"noopener\"><span style=\"color: red;\">Utengrense.com:<\/span><\/a> Meil on Norras oma sekspood Internetis ja oleme huvitatud m\u00fc\u00fcma oma klientidele hea hinnaga kvaliteetseid esemeid, nagu seksm\u00e4nguasjad ja seksikas pesu.<\/li><li><a href=\"https:\/\/www.pincelebs.net\/\" target=\"_blank\" rel=\"noopener\"><span style=\"color: red;\">Kinnitage kuulsused:<\/span><\/a> Alasti, alasti, paljastuge, seksikas ja vaadake l\u00e4bi pilte kuulsustest n\u00e4itlejannadest, lauljatest, modellidest ja telen\u00e4itlejatest<\/li><li><a href=\"https:\/\/www.youpornlist.com\/\" target=\"_blank\" rel=\"noopener\"><span style=\"color: red;\">Youpornlist.com: <\/span><\/a>YouPornList on valik parimatest pornosaitidest kategooriate kaupa. K\u00f5ik kohad on valitud p\u00e4rast meie k\u00e4tet\u00f6\u00f6 ekspertide pikka ja p\u00f5hjalikku anal\u00fc\u00fcsi.<\/li><li><a href=\"https:\/\/www.porninspector.com\/\" target=\"_blank\" rel=\"noopener\"><span style=\"color: red;\">Porninspector.com:<\/span><\/a> Pornoinspektoril on palju porno\u00fclevaateid m\u00f5nede k\u00f5ige lootustandvamate t\u00e4iskasvanutele m\u00f5eldud veebisaitide kohta. Anname alati oma k\u00f5ige ausama ja erapooletu arvamuse. Iga kirjeldus sisaldab arvukalt pilte ja videon\u00e4idiseid, mis on v\u00f5etud otse selle saidi liikme piirkonnast, mis annab teile v\u00f5imaluse n\u00e4ha t\u00e4pselt, mida pakutakse, enne kui otsustate osta!<\/li><li><a href=\"http:\/\/hentai-gamer.com\/\" target=\"_blank\" rel=\"noopener\"><span style=\"color: red;\">Hentai-Gamer:<\/span><\/a> Hentai-Gamer.com on parim veebisait 100% tasuta Hentai m\u00e4ngude jaoks. Nii et m\u00e4ngige n\u00fc\u00fcd hentai flash m\u00e4nge!<\/li><li><a href=\"https:\/\/sexdollpornhd.com\/\" target=\"_blank\" rel=\"noopener\"><span style=\"color: red;\">Sex Doll Porno HD: <\/span><\/a>Vaadake seksnukkude pornovideoid saidil SexDollPornHD.com, et saaksite enne tema ostmist oma armunuku tegevuses n\u00e4ha!<\/li><li><a href=\"https:\/\/www.thesafeporn.com\/\" target=\"_blank\" rel=\"noopener\"><span style=\"color: red;\">Ohutu porno: <\/span><\/a>saidilt thesafeporn.com leiate tuhandeid pornosaite, mis on valitud nende kvaliteedi ja ohutuse j\u00e4rgi, iga saidi kohta \u00fclevaate, mis aitab teid valiku tegemisel.<\/li><li><a href=\"https:\/\/allpornsites.net\/\" target=\"_blank\" rel=\"noopener\"><span style=\"color: red;\">Allpornsites.net:<\/span><\/a> On K\u00f5ik Porno Sites, Leiad The Biggest Selection Of Porn Sites Sisse The Universum Et Gets Regulaarselt V\u00e4rskendatud Peaaegu iga p\u00e4ev Koos Uus Porn Sites Kohta Iga Ni\u0161\u0161.<\/li><li><a href=\"https:\/\/hotpornbible.com\/\" target=\"_blank\" rel=\"noopener\"><span style=\"color: red;\">Kuumate porno saitide loend:<\/span><\/a>Kuumal Porno Piiblil on maailma populaarseimad porno saidid! Meil on igas kategoorias k\u00f5rgeima hinnanguga tasuta ja esmaklassilised t\u00e4iskasvanutele m\u00f5eldud xxx veebisaidid.<\/li><li><a href=\"https:\/\/www.mrpinks.com\/\" target=\"_blank\" rel=\"noopener\"><span style=\"color: red;\">Porno \u00fclevaated:<\/span><\/a> Mr. Pink&#039;s Porn Reviews on teie usaldusv\u00e4\u00e4rne porno\u00fclevaate sait ausate t\u00e4iskasvanutele m\u00f5eldud saitide arvustuste, soodushinnaga porno ja parimate pornosaitide jaoks.<\/li><li><a href=\"https:\/\/richobo.com\/\" target=\"_blank\" rel=\"noopener\"><span style=\"color: red;\">Kuulutused ja saatjate juhend | Richobo: <\/span><\/a>Meelelahutusuudiste rahvusvaheliste t\u00e4iskasvanute kuulutuste loend Richobo \/ saatjad \/ \u00fcritused \/ stripparid \/ t\u00e4iskasvanute teenused \/ xguide \/ mudelid \/ massaa\u017eid \/ luksusautod<\/li><li><a href=\"https:\/\/uncams.com\/\" target=\"_blank\" rel=\"noopener\"><span style=\"color: red;\">\u00dcRO kaamerad:<\/span><\/a> Vaadake otse\u00fclekandeid kohe! Registreerimine pole vajalik \u2013 100% tasuta tsenseerimata t\u00e4iskasvanute vestlus. Alustage vestlust amat\u00f6\u00f6ride, ekshibitsionistide, pornostaaridega HD-video ja heli abil.<\/li><li><p><a href=\"https:\/\/thebestfetishsites.com\/adult-toy-stores\/\" target=\"_blank\" rel=\"noopener\">Populaarseimad seksim\u00e4nguasjade saidid<\/a> :\u00a0<\/p><\/li><\/ul>\t\t\t\t\t\t\t\t<\/div>\n\t\t\t\t<\/div>\n\t\t\t\t\t<\/div>\n\t\t<\/div>\n\t\t\t\t\t<\/div>\n\t\t<\/section>\n\t\t\t\t<section class=\"elementor-section elementor-top-section elementor-element elementor-element-9b10116 elementor-section-boxed elementor-section-height-default elementor-section-height-default\" data-id=\"9b10116\" data-element_type=\"section\">\n\t\t\t\t\t\t<div class=\"elementor-container elementor-column-gap-default\">\n\t\t\t\t\t<div class=\"elementor-column elementor-col-100 elementor-top-column elementor-element elementor-element-60c82a0\" data-id=\"60c82a0\" data-element_type=\"column\">\n\t\t\t<div class=\"elementor-column-wrap--60c82a0 elementor-widget-wrap elementor-element-populated\">\n\t\t\t\t\t\t<div class=\"elementor-element elementor-element-a13b0eb elementor-widget elementor-widget-spacer\" data-id=\"a13b0eb\" data-element_type=\"widget\" data-widget_type=\"spacer.default\">\n\t\t\t\t<div class=\"elementor-widget-container\">\n\t\t\t\t\t\t\t<div class=\"elementor-spacer\">\n\t\t\t<div class=\"elementor-spacer-inner\"><\/div>\n\t\t<\/div>\n\t\t\t\t\t\t<\/div>\n\t\t\t\t<\/div>\n\t\t\t\t\t<\/div>\n\t\t<\/div>\n\t\t\t\t\t<\/div>\n\t\t<\/section>\n\t\t\t\t<\/div>","protected":false},"excerpt":{"rendered":"<p>More Sex Doll Sites Buy Sex Dolls on Aliexpress Buy Sex Dolls on Amazon If our dolls are not suitable for you, you can find more dolls through some sex doll sites. They will count the most popular sex toy malls on the Internet and make rankings based on user reviews and price factors. You [&hellip;]<\/p>\n","protected":false},"author":3,"featured_media":0,"parent":0,"menu_order":0,"comment_status":"closed","ping_status":"closed","template":"elementor_header_footer","meta":{"footnotes":""},"class_list":["post-579","page","type-page","status-publish","hentry"],"_links":{"self":[{"href":"https:\/\/sexdollxxx.com\/et\/wp-json\/wp\/v2\/pages\/579","targetHints":{"allow":["GET"]}}],"collection":[{"href":"https:\/\/sexdollxxx.com\/et\/wp-json\/wp\/v2\/pages"}],"about":[{"href":"https:\/\/sexdollxxx.com\/et\/wp-json\/wp\/v2\/types\/page"}],"author":[{"embeddable":true,"href":"https:\/\/sexdollxxx.com\/et\/wp-json\/wp\/v2\/users\/3"}],"replies":[{"embeddable":true,"href":"https:\/\/sexdollxxx.com\/et\/wp-json\/wp\/v2\/comments?post=579"}],"version-history":[{"count":0,"href":"https:\/\/sexdollxxx.com\/et\/wp-json\/wp\/v2\/pages\/579\/revisions"}],"wp:attachment":[{"href":"https:\/\/sexdollxxx.com\/et\/wp-json\/wp\/v2\/media?parent=579"}],"curies":[{"name":"wp","href":"https:\/\/api.w.org\/{rel}","templated":true}]}}