{"id":617,"date":"2021-06-01T20:26:08","date_gmt":"2021-06-01T12:26:08","guid":{"rendered":"https:\/\/bluebirds.sslcommerz.org\/?page_id=617"},"modified":"2024-01-03T16:34:57","modified_gmt":"2024-01-03T08:34:57","slug":"sex-doll-affiliate-program","status":"publish","type":"page","link":"https:\/\/sexdollxxx.com\/et\/sex-doll-affiliate-program\/","title":{"rendered":"Sex Doll Affiliate Program"},"content":{"rendered":"<div data-elementor-type=\"wp-page\" data-elementor-id=\"617\" class=\"elementor elementor-617\" data-elementor-post-type=\"page\">\n\t\t\t\t\t\t<section class=\"elementor-section elementor-top-section elementor-element elementor-element-43ee23e elementor-section-boxed elementor-section-height-default elementor-section-height-default\" data-id=\"43ee23e\" data-element_type=\"section\">\n\t\t\t\t\t\t<div class=\"elementor-container elementor-column-gap-default\">\n\t\t\t\t\t<div class=\"elementor-column elementor-col-100 elementor-top-column elementor-element elementor-element-1adf86a\" data-id=\"1adf86a\" data-element_type=\"column\">\n\t\t\t<div class=\"elementor-column-wrap--1adf86a elementor-widget-wrap elementor-element-populated\">\n\t\t\t\t\t\t<div class=\"elementor-element elementor-element-210f1af elementor-widget elementor-widget-woocommerce-breadcrumb\" data-id=\"210f1af\" data-element_type=\"widget\" data-widget_type=\"woocommerce-breadcrumb.default\">\n\t\t\t\t<div class=\"elementor-widget-container\">\n\t\t\t\t\t<nav class=\"rey-breadcrumbs\"><div class=\"rey-breadcrumbs-item\" data-no-translation=\"\" data-trp-gettext=\"\">Kodu<\/div><\/nav>\t\t\t\t<\/div>\n\t\t\t\t<\/div>\n\t\t\t\t\t<\/div>\n\t\t<\/div>\n\t\t\t\t\t<\/div>\n\t\t<\/section>\n\t\t\t\t<section class=\"elementor-section elementor-top-section elementor-element elementor-element-c228a1a elementor-section-boxed elementor-section-height-default elementor-section-height-default\" data-id=\"c228a1a\" data-element_type=\"section\">\n\t\t\t\t\t\t<div class=\"elementor-container elementor-column-gap-default\">\n\t\t\t\t\t<div class=\"elementor-column elementor-col-100 elementor-top-column elementor-element elementor-element-19a633d\" data-id=\"19a633d\" data-element_type=\"column\">\n\t\t\t<div class=\"elementor-column-wrap--19a633d elementor-widget-wrap elementor-element-populated\">\n\t\t\t\t\t\t<div class=\"elementor-element elementor-element-92458c9 elementor-widget elementor-widget-heading\" data-id=\"92458c9\" data-element_type=\"widget\" data-widget_type=\"heading.default\">\n\t\t\t\t<div class=\"elementor-widget-container\">\n\t\t\t\t\t<h1 class=\"elementor-heading-title elementor-size-default\">Sex Doll Affiliate Program\n<\/h1>\t\t\t\t<\/div>\n\t\t\t\t<\/div>\n\t\t\t\t\t<\/div>\n\t\t<\/div>\n\t\t\t\t\t<\/div>\n\t\t<\/section>\n\t\t\t\t<section class=\"elementor-section elementor-top-section elementor-element elementor-element-e718e91 elementor-section-boxed elementor-section-height-default elementor-section-height-default\" data-id=\"e718e91\" data-element_type=\"section\">\n\t\t\t\t\t\t<div class=\"elementor-container elementor-column-gap-default\">\n\t\t\t\t\t<div class=\"elementor-column elementor-col-100 elementor-top-column elementor-element elementor-element-298e9dc\" data-id=\"298e9dc\" data-element_type=\"column\">\n\t\t\t<div class=\"elementor-column-wrap--298e9dc elementor-widget-wrap elementor-element-populated\">\n\t\t\t\t\t\t<div class=\"elementor-element elementor-element-65a9015 elementor-widget elementor-widget-spacer\" data-id=\"65a9015\" data-element_type=\"widget\" data-widget_type=\"spacer.default\">\n\t\t\t\t<div class=\"elementor-widget-container\">\n\t\t\t\t\t\t\t<div class=\"elementor-spacer\">\n\t\t\t<div class=\"elementor-spacer-inner\"><\/div>\n\t\t<\/div>\n\t\t\t\t\t\t<\/div>\n\t\t\t\t<\/div>\n\t\t\t\t\t<\/div>\n\t\t<\/div>\n\t\t\t\t\t<\/div>\n\t\t<\/section>\n\t\t\t\t<section class=\"elementor-section elementor-top-section elementor-element elementor-element-25f4ca3 elementor-section-boxed elementor-section-height-default elementor-section-height-default\" data-id=\"25f4ca3\" data-element_type=\"section\">\n\t\t\t\t\t\t<div class=\"elementor-container elementor-column-gap-default\">\n\t\t\t\t\t<div class=\"elementor-column elementor-col-100 elementor-top-column elementor-element elementor-element-b199dec\" data-id=\"b199dec\" data-element_type=\"column\">\n\t\t\t<div class=\"elementor-column-wrap--b199dec elementor-widget-wrap elementor-element-populated\">\n\t\t\t\t\t\t<div class=\"elementor-element elementor-element-0165792 elementor-widget elementor-widget-text-editor\" data-id=\"0165792\" data-element_type=\"widget\" data-widget_type=\"text-editor.default\">\n\t\t\t\t<div class=\"elementor-widget-container\">\n\t\t\t\t\t\t\t\t\t<p>T\u00e4name, et tundsite huvi SexDollxxx sidusprogrammi vastu. Soovime kutsuda teid olema sidusettev\u00f5te ja teenima raha meie sidusprogrammi kaudu.<br \/>Saage osaks suurimast ja tuntuimast t\u00e4iskasvanute seksinukkude sidusprogrammist KOHE!<\/p><p>Iga kuu m\u00fc\u00fcme tuhandeid seksnukke, seega lisame n\u00fc\u00fcd sidusettev\u00f5tte turunduskanaleid ja loodame, et liitute meiega, et viia meie m\u00fc\u00fck j\u00e4rgmisele tasemele. Loodame, et meil on edaspidi suurep\u00e4rane koost\u00f6\u00f6.<\/p>\t\t\t\t\t\t\t\t<\/div>\n\t\t\t\t<\/div>\n\t\t\t\t\t<\/div>\n\t\t<\/div>\n\t\t\t\t\t<\/div>\n\t\t<\/section>\n\t\t\t\t<section class=\"elementor-section elementor-top-section elementor-element elementor-element-928a69f elementor-section-boxed elementor-section-height-default elementor-section-height-default\" data-id=\"928a69f\" data-element_type=\"section\">\n\t\t\t\t\t\t<div class=\"elementor-container elementor-column-gap-default\">\n\t\t\t\t\t<div class=\"elementor-column elementor-col-100 elementor-top-column elementor-element elementor-element-245c2c7\" data-id=\"245c2c7\" data-element_type=\"column\">\n\t\t\t<div class=\"elementor-column-wrap--245c2c7 elementor-widget-wrap elementor-element-populated\">\n\t\t\t\t\t\t<div class=\"elementor-element elementor-element-f7ed410 elementor-widget elementor-widget-heading\" data-id=\"f7ed410\" data-element_type=\"widget\" data-widget_type=\"heading.default\">\n\t\t\t\t<div class=\"elementor-widget-container\">\n\t\t\t\t\t<h5 class=\"elementor-heading-title elementor-size-default\">Sidusprogrammi eelised<\/h5>\t\t\t\t<\/div>\n\t\t\t\t<\/div>\n\t\t\t\t<div class=\"elementor-element elementor-element-e558776 elementor-widget elementor-widget-text-editor\" data-id=\"e558776\" data-element_type=\"widget\" data-widget_type=\"text-editor.default\">\n\t\t\t\t<div class=\"elementor-widget-container\">\n\t\t\t\t\t\t\t\t\t<ul><li>Komisjonitasu: 6%<\/li><li>K\u00fcpsise kestus: 30 p\u00e4eva<\/li><li>Tellimuse keskmine v\u00e4\u00e4rtus (AOV): $500-1999 (<strong>teenite \u00fche tellimusega keskmiselt $60!<\/strong>)<\/li><li>V\u00e4ljamakse:<strong>\u00a0<\/strong>Kui teil on rohkem kui 200 USD vahendustasu, arveldab meie finantsosakond \u00fcks kord.<\/li><li>Igakuine uudiskiri \u2013 et saaksite olla kursis viimaste tooteesitluste, tutvustuste ja muuga!<\/li><li>Sisemine sidusettev\u00f5tte juht ja tugi \u2013 meie \u00fclesanne on teie eest hoolitseda!<\/li><li>Usaldusv\u00e4\u00e4rne alates aastast 2019<\/li><\/ul>\t\t\t\t\t\t\t\t<\/div>\n\t\t\t\t<\/div>\n\t\t\t\t\t<\/div>\n\t\t<\/div>\n\t\t\t\t\t<\/div>\n\t\t<\/section>\n\t\t\t\t<section class=\"elementor-section elementor-top-section elementor-element elementor-element-b17aee8 elementor-section-boxed elementor-section-height-default elementor-section-height-default\" data-id=\"b17aee8\" data-element_type=\"section\">\n\t\t\t\t\t\t<div class=\"elementor-container elementor-column-gap-default\">\n\t\t\t\t\t<div class=\"elementor-column elementor-col-100 elementor-top-column elementor-element elementor-element-c044242\" data-id=\"c044242\" data-element_type=\"column\">\n\t\t\t<div class=\"elementor-column-wrap--c044242 elementor-widget-wrap elementor-element-populated\">\n\t\t\t\t\t\t<div class=\"elementor-element elementor-element-139830c elementor-widget elementor-widget-text-editor\" data-id=\"139830c\" data-element_type=\"widget\" data-widget_type=\"text-editor.default\">\n\t\t\t\t<div class=\"elementor-widget-container\">\n\t\t\t\t\t\t\t\t\t<p><strong>Kui palju saate SexDollxxx siduspartnerina teenida?<\/strong><\/p><p>Meie siduspartnerid teenivad <em><span style=\"text-decoration: underline;\"><strong>6%<\/strong><\/span><\/em> vahendustasu iga m\u00fc\u00fcgi eest, mis on saadud nende viidetest. See EI OLE selle valdkonna k\u00f5rgeim vahendustasu m\u00e4\u00e4r. kuid teenite rohkem m\u00fc\u00fcki, kuna meie hind on v\u00e4ga konkurentsiv\u00f5imeline<\/p><p>Komisjoni n\u00e4ide:<\/p><p>Meie enimm\u00fc\u00fcdud lame rinnakorviga nukk <a href=\"https:\/\/sexdollxxx.com\/et\/flat-chested-sex-doll-misaki\/\" data-abc=\"true\">Misaki<\/a> on v\u00e4\u00e4rtuseks $499. Meie siduspartnerid teenivad $29.94 iga kord, kui \u00fcks nende soovitajatest ta ostab. ($499 X 0,06 = $29,94)<br \/>Nagu tavaliselt, m\u00fc\u00fcakse iga kuu umbes 10 Misaki nukku. see t\u00e4hendab, et teenite 299,4 USD ($29,94 X 10 = $299,4)<\/p>\t\t\t\t\t\t\t\t<\/div>\n\t\t\t\t<\/div>\n\t\t\t\t\t<\/div>\n\t\t<\/div>\n\t\t\t\t\t<\/div>\n\t\t<\/section>\n\t\t\t\t<section class=\"elementor-section elementor-top-section elementor-element elementor-element-accac0b elementor-section-boxed elementor-section-height-default elementor-section-height-default\" data-id=\"accac0b\" data-element_type=\"section\">\n\t\t\t\t\t\t<div class=\"elementor-container elementor-column-gap-default\">\n\t\t\t\t\t<div class=\"elementor-column elementor-col-100 elementor-top-column elementor-element elementor-element-58f881d\" data-id=\"58f881d\" data-element_type=\"column\">\n\t\t\t<div class=\"elementor-column-wrap--58f881d elementor-widget-wrap elementor-element-populated\">\n\t\t\t\t\t\t<div class=\"elementor-element elementor-element-e68a6ba elementor-widget elementor-widget-heading\" data-id=\"e68a6ba\" data-element_type=\"widget\" data-widget_type=\"heading.default\">\n\t\t\t\t<div class=\"elementor-widget-container\">\n\t\t\t\t\t<h5 class=\"elementor-heading-title elementor-size-default\">Kuidas saada siduspartneriks<\/h5>\t\t\t\t<\/div>\n\t\t\t\t<\/div>\n\t\t\t\t<div class=\"elementor-element elementor-element-7cb08f1 elementor-widget elementor-widget-text-editor\" data-id=\"7cb08f1\" data-element_type=\"widget\" data-widget_type=\"text-editor.default\">\n\t\t\t\t<div class=\"elementor-widget-container\">\n\t\t\t\t\t\t\t\t\t<p><strong style=\"background-color: var(--body-bg-color); color: var(--body-color); font-family: var(--body-font-family),sans-serif; font-size: 1.125rem;\">Sidusprogrammi koduleht:<\/strong><\/p><div class=\"elementor-element elementor-element-62e1a98 elementor-widget elementor-widget-wd_text_block\" data-id=\"62e1a98\" data-element_type=\"widget\" data-widget_type=\"wd_text_block.default\"><div class=\"elementor-widget-container\"><div class=\"wd-text-block reset-last-child text-left\"><p class=\"nitro-offscreen\"><a href=\"https:\/\/sexdollxxx.goaffpro.com\/\" target=\"_blank\" rel=\"noopener\">https:\/\/sexdollxxx.goaffpro.com\/<\/a><\/p><p class=\"nitro-offscreen\"><strong>Registreerimisleht:<\/strong><br \/><a href=\"https:\/\/sexdollxxx.goaffpro.com\/create-account\/\" target=\"_blank\" rel=\"noopener\">https:\/\/sexdollxxx.goaffpro.com\/create-account\/<\/a><\/p><p class=\"nitro-offscreen\"><strong>Sisselogimisleht:<\/strong><br \/><a href=\"https:\/\/sexdollxxx.goaffpro.com\/login\/\" target=\"_blank\" rel=\"noopener\">https:\/\/sexdollxxx.goaffpro.com\/login\/<\/a><\/p><\/div><\/div><\/div><div class=\"elementor-element elementor-element-7dbf6af elementor-widget elementor-widget-wd_text_block\" data-id=\"7dbf6af\" data-element_type=\"widget\" data-widget_type=\"wd_text_block.default\"><div class=\"elementor-widget-container\"><div class=\"wd-text-block reset-last-child text-left\"><p><strong>M\u00e4rge:<\/strong> Tasulised reklaamikanalid, nagu Exoclick, Trafficfactory ja TrafficJunky, pole lubatud. Samuti pole lubatud kupongikataloogide veebisaidid. Kui teil on k\u00fcsimusi, v\u00f5tke meiega julgelt \u00fchendust aadressil <a href=\"mailto:sales@sexdollxxx.com\">sales@sexdollxxx.com<\/a><\/p><\/div><\/div><\/div>\t\t\t\t\t\t\t\t<\/div>\n\t\t\t\t<\/div>\n\t\t\t\t\t<\/div>\n\t\t<\/div>\n\t\t\t\t\t<\/div>\n\t\t<\/section>\n\t\t\t\t<section class=\"elementor-section elementor-top-section elementor-element elementor-element-01c7f3b elementor-section-boxed elementor-section-height-default elementor-section-height-default\" data-id=\"01c7f3b\" data-element_type=\"section\">\n\t\t\t\t\t\t<div class=\"elementor-container elementor-column-gap-default\">\n\t\t\t\t\t<div class=\"elementor-column elementor-col-100 elementor-top-column elementor-element elementor-element-c598eb9\" data-id=\"c598eb9\" data-element_type=\"column\">\n\t\t\t<div class=\"elementor-column-wrap--c598eb9 elementor-widget-wrap elementor-element-populated\">\n\t\t\t\t\t\t<div class=\"elementor-element elementor-element-bba4079 elementor-widget elementor-widget-heading\" data-id=\"bba4079\" data-element_type=\"widget\" data-widget_type=\"heading.default\">\n\t\t\t\t<div class=\"elementor-widget-container\">\n\t\t\t\t\t<h5 class=\"elementor-heading-title elementor-size-default\">Kuidas see t\u00f6\u00f6tab?<\/h5>\t\t\t\t<\/div>\n\t\t\t\t<\/div>\n\t\t\t\t<div class=\"elementor-element elementor-element-298027d elementor-widget elementor-widget-text-editor\" data-id=\"298027d\" data-element_type=\"widget\" data-widget_type=\"text-editor.default\">\n\t\t\t\t<div class=\"elementor-widget-container\">\n\t\t\t\t\t\t\t\t\t<p>\u2013 Registreeruge SexDollxxx siduspartneriks.<br \/>\u2013 Asetage b\u00e4nnerreklaamid ja lisage oma veebisaidile sidusettev\u00f5tte URL.<br \/>\u2013 Kui kasutaja klikib saidil sexdollxxx.com ja sooritab ostu, teenite m\u00fc\u00fcgilt automaatselt 6%.<br \/>\u2013 Logige igal ajal sisse oma sidusettev\u00f5tte partnerite paneeli, et j\u00e4lgida klikke, konversioone ja tulusid.<br \/>\u2013 Kui $200.00 l\u00e4vi on saavutatud, tehakse v\u00e4ljamaksed Paypali \u00fclekandega.<\/p>\t\t\t\t\t\t\t\t<\/div>\n\t\t\t\t<\/div>\n\t\t\t\t\t<\/div>\n\t\t<\/div>\n\t\t\t\t\t<\/div>\n\t\t<\/section>\n\t\t\t\t<section class=\"elementor-section elementor-top-section elementor-element elementor-element-89486af elementor-section-boxed elementor-section-height-default elementor-section-height-default\" data-id=\"89486af\" data-element_type=\"section\">\n\t\t\t\t\t\t<div class=\"elementor-container elementor-column-gap-default\">\n\t\t\t\t\t<div class=\"elementor-column elementor-col-100 elementor-top-column elementor-element elementor-element-deae571\" data-id=\"deae571\" data-element_type=\"column\">\n\t\t\t<div class=\"elementor-column-wrap--deae571 elementor-widget-wrap elementor-element-populated\">\n\t\t\t\t\t\t<div class=\"elementor-element elementor-element-30f276c elementor-widget elementor-widget-spacer\" data-id=\"30f276c\" data-element_type=\"widget\" data-widget_type=\"spacer.default\">\n\t\t\t\t<div class=\"elementor-widget-container\">\n\t\t\t\t\t\t\t<div class=\"elementor-spacer\">\n\t\t\t<div class=\"elementor-spacer-inner\"><\/div>\n\t\t<\/div>\n\t\t\t\t\t\t<\/div>\n\t\t\t\t<\/div>\n\t\t\t\t\t<\/div>\n\t\t<\/div>\n\t\t\t\t\t<\/div>\n\t\t<\/section>\n\t\t\t\t<\/div>","protected":false},"excerpt":{"rendered":"<p>Sex Doll Affiliate Program Thank you for your interest in the SexDollxxx Affiliate Program. We would like to invite you to be an affiliate and earn money through our Affiliate program.Become a part of the largest and most renowned Adult Sex Doll Affiliate Program NOW! Every month we are selling thousands of sex dolls, so [&hellip;]<\/p>\n","protected":false},"author":3,"featured_media":0,"parent":0,"menu_order":0,"comment_status":"closed","ping_status":"closed","template":"elementor_header_footer","meta":{"footnotes":""},"class_list":["post-617","page","type-page","status-publish","hentry"],"_links":{"self":[{"href":"https:\/\/sexdollxxx.com\/et\/wp-json\/wp\/v2\/pages\/617","targetHints":{"allow":["GET"]}}],"collection":[{"href":"https:\/\/sexdollxxx.com\/et\/wp-json\/wp\/v2\/pages"}],"about":[{"href":"https:\/\/sexdollxxx.com\/et\/wp-json\/wp\/v2\/types\/page"}],"author":[{"embeddable":true,"href":"https:\/\/sexdollxxx.com\/et\/wp-json\/wp\/v2\/users\/3"}],"replies":[{"embeddable":true,"href":"https:\/\/sexdollxxx.com\/et\/wp-json\/wp\/v2\/comments?post=617"}],"version-history":[{"count":0,"href":"https:\/\/sexdollxxx.com\/et\/wp-json\/wp\/v2\/pages\/617\/revisions"}],"wp:attachment":[{"href":"https:\/\/sexdollxxx.com\/et\/wp-json\/wp\/v2\/media?parent=617"}],"curies":[{"name":"wp","href":"https:\/\/api.w.org\/{rel}","templated":true}]}}