{"id":3030,"date":"2021-06-11T23:38:50","date_gmt":"2021-06-11T23:38:50","guid":{"rendered":"https:\/\/bluebirds.sslcommerz.org\/?post_type=product&#038;p=3030"},"modified":"2025-08-19T01:45:09","modified_gmt":"2025-08-18T17:45:09","slug":"real-love-doll-torso-ava","status":"publish","type":"product","link":"https:\/\/sexdollxxx.com\/et\/real-love-doll-torso-ava\/","title":{"rendered":"T\u00f5eline armastusnuku torso \u2013 Ava"},"content":{"rendered":"<h2>Kuum t\u00f5eline armastusnuku torso<\/h2>\n<p>T\u00f5eline perse, t\u00f5eline kiisu; Need on asjad, mida masturbaator sulle kunagi anda ei saa ja seep\u00e4rast kaotab ta inimeste seas kiiresti populaarsust. Samuti ei saa iga\u00fcks omada a <a href=\"\/et\/\">seksinukk<\/a>, seega on meie kuskil nende kahe vahel\u00a0<a href=\"https:\/\/en.wikipedia.org\/wiki\/Thermoplastic_elastomer\" target=\"_blank\" rel=\"noopener\">tpe<\/a> t\u00f5elise armastuse nuku torso. See on palju parem alternatiiv masturbaatoritele ja annab teile piisavalt l\u00e4hedasema naise kuradi tunde. Kiisule p\u00e4\u00e4seb ligi ka eest v\u00f5i tagant.<\/p>\n<p>Kui olete plaaninud oma masturbaatorist loobuda, siis siin on teie v\u00f5imalus. Esitage tellimus kohe ja toimetage see teile koju vaid m\u00f5ne p\u00e4evaga ilma lisatasudeta.<\/p>\n<p><img fetchpriority=\"high\" decoding=\"async\" class=\"alignnone wp-image-3035 size-full\" src=\"https:\/\/sexdollxxx.com\/wp-content\/uploads\/2021\/06\/ass-sex-doll-torso-measurement.jpg\" alt=\"Armastan Doll Torsot\" width=\"1000\" height=\"1000\" title=\"\" srcset=\"https:\/\/sexdollxxx.com\/wp-content\/uploads\/2021\/06\/ass-sex-doll-torso-measurement.jpg 1000w, https:\/\/sexdollxxx.com\/wp-content\/uploads\/2021\/06\/ass-sex-doll-torso-measurement-300x300.jpg 300w, https:\/\/sexdollxxx.com\/wp-content\/uploads\/2021\/06\/ass-sex-doll-torso-measurement-250x250.jpg 250w, https:\/\/sexdollxxx.com\/wp-content\/uploads\/2021\/06\/ass-sex-doll-torso-measurement-600x600.jpg 600w, https:\/\/sexdollxxx.com\/wp-content\/uploads\/2021\/06\/ass-sex-doll-torso-measurement-150x150.jpg 150w, https:\/\/sexdollxxx.com\/wp-content\/uploads\/2021\/06\/ass-sex-doll-torso-measurement-768x768.jpg 768w, https:\/\/sexdollxxx.com\/wp-content\/uploads\/2021\/06\/ass-sex-doll-torso-measurement-100x100.jpg 100w\" sizes=\"(max-width: 1000px) 100vw, 1000px\"><\/p>","protected":false},"excerpt":{"rendered":"<p><span style=\"color: #f73e74;\">Valmis saatmiseks USA-sse, EL-i, Kanadasse ja Austraaliasse<\/span><\/p>","protected":false},"featured_media":3045,"comment_status":"open","ping_status":"closed","template":"","meta":[],"product_cat":[205,194,189,219,344],"product_tag":[396],"class_list":{"0":"post-3030","1":"product","2":"type-product","3":"status-publish","4":"has-post-thumbnail","6":"product_cat-sex-doll-torso","7":"product_cat-65cm-88cm-sex-doll","8":"product_cat-mini-sex-doll","9":"product_cat-real-sex-dolls","10":"product_cat-tpe-sex-doll","11":"product_tag-65cm","12":"tm-no-options","14":"first","15":"instock","16":"sale","17":"shipping-taxable","18":"purchasable","19":"product-type-simple","swatches":"rey-swatches","show_selected":""},"_links":{"self":[{"href":"https:\/\/sexdollxxx.com\/et\/wp-json\/wp\/v2\/product\/3030","targetHints":{"allow":["GET"]}}],"collection":[{"href":"https:\/\/sexdollxxx.com\/et\/wp-json\/wp\/v2\/product"}],"about":[{"href":"https:\/\/sexdollxxx.com\/et\/wp-json\/wp\/v2\/types\/product"}],"replies":[{"embeddable":true,"href":"https:\/\/sexdollxxx.com\/et\/wp-json\/wp\/v2\/comments?post=3030"}],"wp:featuredmedia":[{"embeddable":true,"href":"https:\/\/sexdollxxx.com\/et\/wp-json\/wp\/v2\/media\/3045"}],"wp:attachment":[{"href":"https:\/\/sexdollxxx.com\/et\/wp-json\/wp\/v2\/media?parent=3030"}],"wp:term":[{"taxonomy":"product_cat","embeddable":true,"href":"https:\/\/sexdollxxx.com\/et\/wp-json\/wp\/v2\/product_cat?post=3030"},{"taxonomy":"product_tag","embeddable":true,"href":"https:\/\/sexdollxxx.com\/et\/wp-json\/wp\/v2\/product_tag?post=3030"}],"curies":[{"name":"wp","href":"https:\/\/api.w.org\/{rel}","templated":true}]}}