{"id":3076,"date":"2021-06-11T23:48:09","date_gmt":"2021-06-11T23:48:09","guid":{"rendered":"https:\/\/bluebirds.sslcommerz.org\/?post_type=product&#038;p=3076"},"modified":"2025-08-19T02:15:29","modified_gmt":"2025-08-18T18:15:29","slug":"ass-sex-doll-torso-aiko","status":"publish","type":"product","link":"https:\/\/sexdollxxx.com\/et\/ass-sex-doll-torso-aiko\/","title":{"rendered":"Mini Ass Sex Doll Torso \u2013 Aiko"},"content":{"rendered":"<h2>Mini Ass Sex Doll Torso \u2013 Aiko<\/h2>\n<p>See <strong>silikoonist Mini Ass Sex Doll Torso v\u00f5rgus<\/strong> kaalub vaid 4,4 naela ja on piisavalt kerge, et saaksite ka kaasas kanda ja m\u00e4ngida. See on valmistatud TPE-st, seega on see elastne ega p\u00f5hjusta kasutamise ajal vigastusi ega k\u00f5rvaltoimeid. See on p\u00f5hjus, miks tema perse tundub pehme ja realistlik nagu inimese perse. Vagiina sisemus on t\u00e4iesti s\u00fcrreaalne ja j\u00e4ljendab keerukalt t\u00f5elise naise struktuuri kortse. Anus on valmistatud sama suure kontsentratsiooniga, et pakkuda teile maksimaalset naudingut.<\/p>\n<p>Saate osta <strong>TPE realistlik mini seksnuku torso<\/strong> ja selle saab teile kohale toimetada paari p\u00e4evaga ning me ei avalda paki sisu.<\/p>\n<p><img fetchpriority=\"high\" decoding=\"async\" class=\"alignnone wp-image-3086 size-full\" src=\"https:\/\/sexdollxxx.com\/wp-content\/uploads\/2021\/06\/Mini-Ass-Torso-Sex-Doll-Size.jpg\" alt=\"Mini Ass Sex Doll Torso\" width=\"1000\" height=\"1000\" title=\"\" srcset=\"https:\/\/sexdollxxx.com\/wp-content\/uploads\/2021\/06\/Mini-Ass-Torso-Sex-Doll-Size.jpg 1000w, https:\/\/sexdollxxx.com\/wp-content\/uploads\/2021\/06\/Mini-Ass-Torso-Sex-Doll-Size-300x300.jpg 300w, https:\/\/sexdollxxx.com\/wp-content\/uploads\/2021\/06\/Mini-Ass-Torso-Sex-Doll-Size-250x250.jpg 250w, https:\/\/sexdollxxx.com\/wp-content\/uploads\/2021\/06\/Mini-Ass-Torso-Sex-Doll-Size-600x600.jpg 600w, https:\/\/sexdollxxx.com\/wp-content\/uploads\/2021\/06\/Mini-Ass-Torso-Sex-Doll-Size-150x150.jpg 150w, https:\/\/sexdollxxx.com\/wp-content\/uploads\/2021\/06\/Mini-Ass-Torso-Sex-Doll-Size-768x768.jpg 768w, https:\/\/sexdollxxx.com\/wp-content\/uploads\/2021\/06\/Mini-Ass-Torso-Sex-Doll-Size-100x100.jpg 100w\" sizes=\"(max-width: 1000px) 100vw, 1000px\"><\/p>","protected":false},"excerpt":{"rendered":"<p><span style=\"color: #f73e74;\">Valmis saatmiseks USA-sse, EL-i, Kanadasse ja Austraaliasse<\/span><\/p>","protected":false},"featured_media":3077,"comment_status":"open","ping_status":"closed","template":"","meta":[],"product_cat":[205,194,189,219,344],"product_tag":[396],"class_list":{"0":"post-3076","1":"product","2":"type-product","3":"status-publish","4":"has-post-thumbnail","6":"product_cat-sex-doll-torso","7":"product_cat-65cm-88cm-sex-doll","8":"product_cat-mini-sex-doll","9":"product_cat-real-sex-dolls","10":"product_cat-tpe-sex-doll","11":"product_tag-65cm","12":"tm-no-options","14":"first","15":"instock","16":"sale","17":"shipping-taxable","18":"purchasable","19":"product-type-simple","swatches":"rey-swatches","show_selected":""},"_links":{"self":[{"href":"https:\/\/sexdollxxx.com\/et\/wp-json\/wp\/v2\/product\/3076","targetHints":{"allow":["GET"]}}],"collection":[{"href":"https:\/\/sexdollxxx.com\/et\/wp-json\/wp\/v2\/product"}],"about":[{"href":"https:\/\/sexdollxxx.com\/et\/wp-json\/wp\/v2\/types\/product"}],"replies":[{"embeddable":true,"href":"https:\/\/sexdollxxx.com\/et\/wp-json\/wp\/v2\/comments?post=3076"}],"wp:featuredmedia":[{"embeddable":true,"href":"https:\/\/sexdollxxx.com\/et\/wp-json\/wp\/v2\/media\/3077"}],"wp:attachment":[{"href":"https:\/\/sexdollxxx.com\/et\/wp-json\/wp\/v2\/media?parent=3076"}],"wp:term":[{"taxonomy":"product_cat","embeddable":true,"href":"https:\/\/sexdollxxx.com\/et\/wp-json\/wp\/v2\/product_cat?post=3076"},{"taxonomy":"product_tag","embeddable":true,"href":"https:\/\/sexdollxxx.com\/et\/wp-json\/wp\/v2\/product_tag?post=3076"}],"curies":[{"name":"wp","href":"https:\/\/api.w.org\/{rel}","templated":true}]}}