{"id":617,"date":"2021-06-01T20:26:08","date_gmt":"2021-06-01T12:26:08","guid":{"rendered":"https:\/\/bluebirds.sslcommerz.org\/?page_id=617"},"modified":"2024-01-03T16:34:57","modified_gmt":"2024-01-03T08:34:57","slug":"sex-doll-affiliate-program","status":"publish","type":"page","link":"https:\/\/sexdollxxx.com\/fi\/sex-doll-affiliate-program\/","title":{"rendered":"Sex Doll -kumppaniohjelma"},"content":{"rendered":"<div data-elementor-type=\"wp-page\" data-elementor-id=\"617\" class=\"elementor elementor-617\" data-elementor-post-type=\"page\">\n\t\t\t\t\t\t<section class=\"elementor-section elementor-top-section elementor-element elementor-element-43ee23e elementor-section-boxed elementor-section-height-default elementor-section-height-default\" data-id=\"43ee23e\" data-element_type=\"section\">\n\t\t\t\t\t\t<div class=\"elementor-container elementor-column-gap-default\">\n\t\t\t\t\t<div class=\"elementor-column elementor-col-100 elementor-top-column elementor-element elementor-element-1adf86a\" data-id=\"1adf86a\" data-element_type=\"column\">\n\t\t\t<div class=\"elementor-column-wrap--1adf86a elementor-widget-wrap elementor-element-populated\">\n\t\t\t\t\t\t<div class=\"elementor-element elementor-element-210f1af elementor-widget elementor-widget-woocommerce-breadcrumb\" data-id=\"210f1af\" data-element_type=\"widget\" data-widget_type=\"woocommerce-breadcrumb.default\">\n\t\t\t\t<div class=\"elementor-widget-container\">\n\t\t\t\t\t<nav class=\"rey-breadcrumbs\"><div class=\"rey-breadcrumbs-item\" data-no-translation=\"\" data-trp-gettext=\"\">Koti<\/div><\/nav>\t\t\t\t<\/div>\n\t\t\t\t<\/div>\n\t\t\t\t\t<\/div>\n\t\t<\/div>\n\t\t\t\t\t<\/div>\n\t\t<\/section>\n\t\t\t\t<section class=\"elementor-section elementor-top-section elementor-element elementor-element-c228a1a elementor-section-boxed elementor-section-height-default elementor-section-height-default\" data-id=\"c228a1a\" data-element_type=\"section\">\n\t\t\t\t\t\t<div class=\"elementor-container elementor-column-gap-default\">\n\t\t\t\t\t<div class=\"elementor-column elementor-col-100 elementor-top-column elementor-element elementor-element-19a633d\" data-id=\"19a633d\" data-element_type=\"column\">\n\t\t\t<div class=\"elementor-column-wrap--19a633d elementor-widget-wrap elementor-element-populated\">\n\t\t\t\t\t\t<div class=\"elementor-element elementor-element-92458c9 elementor-widget elementor-widget-heading\" data-id=\"92458c9\" data-element_type=\"widget\" data-widget_type=\"heading.default\">\n\t\t\t\t<div class=\"elementor-widget-container\">\n\t\t\t\t\t<h1 class=\"elementor-heading-title elementor-size-default\">Sex Doll -kumppaniohjelma\n<\/h1>\t\t\t\t<\/div>\n\t\t\t\t<\/div>\n\t\t\t\t\t<\/div>\n\t\t<\/div>\n\t\t\t\t\t<\/div>\n\t\t<\/section>\n\t\t\t\t<section class=\"elementor-section elementor-top-section elementor-element elementor-element-e718e91 elementor-section-boxed elementor-section-height-default elementor-section-height-default\" data-id=\"e718e91\" data-element_type=\"section\">\n\t\t\t\t\t\t<div class=\"elementor-container elementor-column-gap-default\">\n\t\t\t\t\t<div class=\"elementor-column elementor-col-100 elementor-top-column elementor-element elementor-element-298e9dc\" data-id=\"298e9dc\" data-element_type=\"column\">\n\t\t\t<div class=\"elementor-column-wrap--298e9dc elementor-widget-wrap elementor-element-populated\">\n\t\t\t\t\t\t<div class=\"elementor-element elementor-element-65a9015 elementor-widget elementor-widget-spacer\" data-id=\"65a9015\" data-element_type=\"widget\" data-widget_type=\"spacer.default\">\n\t\t\t\t<div class=\"elementor-widget-container\">\n\t\t\t\t\t\t\t<div class=\"elementor-spacer\">\n\t\t\t<div class=\"elementor-spacer-inner\"><\/div>\n\t\t<\/div>\n\t\t\t\t\t\t<\/div>\n\t\t\t\t<\/div>\n\t\t\t\t\t<\/div>\n\t\t<\/div>\n\t\t\t\t\t<\/div>\n\t\t<\/section>\n\t\t\t\t<section class=\"elementor-section elementor-top-section elementor-element elementor-element-25f4ca3 elementor-section-boxed elementor-section-height-default elementor-section-height-default\" data-id=\"25f4ca3\" data-element_type=\"section\">\n\t\t\t\t\t\t<div class=\"elementor-container elementor-column-gap-default\">\n\t\t\t\t\t<div class=\"elementor-column elementor-col-100 elementor-top-column elementor-element elementor-element-b199dec\" data-id=\"b199dec\" data-element_type=\"column\">\n\t\t\t<div class=\"elementor-column-wrap--b199dec elementor-widget-wrap elementor-element-populated\">\n\t\t\t\t\t\t<div class=\"elementor-element elementor-element-0165792 elementor-widget elementor-widget-text-editor\" data-id=\"0165792\" data-element_type=\"widget\" data-widget_type=\"text-editor.default\">\n\t\t\t\t<div class=\"elementor-widget-container\">\n\t\t\t\t\t\t\t\t\t<p>Kiitos mielenkiinnostasi SexDollxxx-kumppanuusohjelmaa kohtaan. Haluamme kutsua sinut kumppaniksi ja ansaita rahaa kumppaniohjelmamme kautta.<br \/>Liity osaksi suurinta ja tunnetuinta Adult Sex Doll Affiliate -ohjelmaa NYT!<\/p><p>Joka kuukausi myymme tuhansia seksinukkeja, joten nyt lis\u00e4\u00e4mme affiliate-markkinointikanavia ja toivomme, ett\u00e4 tulet mukaan nostamaan myyntimme uudelle tasolle. Toivottavasti meill\u00e4 on hyv\u00e4 yhteisty\u00f6 jatkossakin.<\/p>\t\t\t\t\t\t\t\t<\/div>\n\t\t\t\t<\/div>\n\t\t\t\t\t<\/div>\n\t\t<\/div>\n\t\t\t\t\t<\/div>\n\t\t<\/section>\n\t\t\t\t<section class=\"elementor-section elementor-top-section elementor-element elementor-element-928a69f elementor-section-boxed elementor-section-height-default elementor-section-height-default\" data-id=\"928a69f\" data-element_type=\"section\">\n\t\t\t\t\t\t<div class=\"elementor-container elementor-column-gap-default\">\n\t\t\t\t\t<div class=\"elementor-column elementor-col-100 elementor-top-column elementor-element elementor-element-245c2c7\" data-id=\"245c2c7\" data-element_type=\"column\">\n\t\t\t<div class=\"elementor-column-wrap--245c2c7 elementor-widget-wrap elementor-element-populated\">\n\t\t\t\t\t\t<div class=\"elementor-element elementor-element-f7ed410 elementor-widget elementor-widget-heading\" data-id=\"f7ed410\" data-element_type=\"widget\" data-widget_type=\"heading.default\">\n\t\t\t\t<div class=\"elementor-widget-container\">\n\t\t\t\t\t<h5 class=\"elementor-heading-title elementor-size-default\">Kumppanuusohjelman edut<\/h5>\t\t\t\t<\/div>\n\t\t\t\t<\/div>\n\t\t\t\t<div class=\"elementor-element elementor-element-e558776 elementor-widget elementor-widget-text-editor\" data-id=\"e558776\" data-element_type=\"widget\" data-widget_type=\"text-editor.default\">\n\t\t\t\t<div class=\"elementor-widget-container\">\n\t\t\t\t\t\t\t\t\t<ul><li>V\u00e4lityspalkkio: 6%<\/li><li>Ev\u00e4steen kesto: 30 p\u00e4iv\u00e4\u00e4<\/li><li>Keskim\u00e4\u00e4r\u00e4inen tilauksen arvo (AOV): $500-1999 (<strong>ansaitset keskim\u00e4\u00e4rin $60 yhdell\u00e4 tilauksella!<\/strong>)<\/li><li>Maksu:<strong>\u00a0<\/strong>Jos sinulla on yli 200 USD provisiota, talousosastomme ratkaisee kerran.<\/li><li>Kuukausittainen uutiskirje \u2013 jotta pysyt ajan tasalla uusimmista tuotelanseerauksista, kampanjoista ja muusta!<\/li><li>Sis\u00e4inen affiliate manager ja tuki \u2013 meid\u00e4n teht\u00e4v\u00e4mme on pit\u00e4\u00e4 sinusta huolta!<\/li><li>Luotettu vuodesta 2019<\/li><\/ul>\t\t\t\t\t\t\t\t<\/div>\n\t\t\t\t<\/div>\n\t\t\t\t\t<\/div>\n\t\t<\/div>\n\t\t\t\t\t<\/div>\n\t\t<\/section>\n\t\t\t\t<section class=\"elementor-section elementor-top-section elementor-element elementor-element-b17aee8 elementor-section-boxed elementor-section-height-default elementor-section-height-default\" data-id=\"b17aee8\" data-element_type=\"section\">\n\t\t\t\t\t\t<div class=\"elementor-container elementor-column-gap-default\">\n\t\t\t\t\t<div class=\"elementor-column elementor-col-100 elementor-top-column elementor-element elementor-element-c044242\" data-id=\"c044242\" data-element_type=\"column\">\n\t\t\t<div class=\"elementor-column-wrap--c044242 elementor-widget-wrap elementor-element-populated\">\n\t\t\t\t\t\t<div class=\"elementor-element elementor-element-139830c elementor-widget elementor-widget-text-editor\" data-id=\"139830c\" data-element_type=\"widget\" data-widget_type=\"text-editor.default\">\n\t\t\t\t<div class=\"elementor-widget-container\">\n\t\t\t\t\t\t\t\t\t<p><strong>Kuinka paljon voit ansaita SexDollxxx-kumppanina?<\/strong><\/p><p>Yhteisty\u00f6kumppanimme tienaavat <em><span style=\"text-decoration: underline;\"><strong>6%<\/strong><\/span><\/em> provisio jokaisesta heid\u00e4n viittauksensa tuottamasta myynnist\u00e4. T\u00e4m\u00e4 EI ole t\u00e4m\u00e4n alan korkein palkkioprosentti. mutta tuot lis\u00e4\u00e4 myynti\u00e4, koska hintamme on eritt\u00e4in kilpailukykyinen<\/p><p>Esimerkki komissiosta:<\/p><p>Myydyin litte\u00e4 rintanukkemme <a href=\"https:\/\/sexdollxxx.com\/fi\/flat-chested-sex-doll-misaki\/\" data-abc=\"true\">Misaki<\/a> sen arvo on $499. Yhteisty\u00f6kumppanimme ansaitsevat $29,94 aina, kun joku heid\u00e4n suosittelijoistaan ostaa h\u00e4net. ($499 X 0,06 = $29,94)<br \/>tuttuun tapaan noin 10 Misaki-nukkea myyd\u00e4\u00e4n joka kuukausi. eli ansaitset 299,4 USD ($29.94 X 10 = $299.4)<\/p>\t\t\t\t\t\t\t\t<\/div>\n\t\t\t\t<\/div>\n\t\t\t\t\t<\/div>\n\t\t<\/div>\n\t\t\t\t\t<\/div>\n\t\t<\/section>\n\t\t\t\t<section class=\"elementor-section elementor-top-section elementor-element elementor-element-accac0b elementor-section-boxed elementor-section-height-default elementor-section-height-default\" data-id=\"accac0b\" data-element_type=\"section\">\n\t\t\t\t\t\t<div class=\"elementor-container elementor-column-gap-default\">\n\t\t\t\t\t<div class=\"elementor-column elementor-col-100 elementor-top-column elementor-element elementor-element-58f881d\" data-id=\"58f881d\" data-element_type=\"column\">\n\t\t\t<div class=\"elementor-column-wrap--58f881d elementor-widget-wrap elementor-element-populated\">\n\t\t\t\t\t\t<div class=\"elementor-element elementor-element-e68a6ba elementor-widget elementor-widget-heading\" data-id=\"e68a6ba\" data-element_type=\"widget\" data-widget_type=\"heading.default\">\n\t\t\t\t<div class=\"elementor-widget-container\">\n\t\t\t\t\t<h5 class=\"elementor-heading-title elementor-size-default\">Kuinka tulla kumppaniksi<\/h5>\t\t\t\t<\/div>\n\t\t\t\t<\/div>\n\t\t\t\t<div class=\"elementor-element elementor-element-7cb08f1 elementor-widget elementor-widget-text-editor\" data-id=\"7cb08f1\" data-element_type=\"widget\" data-widget_type=\"text-editor.default\">\n\t\t\t\t<div class=\"elementor-widget-container\">\n\t\t\t\t\t\t\t\t\t<p><strong style=\"background-color: var(--body-bg-color); color: var(--body-color); font-family: var(--body-font-family),sans-serif; font-size: 1.125rem;\">Yhteisty\u00f6ohjelman kotisivu:<\/strong><\/p><div class=\"elementor-element elementor-element-62e1a98 elementor-widget elementor-widget-wd_text_block\" data-id=\"62e1a98\" data-element_type=\"widget\" data-widget_type=\"wd_text_block.default\"><div class=\"elementor-widget-container\"><div class=\"wd-text-block reset-last-child text-left\"><p class=\"nitro-offscreen\"><a href=\"https:\/\/sexdollxxx.goaffpro.com\/\" target=\"_blank\" rel=\"noopener\">https:\/\/sexdollxxx.goaffpro.com\/<\/a><\/p><p class=\"nitro-offscreen\"><strong>Rekister\u00f6intisivu:<\/strong><br \/><a href=\"https:\/\/sexdollxxx.goaffpro.com\/create-account\/\" target=\"_blank\" rel=\"noopener\">https:\/\/sexdollxxx.goaffpro.com\/create-account\/<\/a><\/p><p class=\"nitro-offscreen\"><strong>Sis\u00e4\u00e4nkirjautumissivu:<\/strong><br \/><a href=\"https:\/\/sexdollxxx.goaffpro.com\/login\/\" target=\"_blank\" rel=\"noopener\">https:\/\/sexdollxxx.goaffpro.com\/login\/<\/a><\/p><\/div><\/div><\/div><div class=\"elementor-element elementor-element-7dbf6af elementor-widget elementor-widget-wd_text_block\" data-id=\"7dbf6af\" data-element_type=\"widget\" data-widget_type=\"wd_text_block.default\"><div class=\"elementor-widget-container\"><div class=\"wd-text-block reset-last-child text-left\"><p><strong>Huomautus:<\/strong> Maksulliset mainoskanavat, kuten Exoclick, Trafficfactory ja TrafficJunky, eiv\u00e4t ole sallittuja. Kuponkihakemistosivustot eiv\u00e4t my\u00f6sk\u00e4\u00e4n ole sallittuja. Jos sinulla on kysytt\u00e4v\u00e4\u00e4, ota meihin yhteytt\u00e4 osoitteessa <a href=\"mailto:sales@sexdollxxx.com\">sales@sexdollxxx.com<\/a><\/p><\/div><\/div><\/div>\t\t\t\t\t\t\t\t<\/div>\n\t\t\t\t<\/div>\n\t\t\t\t\t<\/div>\n\t\t<\/div>\n\t\t\t\t\t<\/div>\n\t\t<\/section>\n\t\t\t\t<section class=\"elementor-section elementor-top-section elementor-element elementor-element-01c7f3b elementor-section-boxed elementor-section-height-default elementor-section-height-default\" data-id=\"01c7f3b\" data-element_type=\"section\">\n\t\t\t\t\t\t<div class=\"elementor-container elementor-column-gap-default\">\n\t\t\t\t\t<div class=\"elementor-column elementor-col-100 elementor-top-column elementor-element elementor-element-c598eb9\" data-id=\"c598eb9\" data-element_type=\"column\">\n\t\t\t<div class=\"elementor-column-wrap--c598eb9 elementor-widget-wrap elementor-element-populated\">\n\t\t\t\t\t\t<div class=\"elementor-element elementor-element-bba4079 elementor-widget elementor-widget-heading\" data-id=\"bba4079\" data-element_type=\"widget\" data-widget_type=\"heading.default\">\n\t\t\t\t<div class=\"elementor-widget-container\">\n\t\t\t\t\t<h5 class=\"elementor-heading-title elementor-size-default\">Kuinka se toimii?<\/h5>\t\t\t\t<\/div>\n\t\t\t\t<\/div>\n\t\t\t\t<div class=\"elementor-element elementor-element-298027d elementor-widget elementor-widget-text-editor\" data-id=\"298027d\" data-element_type=\"widget\" data-widget_type=\"text-editor.default\">\n\t\t\t\t<div class=\"elementor-widget-container\">\n\t\t\t\t\t\t\t\t\t<p>\u2013 Rekister\u00f6idy SexDollxxx Affiliate Partneriksi.<br \/>\u2013 Sijoita bannerimainoksia ja lis\u00e4\u00e4 kumppanisi URL-osoite verkkosivustollesi.<br \/>\u2013 Kun k\u00e4ytt\u00e4j\u00e4 napsauttaa sivustoa sexdollxxx.com ja tekee ostoksen, ansaitset automaattisesti 6% myynnist\u00e4.<br \/>\u2013 Kirjaudu Affiliate Partner -paneeliisi milloin tahansa seurataksesi napsautuksia, tuloksia ja tuloja.<br \/>\u2013 Maksut suoritetaan Paypal-siirrolla, kun $200.00 kynnys on saavutettu.<\/p>\t\t\t\t\t\t\t\t<\/div>\n\t\t\t\t<\/div>\n\t\t\t\t\t<\/div>\n\t\t<\/div>\n\t\t\t\t\t<\/div>\n\t\t<\/section>\n\t\t\t\t<section class=\"elementor-section elementor-top-section elementor-element elementor-element-89486af elementor-section-boxed elementor-section-height-default elementor-section-height-default\" data-id=\"89486af\" data-element_type=\"section\">\n\t\t\t\t\t\t<div class=\"elementor-container elementor-column-gap-default\">\n\t\t\t\t\t<div class=\"elementor-column elementor-col-100 elementor-top-column elementor-element elementor-element-deae571\" data-id=\"deae571\" data-element_type=\"column\">\n\t\t\t<div class=\"elementor-column-wrap--deae571 elementor-widget-wrap elementor-element-populated\">\n\t\t\t\t\t\t<div class=\"elementor-element elementor-element-30f276c elementor-widget elementor-widget-spacer\" data-id=\"30f276c\" data-element_type=\"widget\" data-widget_type=\"spacer.default\">\n\t\t\t\t<div class=\"elementor-widget-container\">\n\t\t\t\t\t\t\t<div class=\"elementor-spacer\">\n\t\t\t<div class=\"elementor-spacer-inner\"><\/div>\n\t\t<\/div>\n\t\t\t\t\t\t<\/div>\n\t\t\t\t<\/div>\n\t\t\t\t\t<\/div>\n\t\t<\/div>\n\t\t\t\t\t<\/div>\n\t\t<\/section>\n\t\t\t\t<\/div>","protected":false},"excerpt":{"rendered":"<p>Sex Doll Affiliate Program Thank you for your interest in the SexDollxxx Affiliate Program. We would like to invite you to be an affiliate and earn money through our Affiliate program.Become a part of the largest and most renowned Adult Sex Doll Affiliate Program NOW! Every month we are selling thousands of sex dolls, so [&hellip;]<\/p>\n","protected":false},"author":3,"featured_media":0,"parent":0,"menu_order":0,"comment_status":"closed","ping_status":"closed","template":"elementor_header_footer","meta":{"footnotes":""},"class_list":["post-617","page","type-page","status-publish","hentry"],"_links":{"self":[{"href":"https:\/\/sexdollxxx.com\/fi\/wp-json\/wp\/v2\/pages\/617","targetHints":{"allow":["GET"]}}],"collection":[{"href":"https:\/\/sexdollxxx.com\/fi\/wp-json\/wp\/v2\/pages"}],"about":[{"href":"https:\/\/sexdollxxx.com\/fi\/wp-json\/wp\/v2\/types\/page"}],"author":[{"embeddable":true,"href":"https:\/\/sexdollxxx.com\/fi\/wp-json\/wp\/v2\/users\/3"}],"replies":[{"embeddable":true,"href":"https:\/\/sexdollxxx.com\/fi\/wp-json\/wp\/v2\/comments?post=617"}],"version-history":[{"count":0,"href":"https:\/\/sexdollxxx.com\/fi\/wp-json\/wp\/v2\/pages\/617\/revisions"}],"wp:attachment":[{"href":"https:\/\/sexdollxxx.com\/fi\/wp-json\/wp\/v2\/media?parent=617"}],"curies":[{"name":"wp","href":"https:\/\/api.w.org\/{rel}","templated":true}]}}