{"id":3047,"date":"2021-06-11T23:40:42","date_gmt":"2021-06-11T23:40:42","guid":{"rendered":"https:\/\/bluebirds.sslcommerz.org\/?post_type=product&#038;p=3047"},"modified":"2025-08-19T01:47:50","modified_gmt":"2025-08-18T17:47:50","slug":"lifelike-torso-doll-gigi","status":"publish","type":"product","link":"https:\/\/sexdollxxx.com\/fi\/lifelike-torso-doll-gigi\/","title":{"rendered":"Pieni el\u00e4v\u00e4 torso-nukke \u2013 Gigi"},"content":{"rendered":"<h2>Pieni el\u00e4v\u00e4 torso-nukke \u2013 Gigi<\/h2>\n<p>Kaikki eiv\u00e4t halua a <a href=\"https:\/\/en.wikipedia.org\/wiki\/Sex_doll\" target=\"_blank\" rel=\"noopener\">seksinukke<\/a> sen kaikkien henkil\u00f6kohtaisten hy\u00f6dykkeiden ja t\u00e4m\u00e4n ihmisryhm\u00e4n kannalta mit\u00e4 kevyempi ja pienempi se on, sit\u00e4 parempi. TPE-nimisen materiaalin ansiosta on olemassa seksinukkeja, jotka ovat kevyit\u00e4 kuin 4,4 kiloa ja my\u00f6s pieni\u00e4, kooltaan 11,6 tuumaa.<\/p>\n<p>Keveyden lis\u00e4ksi TPE:ss\u00e4 on lis\u00e4etuna sen ihomainen tuntuma, mik\u00e4 tekee seksist\u00e4 pienen vartalonuken kanssa mahdollisimman eloisaa. T\u00e4ss\u00e4 painotetaan erityisesti per\u00e4aukkoa ja em\u00e4tint\u00e4, ja niiss\u00e4 on useita taitoksia, jotka antavat sinulle h\u00e4mm\u00e4stytt\u00e4v\u00e4n kokemuksen todellisen naisen hakkaamisesta.<\/p>\n<p>Jotkut edut <strong>edullinen TPE Small Lifelike Torso Doll <\/strong>Se on suhteellisen halpa, helppo puhdistaa eik\u00e4 vaadi suurta s\u00e4ilytystilaa.<\/p>\n<p><img fetchpriority=\"high\" decoding=\"async\" class=\"alignnone wp-image-3053 size-full\" src=\"https:\/\/sexdollxxx.com\/wp-content\/uploads\/2021\/06\/torso-sex-doll-measurement.jpg\" alt=\"Torso-nukke\" width=\"1000\" height=\"1000\" title=\"\" srcset=\"https:\/\/sexdollxxx.com\/wp-content\/uploads\/2021\/06\/torso-sex-doll-measurement.jpg 1000w, https:\/\/sexdollxxx.com\/wp-content\/uploads\/2021\/06\/torso-sex-doll-measurement-300x300.jpg 300w, https:\/\/sexdollxxx.com\/wp-content\/uploads\/2021\/06\/torso-sex-doll-measurement-250x250.jpg 250w, https:\/\/sexdollxxx.com\/wp-content\/uploads\/2021\/06\/torso-sex-doll-measurement-600x600.jpg 600w, https:\/\/sexdollxxx.com\/wp-content\/uploads\/2021\/06\/torso-sex-doll-measurement-150x150.jpg 150w, https:\/\/sexdollxxx.com\/wp-content\/uploads\/2021\/06\/torso-sex-doll-measurement-768x768.jpg 768w, https:\/\/sexdollxxx.com\/wp-content\/uploads\/2021\/06\/torso-sex-doll-measurement-100x100.jpg 100w\" sizes=\"(max-width: 1000px) 100vw, 1000px\"><\/p>","protected":false},"excerpt":{"rendered":"<p><span style=\"color: #f73e74;\">Valmis l\u00e4hetett\u00e4v\u00e4ksi Yhdysvaltoihin, EU:hun, Kanadaan ja Australiaan<\/span><\/p>","protected":false},"featured_media":3060,"comment_status":"open","ping_status":"closed","template":"","meta":[],"product_cat":[205,194,189,219,344],"product_tag":[396],"class_list":{"0":"post-3047","1":"product","2":"type-product","3":"status-publish","4":"has-post-thumbnail","6":"product_cat-sex-doll-torso","7":"product_cat-65cm-88cm-sex-doll","8":"product_cat-mini-sex-doll","9":"product_cat-real-sex-dolls","10":"product_cat-tpe-sex-doll","11":"product_tag-65cm","12":"tm-no-options","14":"first","15":"instock","16":"sale","17":"shipping-taxable","18":"purchasable","19":"product-type-simple","swatches":"rey-swatches","show_selected":""},"_links":{"self":[{"href":"https:\/\/sexdollxxx.com\/fi\/wp-json\/wp\/v2\/product\/3047","targetHints":{"allow":["GET"]}}],"collection":[{"href":"https:\/\/sexdollxxx.com\/fi\/wp-json\/wp\/v2\/product"}],"about":[{"href":"https:\/\/sexdollxxx.com\/fi\/wp-json\/wp\/v2\/types\/product"}],"replies":[{"embeddable":true,"href":"https:\/\/sexdollxxx.com\/fi\/wp-json\/wp\/v2\/comments?post=3047"}],"wp:featuredmedia":[{"embeddable":true,"href":"https:\/\/sexdollxxx.com\/fi\/wp-json\/wp\/v2\/media\/3060"}],"wp:attachment":[{"href":"https:\/\/sexdollxxx.com\/fi\/wp-json\/wp\/v2\/media?parent=3047"}],"wp:term":[{"taxonomy":"product_cat","embeddable":true,"href":"https:\/\/sexdollxxx.com\/fi\/wp-json\/wp\/v2\/product_cat?post=3047"},{"taxonomy":"product_tag","embeddable":true,"href":"https:\/\/sexdollxxx.com\/fi\/wp-json\/wp\/v2\/product_tag?post=3047"}],"curies":[{"name":"wp","href":"https:\/\/api.w.org\/{rel}","templated":true}]}}