{"id":3061,"date":"2021-06-11T23:44:24","date_gmt":"2021-06-11T23:44:24","guid":{"rendered":"https:\/\/bluebirds.sslcommerz.org\/?post_type=product&#038;p=3061"},"modified":"2025-08-16T10:24:58","modified_gmt":"2025-08-16T02:24:58","slug":"tpe-torso-doll-veronica","status":"publish","type":"product","link":"https:\/\/sexdollxxx.com\/fi\/tpe-torso-doll-veronica\/","title":{"rendered":"TPE-torso-nukke seksiin \u2013 Veronica"},"content":{"rendered":"<h2>TPE-torso-nukke seksiin \u2013 Veronica<\/h2>\n<p>The <a href=\"\/fi\/140cm-tpe-doll-pepper\/\">seksinukke tpe<\/a> vartalo on v\u00e4limies t\u00e4ysikokoisen seksinuken ja a <a href=\"https:\/\/www.snapdeal.com\/products\/mens-sex-toys-masturbators-fleshlights?sort=plrty\" target=\"_blank\" rel=\"noopener\">masturbaattori<\/a>; tai paremmin sanottuna, vartaloseksinukke ilman raajoja ja p\u00e4\u00e4t\u00e4. T\u00e4m\u00e4 tekee niist\u00e4 paljon pienempi\u00e4 ja kevyempi\u00e4 k\u00e4yt\u00f6n, huollon ja s\u00e4ilytyksen helpottamiseksi. T\u00e4m\u00e4 nimenomainen on vain 55 cm pitk\u00e4, mutta silti h\u00e4n s\u00e4ilytt\u00e4\u00e4 todellisen ihmisen tunteen.<\/p>\n<p>T\u00e4ss\u00e4 seksinuken vartalossa on edelleen sis\u00e4\u00e4nrakennettu metallirunko, joka sallii jonkin verran liikkumista seksin aikana, ja TPE-iho, joka antaa sinulle l\u00e4heisyyden tunteen oikean ihmisen kanssa. Koska h\u00e4n on tehty p\u00e4\u00e4asiassa seksi\u00e4 varten, h\u00e4nelle annettiin paljon etusijaa <a href=\"https:\/\/en.wikipedia.org\/wiki\/Labia\" target=\"_blank\" rel=\"noopener\">h\u00e4pyhuulet<\/a> em\u00e4ttimen syvyyteen asti. T\u00e4m\u00e4 on enemm\u00e4n kuin mik\u00e4\u00e4n nautinto, jota masturbaattorit voivat tarjota.<\/p>\n<p><img fetchpriority=\"high\" decoding=\"async\" class=\"alignnone wp-image-3070 size-full\" src=\"https:\/\/sexdollxxx.com\/wp-content\/uploads\/2021\/06\/55cm-torso-sex-doll.jpg\" alt=\"TPE Torso\" width=\"1000\" height=\"1000\" title=\"\" srcset=\"https:\/\/sexdollxxx.com\/wp-content\/uploads\/2021\/06\/55cm-torso-sex-doll.jpg 1000w, https:\/\/sexdollxxx.com\/wp-content\/uploads\/2021\/06\/55cm-torso-sex-doll-300x300.jpg 300w, https:\/\/sexdollxxx.com\/wp-content\/uploads\/2021\/06\/55cm-torso-sex-doll-250x250.jpg 250w, https:\/\/sexdollxxx.com\/wp-content\/uploads\/2021\/06\/55cm-torso-sex-doll-600x600.jpg 600w, https:\/\/sexdollxxx.com\/wp-content\/uploads\/2021\/06\/55cm-torso-sex-doll-150x150.jpg 150w, https:\/\/sexdollxxx.com\/wp-content\/uploads\/2021\/06\/55cm-torso-sex-doll-768x768.jpg 768w, https:\/\/sexdollxxx.com\/wp-content\/uploads\/2021\/06\/55cm-torso-sex-doll-100x100.jpg 100w\" sizes=\"(max-width: 1000px) 100vw, 1000px\"><\/p>","protected":false},"excerpt":{"rendered":"<p><span style=\"color: #f73e74;\">Valmis l\u00e4hetett\u00e4v\u00e4ksi Yhdysvaltoihin, EU:hun, Kanadaan ja Australiaan<\/span><\/p>","protected":false},"featured_media":3067,"comment_status":"open","ping_status":"closed","template":"","meta":[],"product_cat":[205,194,189,219,344],"product_tag":[381],"class_list":{"0":"post-3061","1":"product","2":"type-product","3":"status-publish","4":"has-post-thumbnail","6":"product_cat-sex-doll-torso","7":"product_cat-65cm-88cm-sex-doll","8":"product_cat-mini-sex-doll","9":"product_cat-real-sex-dolls","10":"product_cat-tpe-sex-doll","11":"product_tag-123cm","12":"tm-no-options","14":"first","15":"instock","16":"sale","17":"shipping-taxable","18":"purchasable","19":"product-type-simple","swatches":"rey-swatches","show_selected":""},"_links":{"self":[{"href":"https:\/\/sexdollxxx.com\/fi\/wp-json\/wp\/v2\/product\/3061","targetHints":{"allow":["GET"]}}],"collection":[{"href":"https:\/\/sexdollxxx.com\/fi\/wp-json\/wp\/v2\/product"}],"about":[{"href":"https:\/\/sexdollxxx.com\/fi\/wp-json\/wp\/v2\/types\/product"}],"replies":[{"embeddable":true,"href":"https:\/\/sexdollxxx.com\/fi\/wp-json\/wp\/v2\/comments?post=3061"}],"wp:featuredmedia":[{"embeddable":true,"href":"https:\/\/sexdollxxx.com\/fi\/wp-json\/wp\/v2\/media\/3067"}],"wp:attachment":[{"href":"https:\/\/sexdollxxx.com\/fi\/wp-json\/wp\/v2\/media?parent=3061"}],"wp:term":[{"taxonomy":"product_cat","embeddable":true,"href":"https:\/\/sexdollxxx.com\/fi\/wp-json\/wp\/v2\/product_cat?post=3061"},{"taxonomy":"product_tag","embeddable":true,"href":"https:\/\/sexdollxxx.com\/fi\/wp-json\/wp\/v2\/product_tag?post=3061"}],"curies":[{"name":"wp","href":"https:\/\/api.w.org\/{rel}","templated":true}]}}