{"id":3,"date":"2021-05-29T10:01:40","date_gmt":"2021-05-29T10:01:40","guid":{"rendered":"https:\/\/bluebirds.sslcommerz.org\/?page_id=3"},"modified":"2021-06-29T12:20:01","modified_gmt":"2021-06-29T12:20:01","slug":"privacy-policy","status":"publish","type":"page","link":"https:\/\/sexdollxxx.com\/fr\/privacy-policy\/","title":{"rendered":"Politique de confidentialit\u00e9"},"content":{"rendered":"<div data-elementor-type=\"wp-page\" data-elementor-id=\"3\" class=\"elementor elementor-3\" data-elementor-post-type=\"page\">\n\t\t\t\t\t\t<section class=\"elementor-section elementor-top-section elementor-element elementor-element-28db0f3 elementor-section-boxed elementor-section-height-default elementor-section-height-default\" data-id=\"28db0f3\" data-element_type=\"section\">\n\t\t\t\t\t\t<div class=\"elementor-container elementor-column-gap-default\">\n\t\t\t\t\t<div class=\"elementor-column elementor-col-100 elementor-top-column elementor-element elementor-element-a983f34\" data-id=\"a983f34\" data-element_type=\"column\">\n\t\t\t<div class=\"elementor-column-wrap--a983f34 elementor-widget-wrap elementor-element-populated\">\n\t\t\t\t\t\t<div class=\"elementor-element elementor-element-57a1bda elementor-widget elementor-widget-woocommerce-breadcrumb\" data-id=\"57a1bda\" data-element_type=\"widget\" data-widget_type=\"woocommerce-breadcrumb.default\">\n\t\t\t\t<div class=\"elementor-widget-container\">\n\t\t\t\t\t<nav class=\"rey-breadcrumbs\"><div class=\"rey-breadcrumbs-item\" data-no-translation=\"\" data-trp-gettext=\"\">Accueil<\/div><\/nav>\t\t\t\t<\/div>\n\t\t\t\t<\/div>\n\t\t\t\t\t<\/div>\n\t\t<\/div>\n\t\t\t\t\t<\/div>\n\t\t<\/section>\n\t\t\t\t<section class=\"elementor-section elementor-top-section elementor-element elementor-element-0abf504 elementor-section-boxed elementor-section-height-default elementor-section-height-default\" data-id=\"0abf504\" data-element_type=\"section\">\n\t\t\t\t\t\t<div class=\"elementor-container elementor-column-gap-default\">\n\t\t\t\t\t<div class=\"elementor-column elementor-col-100 elementor-top-column elementor-element elementor-element-c387141\" data-id=\"c387141\" data-element_type=\"column\">\n\t\t\t<div class=\"elementor-column-wrap--c387141 elementor-widget-wrap elementor-element-populated\">\n\t\t\t\t\t\t<div class=\"elementor-element elementor-element-d1ece43 elementor-widget elementor-widget-heading\" data-id=\"d1ece43\" data-element_type=\"widget\" data-widget_type=\"heading.default\">\n\t\t\t\t<div class=\"elementor-widget-container\">\n\t\t\t\t\t<h1 class=\"elementor-heading-title elementor-size-default\">Politique de confidentialit\u00e9\n<\/h1>\t\t\t\t<\/div>\n\t\t\t\t<\/div>\n\t\t\t\t\t<\/div>\n\t\t<\/div>\n\t\t\t\t\t<\/div>\n\t\t<\/section>\n\t\t\t\t<section class=\"elementor-section elementor-top-section elementor-element elementor-element-457d9e0 elementor-section-boxed elementor-section-height-default elementor-section-height-default\" data-id=\"457d9e0\" data-element_type=\"section\">\n\t\t\t\t\t\t<div class=\"elementor-container elementor-column-gap-default\">\n\t\t\t\t\t<div class=\"elementor-column elementor-col-100 elementor-top-column elementor-element elementor-element-98ab7b9\" data-id=\"98ab7b9\" data-element_type=\"column\">\n\t\t\t<div class=\"elementor-column-wrap--98ab7b9 elementor-widget-wrap elementor-element-populated\">\n\t\t\t\t\t\t<div class=\"elementor-element elementor-element-4df22f2 elementor-widget elementor-widget-heading\" data-id=\"4df22f2\" data-element_type=\"widget\" data-widget_type=\"heading.default\">\n\t\t\t\t<div class=\"elementor-widget-container\">\n\t\t\t\t\t<h2 class=\"elementor-heading-title elementor-size-default\">Les informations que nous recueillons\n<\/h2>\t\t\t\t<\/div>\n\t\t\t\t<\/div>\n\t\t\t\t\t<\/div>\n\t\t<\/div>\n\t\t\t\t\t<\/div>\n\t\t<\/section>\n\t\t\t\t<section class=\"elementor-section elementor-top-section elementor-element elementor-element-4df10f0 elementor-section-boxed elementor-section-height-default elementor-section-height-default\" data-id=\"4df10f0\" data-element_type=\"section\">\n\t\t\t\t\t\t<div class=\"elementor-container elementor-column-gap-default\">\n\t\t\t\t\t<div class=\"elementor-column elementor-col-100 elementor-top-column elementor-element elementor-element-b5113e9\" data-id=\"b5113e9\" data-element_type=\"column\">\n\t\t\t<div class=\"elementor-column-wrap--b5113e9 elementor-widget-wrap elementor-element-populated\">\n\t\t\t\t\t\t<div class=\"elementor-element elementor-element-2139bbb elementor-widget elementor-widget-text-editor\" data-id=\"2139bbb\" data-element_type=\"widget\" data-widget_type=\"text-editor.default\">\n\t\t\t\t<div class=\"elementor-widget-container\">\n\t\t\t\t\t\t\t\t\t<ul><li>Lorsque vous vous inscrivez en tant qu'utilisateur, nous ne sauvegardons que votre <strong>compte<\/strong> et <strong>mot de passe<\/strong> sur notre serveur<\/li><li>Lorsque vous ajoutez des produits aux listes de souhaits, nous sauvegardons \u00e9galement des donn\u00e9es pour vous.<\/li><li>Lorsque vous passez une commande et que vous la payez, nous sauvegardons votre <strong>emai<\/strong>, <strong>num\u00e9ro de t\u00e9l\u00e9phone<\/strong>, <strong>adresse<\/strong> et d'autres informations, car nous en avons besoin pour votre envoi.<\/li><\/ul>\t\t\t\t\t\t\t\t<\/div>\n\t\t\t\t<\/div>\n\t\t\t\t\t<\/div>\n\t\t<\/div>\n\t\t\t\t\t<\/div>\n\t\t<\/section>\n\t\t\t\t<section class=\"elementor-section elementor-top-section elementor-element elementor-element-9b9d12e elementor-section-boxed elementor-section-height-default elementor-section-height-default\" data-id=\"9b9d12e\" data-element_type=\"section\">\n\t\t\t\t\t\t<div class=\"elementor-container elementor-column-gap-default\">\n\t\t\t\t\t<div class=\"elementor-column elementor-col-100 elementor-top-column elementor-element elementor-element-f14f8f4\" data-id=\"f14f8f4\" data-element_type=\"column\">\n\t\t\t<div class=\"elementor-column-wrap--f14f8f4 elementor-widget-wrap elementor-element-populated\">\n\t\t\t\t\t\t<div class=\"elementor-element elementor-element-80a84dd elementor-widget elementor-widget-heading\" data-id=\"80a84dd\" data-element_type=\"widget\" data-widget_type=\"heading.default\">\n\t\t\t\t<div class=\"elementor-widget-container\">\n\t\t\t\t\t<h2 class=\"elementor-heading-title elementor-size-default\">S\u00e9curit\u00e9 de l'information\n<\/h2>\t\t\t\t<\/div>\n\t\t\t\t<\/div>\n\t\t\t\t\t<\/div>\n\t\t<\/div>\n\t\t\t\t\t<\/div>\n\t\t<\/section>\n\t\t\t\t<section class=\"elementor-section elementor-top-section elementor-element elementor-element-1cfc0b5 elementor-section-boxed elementor-section-height-default elementor-section-height-default\" data-id=\"1cfc0b5\" data-element_type=\"section\">\n\t\t\t\t\t\t<div class=\"elementor-container elementor-column-gap-default\">\n\t\t\t\t\t<div class=\"elementor-column elementor-col-100 elementor-top-column elementor-element elementor-element-16600a7\" data-id=\"16600a7\" data-element_type=\"column\">\n\t\t\t<div class=\"elementor-column-wrap--16600a7 elementor-widget-wrap elementor-element-populated\">\n\t\t\t\t\t\t<div class=\"elementor-element elementor-element-9a00552 elementor-widget elementor-widget-text-editor\" data-id=\"9a00552\" data-element_type=\"widget\" data-widget_type=\"text-editor.default\">\n\t\t\t\t<div class=\"elementor-widget-container\">\n\t\t\t\t\t\t\t\t\t<ul><li>Notre boutique en ligne est bas\u00e9e sur woocommerce. Il dispose de mesures de d\u00e9fense parfaites contre XSS et csrf. Pour plus d'informations, vous pouvez visiter les d\u00e9tails de woocommerce.<\/li><li>Lors de votre visite sur ce site, vous serez bas\u00e9 sur le protocole de s\u00e9curit\u00e9 de htpps pour assurer la s\u00e9curit\u00e9 de la transmission des informations.<\/li><li>Notre paiement est bas\u00e9 sur des plateformes tierces s\u00e9curis\u00e9es telles que PayPal. Visitez ici pour voir comment PayPal assure la s\u00e9curit\u00e9 des transactions.<\/li><\/ul>\t\t\t\t\t\t\t\t<\/div>\n\t\t\t\t<\/div>\n\t\t\t\t\t<\/div>\n\t\t<\/div>\n\t\t\t\t\t<\/div>\n\t\t<\/section>\n\t\t\t\t<section class=\"elementor-section elementor-top-section elementor-element elementor-element-35f7479 elementor-section-boxed elementor-section-height-default elementor-section-height-default\" data-id=\"35f7479\" data-element_type=\"section\">\n\t\t\t\t\t\t<div class=\"elementor-container elementor-column-gap-default\">\n\t\t\t\t\t<div class=\"elementor-column elementor-col-100 elementor-top-column elementor-element elementor-element-f9b12d5\" data-id=\"f9b12d5\" data-element_type=\"column\">\n\t\t\t<div class=\"elementor-column-wrap--f9b12d5 elementor-widget-wrap elementor-element-populated\">\n\t\t\t\t\t\t<div class=\"elementor-element elementor-element-6f4d007 elementor-widget elementor-widget-heading\" data-id=\"6f4d007\" data-element_type=\"widget\" data-widget_type=\"heading.default\">\n\t\t\t\t<div class=\"elementor-widget-container\">\n\t\t\t\t\t<h2 class=\"elementor-heading-title elementor-size-default\">\u00c2ge du consentement\n<\/h2>\t\t\t\t<\/div>\n\t\t\t\t<\/div>\n\t\t\t\t\t<\/div>\n\t\t<\/div>\n\t\t\t\t\t<\/div>\n\t\t<\/section>\n\t\t\t\t<section class=\"elementor-section elementor-top-section elementor-element elementor-element-2c04a42 elementor-section-boxed elementor-section-height-default elementor-section-height-default\" data-id=\"2c04a42\" data-element_type=\"section\">\n\t\t\t\t\t\t<div class=\"elementor-container elementor-column-gap-default\">\n\t\t\t\t\t<div class=\"elementor-column elementor-col-100 elementor-top-column elementor-element elementor-element-16c0ced\" data-id=\"16c0ced\" data-element_type=\"column\">\n\t\t\t<div class=\"elementor-column-wrap--16c0ced elementor-widget-wrap elementor-element-populated\">\n\t\t\t\t\t\t<div class=\"elementor-element elementor-element-01f6e47 elementor-widget elementor-widget-text-editor\" data-id=\"01f6e47\" data-element_type=\"widget\" data-widget_type=\"text-editor.default\">\n\t\t\t\t<div class=\"elementor-widget-container\">\n\t\t\t\t\t\t\t\t\t<ul><li>Notre site Web contient un contenu r\u00e9serv\u00e9 aux adultes. Si vous avez moins de 18 ans, veuillez ne pas visiter le site.<\/li><li>Lorsque vous visitez, cela signifie que les cons\u00e9quences du contenu pour adultes n'ont rien \u00e0 voir avec nous.<\/li><\/ul>\t\t\t\t\t\t\t\t<\/div>\n\t\t\t\t<\/div>\n\t\t\t\t<div class=\"elementor-element elementor-element-0e3c52c elementor-widget elementor-widget-text-editor\" data-id=\"0e3c52c\" data-element_type=\"widget\" data-widget_type=\"text-editor.default\">\n\t\t\t\t<div class=\"elementor-widget-container\">\n\t\t\t\t\t\t\t\t\t<p>Modifications de la politique de confidentialit\u00e9<br \/>Nous nous r\u00e9servons le droit de modifier notre politique de confidentialit\u00e9. Vous pouvez consulter cette page pour voir la derni\u00e8re politique de confidentialit\u00e9.<\/p>\t\t\t\t\t\t\t\t<\/div>\n\t\t\t\t<\/div>\n\t\t\t\t\t<\/div>\n\t\t<\/div>\n\t\t\t\t\t<\/div>\n\t\t<\/section>\n\t\t\t\t<\/div>","protected":false},"excerpt":{"rendered":"<p>Privacy Policy The information we collect When you register as our user, we only save your account and password on our server When you add products to wishlists, we also save data for you. When you place an order and pay for it, we will save your emai, phone number, address and other information, because [&hellip;]<\/p>\n","protected":false},"author":3,"featured_media":0,"parent":0,"menu_order":0,"comment_status":"closed","ping_status":"open","template":"elementor_header_footer","meta":{"footnotes":""},"class_list":["post-3","page","type-page","status-publish","hentry"],"_links":{"self":[{"href":"https:\/\/sexdollxxx.com\/fr\/wp-json\/wp\/v2\/pages\/3","targetHints":{"allow":["GET"]}}],"collection":[{"href":"https:\/\/sexdollxxx.com\/fr\/wp-json\/wp\/v2\/pages"}],"about":[{"href":"https:\/\/sexdollxxx.com\/fr\/wp-json\/wp\/v2\/types\/page"}],"author":[{"embeddable":true,"href":"https:\/\/sexdollxxx.com\/fr\/wp-json\/wp\/v2\/users\/3"}],"replies":[{"embeddable":true,"href":"https:\/\/sexdollxxx.com\/fr\/wp-json\/wp\/v2\/comments?post=3"}],"version-history":[{"count":0,"href":"https:\/\/sexdollxxx.com\/fr\/wp-json\/wp\/v2\/pages\/3\/revisions"}],"wp:attachment":[{"href":"https:\/\/sexdollxxx.com\/fr\/wp-json\/wp\/v2\/media?parent=3"}],"curies":[{"name":"wp","href":"https:\/\/api.w.org\/{rel}","templated":true}]}}