{"id":573,"date":"2021-06-01T15:23:04","date_gmt":"2021-06-01T15:23:04","guid":{"rendered":"https:\/\/bluebirds.sslcommerz.org\/?page_id=573"},"modified":"2021-06-29T12:14:31","modified_gmt":"2021-06-29T12:14:31","slug":"terms-of-use","status":"publish","type":"page","link":"https:\/\/sexdollxxx.com\/hr\/terms-of-use\/","title":{"rendered":"Uvjeti kori\u0161tenja"},"content":{"rendered":"<div data-elementor-type=\"wp-page\" data-elementor-id=\"573\" class=\"elementor elementor-573\" data-elementor-post-type=\"page\">\n\t\t\t\t\t\t<section class=\"elementor-section elementor-top-section elementor-element elementor-element-5539fe5 elementor-section-boxed elementor-section-height-default elementor-section-height-default\" data-id=\"5539fe5\" data-element_type=\"section\">\n\t\t\t\t\t\t<div class=\"elementor-container elementor-column-gap-default\">\n\t\t\t\t\t<div class=\"elementor-column elementor-col-100 elementor-top-column elementor-element elementor-element-9197215\" data-id=\"9197215\" data-element_type=\"column\">\n\t\t\t<div class=\"elementor-column-wrap--9197215 elementor-widget-wrap elementor-element-populated\">\n\t\t\t\t\t\t<div class=\"elementor-element elementor-element-8564278 elementor-widget elementor-widget-woocommerce-breadcrumb\" data-id=\"8564278\" data-element_type=\"widget\" data-widget_type=\"woocommerce-breadcrumb.default\">\n\t\t\t\t<div class=\"elementor-widget-container\">\n\t\t\t\t\t<nav class=\"rey-breadcrumbs\"><div class=\"rey-breadcrumbs-item\" data-no-translation=\"\" data-trp-gettext=\"\">Dom<\/div><\/nav>\t\t\t\t<\/div>\n\t\t\t\t<\/div>\n\t\t\t\t\t<\/div>\n\t\t<\/div>\n\t\t\t\t\t<\/div>\n\t\t<\/section>\n\t\t\t\t<section class=\"elementor-section elementor-top-section elementor-element elementor-element-05ce4b8 elementor-section-boxed elementor-section-height-default elementor-section-height-default\" data-id=\"05ce4b8\" data-element_type=\"section\">\n\t\t\t\t\t\t<div class=\"elementor-container elementor-column-gap-default\">\n\t\t\t\t\t<div class=\"elementor-column elementor-col-100 elementor-top-column elementor-element elementor-element-479b636\" data-id=\"479b636\" data-element_type=\"column\">\n\t\t\t<div class=\"elementor-column-wrap--479b636 elementor-widget-wrap elementor-element-populated\">\n\t\t\t\t\t\t<div class=\"elementor-element elementor-element-8902af9 elementor-widget elementor-widget-heading\" data-id=\"8902af9\" data-element_type=\"widget\" data-widget_type=\"heading.default\">\n\t\t\t\t<div class=\"elementor-widget-container\">\n\t\t\t\t\t<h1 class=\"elementor-heading-title elementor-size-default\">Uvjeti kori\u0161tenja<\/h1>\t\t\t\t<\/div>\n\t\t\t\t<\/div>\n\t\t\t\t\t<\/div>\n\t\t<\/div>\n\t\t\t\t\t<\/div>\n\t\t<\/section>\n\t\t\t\t<section class=\"elementor-section elementor-top-section elementor-element elementor-element-508454a elementor-section-boxed elementor-section-height-default elementor-section-height-default\" data-id=\"508454a\" data-element_type=\"section\">\n\t\t\t\t\t\t<div class=\"elementor-container elementor-column-gap-default\">\n\t\t\t\t\t<div class=\"elementor-column elementor-col-100 elementor-top-column elementor-element elementor-element-4b48ff9\" data-id=\"4b48ff9\" data-element_type=\"column\">\n\t\t\t<div class=\"elementor-column-wrap--4b48ff9 elementor-widget-wrap elementor-element-populated\">\n\t\t\t\t\t\t<div class=\"elementor-element elementor-element-2de2546 elementor-widget elementor-widget-heading\" data-id=\"2de2546\" data-element_type=\"widget\" data-widget_type=\"heading.default\">\n\t\t\t\t<div class=\"elementor-widget-container\">\n\t\t\t\t\t<h2 class=\"elementor-heading-title elementor-size-default\">Prihva\u0107anje uvjeta\n<\/h2>\t\t\t\t<\/div>\n\t\t\t\t<\/div>\n\t\t\t\t\t<\/div>\n\t\t<\/div>\n\t\t\t\t\t<\/div>\n\t\t<\/section>\n\t\t\t\t<section class=\"elementor-section elementor-top-section elementor-element elementor-element-b1699a2 elementor-section-boxed elementor-section-height-default elementor-section-height-default\" data-id=\"b1699a2\" data-element_type=\"section\">\n\t\t\t\t\t\t<div class=\"elementor-container elementor-column-gap-default\">\n\t\t\t\t\t<div class=\"elementor-column elementor-col-100 elementor-top-column elementor-element elementor-element-764bce6\" data-id=\"764bce6\" data-element_type=\"column\">\n\t\t\t<div class=\"elementor-column-wrap--764bce6 elementor-widget-wrap elementor-element-populated\">\n\t\t\t\t\t\t<div class=\"elementor-element elementor-element-d677622 elementor-widget elementor-widget-text-editor\" data-id=\"d677622\" data-element_type=\"widget\" data-widget_type=\"text-editor.default\">\n\t\t\t\t<div class=\"elementor-widget-container\">\n\t\t\t\t\t\t\t\t\t<p>Sljede\u0107i Uvjeti kori\u0161tenja (&quot;TOU&quot;) primjenjuju se na va\u0161u upotrebu na\u0161e web stranice (https:\/\/www.sexdollxxx.com\/) i svih povezanih usluga. SexDollxxx zadr\u017eava pravo a\u017euriranja Uvjeta upotrebe u bilo kojem trenutku bez obavijesti. Najnoviju verziju Uvjeta kori\u0161tenja mo\u017eete pregledati klikom na hipertekstualnu poveznicu \u201cUvjeti kori\u0161tenja\u201d koja se nalazi na dnu na\u0161ih web stranica.<\/p>\t\t\t\t\t\t\t\t<\/div>\n\t\t\t\t<\/div>\n\t\t\t\t\t<\/div>\n\t\t<\/div>\n\t\t\t\t\t<\/div>\n\t\t<\/section>\n\t\t\t\t<section class=\"elementor-section elementor-top-section elementor-element elementor-element-5acd8b6 elementor-section-boxed elementor-section-height-default elementor-section-height-default\" data-id=\"5acd8b6\" data-element_type=\"section\">\n\t\t\t\t\t\t<div class=\"elementor-container elementor-column-gap-default\">\n\t\t\t\t\t<div class=\"elementor-column elementor-col-100 elementor-top-column elementor-element elementor-element-074124a\" data-id=\"074124a\" data-element_type=\"column\">\n\t\t\t<div class=\"elementor-column-wrap--074124a elementor-widget-wrap elementor-element-populated\">\n\t\t\t\t\t\t<div class=\"elementor-element elementor-element-9732559 elementor-widget elementor-widget-heading\" data-id=\"9732559\" data-element_type=\"widget\" data-widget_type=\"heading.default\">\n\t\t\t\t<div class=\"elementor-widget-container\">\n\t\t\t\t\t<h2 class=\"elementor-heading-title elementor-size-default\">Opis usluge\n<\/h2>\t\t\t\t<\/div>\n\t\t\t\t<\/div>\n\t\t\t\t\t<\/div>\n\t\t<\/div>\n\t\t\t\t\t<\/div>\n\t\t<\/section>\n\t\t\t\t<section class=\"elementor-section elementor-top-section elementor-element elementor-element-505cf09 elementor-section-boxed elementor-section-height-default elementor-section-height-default\" data-id=\"505cf09\" data-element_type=\"section\">\n\t\t\t\t\t\t<div class=\"elementor-container elementor-column-gap-default\">\n\t\t\t\t\t<div class=\"elementor-column elementor-col-100 elementor-top-column elementor-element elementor-element-fd7be84\" data-id=\"fd7be84\" data-element_type=\"column\">\n\t\t\t<div class=\"elementor-column-wrap--fd7be84 elementor-widget-wrap elementor-element-populated\">\n\t\t\t\t\t\t<div class=\"elementor-element elementor-element-3588333 elementor-widget elementor-widget-text-editor\" data-id=\"3588333\" data-element_type=\"widget\" data-widget_type=\"text-editor.default\">\n\t\t\t\t<div class=\"elementor-widget-container\">\n\t\t\t\t\t\t\t\t\t<p>SexDollxxx vam nudi mnogo Sex Dolls (uklju\u010duju\u0107i sadr\u017eaj za odrasle), uklju\u010duju\u0107i registraciju ra\u010duna, recenzije proizvoda, online chat i informacije o proizvodu (zajedni\u010dkim nazivom &quot;Usluge&quot;). Usluge, uklju\u010duju\u0107i sva a\u017euriranja, pobolj\u0161anja, nove zna\u010dajke i\/ili dodavanje novih web svojstava, podlije\u017eu Uvjetima kori\u0161tenja.<\/p>\t\t\t\t\t\t\t\t<\/div>\n\t\t\t\t<\/div>\n\t\t\t\t\t<\/div>\n\t\t<\/div>\n\t\t\t\t\t<\/div>\n\t\t<\/section>\n\t\t\t\t<section class=\"elementor-section elementor-top-section elementor-element elementor-element-8cbacbf elementor-section-boxed elementor-section-height-default elementor-section-height-default\" data-id=\"8cbacbf\" data-element_type=\"section\">\n\t\t\t\t\t\t<div class=\"elementor-container elementor-column-gap-default\">\n\t\t\t\t\t<div class=\"elementor-column elementor-col-100 elementor-top-column elementor-element elementor-element-f26a0a7\" data-id=\"f26a0a7\" data-element_type=\"column\">\n\t\t\t<div class=\"elementor-column-wrap--f26a0a7 elementor-widget-wrap elementor-element-populated\">\n\t\t\t\t\t\t<div class=\"elementor-element elementor-element-21f0acb elementor-widget elementor-widget-heading\" data-id=\"21f0acb\" data-element_type=\"widget\" data-widget_type=\"heading.default\">\n\t\t\t\t<div class=\"elementor-widget-container\">\n\t\t\t\t\t<h2 class=\"elementor-heading-title elementor-size-default\">Ograni\u010denje osobne i nekomercijalne upotrebe\n<\/h2>\t\t\t\t<\/div>\n\t\t\t\t<\/div>\n\t\t\t\t\t<\/div>\n\t\t<\/div>\n\t\t\t\t\t<\/div>\n\t\t<\/section>\n\t\t\t\t<section class=\"elementor-section elementor-top-section elementor-element elementor-element-72c1daa elementor-section-boxed elementor-section-height-default elementor-section-height-default\" data-id=\"72c1daa\" data-element_type=\"section\">\n\t\t\t\t\t\t<div class=\"elementor-container elementor-column-gap-default\">\n\t\t\t\t\t<div class=\"elementor-column elementor-col-100 elementor-top-column elementor-element elementor-element-d9357f5\" data-id=\"d9357f5\" data-element_type=\"column\">\n\t\t\t<div class=\"elementor-column-wrap--d9357f5 elementor-widget-wrap elementor-element-populated\">\n\t\t\t\t\t\t<div class=\"elementor-element elementor-element-c78e6ad elementor-widget elementor-widget-text-editor\" data-id=\"c78e6ad\" data-element_type=\"widget\" data-widget_type=\"text-editor.default\">\n\t\t\t\t<div class=\"elementor-widget-container\">\n\t\t\t\t\t\t\t\t\tOsim ako nije druga\u010dije navedeno, Usluge su za va\u0161u osobnu i nekomercijalnu upotrebu. Ne smijete mijenjati, kopirati, distribuirati, prenositi, javno prikazivati, izvoditi, reproducirati, objavljivati, licencirati, stvarati izvedene radove, prenositi ili prodavati bilo koje podatke, softver, proizvode ili usluge dobivene putem Usluga (osim vlastitih, osobnih, nekomercijalna uporaba) bez na\u0161eg prethodnog pisanog pristanka.\n\n\t\t\t\t\t\t\t\t<\/div>\n\t\t\t\t<\/div>\n\t\t\t\t\t<\/div>\n\t\t<\/div>\n\t\t\t\t\t<\/div>\n\t\t<\/section>\n\t\t\t\t<section class=\"elementor-section elementor-top-section elementor-element elementor-element-e3ef4fa elementor-section-boxed elementor-section-height-default elementor-section-height-default\" data-id=\"e3ef4fa\" data-element_type=\"section\">\n\t\t\t\t\t\t<div class=\"elementor-container elementor-column-gap-default\">\n\t\t\t\t\t<div class=\"elementor-column elementor-col-100 elementor-top-column elementor-element elementor-element-b1058bf\" data-id=\"b1058bf\" data-element_type=\"column\">\n\t\t\t<div class=\"elementor-column-wrap--b1058bf elementor-widget-wrap elementor-element-populated\">\n\t\t\t\t\t\t<div class=\"elementor-element elementor-element-84a2eda elementor-widget elementor-widget-heading\" data-id=\"84a2eda\" data-element_type=\"widget\" data-widget_type=\"heading.default\">\n\t\t\t\t<div class=\"elementor-widget-container\">\n\t\t\t\t\t<h2 class=\"elementor-heading-title elementor-size-default\">Privatnost i za\u0161tita osobnih podataka<\/h2>\t\t\t\t<\/div>\n\t\t\t\t<\/div>\n\t\t\t\t\t<\/div>\n\t\t<\/div>\n\t\t\t\t\t<\/div>\n\t\t<\/section>\n\t\t\t\t<section class=\"elementor-section elementor-top-section elementor-element elementor-element-834850d elementor-section-boxed elementor-section-height-default elementor-section-height-default\" data-id=\"834850d\" data-element_type=\"section\">\n\t\t\t\t\t\t<div class=\"elementor-container elementor-column-gap-default\">\n\t\t\t\t\t<div class=\"elementor-column elementor-col-100 elementor-top-column elementor-element elementor-element-5a5e132\" data-id=\"5a5e132\" data-element_type=\"column\">\n\t\t\t<div class=\"elementor-column-wrap--5a5e132 elementor-widget-wrap elementor-element-populated\">\n\t\t\t\t\t\t<div class=\"elementor-element elementor-element-bec2d8c elementor-widget elementor-widget-text-editor\" data-id=\"bec2d8c\" data-element_type=\"widget\" data-widget_type=\"text-editor.default\">\n\t\t\t\t<div class=\"elementor-widget-container\">\n\t\t\t\t\t\t\t\t\tVa\u0161a privatnost nam je va\u017ena. i pravne osnove koje imamo za obradu tih podataka. za\u0161titit \u0107emo va\u0161e komentare, ocjene ili recenzije Usluga, komunikacija, datoteka, fotografija, dokumenata, zvuka, digitalnih radova, prijenosa u\u017eivo, videa i bilo kojeg drugog sadr\u017eaja koji u\u010ditate, pohranite, emitirate ili podijelite putem Usluga. Ako se obrada temelji na privoli iu mjeri dopu\u0161tenoj zakonom, prihva\u0107anjem ovih Uvjeta pristajete na na\u0161e prikupljanje, kori\u0161tenje i otkrivanje Va\u0161eg sadr\u017eaja i podataka kako je opisano u Izjavi o privatnosti. U nekim \u0107emo slu\u010dajevima dati posebnu obavijest i zatra\u017eiti va\u0161 pristanak kako je navedeno u Izjavi o privatnosti.\t\t\t\t\t\t\t\t<\/div>\n\t\t\t\t<\/div>\n\t\t\t\t<div class=\"elementor-element elementor-element-2d15cee elementor-widget elementor-widget-text-editor\" data-id=\"2d15cee\" data-element_type=\"widget\" data-widget_type=\"text-editor.default\">\n\t\t\t\t<div class=\"elementor-widget-container\">\n\t\t\t\t\t\t\t\t\t<p>Ovi Uvjeti pru\u017eanja usluge i bilo koji zasebni ugovori prema kojima vam pru\u017eamo usluge regulirat \u0107e se i tuma\u010diti u skladu sa zakonima Hong Konga.<\/p>\t\t\t\t\t\t\t\t<\/div>\n\t\t\t\t<\/div>\n\t\t\t\t\t<\/div>\n\t\t<\/div>\n\t\t\t\t\t<\/div>\n\t\t<\/section>\n\t\t\t\t<\/div>","protected":false},"excerpt":{"rendered":"<p>Terms of use Acceptance of Terms The following Terms of Use (\u201cTOU\u201d) apply to your use of our website (https:\/\/www.sexdollxxx.com\/) and any associated services. SexDollxxx reserves the right to update the TOU at any time without notice to you. The most current version of the TOU can be reviewed by clicking on the \u201cTerms of [&hellip;]<\/p>\n","protected":false},"author":3,"featured_media":0,"parent":0,"menu_order":0,"comment_status":"closed","ping_status":"closed","template":"elementor_header_footer","meta":{"footnotes":""},"class_list":["post-573","page","type-page","status-publish","hentry"],"_links":{"self":[{"href":"https:\/\/sexdollxxx.com\/hr\/wp-json\/wp\/v2\/pages\/573","targetHints":{"allow":["GET"]}}],"collection":[{"href":"https:\/\/sexdollxxx.com\/hr\/wp-json\/wp\/v2\/pages"}],"about":[{"href":"https:\/\/sexdollxxx.com\/hr\/wp-json\/wp\/v2\/types\/page"}],"author":[{"embeddable":true,"href":"https:\/\/sexdollxxx.com\/hr\/wp-json\/wp\/v2\/users\/3"}],"replies":[{"embeddable":true,"href":"https:\/\/sexdollxxx.com\/hr\/wp-json\/wp\/v2\/comments?post=573"}],"version-history":[{"count":0,"href":"https:\/\/sexdollxxx.com\/hr\/wp-json\/wp\/v2\/pages\/573\/revisions"}],"wp:attachment":[{"href":"https:\/\/sexdollxxx.com\/hr\/wp-json\/wp\/v2\/media?parent=573"}],"curies":[{"name":"wp","href":"https:\/\/api.w.org\/{rel}","templated":true}]}}