{"id":3047,"date":"2021-06-11T23:40:42","date_gmt":"2021-06-11T23:40:42","guid":{"rendered":"https:\/\/bluebirds.sslcommerz.org\/?post_type=product&#038;p=3047"},"modified":"2025-08-19T01:47:50","modified_gmt":"2025-08-18T17:47:50","slug":"lifelike-torso-doll-gigi","status":"publish","type":"product","link":"https:\/\/sexdollxxx.com\/hr\/lifelike-torso-doll-gigi\/","title":{"rendered":"Mala stvarna lutka torza \u2013 Gigi"},"content":{"rendered":"<h2>Mala stvarna lutka torza \u2013 Gigi<\/h2>\n<p>Ne \u017eele svi a <a href=\"https:\/\/en.wikipedia.org\/wiki\/Sex_doll\" target=\"_blank\" rel=\"noopener\">seks lutka<\/a> za sve osobne u\u010dinke, a za ovu skupinu ljudi, \u0161to je lak\u0161i i manji, to bolje. Zahvaljuju\u0107i materijalu poznatom kao TPE, postoje lutke za seks koje su lagane \u010dak 4,4 funte i tako\u0111er su male, s veli\u010dinom od 11,6 in\u010da.<\/p>\n<p>Osim \u0161to je lagan, TPE dolazi s dodatnom predno\u0161\u0107u osje\u0107aja poput ko\u017ee, \u0161to \u010dini seks s malom torzo lutkom \u0161to je mogu\u0107e realisti\u010dnijim. Ovo je s posebnim naglaskom na anus i vaginu, dizajnirano s vi\u0161estrukim naborima kako bi vam pru\u017eilo nevjerojatno iskustvo kreveljenja prave \u017eene.<\/p>\n<p>Neke prednosti <strong>pristupa\u010dna TPE mala realisti\u010dna lutka s torzom <\/strong>su da je relativno jeftin, jednostavan za \u010di\u0161\u0107enje i ne zahtijeva veliki prostor za pohranu.<\/p>\n<p><img fetchpriority=\"high\" decoding=\"async\" class=\"alignnone wp-image-3053 size-full\" src=\"https:\/\/sexdollxxx.com\/wp-content\/uploads\/2021\/06\/torso-sex-doll-measurement.jpg\" alt=\"Torzo lutke\" width=\"1000\" height=\"1000\" title=\"\" srcset=\"https:\/\/sexdollxxx.com\/wp-content\/uploads\/2021\/06\/torso-sex-doll-measurement.jpg 1000w, https:\/\/sexdollxxx.com\/wp-content\/uploads\/2021\/06\/torso-sex-doll-measurement-300x300.jpg 300w, https:\/\/sexdollxxx.com\/wp-content\/uploads\/2021\/06\/torso-sex-doll-measurement-250x250.jpg 250w, https:\/\/sexdollxxx.com\/wp-content\/uploads\/2021\/06\/torso-sex-doll-measurement-600x600.jpg 600w, https:\/\/sexdollxxx.com\/wp-content\/uploads\/2021\/06\/torso-sex-doll-measurement-150x150.jpg 150w, https:\/\/sexdollxxx.com\/wp-content\/uploads\/2021\/06\/torso-sex-doll-measurement-768x768.jpg 768w, https:\/\/sexdollxxx.com\/wp-content\/uploads\/2021\/06\/torso-sex-doll-measurement-100x100.jpg 100w\" sizes=\"(max-width: 1000px) 100vw, 1000px\"><\/p>","protected":false},"excerpt":{"rendered":"<p><span style=\"color: #f73e74;\">Spremno za slanje u SAD, EU, Kanadu i Australiju<\/span><\/p>","protected":false},"featured_media":3060,"comment_status":"open","ping_status":"closed","template":"","meta":[],"product_cat":[205,194,189,219,344],"product_tag":[396],"class_list":{"0":"post-3047","1":"product","2":"type-product","3":"status-publish","4":"has-post-thumbnail","6":"product_cat-sex-doll-torso","7":"product_cat-65cm-88cm-sex-doll","8":"product_cat-mini-sex-doll","9":"product_cat-real-sex-dolls","10":"product_cat-tpe-sex-doll","11":"product_tag-65cm","12":"tm-no-options","14":"first","15":"instock","16":"sale","17":"shipping-taxable","18":"purchasable","19":"product-type-simple","swatches":"rey-swatches","show_selected":""},"_links":{"self":[{"href":"https:\/\/sexdollxxx.com\/hr\/wp-json\/wp\/v2\/product\/3047","targetHints":{"allow":["GET"]}}],"collection":[{"href":"https:\/\/sexdollxxx.com\/hr\/wp-json\/wp\/v2\/product"}],"about":[{"href":"https:\/\/sexdollxxx.com\/hr\/wp-json\/wp\/v2\/types\/product"}],"replies":[{"embeddable":true,"href":"https:\/\/sexdollxxx.com\/hr\/wp-json\/wp\/v2\/comments?post=3047"}],"wp:featuredmedia":[{"embeddable":true,"href":"https:\/\/sexdollxxx.com\/hr\/wp-json\/wp\/v2\/media\/3060"}],"wp:attachment":[{"href":"https:\/\/sexdollxxx.com\/hr\/wp-json\/wp\/v2\/media?parent=3047"}],"wp:term":[{"taxonomy":"product_cat","embeddable":true,"href":"https:\/\/sexdollxxx.com\/hr\/wp-json\/wp\/v2\/product_cat?post=3047"},{"taxonomy":"product_tag","embeddable":true,"href":"https:\/\/sexdollxxx.com\/hr\/wp-json\/wp\/v2\/product_tag?post=3047"}],"curies":[{"name":"wp","href":"https:\/\/api.w.org\/{rel}","templated":true}]}}