{"id":3061,"date":"2021-06-11T23:44:24","date_gmt":"2021-06-11T23:44:24","guid":{"rendered":"https:\/\/bluebirds.sslcommerz.org\/?post_type=product&#038;p=3061"},"modified":"2025-08-16T10:24:58","modified_gmt":"2025-08-16T02:24:58","slug":"tpe-torso-doll-veronica","status":"publish","type":"product","link":"https:\/\/sexdollxxx.com\/hr\/tpe-torso-doll-veronica\/","title":{"rendered":"TPE torzo lutka za seks \u2013 Veronica"},"content":{"rendered":"<h2>TPE torzo lutka za seks \u2013 Veronica<\/h2>\n<p>The <a href=\"\/hr\/140cm-tpe-doll-pepper\/\">seks lutka tpe<\/a> Torzo je posrednik izme\u0111u seks lutke pune veli\u010dine i a <a href=\"https:\/\/www.snapdeal.com\/products\/mens-sex-toys-masturbators-fleshlights?sort=plrty\" target=\"_blank\" rel=\"noopener\">masturbator<\/a>; ili bolje re\u010deno torzo seks lutke bez nekih udova i glave. To ih \u010dini mnogo manjim i lak\u0161im za lak\u0161u upotrebu, odr\u017eavanje i skladi\u0161tenje. Ova je duga\u010dka samo 55 cm, ali zadr\u017eava osje\u0107aj prave ljudske osobe.<\/p>\n<p>Ovaj torzo lutke za seks i dalje ima ugra\u0111en metalni kostur koji omogu\u0107uje kretanje tijekom seksa, te TPE ko\u017eu koja vam daje osje\u0107aj intimnosti sa stvarnom osobom. Budu\u0107i da je stvorena uglavnom za seks, njoj se davalo mnogo prioriteta <a href=\"https:\/\/en.wikipedia.org\/wiki\/Labia\" target=\"_blank\" rel=\"noopener\">stidne usne<\/a> do dubine njezine vagine. Ovo je iznad svakog u\u017eitka koji vam masturbatori mogu pru\u017eiti.<\/p>\n<p><img fetchpriority=\"high\" decoding=\"async\" class=\"alignnone wp-image-3070 size-full\" src=\"https:\/\/sexdollxxx.com\/wp-content\/uploads\/2021\/06\/55cm-torso-sex-doll.jpg\" alt=\"TPE torzo\" width=\"1000\" height=\"1000\" title=\"\" srcset=\"https:\/\/sexdollxxx.com\/wp-content\/uploads\/2021\/06\/55cm-torso-sex-doll.jpg 1000w, https:\/\/sexdollxxx.com\/wp-content\/uploads\/2021\/06\/55cm-torso-sex-doll-300x300.jpg 300w, https:\/\/sexdollxxx.com\/wp-content\/uploads\/2021\/06\/55cm-torso-sex-doll-250x250.jpg 250w, https:\/\/sexdollxxx.com\/wp-content\/uploads\/2021\/06\/55cm-torso-sex-doll-600x600.jpg 600w, https:\/\/sexdollxxx.com\/wp-content\/uploads\/2021\/06\/55cm-torso-sex-doll-150x150.jpg 150w, https:\/\/sexdollxxx.com\/wp-content\/uploads\/2021\/06\/55cm-torso-sex-doll-768x768.jpg 768w, https:\/\/sexdollxxx.com\/wp-content\/uploads\/2021\/06\/55cm-torso-sex-doll-100x100.jpg 100w\" sizes=\"(max-width: 1000px) 100vw, 1000px\"><\/p>","protected":false},"excerpt":{"rendered":"<p><span style=\"color: #f73e74;\">Spremno za slanje u SAD, EU, Kanadu i Australiju<\/span><\/p>","protected":false},"featured_media":3067,"comment_status":"open","ping_status":"closed","template":"","meta":[],"product_cat":[205,194,189,219,344],"product_tag":[381],"class_list":{"0":"post-3061","1":"product","2":"type-product","3":"status-publish","4":"has-post-thumbnail","6":"product_cat-sex-doll-torso","7":"product_cat-65cm-88cm-sex-doll","8":"product_cat-mini-sex-doll","9":"product_cat-real-sex-dolls","10":"product_cat-tpe-sex-doll","11":"product_tag-123cm","12":"tm-no-options","14":"first","15":"instock","16":"sale","17":"shipping-taxable","18":"purchasable","19":"product-type-simple","swatches":"rey-swatches","show_selected":""},"_links":{"self":[{"href":"https:\/\/sexdollxxx.com\/hr\/wp-json\/wp\/v2\/product\/3061","targetHints":{"allow":["GET"]}}],"collection":[{"href":"https:\/\/sexdollxxx.com\/hr\/wp-json\/wp\/v2\/product"}],"about":[{"href":"https:\/\/sexdollxxx.com\/hr\/wp-json\/wp\/v2\/types\/product"}],"replies":[{"embeddable":true,"href":"https:\/\/sexdollxxx.com\/hr\/wp-json\/wp\/v2\/comments?post=3061"}],"wp:featuredmedia":[{"embeddable":true,"href":"https:\/\/sexdollxxx.com\/hr\/wp-json\/wp\/v2\/media\/3067"}],"wp:attachment":[{"href":"https:\/\/sexdollxxx.com\/hr\/wp-json\/wp\/v2\/media?parent=3061"}],"wp:term":[{"taxonomy":"product_cat","embeddable":true,"href":"https:\/\/sexdollxxx.com\/hr\/wp-json\/wp\/v2\/product_cat?post=3061"},{"taxonomy":"product_tag","embeddable":true,"href":"https:\/\/sexdollxxx.com\/hr\/wp-json\/wp\/v2\/product_tag?post=3061"}],"curies":[{"name":"wp","href":"https:\/\/api.w.org\/{rel}","templated":true}]}}