{"id":3,"date":"2021-05-29T10:01:40","date_gmt":"2021-05-29T10:01:40","guid":{"rendered":"https:\/\/bluebirds.sslcommerz.org\/?page_id=3"},"modified":"2021-06-29T12:20:01","modified_gmt":"2021-06-29T12:20:01","slug":"privacy-policy","status":"publish","type":"page","link":"https:\/\/sexdollxxx.com\/hu\/privacy-policy\/","title":{"rendered":"Adatv\u00e9delmi ir\u00e1nyelvek"},"content":{"rendered":"<div data-elementor-type=\"wp-page\" data-elementor-id=\"3\" class=\"elementor elementor-3\" data-elementor-post-type=\"page\">\n\t\t\t\t\t\t<section class=\"elementor-section elementor-top-section elementor-element elementor-element-28db0f3 elementor-section-boxed elementor-section-height-default elementor-section-height-default\" data-id=\"28db0f3\" data-element_type=\"section\">\n\t\t\t\t\t\t<div class=\"elementor-container elementor-column-gap-default\">\n\t\t\t\t\t<div class=\"elementor-column elementor-col-100 elementor-top-column elementor-element elementor-element-a983f34\" data-id=\"a983f34\" data-element_type=\"column\">\n\t\t\t<div class=\"elementor-column-wrap--a983f34 elementor-widget-wrap elementor-element-populated\">\n\t\t\t\t\t\t<div class=\"elementor-element elementor-element-57a1bda elementor-widget elementor-widget-woocommerce-breadcrumb\" data-id=\"57a1bda\" data-element_type=\"widget\" data-widget_type=\"woocommerce-breadcrumb.default\">\n\t\t\t\t<div class=\"elementor-widget-container\">\n\t\t\t\t\t<nav class=\"rey-breadcrumbs\"><div class=\"rey-breadcrumbs-item\" data-no-translation=\"\" data-trp-gettext=\"\">itthon<\/div><\/nav>\t\t\t\t<\/div>\n\t\t\t\t<\/div>\n\t\t\t\t\t<\/div>\n\t\t<\/div>\n\t\t\t\t\t<\/div>\n\t\t<\/section>\n\t\t\t\t<section class=\"elementor-section elementor-top-section elementor-element elementor-element-0abf504 elementor-section-boxed elementor-section-height-default elementor-section-height-default\" data-id=\"0abf504\" data-element_type=\"section\">\n\t\t\t\t\t\t<div class=\"elementor-container elementor-column-gap-default\">\n\t\t\t\t\t<div class=\"elementor-column elementor-col-100 elementor-top-column elementor-element elementor-element-c387141\" data-id=\"c387141\" data-element_type=\"column\">\n\t\t\t<div class=\"elementor-column-wrap--c387141 elementor-widget-wrap elementor-element-populated\">\n\t\t\t\t\t\t<div class=\"elementor-element elementor-element-d1ece43 elementor-widget elementor-widget-heading\" data-id=\"d1ece43\" data-element_type=\"widget\" data-widget_type=\"heading.default\">\n\t\t\t\t<div class=\"elementor-widget-container\">\n\t\t\t\t\t<h1 class=\"elementor-heading-title elementor-size-default\">Adatv\u00e9delmi ir\u00e1nyelvek\n<\/h1>\t\t\t\t<\/div>\n\t\t\t\t<\/div>\n\t\t\t\t\t<\/div>\n\t\t<\/div>\n\t\t\t\t\t<\/div>\n\t\t<\/section>\n\t\t\t\t<section class=\"elementor-section elementor-top-section elementor-element elementor-element-457d9e0 elementor-section-boxed elementor-section-height-default elementor-section-height-default\" data-id=\"457d9e0\" data-element_type=\"section\">\n\t\t\t\t\t\t<div class=\"elementor-container elementor-column-gap-default\">\n\t\t\t\t\t<div class=\"elementor-column elementor-col-100 elementor-top-column elementor-element elementor-element-98ab7b9\" data-id=\"98ab7b9\" data-element_type=\"column\">\n\t\t\t<div class=\"elementor-column-wrap--98ab7b9 elementor-widget-wrap elementor-element-populated\">\n\t\t\t\t\t\t<div class=\"elementor-element elementor-element-4df22f2 elementor-widget elementor-widget-heading\" data-id=\"4df22f2\" data-element_type=\"widget\" data-widget_type=\"heading.default\">\n\t\t\t\t<div class=\"elementor-widget-container\">\n\t\t\t\t\t<h2 class=\"elementor-heading-title elementor-size-default\">Az \u00e1ltalunk gy\u0171jt\u00f6tt inform\u00e1ci\u00f3k\n<\/h2>\t\t\t\t<\/div>\n\t\t\t\t<\/div>\n\t\t\t\t\t<\/div>\n\t\t<\/div>\n\t\t\t\t\t<\/div>\n\t\t<\/section>\n\t\t\t\t<section class=\"elementor-section elementor-top-section elementor-element elementor-element-4df10f0 elementor-section-boxed elementor-section-height-default elementor-section-height-default\" data-id=\"4df10f0\" data-element_type=\"section\">\n\t\t\t\t\t\t<div class=\"elementor-container elementor-column-gap-default\">\n\t\t\t\t\t<div class=\"elementor-column elementor-col-100 elementor-top-column elementor-element elementor-element-b5113e9\" data-id=\"b5113e9\" data-element_type=\"column\">\n\t\t\t<div class=\"elementor-column-wrap--b5113e9 elementor-widget-wrap elementor-element-populated\">\n\t\t\t\t\t\t<div class=\"elementor-element elementor-element-2139bbb elementor-widget elementor-widget-text-editor\" data-id=\"2139bbb\" data-element_type=\"widget\" data-widget_type=\"text-editor.default\">\n\t\t\t\t<div class=\"elementor-widget-container\">\n\t\t\t\t\t\t\t\t\t<ul><li>Amikor felhaszn\u00e1l\u00f3nkk\u00e9nt regisztr\u00e1l, csak az \u00d6n adatait mentj\u00fck el <strong>fi\u00f3kot<\/strong> \u00e9s <strong>Jelsz\u00f3<\/strong> szerver\u00fcnk\u00f6n<\/li><li>Amikor term\u00e9keket ad hozz\u00e1 a k\u00edv\u00e1ns\u00e1glist\u00e1hoz, akkor adatokat is ment\u00fcnk \u00d6nnek.<\/li><li>Amikor leadja a rendel\u00e9st \u00e9s kifizeti azt, mi megmentj\u00fck <strong>email<\/strong>, <strong>telefonsz\u00e1m<\/strong>, <strong>c\u00edm<\/strong> \u00e9s egy\u00e9b inform\u00e1ci\u00f3k, mert ezekre sz\u00fcks\u00e9g\u00fcnk van a k\u00fcldem\u00e9ny\u00e9hez.<\/li><\/ul>\t\t\t\t\t\t\t\t<\/div>\n\t\t\t\t<\/div>\n\t\t\t\t\t<\/div>\n\t\t<\/div>\n\t\t\t\t\t<\/div>\n\t\t<\/section>\n\t\t\t\t<section class=\"elementor-section elementor-top-section elementor-element elementor-element-9b9d12e elementor-section-boxed elementor-section-height-default elementor-section-height-default\" data-id=\"9b9d12e\" data-element_type=\"section\">\n\t\t\t\t\t\t<div class=\"elementor-container elementor-column-gap-default\">\n\t\t\t\t\t<div class=\"elementor-column elementor-col-100 elementor-top-column elementor-element elementor-element-f14f8f4\" data-id=\"f14f8f4\" data-element_type=\"column\">\n\t\t\t<div class=\"elementor-column-wrap--f14f8f4 elementor-widget-wrap elementor-element-populated\">\n\t\t\t\t\t\t<div class=\"elementor-element elementor-element-80a84dd elementor-widget elementor-widget-heading\" data-id=\"80a84dd\" data-element_type=\"widget\" data-widget_type=\"heading.default\">\n\t\t\t\t<div class=\"elementor-widget-container\">\n\t\t\t\t\t<h2 class=\"elementor-heading-title elementor-size-default\">Inform\u00e1ci\u00f3 biztons\u00e1g\n<\/h2>\t\t\t\t<\/div>\n\t\t\t\t<\/div>\n\t\t\t\t\t<\/div>\n\t\t<\/div>\n\t\t\t\t\t<\/div>\n\t\t<\/section>\n\t\t\t\t<section class=\"elementor-section elementor-top-section elementor-element elementor-element-1cfc0b5 elementor-section-boxed elementor-section-height-default elementor-section-height-default\" data-id=\"1cfc0b5\" data-element_type=\"section\">\n\t\t\t\t\t\t<div class=\"elementor-container elementor-column-gap-default\">\n\t\t\t\t\t<div class=\"elementor-column elementor-col-100 elementor-top-column elementor-element elementor-element-16600a7\" data-id=\"16600a7\" data-element_type=\"column\">\n\t\t\t<div class=\"elementor-column-wrap--16600a7 elementor-widget-wrap elementor-element-populated\">\n\t\t\t\t\t\t<div class=\"elementor-element elementor-element-9a00552 elementor-widget elementor-widget-text-editor\" data-id=\"9a00552\" data-element_type=\"widget\" data-widget_type=\"text-editor.default\">\n\t\t\t\t<div class=\"elementor-widget-container\">\n\t\t\t\t\t\t\t\t\t<ul><li>Web\u00e1ruh\u00e1zunk a woocommerce alap\u00fa. T\u00f6k\u00e9letes v\u00e9delmi int\u00e9zked\u00e9sekkel rendelkezik az XSS \u00e9s a csrf ellen. Tov\u00e1bbi inform\u00e1ci\u00f3k\u00e9rt keresse fel a woocommerce r\u00e9szleteit.<\/li><li>Az oldal l\u00e1togat\u00e1sa sor\u00e1n \u00d6n a htpps biztons\u00e1gi protokollra fog alapozni az inform\u00e1ci\u00f3tov\u00e1bb\u00edt\u00e1s biztons\u00e1ga \u00e9rdek\u00e9ben.<\/li><li>Fizet\u00e9s\u00fcnk harmadik f\u00e9l biztons\u00e1gos platformjain alapul, mint p\u00e9ld\u00e1ul a PayPal. L\u00e1togasson el ide, hogy megtudja, hogyan biztos\u00edtja a PayPal a tranzakci\u00f3k biztons\u00e1g\u00e1t<\/li><\/ul>\t\t\t\t\t\t\t\t<\/div>\n\t\t\t\t<\/div>\n\t\t\t\t\t<\/div>\n\t\t<\/div>\n\t\t\t\t\t<\/div>\n\t\t<\/section>\n\t\t\t\t<section class=\"elementor-section elementor-top-section elementor-element elementor-element-35f7479 elementor-section-boxed elementor-section-height-default elementor-section-height-default\" data-id=\"35f7479\" data-element_type=\"section\">\n\t\t\t\t\t\t<div class=\"elementor-container elementor-column-gap-default\">\n\t\t\t\t\t<div class=\"elementor-column elementor-col-100 elementor-top-column elementor-element elementor-element-f9b12d5\" data-id=\"f9b12d5\" data-element_type=\"column\">\n\t\t\t<div class=\"elementor-column-wrap--f9b12d5 elementor-widget-wrap elementor-element-populated\">\n\t\t\t\t\t\t<div class=\"elementor-element elementor-element-6f4d007 elementor-widget elementor-widget-heading\" data-id=\"6f4d007\" data-element_type=\"widget\" data-widget_type=\"heading.default\">\n\t\t\t\t<div class=\"elementor-widget-container\">\n\t\t\t\t\t<h2 class=\"elementor-heading-title elementor-size-default\">A beleegyez\u00e9s kora\n<\/h2>\t\t\t\t<\/div>\n\t\t\t\t<\/div>\n\t\t\t\t\t<\/div>\n\t\t<\/div>\n\t\t\t\t\t<\/div>\n\t\t<\/section>\n\t\t\t\t<section class=\"elementor-section elementor-top-section elementor-element elementor-element-2c04a42 elementor-section-boxed elementor-section-height-default elementor-section-height-default\" data-id=\"2c04a42\" data-element_type=\"section\">\n\t\t\t\t\t\t<div class=\"elementor-container elementor-column-gap-default\">\n\t\t\t\t\t<div class=\"elementor-column elementor-col-100 elementor-top-column elementor-element elementor-element-16c0ced\" data-id=\"16c0ced\" data-element_type=\"column\">\n\t\t\t<div class=\"elementor-column-wrap--16c0ced elementor-widget-wrap elementor-element-populated\">\n\t\t\t\t\t\t<div class=\"elementor-element elementor-element-01f6e47 elementor-widget elementor-widget-text-editor\" data-id=\"01f6e47\" data-element_type=\"widget\" data-widget_type=\"text-editor.default\">\n\t\t\t\t<div class=\"elementor-widget-container\">\n\t\t\t\t\t\t\t\t\t<ul><li>Weboldalunk feln\u0151tteknek sz\u00f3l\u00f3 tartalommal rendelkezik. Ha \u00d6n 18 \u00e9v alatti, k\u00e9rj\u00fck, ne l\u00e1togassa meg a weboldalt.<\/li><li>Amikor megl\u00e1togatja, az azt jelenti, hogy a feln\u0151tteknek sz\u00f3l\u00f3 tartalmak k\u00f6vetkezm\u00e9nyeinek semmi k\u00f6z\u00fck hozz\u00e1nk.<\/li><\/ul>\t\t\t\t\t\t\t\t<\/div>\n\t\t\t\t<\/div>\n\t\t\t\t<div class=\"elementor-element elementor-element-0e3c52c elementor-widget elementor-widget-text-editor\" data-id=\"0e3c52c\" data-element_type=\"widget\" data-widget_type=\"text-editor.default\">\n\t\t\t\t<div class=\"elementor-widget-container\">\n\t\t\t\t\t\t\t\t\t<p>Adatv\u00e9delmi szab\u00e1lyzat v\u00e1ltoz\u00e1sai<br \/>Fenntartjuk a jogot adatv\u00e9delmi szab\u00e1lyzatunk megv\u00e1ltoztat\u00e1s\u00e1ra. Ezen az oldalon b\u00f6ng\u00e9szheti a leg\u00fajabb adatv\u00e9delmi szab\u00e1lyzatot.<\/p>\t\t\t\t\t\t\t\t<\/div>\n\t\t\t\t<\/div>\n\t\t\t\t\t<\/div>\n\t\t<\/div>\n\t\t\t\t\t<\/div>\n\t\t<\/section>\n\t\t\t\t<\/div>","protected":false},"excerpt":{"rendered":"<p>Privacy Policy The information we collect When you register as our user, we only save your account and password on our server When you add products to wishlists, we also save data for you. When you place an order and pay for it, we will save your emai, phone number, address and other information, because [&hellip;]<\/p>\n","protected":false},"author":3,"featured_media":0,"parent":0,"menu_order":0,"comment_status":"closed","ping_status":"open","template":"elementor_header_footer","meta":{"footnotes":""},"class_list":["post-3","page","type-page","status-publish","hentry"],"_links":{"self":[{"href":"https:\/\/sexdollxxx.com\/hu\/wp-json\/wp\/v2\/pages\/3","targetHints":{"allow":["GET"]}}],"collection":[{"href":"https:\/\/sexdollxxx.com\/hu\/wp-json\/wp\/v2\/pages"}],"about":[{"href":"https:\/\/sexdollxxx.com\/hu\/wp-json\/wp\/v2\/types\/page"}],"author":[{"embeddable":true,"href":"https:\/\/sexdollxxx.com\/hu\/wp-json\/wp\/v2\/users\/3"}],"replies":[{"embeddable":true,"href":"https:\/\/sexdollxxx.com\/hu\/wp-json\/wp\/v2\/comments?post=3"}],"version-history":[{"count":0,"href":"https:\/\/sexdollxxx.com\/hu\/wp-json\/wp\/v2\/pages\/3\/revisions"}],"wp:attachment":[{"href":"https:\/\/sexdollxxx.com\/hu\/wp-json\/wp\/v2\/media?parent=3"}],"curies":[{"name":"wp","href":"https:\/\/api.w.org\/{rel}","templated":true}]}}