{"id":579,"date":"2021-06-01T15:27:36","date_gmt":"2021-06-01T15:27:36","guid":{"rendered":"https:\/\/bluebirds.sslcommerz.org\/?page_id=579"},"modified":"2024-11-16T16:30:14","modified_gmt":"2024-11-16T08:30:14","slug":"more-sex-doll-sites","status":"publish","type":"page","link":"https:\/\/sexdollxxx.com\/hu\/more-sex-doll-sites\/","title":{"rendered":"Tov\u00e1bbi szexbaba-oldalak"},"content":{"rendered":"<div data-elementor-type=\"wp-page\" data-elementor-id=\"579\" class=\"elementor elementor-579\" data-elementor-post-type=\"page\">\n\t\t\t\t\t\t<section class=\"elementor-section elementor-top-section elementor-element elementor-element-6e09150 elementor-section-boxed elementor-section-height-default elementor-section-height-default\" data-id=\"6e09150\" data-element_type=\"section\">\n\t\t\t\t\t\t<div class=\"elementor-container elementor-column-gap-default\">\n\t\t\t\t\t<div class=\"elementor-column elementor-col-100 elementor-top-column elementor-element elementor-element-6bc6109\" data-id=\"6bc6109\" data-element_type=\"column\">\n\t\t\t<div class=\"elementor-column-wrap--6bc6109 elementor-widget-wrap elementor-element-populated\">\n\t\t\t\t\t\t<div class=\"elementor-element elementor-element-84793b0 elementor-widget elementor-widget-woocommerce-breadcrumb\" data-id=\"84793b0\" data-element_type=\"widget\" data-widget_type=\"woocommerce-breadcrumb.default\">\n\t\t\t\t<div class=\"elementor-widget-container\">\n\t\t\t\t\t<nav class=\"rey-breadcrumbs\"><div class=\"rey-breadcrumbs-item\" data-no-translation=\"\" data-trp-gettext=\"\">itthon<\/div><\/nav>\t\t\t\t<\/div>\n\t\t\t\t<\/div>\n\t\t\t\t\t<\/div>\n\t\t<\/div>\n\t\t\t\t\t<\/div>\n\t\t<\/section>\n\t\t\t\t<section class=\"elementor-section elementor-top-section elementor-element elementor-element-2ff495d elementor-section-boxed elementor-section-height-default elementor-section-height-default\" data-id=\"2ff495d\" data-element_type=\"section\">\n\t\t\t\t\t\t<div class=\"elementor-container elementor-column-gap-default\">\n\t\t\t\t\t<div class=\"elementor-column elementor-col-100 elementor-top-column elementor-element elementor-element-84c644f\" data-id=\"84c644f\" data-element_type=\"column\">\n\t\t\t<div class=\"elementor-column-wrap--84c644f elementor-widget-wrap elementor-element-populated\">\n\t\t\t\t\t\t<div class=\"elementor-element elementor-element-3f36792 elementor-widget elementor-widget-heading\" data-id=\"3f36792\" data-element_type=\"widget\" data-widget_type=\"heading.default\">\n\t\t\t\t<div class=\"elementor-widget-container\">\n\t\t\t\t\t<h1 class=\"elementor-heading-title elementor-size-default\">Tov\u00e1bbi szexbaba-oldalak<\/h1>\t\t\t\t<\/div>\n\t\t\t\t<\/div>\n\t\t\t\t\t<\/div>\n\t\t<\/div>\n\t\t\t\t\t<\/div>\n\t\t<\/section>\n\t\t\t\t<section class=\"elementor-section elementor-top-section elementor-element elementor-element-0f1ceb6 elementor-section-boxed elementor-section-height-default elementor-section-height-default\" data-id=\"0f1ceb6\" data-element_type=\"section\">\n\t\t\t\t\t\t<div class=\"elementor-container elementor-column-gap-default\">\n\t\t\t\t\t<div class=\"elementor-column elementor-col-50 elementor-top-column elementor-element elementor-element-3f6db41\" data-id=\"3f6db41\" data-element_type=\"column\">\n\t\t\t<div class=\"elementor-column-wrap--3f6db41 elementor-widget-wrap elementor-element-populated\">\n\t\t\t\t\t\t<div class=\"elementor-element elementor-element-fc616c8 elementor-bg-transform elementor-bg-transform-move-up elementor-cta--skin-classic elementor-animated-content elementor-widget elementor-widget-call-to-action\" data-id=\"fc616c8\" data-element_type=\"widget\" data-widget_type=\"call-to-action.default\">\n\t\t\t\t<div class=\"elementor-widget-container\">\n\t\t\t\t\t\t\t<div class=\"elementor-cta\">\n\t\t\t\t\t<div class=\"elementor-cta__bg-wrapper\">\n\t\t\t\t<div class=\"elementor-cta__bg elementor-bg\" style=\"background-image: url(https:\/\/sexdollxxx.com\/wp-content\/uploads\/2021\/06\/buy-sex-doll-on-aliexpress.jpg);\" role=\"img\" aria-label=\"buy-sex-doll-on-aliexpress\"><\/div>\n\t\t\t\t<div class=\"elementor-cta__bg-overlay\"><\/div>\n\t\t\t<\/div>\n\t\t\t\t\t\t\t\t<\/div>\n\t\t\t\t\t\t<\/div>\n\t\t\t\t<\/div>\n\t\t\t\t<div class=\"elementor-element elementor-element-8996d36 elementor-widget elementor-widget-text-editor\" data-id=\"8996d36\" data-element_type=\"widget\" data-widget_type=\"text-editor.default\">\n\t\t\t\t<div class=\"elementor-widget-container\">\n\t\t\t\t\t\t\t\t\tV\u00e1s\u00e1roljon szexbab\u00e1kat az Aliexpressen\t\t\t\t\t\t\t\t<\/div>\n\t\t\t\t<\/div>\n\t\t\t\t\t<\/div>\n\t\t<\/div>\n\t\t\t\t<div class=\"elementor-column elementor-col-50 elementor-top-column elementor-element elementor-element-52c154c\" data-id=\"52c154c\" data-element_type=\"column\">\n\t\t\t<div class=\"elementor-column-wrap--52c154c elementor-widget-wrap elementor-element-populated\">\n\t\t\t\t\t\t<div class=\"elementor-element elementor-element-e94131b elementor-bg-transform elementor-bg-transform-move-up elementor-cta--skin-classic elementor-animated-content elementor-widget elementor-widget-call-to-action\" data-id=\"e94131b\" data-element_type=\"widget\" data-widget_type=\"call-to-action.default\">\n\t\t\t\t<div class=\"elementor-widget-container\">\n\t\t\t\t\t\t\t<div class=\"elementor-cta\">\n\t\t\t\t\t<div class=\"elementor-cta__bg-wrapper\">\n\t\t\t\t<div class=\"elementor-cta__bg elementor-bg\" style=\"background-image: url(https:\/\/sexdollxxx.com\/wp-content\/uploads\/2021\/06\/buy-sex-doll-on-amazon.jpg);\" role=\"img\" aria-label=\"buy-sex-doll-on-Amazon\"><\/div>\n\t\t\t\t<div class=\"elementor-cta__bg-overlay\"><\/div>\n\t\t\t<\/div>\n\t\t\t\t\t\t\t\t<\/div>\n\t\t\t\t\t\t<\/div>\n\t\t\t\t<\/div>\n\t\t\t\t<div class=\"elementor-element elementor-element-22b8323 elementor-widget elementor-widget-text-editor\" data-id=\"22b8323\" data-element_type=\"widget\" data-widget_type=\"text-editor.default\">\n\t\t\t\t<div class=\"elementor-widget-container\">\n\t\t\t\t\t\t\t\t\tV\u00e1s\u00e1roljon szexbab\u00e1kat az Amazonon\t\t\t\t\t\t\t\t<\/div>\n\t\t\t\t<\/div>\n\t\t\t\t\t<\/div>\n\t\t<\/div>\n\t\t\t\t\t<\/div>\n\t\t<\/section>\n\t\t\t\t<section class=\"elementor-section elementor-top-section elementor-element elementor-element-f228c90 elementor-section-boxed elementor-section-height-default elementor-section-height-default\" data-id=\"f228c90\" data-element_type=\"section\">\n\t\t\t\t\t\t<div class=\"elementor-container elementor-column-gap-default\">\n\t\t\t\t\t<div class=\"elementor-column elementor-col-100 elementor-top-column elementor-element elementor-element-277bf01\" data-id=\"277bf01\" data-element_type=\"column\">\n\t\t\t<div class=\"elementor-column-wrap--277bf01 elementor-widget-wrap elementor-element-populated\">\n\t\t\t\t\t\t<div class=\"elementor-element elementor-element-10a8e0b elementor-widget elementor-widget-text-editor\" data-id=\"10a8e0b\" data-element_type=\"widget\" data-widget_type=\"text-editor.default\">\n\t\t\t\t<div class=\"elementor-widget-container\">\n\t\t\t\t\t\t\t\t\t<p>Ha bab\u00e1ink nem megfelel\u0151ek az \u00d6n sz\u00e1m\u00e1ra, tov\u00e1bbi bab\u00e1kat tal\u00e1lhat n\u00e9h\u00e1ny szexbaba-oldalon. Sz\u00e1mba veszik az internet legn\u00e9pszer\u0171bb szexj\u00e1t\u00e9k-bev\u00e1s\u00e1rl\u00f3k\u00f6zpontjait, \u00e9s rangsorokat \u00e1ll\u00edtanak fel a felhaszn\u00e1l\u00f3i v\u00e9lem\u00e9nyek \u00e9s az \u00e1rt\u00e9nyez\u0151k alapj\u00e1n. Nem kell t\u00f6bb energi\u00e1t k\u00f6ltenie, hogy megtal\u00e1lja ezeket az oldalakat, mi a k\u00f6vetkez\u0151 szexbab\u00e1k oldalait k\u00edn\u00e1ljuk.<\/p>\t\t\t\t\t\t\t\t<\/div>\n\t\t\t\t<\/div>\n\t\t\t\t<div class=\"elementor-element elementor-element-bf413c6 elementor-widget elementor-widget-text-editor\" data-id=\"bf413c6\" data-element_type=\"widget\" data-widget_type=\"text-editor.default\">\n\t\t\t\t<div class=\"elementor-widget-container\">\n\t\t\t\t\t\t\t\t\t<ul><li><a href=\"https:\/\/sndoll.com\/\" target=\"_blank\" rel=\"noopener\"><span style=\"color: red;\">SnDoll:<\/span><\/a> 4500 TPE \u00e9s szilikon anyagb\u00f3l t\u00f6k\u00e9letesen k\u00e9sz\u00fclt szexbaba, mi vagyunk a legmegb\u00edzhat\u00f3bb szexbab\u00e1kat gy\u00e1rt\u00f3 c\u00e9g, mert kiv\u00e1l\u00f3 min\u0151s\u00e9g\u0171 puha \u00e9s biztons\u00e1gos szerelmi bab\u00e1kat \u00e9s szuper TPE szexbab\u00e1kat k\u00edn\u00e1lunk v\u00e1s\u00e1rl\u00f3inknak. Garant\u00e1lt h\u00e1zhozsz\u00e1ll\u00edt\u00e1s \u00e9s ingyenes sz\u00e1ll\u00edt\u00e1s!<\/li><li><a href=\"https:\/\/pornsites.xxx\/\" target=\"_blank\" rel=\"noopener\"><span style=\"color: red;\">Porn\u00f3oldalak v\u00e9lem\u00e9nye:<\/span><\/a> A porn\u00f3oldalak egyszer\u0171en a legjobb porn\u00f3- \u00e9s szexj\u00e1t\u00e9koldalak list\u00e1ja. Keressen XXX v\u00e9lem\u00e9nyt \u00e9s \u0151szinte rangsort a legn\u00e9pszer\u0171bb szexkamer\u00e1kr\u00f3l, cs\u00f6vekr\u0151l, VR-r\u0151l \u00e9s rengeteg ingyenes webhelyr\u0151l!<\/li><li><a href=\"https:\/\/utengrense.com\/\" target=\"_blank\" rel=\"noopener\"><span style=\"color: red;\">Utengrense.com:<\/span><\/a> Van online szexboltunk Norv\u00e9gi\u00e1ban, \u00e9s csak kiv\u00e1l\u00f3 min\u0151s\u00e9g\u0171 term\u00e9keket szeretn\u00e9nk j\u00f3 \u00e1ron eladni \u00fcgyfeleinknek, p\u00e9ld\u00e1ul szexj\u00e1t\u00e9kokat \u00e9s szexi feh\u00e9rnem\u0171t.<\/li><li><a href=\"https:\/\/www.pincelebs.net\/\" target=\"_blank\" rel=\"noopener\"><span style=\"color: red;\">H\u00edress\u00e9gek kit\u0171z\u00e9se:<\/span><\/a> Meztelen\u00fcl, meztelen\u00fcl, f\u00e9lmeztelen\u00fcl, szexis, \u00e9s n\u00e9zzen \u00e1t k\u00e9peket h\u00edres sz\u00edn\u00e9szn\u0151kr\u0151l, \u00e9nekesekr\u0151l, modellekr\u0151l \u00e9s t\u00e9v\u00e9s szem\u00e9lyis\u00e9gekr\u0151l<\/li><li><a href=\"https:\/\/www.youpornlist.com\/\" target=\"_blank\" rel=\"noopener\"><span style=\"color: red;\">Youpornlist.com: <\/span><\/a>A YouPornList a legjobb porn\u00f3oldalak v\u00e1logat\u00e1sa kateg\u00f3ri\u00e1k szerint. Mindegyik helysz\u00ednt k\u00e9zi munka szak\u00e9rt\u0151ink hosszas \u00e9s alapos elemz\u00e9se ut\u00e1n v\u00e1lasztottuk ki.<\/li><li><a href=\"https:\/\/www.porninspector.com\/\" target=\"_blank\" rel=\"noopener\"><span style=\"color: red;\">Porninspector.com:<\/span><\/a> A Porn Inspector sz\u00e1mos porn\u00f3\u00e9rt\u00e9kel\u00e9st k\u00f6z\u00f6l a leg\u00edg\u00e9retesebb feln\u0151tteknek sz\u00f3l\u00f3 weboldalakr\u00f3l. Mindig a leg\u0151szint\u00e9bb \u00e9s p\u00e1rtatlan v\u00e9lem\u00e9ny\u00fcnket mondjuk. Minden \u00edr\u00e1s sz\u00e1mos k\u00e9pet \u00e9s vide\u00f3mint\u00e1t tartalmaz, amelyek k\u00f6zvetlen\u00fcl az adott webhely tagj\u00e1nak ter\u00fclet\u00e9r\u0151l k\u00e9sz\u00fcltek, \u00edgy lehet\u0151s\u00e9g ny\u00edlik arra, hogy pontosan megtekinthesse a k\u00edn\u00e1latot, miel\u0151tt a v\u00e1s\u00e1rl\u00e1s mellett d\u00f6ntene!<\/li><li><a href=\"http:\/\/hentai-gamer.com\/\" target=\"_blank\" rel=\"noopener\"><span style=\"color: red;\">Hentai-Gamer:<\/span><\/a> A Hentai-Gamer.com a legjobb webhely az 100% ingyenes Hentai j\u00e1t\u00e9kokhoz. Sz\u00f3val menj el\u0151re, \u00e9s j\u00e1tssz hentai flash j\u00e1t\u00e9kokat most!<\/li><li><a href=\"https:\/\/sexdollpornhd.com\/\" target=\"_blank\" rel=\"noopener\"><span style=\"color: red;\">Sex Doll Porn HD: <\/span><\/a>N\u00e9zze meg a szexbab\u00e1k porn\u00f3vide\u00f3it a SexDollPornHD.com oldalon, \u00edgy l\u00e1thatja szerelmi bab\u00e1j\u00e1t m\u0171k\u00f6d\u00e9s k\u00f6zben, miel\u0151tt megv\u00e1s\u00e1roln\u00e1!<\/li><li><a href=\"https:\/\/www.thesafeporn.com\/\" target=\"_blank\" rel=\"noopener\"><span style=\"color: red;\">Biztons\u00e1gos porn\u00f3: <\/span><\/a>A thesafeporn.com oldalon t\u00f6bb ezer porn\u00f3oldalt tal\u00e1l, amelyeket min\u0151s\u00e9g\u00fck \u00e9s biztons\u00e1guk alapj\u00e1n v\u00e1lasztottak ki, \u00e9s minden webhelyhez egy \u00e1ttekint\u00e9st tal\u00e1l, amely seg\u00edt a v\u00e1laszt\u00e1sban.<\/li><li><a href=\"https:\/\/allpornsites.net\/\" target=\"_blank\" rel=\"noopener\"><span style=\"color: red;\">Allpornsites.net:<\/span><\/a> Az \u00f6sszes porn\u00f3oldalon megtal\u00e1lja a vil\u00e1gegyetemben l\u00e9v\u0151 porn\u00f3oldalak legnagyobb v\u00e1laszt\u00e9k\u00e1t, amelyet rendszeresen friss\u00edtenek, szinte minden nap, \u00faj porn\u00f3 oldalakkal, b\u00e1rmely r\u00e9ssel.<\/li><li><a href=\"https:\/\/hotpornbible.com\/\" target=\"_blank\" rel=\"noopener\"><span style=\"color: red;\">Forr\u00f3 porn\u00f3oldalak list\u00e1ja:<\/span><\/a>A Hot Porn Bible a vil\u00e1g legmen\u0151bb porn\u00f3oldalait tartalmazza! Minden kateg\u00f3ri\u00e1ban megvannak a legjobb \u00e9rt\u00e9kel\u00e9s\u0171 ingyenes \u00e9s pr\u00e9mium feln\u0151tt xxx webhelyeink.<\/li><li><a href=\"https:\/\/www.mrpinks.com\/\" target=\"_blank\" rel=\"noopener\"><span style=\"color: red;\">Porn\u00f3 v\u00e9lem\u00e9nyek:<\/span><\/a> A Mr. Pink&#039;s Porn Reviews az \u00d6n megb\u00edzhat\u00f3 porn\u00f3-\u00e1ttekint\u0151 webhelye, ahol \u0151szinte, feln\u0151tteknek sz\u00f3l\u00f3 v\u00e9lem\u00e9nyeket, kedvezm\u00e9nyes porn\u00f3t \u00e9s a legjobb porn\u00f3oldalakat olvashat.<\/li><li><a href=\"https:\/\/richobo.com\/\" target=\"_blank\" rel=\"noopener\"><span style=\"color: red;\">Apr\u00f3hirdet\u00e9sek \u00e9s k\u00eds\u00e9r\u0151i \u00fatmutat\u00f3 | Richobo: <\/span><\/a>Sz\u00f3rakoztat\u00f3 h\u00edrek nemzetk\u00f6zi feln\u0151tt apr\u00f3hirdet\u00e9sek list\u00e1ja Richobo \/ k\u00eds\u00e9r\u0151k \/ rendezv\u00e9nyek \/ sztript\u00edzt\u00e1ncosok \/ feln\u0151tt szolg\u00e1ltat\u00e1sok \/ xguide \/ modellek \/ massz\u00e1zsok \/ luxusaut\u00f3k<\/li><li><a href=\"https:\/\/uncams.com\/\" target=\"_blank\" rel=\"noopener\"><span style=\"color: red;\">ENSZ kamer\u00e1k:<\/span><\/a> N\u00e9zz \u00e9l\u0151 kamer\u00e1kat most! Nem sz\u00fcks\u00e9ges regisztr\u00e1ci\u00f3 \u2013 100% Ingyenes, cenz\u00far\u00e1zatlan feln\u0151tt chat. Kezdj el csevegni amat\u0151r\u00f6kkel, exhibicionist\u00e1kkal, porn\u00f3szt\u00e1rokkal HD vide\u00f3val \u00e9s hanggal.<\/li><li><p><a href=\"https:\/\/thebestfetishsites.com\/adult-toy-stores\/\" target=\"_blank\" rel=\"noopener\">A legn\u00e9pszer\u0171bb szexu\u00e1lis j\u00e1t\u00e9kok webhelyei<\/a> :\u00a0<\/p><\/li><\/ul>\t\t\t\t\t\t\t\t<\/div>\n\t\t\t\t<\/div>\n\t\t\t\t\t<\/div>\n\t\t<\/div>\n\t\t\t\t\t<\/div>\n\t\t<\/section>\n\t\t\t\t<section class=\"elementor-section elementor-top-section elementor-element elementor-element-9b10116 elementor-section-boxed elementor-section-height-default elementor-section-height-default\" data-id=\"9b10116\" data-element_type=\"section\">\n\t\t\t\t\t\t<div class=\"elementor-container elementor-column-gap-default\">\n\t\t\t\t\t<div class=\"elementor-column elementor-col-100 elementor-top-column elementor-element elementor-element-60c82a0\" data-id=\"60c82a0\" data-element_type=\"column\">\n\t\t\t<div class=\"elementor-column-wrap--60c82a0 elementor-widget-wrap elementor-element-populated\">\n\t\t\t\t\t\t<div class=\"elementor-element elementor-element-a13b0eb elementor-widget elementor-widget-spacer\" data-id=\"a13b0eb\" data-element_type=\"widget\" data-widget_type=\"spacer.default\">\n\t\t\t\t<div class=\"elementor-widget-container\">\n\t\t\t\t\t\t\t<div class=\"elementor-spacer\">\n\t\t\t<div class=\"elementor-spacer-inner\"><\/div>\n\t\t<\/div>\n\t\t\t\t\t\t<\/div>\n\t\t\t\t<\/div>\n\t\t\t\t\t<\/div>\n\t\t<\/div>\n\t\t\t\t\t<\/div>\n\t\t<\/section>\n\t\t\t\t<\/div>","protected":false},"excerpt":{"rendered":"<p>More Sex Doll Sites Buy Sex Dolls on Aliexpress Buy Sex Dolls on Amazon If our dolls are not suitable for you, you can find more dolls through some sex doll sites. They will count the most popular sex toy malls on the Internet and make rankings based on user reviews and price factors. You [&hellip;]<\/p>\n","protected":false},"author":3,"featured_media":0,"parent":0,"menu_order":0,"comment_status":"closed","ping_status":"closed","template":"elementor_header_footer","meta":{"footnotes":""},"class_list":["post-579","page","type-page","status-publish","hentry"],"_links":{"self":[{"href":"https:\/\/sexdollxxx.com\/hu\/wp-json\/wp\/v2\/pages\/579","targetHints":{"allow":["GET"]}}],"collection":[{"href":"https:\/\/sexdollxxx.com\/hu\/wp-json\/wp\/v2\/pages"}],"about":[{"href":"https:\/\/sexdollxxx.com\/hu\/wp-json\/wp\/v2\/types\/page"}],"author":[{"embeddable":true,"href":"https:\/\/sexdollxxx.com\/hu\/wp-json\/wp\/v2\/users\/3"}],"replies":[{"embeddable":true,"href":"https:\/\/sexdollxxx.com\/hu\/wp-json\/wp\/v2\/comments?post=579"}],"version-history":[{"count":0,"href":"https:\/\/sexdollxxx.com\/hu\/wp-json\/wp\/v2\/pages\/579\/revisions"}],"wp:attachment":[{"href":"https:\/\/sexdollxxx.com\/hu\/wp-json\/wp\/v2\/media?parent=579"}],"curies":[{"name":"wp","href":"https:\/\/api.w.org\/{rel}","templated":true}]}}