{"id":3030,"date":"2021-06-11T23:38:50","date_gmt":"2021-06-11T23:38:50","guid":{"rendered":"https:\/\/bluebirds.sslcommerz.org\/?post_type=product&#038;p=3030"},"modified":"2025-08-19T01:45:09","modified_gmt":"2025-08-18T17:45:09","slug":"real-love-doll-torso-ava","status":"publish","type":"product","link":"https:\/\/sexdollxxx.com\/hu\/real-love-doll-torso-ava\/","title":{"rendered":"Igazi Szerelem Doll Torso \u2013 Ava"},"content":{"rendered":"<h2>Hot Real Love Doll Torso<\/h2>\n<p>Egy igazi szam\u00e1r, egy igazi punci; ezek azok a dolgok, amiket egy maszturb\u00e1tor soha nem tud megadni, \u00e9s ez\u00e9rt gyorsan vesz\u00edt n\u00e9pszer\u0171s\u00e9g\u00e9b\u0151l az emberek k\u00f6r\u00e9ben. Ezenk\u00edv\u00fcl nem mindenki birtokolhatja a <a href=\"\/hu\/\">szex baba<\/a>, ez\u00e9rt valahol a kett\u0151 k\u00f6z\u00f6tt van a mi\u00e9nk\u00a0<a href=\"https:\/\/en.wikipedia.org\/wiki\/Thermoplastic_elastomer\" target=\"_blank\" rel=\"noopener\">tpe<\/a> igazi szerelmes baba t\u00f6rzs. Sokkal jobb alternat\u00edva a maszturb\u00e1torokhoz k\u00e9pest, \u00e9s el\u00e9g k\u00f6zelebbi \u00e9rz\u00e9st ad, hogy kibaszott egy n\u0151t. El\u00f6lr\u0151l vagy h\u00e1tulr\u00f3l is hozz\u00e1f\u00e9rhet a puncihoz.<\/p>\n<p>Ha azt tervezte, hogy lemond a maszturb\u00e1torr\u00f3l, akkor itt a lehet\u0151s\u00e9g. Rendeljen most, \u00e9s n\u00e9h\u00e1ny napon bel\u00fcl h\u00e1zhoz sz\u00e1ll\u00edtja, tov\u00e1bbi k\u00f6lts\u00e9gek n\u00e9lk\u00fcl.<\/p>\n<p><img fetchpriority=\"high\" decoding=\"async\" class=\"alignnone wp-image-3035 size-full\" src=\"https:\/\/sexdollxxx.com\/wp-content\/uploads\/2021\/06\/ass-sex-doll-torso-measurement.jpg\" alt=\"Love Doll Torso\" width=\"1000\" height=\"1000\" title=\"\" srcset=\"https:\/\/sexdollxxx.com\/wp-content\/uploads\/2021\/06\/ass-sex-doll-torso-measurement.jpg 1000w, https:\/\/sexdollxxx.com\/wp-content\/uploads\/2021\/06\/ass-sex-doll-torso-measurement-300x300.jpg 300w, https:\/\/sexdollxxx.com\/wp-content\/uploads\/2021\/06\/ass-sex-doll-torso-measurement-250x250.jpg 250w, https:\/\/sexdollxxx.com\/wp-content\/uploads\/2021\/06\/ass-sex-doll-torso-measurement-600x600.jpg 600w, https:\/\/sexdollxxx.com\/wp-content\/uploads\/2021\/06\/ass-sex-doll-torso-measurement-150x150.jpg 150w, https:\/\/sexdollxxx.com\/wp-content\/uploads\/2021\/06\/ass-sex-doll-torso-measurement-768x768.jpg 768w, https:\/\/sexdollxxx.com\/wp-content\/uploads\/2021\/06\/ass-sex-doll-torso-measurement-100x100.jpg 100w\" sizes=\"(max-width: 1000px) 100vw, 1000px\"><\/p>","protected":false},"excerpt":{"rendered":"<p><span style=\"color: #f73e74;\">Sz\u00e1ll\u00edt\u00e1sra k\u00e9szen az USA-ba, az EU-ba, Kanad\u00e1ba \u00e9s Ausztr\u00e1li\u00e1ba<\/span><\/p>","protected":false},"featured_media":3045,"comment_status":"open","ping_status":"closed","template":"","meta":[],"product_cat":[205,194,189,219,344],"product_tag":[396],"class_list":{"0":"post-3030","1":"product","2":"type-product","3":"status-publish","4":"has-post-thumbnail","6":"product_cat-sex-doll-torso","7":"product_cat-65cm-88cm-sex-doll","8":"product_cat-mini-sex-doll","9":"product_cat-real-sex-dolls","10":"product_cat-tpe-sex-doll","11":"product_tag-65cm","12":"tm-no-options","14":"first","15":"instock","16":"sale","17":"shipping-taxable","18":"purchasable","19":"product-type-simple","swatches":"rey-swatches","show_selected":""},"_links":{"self":[{"href":"https:\/\/sexdollxxx.com\/hu\/wp-json\/wp\/v2\/product\/3030","targetHints":{"allow":["GET"]}}],"collection":[{"href":"https:\/\/sexdollxxx.com\/hu\/wp-json\/wp\/v2\/product"}],"about":[{"href":"https:\/\/sexdollxxx.com\/hu\/wp-json\/wp\/v2\/types\/product"}],"replies":[{"embeddable":true,"href":"https:\/\/sexdollxxx.com\/hu\/wp-json\/wp\/v2\/comments?post=3030"}],"wp:featuredmedia":[{"embeddable":true,"href":"https:\/\/sexdollxxx.com\/hu\/wp-json\/wp\/v2\/media\/3045"}],"wp:attachment":[{"href":"https:\/\/sexdollxxx.com\/hu\/wp-json\/wp\/v2\/media?parent=3030"}],"wp:term":[{"taxonomy":"product_cat","embeddable":true,"href":"https:\/\/sexdollxxx.com\/hu\/wp-json\/wp\/v2\/product_cat?post=3030"},{"taxonomy":"product_tag","embeddable":true,"href":"https:\/\/sexdollxxx.com\/hu\/wp-json\/wp\/v2\/product_tag?post=3030"}],"curies":[{"name":"wp","href":"https:\/\/api.w.org\/{rel}","templated":true}]}}