{"id":3047,"date":"2021-06-11T23:40:42","date_gmt":"2021-06-11T23:40:42","guid":{"rendered":"https:\/\/bluebirds.sslcommerz.org\/?post_type=product&#038;p=3047"},"modified":"2025-08-19T01:47:50","modified_gmt":"2025-08-18T17:47:50","slug":"lifelike-torso-doll-gigi","status":"publish","type":"product","link":"https:\/\/sexdollxxx.com\/hu\/lifelike-torso-doll-gigi\/","title":{"rendered":"Kis \u00e9leth\u0171 Torso Doll \u2013 Gigi"},"content":{"rendered":"<h2>Kis \u00e9leth\u0171 Torso Doll \u2013 Gigi<\/h2>\n<p>Nem mindenki akarja a <a href=\"https:\/\/en.wikipedia.org\/wiki\/Sex_doll\" target=\"_blank\" rel=\"noopener\">szex baba<\/a> a teljes szem\u00e9lyes hat\u00e1s \u00e9rdek\u00e9ben, \u00e9s az emberek ezen csoportja sz\u00e1m\u00e1ra min\u00e9l k\u00f6nnyebb \u00e9s kisebb, ann\u00e1l jobb. A TPE n\u00e9ven ismert anyagnak k\u00f6sz\u00f6nhet\u0151en vannak olyan szexbab\u00e1k, amelyek ak\u00e1r 4,4 kilogramm s\u00faly\u00faak \u00e9s kicsik is, 11,6 h\u00fcvelykes m\u00e9ret\u00fckkel.<\/p>\n<p>A k\u00f6nny\u0171 s\u00falyon t\u00fal a TPE tov\u00e1bbi el\u0151nye a b\u0151rszer\u0171 tapint\u00e1s, amely a lehet\u0151 leg\u00e9leth\u0171bb\u00e9 teszi a szexet egy kis t\u00f6rzs\u0171 bab\u00e1val. Ez k\u00fcl\u00f6n\u00f6s hangs\u00falyt fektet a v\u00e9gb\u00e9lny\u00edl\u00e1sra \u00e9s a h\u00fcvelyre, amelyek t\u00f6bb red\u0151vel vannak kialak\u00edtva, hogy elk\u00e9peszt\u0151 \u00e9lm\u00e9nyt ny\u00fajthassanak egy igazi n\u0151 \u00fct\u00e9s\u00e9nek.<\/p>\n<p>N\u00e9h\u00e1ny el\u0151nye a <strong>megfizethet\u0151 TPE kis, \u00e9leth\u0171 torz\u00f3baba <\/strong>viszonylag olcs\u00f3, k\u00f6nnyen tiszt\u00edthat\u00f3 \u00e9s nem ig\u00e9nyel nagy t\u00e1rhelyet.<\/p>\n<p><img fetchpriority=\"high\" decoding=\"async\" class=\"alignnone wp-image-3053 size-full\" src=\"https:\/\/sexdollxxx.com\/wp-content\/uploads\/2021\/06\/torso-sex-doll-measurement.jpg\" alt=\"Torz\u00f3 baba\" width=\"1000\" height=\"1000\" title=\"\" srcset=\"https:\/\/sexdollxxx.com\/wp-content\/uploads\/2021\/06\/torso-sex-doll-measurement.jpg 1000w, https:\/\/sexdollxxx.com\/wp-content\/uploads\/2021\/06\/torso-sex-doll-measurement-300x300.jpg 300w, https:\/\/sexdollxxx.com\/wp-content\/uploads\/2021\/06\/torso-sex-doll-measurement-250x250.jpg 250w, https:\/\/sexdollxxx.com\/wp-content\/uploads\/2021\/06\/torso-sex-doll-measurement-600x600.jpg 600w, https:\/\/sexdollxxx.com\/wp-content\/uploads\/2021\/06\/torso-sex-doll-measurement-150x150.jpg 150w, https:\/\/sexdollxxx.com\/wp-content\/uploads\/2021\/06\/torso-sex-doll-measurement-768x768.jpg 768w, https:\/\/sexdollxxx.com\/wp-content\/uploads\/2021\/06\/torso-sex-doll-measurement-100x100.jpg 100w\" sizes=\"(max-width: 1000px) 100vw, 1000px\"><\/p>","protected":false},"excerpt":{"rendered":"<p><span style=\"color: #f73e74;\">Sz\u00e1ll\u00edt\u00e1sra k\u00e9szen az USA-ba, az EU-ba, Kanad\u00e1ba \u00e9s Ausztr\u00e1li\u00e1ba<\/span><\/p>","protected":false},"featured_media":3060,"comment_status":"open","ping_status":"closed","template":"","meta":[],"product_cat":[205,194,189,219,344],"product_tag":[396],"class_list":{"0":"post-3047","1":"product","2":"type-product","3":"status-publish","4":"has-post-thumbnail","6":"product_cat-sex-doll-torso","7":"product_cat-65cm-88cm-sex-doll","8":"product_cat-mini-sex-doll","9":"product_cat-real-sex-dolls","10":"product_cat-tpe-sex-doll","11":"product_tag-65cm","12":"tm-no-options","14":"first","15":"instock","16":"sale","17":"shipping-taxable","18":"purchasable","19":"product-type-simple","swatches":"rey-swatches","show_selected":""},"_links":{"self":[{"href":"https:\/\/sexdollxxx.com\/hu\/wp-json\/wp\/v2\/product\/3047","targetHints":{"allow":["GET"]}}],"collection":[{"href":"https:\/\/sexdollxxx.com\/hu\/wp-json\/wp\/v2\/product"}],"about":[{"href":"https:\/\/sexdollxxx.com\/hu\/wp-json\/wp\/v2\/types\/product"}],"replies":[{"embeddable":true,"href":"https:\/\/sexdollxxx.com\/hu\/wp-json\/wp\/v2\/comments?post=3047"}],"wp:featuredmedia":[{"embeddable":true,"href":"https:\/\/sexdollxxx.com\/hu\/wp-json\/wp\/v2\/media\/3060"}],"wp:attachment":[{"href":"https:\/\/sexdollxxx.com\/hu\/wp-json\/wp\/v2\/media?parent=3047"}],"wp:term":[{"taxonomy":"product_cat","embeddable":true,"href":"https:\/\/sexdollxxx.com\/hu\/wp-json\/wp\/v2\/product_cat?post=3047"},{"taxonomy":"product_tag","embeddable":true,"href":"https:\/\/sexdollxxx.com\/hu\/wp-json\/wp\/v2\/product_tag?post=3047"}],"curies":[{"name":"wp","href":"https:\/\/api.w.org\/{rel}","templated":true}]}}