{"id":3061,"date":"2021-06-11T23:44:24","date_gmt":"2021-06-11T23:44:24","guid":{"rendered":"https:\/\/bluebirds.sslcommerz.org\/?post_type=product&#038;p=3061"},"modified":"2025-08-16T10:24:58","modified_gmt":"2025-08-16T02:24:58","slug":"tpe-torso-doll-veronica","status":"publish","type":"product","link":"https:\/\/sexdollxxx.com\/hu\/tpe-torso-doll-veronica\/","title":{"rendered":"TPE torz\u00f3baba szexhez \u2013 Veronica"},"content":{"rendered":"<h2>TPE torz\u00f3baba szexhez \u2013 Veronica<\/h2>\n<p>Az <a href=\"\/hu\/140cm-tpe-doll-pepper\/\">szex baba tpe<\/a> a t\u00f6rzs a k\u00f6zvet\u00edt\u0151 a teljes m\u00e9ret\u0171 szexbaba \u00e9s a <a href=\"https:\/\/www.snapdeal.com\/products\/mens-sex-toys-masturbators-fleshlights?sort=plrty\" target=\"_blank\" rel=\"noopener\">maszturb\u00e1tor<\/a>; vagy jobb megfogalmaz\u00e1sban: egy fels\u0151test\u0171 szexbaba a v\u00e9gtagok \u00e9s a fej n\u00e9lk\u00fcl. \u00cdgy sokkal kisebbek \u00e9s k\u00f6nnyebbek a k\u00f6nnyebb haszn\u00e1lat, karbantart\u00e1s \u00e9s t\u00e1rol\u00e1s \u00e9rdek\u00e9ben. Ez a k\u00fcl\u00f6nleges csak 55 cm hossz\u00fa, m\u00e9gis meg\u0151rzi az igazi emberi \u00e9rz\u00e9st.<\/p>\n<p>Ennek a szexbaba t\u00f6rzs\u00e9nek m\u00e9g be\u00e9p\u00edtett f\u00e9mv\u00e1za van, amely lehet\u0151v\u00e9 teszi a mozg\u00e1st szex k\u00f6zben, valamint a TPE b\u0151r, amely az intimit\u00e1s \u00e9rzet\u00e9t kelti egy val\u00f3di szem\u00e9llyel. Mivel f\u0151k\u00e9nt szexre k\u00e9sz\u00fclt, nagy priorit\u00e1st \u00e9lveztek neki <a href=\"https:\/\/en.wikipedia.org\/wiki\/Labia\" target=\"_blank\" rel=\"noopener\">szem\u00e9remajkak<\/a> a h\u00fcvelye m\u00e9ly\u00e9ig. Ez meghaladja a maszturb\u00e1torok \u00e1ltal ny\u00fajtott \u00f6r\u00f6m\u00f6ket.<\/p>\n<p><img fetchpriority=\"high\" decoding=\"async\" class=\"alignnone wp-image-3070 size-full\" src=\"https:\/\/sexdollxxx.com\/wp-content\/uploads\/2021\/06\/55cm-torso-sex-doll.jpg\" alt=\"TPE t\u00f6rzs\" width=\"1000\" height=\"1000\" title=\"\" srcset=\"https:\/\/sexdollxxx.com\/wp-content\/uploads\/2021\/06\/55cm-torso-sex-doll.jpg 1000w, https:\/\/sexdollxxx.com\/wp-content\/uploads\/2021\/06\/55cm-torso-sex-doll-300x300.jpg 300w, https:\/\/sexdollxxx.com\/wp-content\/uploads\/2021\/06\/55cm-torso-sex-doll-250x250.jpg 250w, https:\/\/sexdollxxx.com\/wp-content\/uploads\/2021\/06\/55cm-torso-sex-doll-600x600.jpg 600w, https:\/\/sexdollxxx.com\/wp-content\/uploads\/2021\/06\/55cm-torso-sex-doll-150x150.jpg 150w, https:\/\/sexdollxxx.com\/wp-content\/uploads\/2021\/06\/55cm-torso-sex-doll-768x768.jpg 768w, https:\/\/sexdollxxx.com\/wp-content\/uploads\/2021\/06\/55cm-torso-sex-doll-100x100.jpg 100w\" sizes=\"(max-width: 1000px) 100vw, 1000px\"><\/p>","protected":false},"excerpt":{"rendered":"<p><span style=\"color: #f73e74;\">Sz\u00e1ll\u00edt\u00e1sra k\u00e9szen az USA-ba, az EU-ba, Kanad\u00e1ba \u00e9s Ausztr\u00e1li\u00e1ba<\/span><\/p>","protected":false},"featured_media":3067,"comment_status":"open","ping_status":"closed","template":"","meta":[],"product_cat":[205,194,189,219,344],"product_tag":[381],"class_list":{"0":"post-3061","1":"product","2":"type-product","3":"status-publish","4":"has-post-thumbnail","6":"product_cat-sex-doll-torso","7":"product_cat-65cm-88cm-sex-doll","8":"product_cat-mini-sex-doll","9":"product_cat-real-sex-dolls","10":"product_cat-tpe-sex-doll","11":"product_tag-123cm","12":"tm-no-options","14":"first","15":"instock","16":"sale","17":"shipping-taxable","18":"purchasable","19":"product-type-simple","swatches":"rey-swatches","show_selected":""},"_links":{"self":[{"href":"https:\/\/sexdollxxx.com\/hu\/wp-json\/wp\/v2\/product\/3061","targetHints":{"allow":["GET"]}}],"collection":[{"href":"https:\/\/sexdollxxx.com\/hu\/wp-json\/wp\/v2\/product"}],"about":[{"href":"https:\/\/sexdollxxx.com\/hu\/wp-json\/wp\/v2\/types\/product"}],"replies":[{"embeddable":true,"href":"https:\/\/sexdollxxx.com\/hu\/wp-json\/wp\/v2\/comments?post=3061"}],"wp:featuredmedia":[{"embeddable":true,"href":"https:\/\/sexdollxxx.com\/hu\/wp-json\/wp\/v2\/media\/3067"}],"wp:attachment":[{"href":"https:\/\/sexdollxxx.com\/hu\/wp-json\/wp\/v2\/media?parent=3061"}],"wp:term":[{"taxonomy":"product_cat","embeddable":true,"href":"https:\/\/sexdollxxx.com\/hu\/wp-json\/wp\/v2\/product_cat?post=3061"},{"taxonomy":"product_tag","embeddable":true,"href":"https:\/\/sexdollxxx.com\/hu\/wp-json\/wp\/v2\/product_tag?post=3061"}],"curies":[{"name":"wp","href":"https:\/\/api.w.org\/{rel}","templated":true}]}}