{"id":579,"date":"2021-06-01T15:27:36","date_gmt":"2021-06-01T15:27:36","guid":{"rendered":"https:\/\/bluebirds.sslcommerz.org\/?page_id=579"},"modified":"2024-11-16T16:30:14","modified_gmt":"2024-11-16T08:30:14","slug":"more-sex-doll-sites","status":"publish","type":"page","link":"https:\/\/sexdollxxx.com\/lt\/more-sex-doll-sites\/","title":{"rendered":"Daugiau sekso l\u0117li\u0173 svetaini\u0173"},"content":{"rendered":"<div data-elementor-type=\"wp-page\" data-elementor-id=\"579\" class=\"elementor elementor-579\" data-elementor-post-type=\"page\">\n\t\t\t\t\t\t<section class=\"elementor-section elementor-top-section elementor-element elementor-element-6e09150 elementor-section-boxed elementor-section-height-default elementor-section-height-default\" data-id=\"6e09150\" data-element_type=\"section\">\n\t\t\t\t\t\t<div class=\"elementor-container elementor-column-gap-default\">\n\t\t\t\t\t<div class=\"elementor-column elementor-col-100 elementor-top-column elementor-element elementor-element-6bc6109\" data-id=\"6bc6109\" data-element_type=\"column\">\n\t\t\t<div class=\"elementor-column-wrap--6bc6109 elementor-widget-wrap elementor-element-populated\">\n\t\t\t\t\t\t<div class=\"elementor-element elementor-element-84793b0 elementor-widget elementor-widget-woocommerce-breadcrumb\" data-id=\"84793b0\" data-element_type=\"widget\" data-widget_type=\"woocommerce-breadcrumb.default\">\n\t\t\t\t<div class=\"elementor-widget-container\">\n\t\t\t\t\t<nav class=\"rey-breadcrumbs\"><div class=\"rey-breadcrumbs-item\" data-no-translation=\"\" data-trp-gettext=\"\">Namai<\/div><\/nav>\t\t\t\t<\/div>\n\t\t\t\t<\/div>\n\t\t\t\t\t<\/div>\n\t\t<\/div>\n\t\t\t\t\t<\/div>\n\t\t<\/section>\n\t\t\t\t<section class=\"elementor-section elementor-top-section elementor-element elementor-element-2ff495d elementor-section-boxed elementor-section-height-default elementor-section-height-default\" data-id=\"2ff495d\" data-element_type=\"section\">\n\t\t\t\t\t\t<div class=\"elementor-container elementor-column-gap-default\">\n\t\t\t\t\t<div class=\"elementor-column elementor-col-100 elementor-top-column elementor-element elementor-element-84c644f\" data-id=\"84c644f\" data-element_type=\"column\">\n\t\t\t<div class=\"elementor-column-wrap--84c644f elementor-widget-wrap elementor-element-populated\">\n\t\t\t\t\t\t<div class=\"elementor-element elementor-element-3f36792 elementor-widget elementor-widget-heading\" data-id=\"3f36792\" data-element_type=\"widget\" data-widget_type=\"heading.default\">\n\t\t\t\t<div class=\"elementor-widget-container\">\n\t\t\t\t\t<h1 class=\"elementor-heading-title elementor-size-default\">Daugiau sekso l\u0117li\u0173 svetaini\u0173<\/h1>\t\t\t\t<\/div>\n\t\t\t\t<\/div>\n\t\t\t\t\t<\/div>\n\t\t<\/div>\n\t\t\t\t\t<\/div>\n\t\t<\/section>\n\t\t\t\t<section class=\"elementor-section elementor-top-section elementor-element elementor-element-0f1ceb6 elementor-section-boxed elementor-section-height-default elementor-section-height-default\" data-id=\"0f1ceb6\" data-element_type=\"section\">\n\t\t\t\t\t\t<div class=\"elementor-container elementor-column-gap-default\">\n\t\t\t\t\t<div class=\"elementor-column elementor-col-50 elementor-top-column elementor-element elementor-element-3f6db41\" data-id=\"3f6db41\" data-element_type=\"column\">\n\t\t\t<div class=\"elementor-column-wrap--3f6db41 elementor-widget-wrap elementor-element-populated\">\n\t\t\t\t\t\t<div class=\"elementor-element elementor-element-fc616c8 elementor-bg-transform elementor-bg-transform-move-up elementor-cta--skin-classic elementor-animated-content elementor-widget elementor-widget-call-to-action\" data-id=\"fc616c8\" data-element_type=\"widget\" data-widget_type=\"call-to-action.default\">\n\t\t\t\t<div class=\"elementor-widget-container\">\n\t\t\t\t\t\t\t<div class=\"elementor-cta\">\n\t\t\t\t\t<div class=\"elementor-cta__bg-wrapper\">\n\t\t\t\t<div class=\"elementor-cta__bg elementor-bg\" style=\"background-image: url(https:\/\/sexdollxxx.com\/wp-content\/uploads\/2021\/06\/buy-sex-doll-on-aliexpress.jpg);\" role=\"img\" aria-label=\"pirk-sekso-l\u0117l\u0119-aliexpress\"><\/div>\n\t\t\t\t<div class=\"elementor-cta__bg-overlay\"><\/div>\n\t\t\t<\/div>\n\t\t\t\t\t\t\t\t<\/div>\n\t\t\t\t\t\t<\/div>\n\t\t\t\t<\/div>\n\t\t\t\t<div class=\"elementor-element elementor-element-8996d36 elementor-widget elementor-widget-text-editor\" data-id=\"8996d36\" data-element_type=\"widget\" data-widget_type=\"text-editor.default\">\n\t\t\t\t<div class=\"elementor-widget-container\">\n\t\t\t\t\t\t\t\t\tPirkite sekso l\u0117les \u201eAliexpress\u201c.\t\t\t\t\t\t\t\t<\/div>\n\t\t\t\t<\/div>\n\t\t\t\t\t<\/div>\n\t\t<\/div>\n\t\t\t\t<div class=\"elementor-column elementor-col-50 elementor-top-column elementor-element elementor-element-52c154c\" data-id=\"52c154c\" data-element_type=\"column\">\n\t\t\t<div class=\"elementor-column-wrap--52c154c elementor-widget-wrap elementor-element-populated\">\n\t\t\t\t\t\t<div class=\"elementor-element elementor-element-e94131b elementor-bg-transform elementor-bg-transform-move-up elementor-cta--skin-classic elementor-animated-content elementor-widget elementor-widget-call-to-action\" data-id=\"e94131b\" data-element_type=\"widget\" data-widget_type=\"call-to-action.default\">\n\t\t\t\t<div class=\"elementor-widget-container\">\n\t\t\t\t\t\t\t<div class=\"elementor-cta\">\n\t\t\t\t\t<div class=\"elementor-cta__bg-wrapper\">\n\t\t\t\t<div class=\"elementor-cta__bg elementor-bg\" style=\"background-image: url(https:\/\/sexdollxxx.com\/wp-content\/uploads\/2021\/06\/buy-sex-doll-on-amazon.jpg);\" role=\"img\" aria-label=\"pirk-sekso-l\u0117l\u0117-amazone\"><\/div>\n\t\t\t\t<div class=\"elementor-cta__bg-overlay\"><\/div>\n\t\t\t<\/div>\n\t\t\t\t\t\t\t\t<\/div>\n\t\t\t\t\t\t<\/div>\n\t\t\t\t<\/div>\n\t\t\t\t<div class=\"elementor-element elementor-element-22b8323 elementor-widget elementor-widget-text-editor\" data-id=\"22b8323\" data-element_type=\"widget\" data-widget_type=\"text-editor.default\">\n\t\t\t\t<div class=\"elementor-widget-container\">\n\t\t\t\t\t\t\t\t\tPirkite sekso l\u0117les \u201eAmazon\u201c.\t\t\t\t\t\t\t\t<\/div>\n\t\t\t\t<\/div>\n\t\t\t\t\t<\/div>\n\t\t<\/div>\n\t\t\t\t\t<\/div>\n\t\t<\/section>\n\t\t\t\t<section class=\"elementor-section elementor-top-section elementor-element elementor-element-f228c90 elementor-section-boxed elementor-section-height-default elementor-section-height-default\" data-id=\"f228c90\" data-element_type=\"section\">\n\t\t\t\t\t\t<div class=\"elementor-container elementor-column-gap-default\">\n\t\t\t\t\t<div class=\"elementor-column elementor-col-100 elementor-top-column elementor-element elementor-element-277bf01\" data-id=\"277bf01\" data-element_type=\"column\">\n\t\t\t<div class=\"elementor-column-wrap--277bf01 elementor-widget-wrap elementor-element-populated\">\n\t\t\t\t\t\t<div class=\"elementor-element elementor-element-10a8e0b elementor-widget elementor-widget-text-editor\" data-id=\"10a8e0b\" data-element_type=\"widget\" data-widget_type=\"text-editor.default\">\n\t\t\t\t<div class=\"elementor-widget-container\">\n\t\t\t\t\t\t\t\t\t<p>Jei m\u016bs\u0173 l\u0117l\u0117s jums netinka, daugiau l\u0117li\u0173 galite rasti kai kuriose sekso l\u0117li\u0173 svetain\u0117se. Jie suskai\u010diuos populiariausius sekso \u017eaisl\u0173 prekybos centrus internete ir sudarys reitingus pagal vartotoj\u0173 atsiliepimus ir kain\u0173 veiksnius. Jums nereikia i\u0161leisti daugiau energijos, kad surastum\u0117te \u0161ias svetaines, mes si\u016blome \u0161ias sekso l\u0117li\u0173 svetaines.<\/p>\t\t\t\t\t\t\t\t<\/div>\n\t\t\t\t<\/div>\n\t\t\t\t<div class=\"elementor-element elementor-element-bf413c6 elementor-widget elementor-widget-text-editor\" data-id=\"bf413c6\" data-element_type=\"widget\" data-widget_type=\"text-editor.default\">\n\t\t\t\t<div class=\"elementor-widget-container\">\n\t\t\t\t\t\t\t\t\t<ul><li><a href=\"https:\/\/sndoll.com\/\" target=\"_blank\" rel=\"noopener\"><span style=\"color: red;\">SnDoll:<\/span><\/a> 4500 Sekso l\u0117l\u0117 puikiai pagaminta i\u0161 TPE ir silikonin\u0117s med\u017eiagos, Esame patikimiausia sekso l\u0117li\u0173 kompanija, nes savo klientams tiekiame auk\u0161tos kokyb\u0117s mink\u0161tas ir saugias meil\u0117s l\u0117les bei super TPE sekso l\u0117les. Garantuotas pristatymas ir nemokamas pristatymas!<\/li><li><a href=\"https:\/\/pornsites.xxx\/\" target=\"_blank\" rel=\"noopener\"><span style=\"color: red;\">Pornografini\u0173 svetaini\u0173 ap\u017evalgos:<\/span><\/a> Pornografijos svetain\u0117s yra tiesiog geriausi\u0173 pornografini\u0173 svetaini\u0173 ir sekso \u017eaisl\u0173 svetaini\u0173 s\u0105ra\u0161as. Raskite XXX ap\u017evalgas ir s\u0105\u017einingus populiariausi\u0173 sekso kamer\u0173, vamzd\u017ei\u0173, VR ir daugyb\u0117s nemokam\u0173 svetaini\u0173 reitingus!<\/li><li><a href=\"https:\/\/utengrense.com\/\" target=\"_blank\" rel=\"noopener\"><span style=\"color: red;\">Utengrense.com:<\/span><\/a> Norvegijoje turime internetin\u0119 sekso preki\u0173 parduotuv\u0119 ir norime parduoti savo klientams tik auk\u0161tos kokyb\u0117s prekes u\u017e ger\u0105 kain\u0105, pavyzd\u017eiui, sekso \u017eaislus ir seksual\u0173 apatin\u012f trikota\u017e\u0105.<\/li><li><a href=\"https:\/\/www.pincelebs.net\/\" target=\"_blank\" rel=\"noopener\"><span style=\"color: red;\">Prisegti \u012f\u017eymybes:<\/span><\/a> Nuogas, nuogas, apsiaustas, seksualus ir per\u017ei\u016br\u0117kite \u012f\u017eymi\u0173 aktori\u0173, daininink\u0173, modeli\u0173 ir televizijos asmenybi\u0173 atvaizdus<\/li><li><a href=\"https:\/\/www.youpornlist.com\/\" target=\"_blank\" rel=\"noopener\"><span style=\"color: red;\">Youpornlist.com: <\/span><\/a>\u201eYouPornList\u201c yra geriausi\u0173 pornografini\u0173 svetaini\u0173 pasirinkimas pagal kategorijas. Kiekviena svetain\u0117 buvo atrinkta po ilgos ir kruop\u0161\u010dios m\u016bs\u0173 rank\u0173 darbo ekspert\u0173 analiz\u0117s.<\/li><li><a href=\"https:\/\/www.porninspector.com\/\" target=\"_blank\" rel=\"noopener\"><span style=\"color: red;\">Porninspector.com:<\/span><\/a> \u201ePorn Inspector\u201c turi daug pornografini\u0173 ap\u017evalg\u0173 apie kai kurias perspektyviausias svetaines suaugusiesiems. Mes visada pateikiame s\u0105\u017einingiausi\u0105 ir ne\u0161ali\u0161kiausi\u0105 nuomon\u0119. Kiekviename \u012fra\u0161e bus daug nuotrauk\u0173 ir vaizdo \u012fra\u0161\u0173 pavyzd\u017ei\u0173, paimt\u0173 tiesiai i\u0161 tos svetain\u0117s nario srities, tod\u0117l gal\u0117site tiksliai pamatyti, kas si\u016bloma prie\u0161 nusprend\u017eiant pirkti!<\/li><li><a href=\"http:\/\/hentai-gamer.com\/\" target=\"_blank\" rel=\"noopener\"><span style=\"color: red;\">Hentai-Gamer:<\/span><\/a> Hentai-Gamer.com yra geriausia 100% nemokam\u0173 Hentai \u017eaidim\u0173 svetain\u0117. Taigi pirmyn ir \u017eaiskite Hentai Flash \u017eaidimus dabar!<\/li><li><a href=\"https:\/\/sexdollpornhd.com\/\" target=\"_blank\" rel=\"noopener\"><span style=\"color: red;\">Sekso l\u0117li\u0173 porno HD: <\/span><\/a>Per\u017ei\u016br\u0117kite sekso l\u0117li\u0173 pornografinius vaizdo \u012fra\u0161us svetain\u0117je SexDollPornHD.com, kad gal\u0117tum\u0117te pamatyti savo meil\u0117s l\u0117l\u0119 prie\u0161 j\u0105 pirkdami!<\/li><li><a href=\"https:\/\/www.thesafeporn.com\/\" target=\"_blank\" rel=\"noopener\"><span style=\"color: red;\">Saugi pornografija: <\/span><\/a>svetain\u0117je thesafeporn.com rasite t\u016bkstan\u010dius pornografini\u0173 svetaini\u0173, atrinkt\u0173 pagal j\u0173 kokyb\u0119 ir saug\u0105, kiekvienoje svetain\u0117je rasite ap\u017evalg\u0105, kuri pad\u0117s jums pasirinkti.<\/li><li><a href=\"https:\/\/allpornsites.net\/\" target=\"_blank\" rel=\"noopener\"><span style=\"color: red;\">Allpornsites.net:<\/span><\/a> Visose Pornografijos Svetain\u0117se, Rasite Did\u017eiausi\u0105 Pornografijos svetaini\u0173 pasirinkim\u0105 Visatoje, Kuris Gets Reguliariai Atnaujinama Beveik Kiekvien\u0105 Dien\u0105 Su Naujomis Pornografijos Svetain\u0117mis I\u0161 Bet kokios Ni\u0161os.<\/li><li><a href=\"https:\/\/hotpornbible.com\/\" target=\"_blank\" rel=\"noopener\"><span style=\"color: red;\">Populiariausi\u0173 pornografini\u0173 svetaini\u0173 s\u0105ra\u0161as:<\/span><\/a>Hot Porn Bible turi populiariausias pornografines svetaines pasaulyje! Kiekvienoje kategorijoje turime auk\u0161\u010diausios kokyb\u0117s nemokamas ir auk\u0161\u010diausios kokyb\u0117s suaugusi\u0173j\u0173 xxx svetaines.<\/li><li><a href=\"https:\/\/www.mrpinks.com\/\" target=\"_blank\" rel=\"noopener\"><span style=\"color: red;\">Pornografijos ap\u017evalgos:<\/span><\/a> Mr. Pink&#039;s Porn Reviews yra j\u016bs\u0173 patikima pornografijos ap\u017evalg\u0173 svetain\u0117, kurioje rasite s\u0105\u017eining\u0173 suaugusi\u0173j\u0173 svetaini\u0173 ap\u017evalg\u0173, pornografijos su nuolaidomis ir geriausi\u0173 pornografini\u0173 svetaini\u0173.<\/li><li><a href=\"https:\/\/richobo.com\/\" target=\"_blank\" rel=\"noopener\"><span style=\"color: red;\">Skelbimai ir palydos vadovas | Richobo: <\/span><\/a>Pramogini\u0173 naujien\u0173 s\u0105ra\u0161as tarptautini\u0173 suaugusi\u0173j\u0173 skelbim\u0173 Richobo \/ palydos \/ renginiai \/ striptizo \u0161ok\u0117jai \/ suaugusi\u0173j\u0173 paslaugos \/ xguide \/ modeliai \/ masa\u017eai \/ prabang\u016bs automobiliai<\/li><li><a href=\"https:\/\/uncams.com\/\" target=\"_blank\" rel=\"noopener\"><span style=\"color: red;\">JT kameros:<\/span><\/a> \u017di\u016br\u0117kite tiesiogines kameras dabar! Registracija nereikalinga \u2013 100% nemokamas necenz\u016bruotas suaugusi\u0173j\u0173 pokalbis. Prad\u0117kite kalb\u0117tis su m\u0117g\u0117jais, ekshibicionistais, pornografin\u0117mis \u017evaig\u017ed\u0117mis naudodami HD vaizdo \u012fra\u0161\u0105 ir gars\u0105.<\/li><li><p><a href=\"https:\/\/thebestfetishsites.com\/adult-toy-stores\/\" target=\"_blank\" rel=\"noopener\">Populiariausios sekso \u017eaisl\u0173 svetain\u0117s<\/a> :\u00a0<\/p><\/li><\/ul>\t\t\t\t\t\t\t\t<\/div>\n\t\t\t\t<\/div>\n\t\t\t\t\t<\/div>\n\t\t<\/div>\n\t\t\t\t\t<\/div>\n\t\t<\/section>\n\t\t\t\t<section class=\"elementor-section elementor-top-section elementor-element elementor-element-9b10116 elementor-section-boxed elementor-section-height-default elementor-section-height-default\" data-id=\"9b10116\" data-element_type=\"section\">\n\t\t\t\t\t\t<div class=\"elementor-container elementor-column-gap-default\">\n\t\t\t\t\t<div class=\"elementor-column elementor-col-100 elementor-top-column elementor-element elementor-element-60c82a0\" data-id=\"60c82a0\" data-element_type=\"column\">\n\t\t\t<div class=\"elementor-column-wrap--60c82a0 elementor-widget-wrap elementor-element-populated\">\n\t\t\t\t\t\t<div class=\"elementor-element elementor-element-a13b0eb elementor-widget elementor-widget-spacer\" data-id=\"a13b0eb\" data-element_type=\"widget\" data-widget_type=\"spacer.default\">\n\t\t\t\t<div class=\"elementor-widget-container\">\n\t\t\t\t\t\t\t<div class=\"elementor-spacer\">\n\t\t\t<div class=\"elementor-spacer-inner\"><\/div>\n\t\t<\/div>\n\t\t\t\t\t\t<\/div>\n\t\t\t\t<\/div>\n\t\t\t\t\t<\/div>\n\t\t<\/div>\n\t\t\t\t\t<\/div>\n\t\t<\/section>\n\t\t\t\t<\/div>","protected":false},"excerpt":{"rendered":"<p>More Sex Doll Sites Buy Sex Dolls on Aliexpress Buy Sex Dolls on Amazon If our dolls are not suitable for you, you can find more dolls through some sex doll sites. They will count the most popular sex toy malls on the Internet and make rankings based on user reviews and price factors. You [&hellip;]<\/p>\n","protected":false},"author":3,"featured_media":0,"parent":0,"menu_order":0,"comment_status":"closed","ping_status":"closed","template":"elementor_header_footer","meta":{"footnotes":""},"class_list":["post-579","page","type-page","status-publish","hentry"],"_links":{"self":[{"href":"https:\/\/sexdollxxx.com\/lt\/wp-json\/wp\/v2\/pages\/579","targetHints":{"allow":["GET"]}}],"collection":[{"href":"https:\/\/sexdollxxx.com\/lt\/wp-json\/wp\/v2\/pages"}],"about":[{"href":"https:\/\/sexdollxxx.com\/lt\/wp-json\/wp\/v2\/types\/page"}],"author":[{"embeddable":true,"href":"https:\/\/sexdollxxx.com\/lt\/wp-json\/wp\/v2\/users\/3"}],"replies":[{"embeddable":true,"href":"https:\/\/sexdollxxx.com\/lt\/wp-json\/wp\/v2\/comments?post=579"}],"version-history":[{"count":0,"href":"https:\/\/sexdollxxx.com\/lt\/wp-json\/wp\/v2\/pages\/579\/revisions"}],"wp:attachment":[{"href":"https:\/\/sexdollxxx.com\/lt\/wp-json\/wp\/v2\/media?parent=579"}],"curies":[{"name":"wp","href":"https:\/\/api.w.org\/{rel}","templated":true}]}}