{"id":3030,"date":"2021-06-11T23:38:50","date_gmt":"2021-06-11T23:38:50","guid":{"rendered":"https:\/\/bluebirds.sslcommerz.org\/?post_type=product&#038;p=3030"},"modified":"2025-08-19T01:45:09","modified_gmt":"2025-08-18T17:45:09","slug":"real-love-doll-torso-ava","status":"publish","type":"product","link":"https:\/\/sexdollxxx.com\/lt\/real-love-doll-torso-ava\/","title":{"rendered":"Tikros meil\u0117s l\u0117l\u0117s liemuo \u2013 Ava"},"content":{"rendered":"<h2>Kar\u0161ta tikros meil\u0117s l\u0117l\u0117s liemuo<\/h2>\n<p>Tikras asilas, tikras p\u016blingas; Tai yra dalykai, kuri\u0173 masturbatorius niekada negali duoti, tod\u0117l jis greitai praranda populiarum\u0105 tarp \u017emoni\u0173. Be to, ne kiekvienas gali tur\u0117ti a <a href=\"\/lt\/\">sekso l\u0117l\u0117<\/a>, taigi ka\u017ekur tarp \u0161i\u0173 dviej\u0173 yra m\u016bs\u0173\u00a0<a href=\"https:\/\/en.wikipedia.org\/wiki\/Thermoplastic_elastomer\" target=\"_blank\" rel=\"noopener\">tpe<\/a> tikros meil\u0117s l\u0117l\u0117s liemuo. Tai daug geresn\u0117 alternatyva masturbatoriams ir suteikia pakankamai artimo jausmo, kad dulkina moteris. Taip pat galite pasiekti p\u016bling\u0105 i\u0161 priekio arba i\u0161 galo.<\/p>\n<p>Jei planavote atsisakyti masturbatoriaus, \u010dia yra j\u016bs\u0173 \u0161ansas. Pateikite u\u017esakym\u0105 dabar ir pristatykite j\u012f \u012f namus vos per kelias dienas be joki\u0173 papildom\u0173 i\u0161laid\u0173.<\/p>\n<p><img fetchpriority=\"high\" decoding=\"async\" class=\"alignnone wp-image-3035 size-full\" src=\"https:\/\/sexdollxxx.com\/wp-content\/uploads\/2021\/06\/ass-sex-doll-torso-measurement.jpg\" alt=\"Meil\u0117s l\u0117l\u0117s liemuo\" width=\"1000\" height=\"1000\" title=\"\" srcset=\"https:\/\/sexdollxxx.com\/wp-content\/uploads\/2021\/06\/ass-sex-doll-torso-measurement.jpg 1000w, https:\/\/sexdollxxx.com\/wp-content\/uploads\/2021\/06\/ass-sex-doll-torso-measurement-300x300.jpg 300w, https:\/\/sexdollxxx.com\/wp-content\/uploads\/2021\/06\/ass-sex-doll-torso-measurement-250x250.jpg 250w, https:\/\/sexdollxxx.com\/wp-content\/uploads\/2021\/06\/ass-sex-doll-torso-measurement-600x600.jpg 600w, https:\/\/sexdollxxx.com\/wp-content\/uploads\/2021\/06\/ass-sex-doll-torso-measurement-150x150.jpg 150w, https:\/\/sexdollxxx.com\/wp-content\/uploads\/2021\/06\/ass-sex-doll-torso-measurement-768x768.jpg 768w, https:\/\/sexdollxxx.com\/wp-content\/uploads\/2021\/06\/ass-sex-doll-torso-measurement-100x100.jpg 100w\" sizes=\"(max-width: 1000px) 100vw, 1000px\"><\/p>","protected":false},"excerpt":{"rendered":"<p><span style=\"color: #f73e74;\">Paruo\u0161ta siuntimui \u012f JAV, ES, Kanad\u0105 ir Australij\u0105<\/span><\/p>","protected":false},"featured_media":3045,"comment_status":"open","ping_status":"closed","template":"","meta":[],"product_cat":[205,194,189,219,344],"product_tag":[396],"class_list":{"0":"post-3030","1":"product","2":"type-product","3":"status-publish","4":"has-post-thumbnail","6":"product_cat-sex-doll-torso","7":"product_cat-65cm-88cm-sex-doll","8":"product_cat-mini-sex-doll","9":"product_cat-real-sex-dolls","10":"product_cat-tpe-sex-doll","11":"product_tag-65cm","12":"tm-no-options","14":"first","15":"instock","16":"sale","17":"shipping-taxable","18":"purchasable","19":"product-type-simple","swatches":"rey-swatches","show_selected":""},"_links":{"self":[{"href":"https:\/\/sexdollxxx.com\/lt\/wp-json\/wp\/v2\/product\/3030","targetHints":{"allow":["GET"]}}],"collection":[{"href":"https:\/\/sexdollxxx.com\/lt\/wp-json\/wp\/v2\/product"}],"about":[{"href":"https:\/\/sexdollxxx.com\/lt\/wp-json\/wp\/v2\/types\/product"}],"replies":[{"embeddable":true,"href":"https:\/\/sexdollxxx.com\/lt\/wp-json\/wp\/v2\/comments?post=3030"}],"wp:featuredmedia":[{"embeddable":true,"href":"https:\/\/sexdollxxx.com\/lt\/wp-json\/wp\/v2\/media\/3045"}],"wp:attachment":[{"href":"https:\/\/sexdollxxx.com\/lt\/wp-json\/wp\/v2\/media?parent=3030"}],"wp:term":[{"taxonomy":"product_cat","embeddable":true,"href":"https:\/\/sexdollxxx.com\/lt\/wp-json\/wp\/v2\/product_cat?post=3030"},{"taxonomy":"product_tag","embeddable":true,"href":"https:\/\/sexdollxxx.com\/lt\/wp-json\/wp\/v2\/product_tag?post=3030"}],"curies":[{"name":"wp","href":"https:\/\/api.w.org\/{rel}","templated":true}]}}