{"id":3061,"date":"2021-06-11T23:44:24","date_gmt":"2021-06-11T23:44:24","guid":{"rendered":"https:\/\/bluebirds.sslcommerz.org\/?post_type=product&#038;p=3061"},"modified":"2025-08-16T10:24:58","modified_gmt":"2025-08-16T02:24:58","slug":"tpe-torso-doll-veronica","status":"publish","type":"product","link":"https:\/\/sexdollxxx.com\/lt\/tpe-torso-doll-veronica\/","title":{"rendered":"TPE liemens l\u0117l\u0117 seksui \u2013 Veronika"},"content":{"rendered":"<h2>TPE liemens l\u0117l\u0117 seksui \u2013 Veronika<\/h2>\n<p>The <a href=\"\/lt\/140cm-tpe-doll-pepper\/\">sekso l\u0117l\u0117 tpe<\/a> liemuo yra tarpininkas tarp viso dyd\u017eio sekso l\u0117l\u0117s ir a <a href=\"https:\/\/www.snapdeal.com\/products\/mens-sex-toys-masturbators-fleshlights?sort=plrty\" target=\"_blank\" rel=\"noopener\">masturbatorius<\/a>; arba geriau tariant, liemens sekso l\u0117l\u0117 be kai kuri\u0173 gal\u016bni\u0173 ir galvos. D\u0117l to jie yra daug ma\u017eesni ir lengvesni, kad b\u016bt\u0173 lengviau naudoti, pri\u017ei\u016br\u0117ti ir laikyti. \u0160i konkreti yra tik 55 cm ilgio, ta\u010diau ji i\u0161laiko tikro \u017emogaus jausm\u0105.<\/p>\n<p>\u0160ios sekso l\u0117l\u0117s liemuo vis dar turi \u012fmontuot\u0105 metalin\u012f skelet\u0105, leid\u017eiant\u012f \u0161iek tiek jud\u0117ti sekso metu, ir TPE od\u0105, kuri suteikia intymumo jausm\u0105 su tikru \u017emogumi. Kadangi ji daugiausia skirta seksui, jai buvo suteiktas didelis prioritetas <a href=\"https:\/\/en.wikipedia.org\/wiki\/Labia\" target=\"_blank\" rel=\"noopener\">lytin\u0117s l\u016bpos<\/a> iki jos mak\u0161ties gylio. Tai vir\u0161ija bet kok\u012f malonum\u0105, kur\u012f gali suteikti masturbatoriai.<\/p>\n<p><img fetchpriority=\"high\" decoding=\"async\" class=\"alignnone wp-image-3070 size-full\" src=\"https:\/\/sexdollxxx.com\/wp-content\/uploads\/2021\/06\/55cm-torso-sex-doll.jpg\" alt=\"TPE liemuo\" width=\"1000\" height=\"1000\" title=\"\" srcset=\"https:\/\/sexdollxxx.com\/wp-content\/uploads\/2021\/06\/55cm-torso-sex-doll.jpg 1000w, https:\/\/sexdollxxx.com\/wp-content\/uploads\/2021\/06\/55cm-torso-sex-doll-300x300.jpg 300w, https:\/\/sexdollxxx.com\/wp-content\/uploads\/2021\/06\/55cm-torso-sex-doll-250x250.jpg 250w, https:\/\/sexdollxxx.com\/wp-content\/uploads\/2021\/06\/55cm-torso-sex-doll-600x600.jpg 600w, https:\/\/sexdollxxx.com\/wp-content\/uploads\/2021\/06\/55cm-torso-sex-doll-150x150.jpg 150w, https:\/\/sexdollxxx.com\/wp-content\/uploads\/2021\/06\/55cm-torso-sex-doll-768x768.jpg 768w, https:\/\/sexdollxxx.com\/wp-content\/uploads\/2021\/06\/55cm-torso-sex-doll-100x100.jpg 100w\" sizes=\"(max-width: 1000px) 100vw, 1000px\"><\/p>","protected":false},"excerpt":{"rendered":"<p><span style=\"color: #f73e74;\">Paruo\u0161ta siuntimui \u012f JAV, ES, Kanad\u0105 ir Australij\u0105<\/span><\/p>","protected":false},"featured_media":3067,"comment_status":"open","ping_status":"closed","template":"","meta":[],"product_cat":[205,194,189,219,344],"product_tag":[381],"class_list":{"0":"post-3061","1":"product","2":"type-product","3":"status-publish","4":"has-post-thumbnail","6":"product_cat-sex-doll-torso","7":"product_cat-65cm-88cm-sex-doll","8":"product_cat-mini-sex-doll","9":"product_cat-real-sex-dolls","10":"product_cat-tpe-sex-doll","11":"product_tag-123cm","12":"tm-no-options","14":"first","15":"instock","16":"sale","17":"shipping-taxable","18":"purchasable","19":"product-type-simple","swatches":"rey-swatches","show_selected":""},"_links":{"self":[{"href":"https:\/\/sexdollxxx.com\/lt\/wp-json\/wp\/v2\/product\/3061","targetHints":{"allow":["GET"]}}],"collection":[{"href":"https:\/\/sexdollxxx.com\/lt\/wp-json\/wp\/v2\/product"}],"about":[{"href":"https:\/\/sexdollxxx.com\/lt\/wp-json\/wp\/v2\/types\/product"}],"replies":[{"embeddable":true,"href":"https:\/\/sexdollxxx.com\/lt\/wp-json\/wp\/v2\/comments?post=3061"}],"wp:featuredmedia":[{"embeddable":true,"href":"https:\/\/sexdollxxx.com\/lt\/wp-json\/wp\/v2\/media\/3067"}],"wp:attachment":[{"href":"https:\/\/sexdollxxx.com\/lt\/wp-json\/wp\/v2\/media?parent=3061"}],"wp:term":[{"taxonomy":"product_cat","embeddable":true,"href":"https:\/\/sexdollxxx.com\/lt\/wp-json\/wp\/v2\/product_cat?post=3061"},{"taxonomy":"product_tag","embeddable":true,"href":"https:\/\/sexdollxxx.com\/lt\/wp-json\/wp\/v2\/product_tag?post=3061"}],"curies":[{"name":"wp","href":"https:\/\/api.w.org\/{rel}","templated":true}]}}