{"id":579,"date":"2021-06-01T15:27:36","date_gmt":"2021-06-01T15:27:36","guid":{"rendered":"https:\/\/bluebirds.sslcommerz.org\/?page_id=579"},"modified":"2024-11-16T16:30:14","modified_gmt":"2024-11-16T08:30:14","slug":"more-sex-doll-sites","status":"publish","type":"page","link":"https:\/\/sexdollxxx.com\/lv\/more-sex-doll-sites\/","title":{"rendered":"Vair\u0101k seksa le\u013c\u013cu viet\u0146u"},"content":{"rendered":"<div data-elementor-type=\"wp-page\" data-elementor-id=\"579\" class=\"elementor elementor-579\" data-elementor-post-type=\"page\">\n\t\t\t\t\t\t<section class=\"elementor-section elementor-top-section elementor-element elementor-element-6e09150 elementor-section-boxed elementor-section-height-default elementor-section-height-default\" data-id=\"6e09150\" data-element_type=\"section\">\n\t\t\t\t\t\t<div class=\"elementor-container elementor-column-gap-default\">\n\t\t\t\t\t<div class=\"elementor-column elementor-col-100 elementor-top-column elementor-element elementor-element-6bc6109\" data-id=\"6bc6109\" data-element_type=\"column\">\n\t\t\t<div class=\"elementor-column-wrap--6bc6109 elementor-widget-wrap elementor-element-populated\">\n\t\t\t\t\t\t<div class=\"elementor-element elementor-element-84793b0 elementor-widget elementor-widget-woocommerce-breadcrumb\" data-id=\"84793b0\" data-element_type=\"widget\" data-widget_type=\"woocommerce-breadcrumb.default\">\n\t\t\t\t<div class=\"elementor-widget-container\">\n\t\t\t\t\t<nav class=\"rey-breadcrumbs\"><div class=\"rey-breadcrumbs-item\" data-no-translation=\"\" data-trp-gettext=\"\">M\u0101jas<\/div><\/nav>\t\t\t\t<\/div>\n\t\t\t\t<\/div>\n\t\t\t\t\t<\/div>\n\t\t<\/div>\n\t\t\t\t\t<\/div>\n\t\t<\/section>\n\t\t\t\t<section class=\"elementor-section elementor-top-section elementor-element elementor-element-2ff495d elementor-section-boxed elementor-section-height-default elementor-section-height-default\" data-id=\"2ff495d\" data-element_type=\"section\">\n\t\t\t\t\t\t<div class=\"elementor-container elementor-column-gap-default\">\n\t\t\t\t\t<div class=\"elementor-column elementor-col-100 elementor-top-column elementor-element elementor-element-84c644f\" data-id=\"84c644f\" data-element_type=\"column\">\n\t\t\t<div class=\"elementor-column-wrap--84c644f elementor-widget-wrap elementor-element-populated\">\n\t\t\t\t\t\t<div class=\"elementor-element elementor-element-3f36792 elementor-widget elementor-widget-heading\" data-id=\"3f36792\" data-element_type=\"widget\" data-widget_type=\"heading.default\">\n\t\t\t\t<div class=\"elementor-widget-container\">\n\t\t\t\t\t<h1 class=\"elementor-heading-title elementor-size-default\">Vair\u0101k seksa le\u013c\u013cu viet\u0146u<\/h1>\t\t\t\t<\/div>\n\t\t\t\t<\/div>\n\t\t\t\t\t<\/div>\n\t\t<\/div>\n\t\t\t\t\t<\/div>\n\t\t<\/section>\n\t\t\t\t<section class=\"elementor-section elementor-top-section elementor-element elementor-element-0f1ceb6 elementor-section-boxed elementor-section-height-default elementor-section-height-default\" data-id=\"0f1ceb6\" data-element_type=\"section\">\n\t\t\t\t\t\t<div class=\"elementor-container elementor-column-gap-default\">\n\t\t\t\t\t<div class=\"elementor-column elementor-col-50 elementor-top-column elementor-element elementor-element-3f6db41\" data-id=\"3f6db41\" data-element_type=\"column\">\n\t\t\t<div class=\"elementor-column-wrap--3f6db41 elementor-widget-wrap elementor-element-populated\">\n\t\t\t\t\t\t<div class=\"elementor-element elementor-element-fc616c8 elementor-bg-transform elementor-bg-transform-move-up elementor-cta--skin-classic elementor-animated-content elementor-widget elementor-widget-call-to-action\" data-id=\"fc616c8\" data-element_type=\"widget\" data-widget_type=\"call-to-action.default\">\n\t\t\t\t<div class=\"elementor-widget-container\">\n\t\t\t\t\t\t\t<div class=\"elementor-cta\">\n\t\t\t\t\t<div class=\"elementor-cta__bg-wrapper\">\n\t\t\t\t<div class=\"elementor-cta__bg elementor-bg\" style=\"background-image: url(https:\/\/sexdollxxx.com\/wp-content\/uploads\/2021\/06\/buy-sex-doll-on-aliexpress.jpg);\" role=\"img\" aria-label=\"pirkt-seksa-lelli-on-aliexpress\"><\/div>\n\t\t\t\t<div class=\"elementor-cta__bg-overlay\"><\/div>\n\t\t\t<\/div>\n\t\t\t\t\t\t\t\t<\/div>\n\t\t\t\t\t\t<\/div>\n\t\t\t\t<\/div>\n\t\t\t\t<div class=\"elementor-element elementor-element-8996d36 elementor-widget elementor-widget-text-editor\" data-id=\"8996d36\" data-element_type=\"widget\" data-widget_type=\"text-editor.default\">\n\t\t\t\t<div class=\"elementor-widget-container\">\n\t\t\t\t\t\t\t\t\tP\u0113rciet seksa lelles vietn\u0113 Aliexpress\t\t\t\t\t\t\t\t<\/div>\n\t\t\t\t<\/div>\n\t\t\t\t\t<\/div>\n\t\t<\/div>\n\t\t\t\t<div class=\"elementor-column elementor-col-50 elementor-top-column elementor-element elementor-element-52c154c\" data-id=\"52c154c\" data-element_type=\"column\">\n\t\t\t<div class=\"elementor-column-wrap--52c154c elementor-widget-wrap elementor-element-populated\">\n\t\t\t\t\t\t<div class=\"elementor-element elementor-element-e94131b elementor-bg-transform elementor-bg-transform-move-up elementor-cta--skin-classic elementor-animated-content elementor-widget elementor-widget-call-to-action\" data-id=\"e94131b\" data-element_type=\"widget\" data-widget_type=\"call-to-action.default\">\n\t\t\t\t<div class=\"elementor-widget-container\">\n\t\t\t\t\t\t\t<div class=\"elementor-cta\">\n\t\t\t\t\t<div class=\"elementor-cta__bg-wrapper\">\n\t\t\t\t<div class=\"elementor-cta__bg elementor-bg\" style=\"background-image: url(https:\/\/sexdollxxx.com\/wp-content\/uploads\/2021\/06\/buy-sex-doll-on-amazon.jpg);\" role=\"img\" aria-label=\"pirkt-seksa-lelli-on-amazon\"><\/div>\n\t\t\t\t<div class=\"elementor-cta__bg-overlay\"><\/div>\n\t\t\t<\/div>\n\t\t\t\t\t\t\t\t<\/div>\n\t\t\t\t\t\t<\/div>\n\t\t\t\t<\/div>\n\t\t\t\t<div class=\"elementor-element elementor-element-22b8323 elementor-widget elementor-widget-text-editor\" data-id=\"22b8323\" data-element_type=\"widget\" data-widget_type=\"text-editor.default\">\n\t\t\t\t<div class=\"elementor-widget-container\">\n\t\t\t\t\t\t\t\t\tP\u0113rciet seksa lelles vietn\u0113 Amazon\t\t\t\t\t\t\t\t<\/div>\n\t\t\t\t<\/div>\n\t\t\t\t\t<\/div>\n\t\t<\/div>\n\t\t\t\t\t<\/div>\n\t\t<\/section>\n\t\t\t\t<section class=\"elementor-section elementor-top-section elementor-element elementor-element-f228c90 elementor-section-boxed elementor-section-height-default elementor-section-height-default\" data-id=\"f228c90\" data-element_type=\"section\">\n\t\t\t\t\t\t<div class=\"elementor-container elementor-column-gap-default\">\n\t\t\t\t\t<div class=\"elementor-column elementor-col-100 elementor-top-column elementor-element elementor-element-277bf01\" data-id=\"277bf01\" data-element_type=\"column\">\n\t\t\t<div class=\"elementor-column-wrap--277bf01 elementor-widget-wrap elementor-element-populated\">\n\t\t\t\t\t\t<div class=\"elementor-element elementor-element-10a8e0b elementor-widget elementor-widget-text-editor\" data-id=\"10a8e0b\" data-element_type=\"widget\" data-widget_type=\"text-editor.default\">\n\t\t\t\t<div class=\"elementor-widget-container\">\n\t\t\t\t\t\t\t\t\t<p>Ja m\u016bsu lelles jums nav piem\u0113rotas, varat atrast vair\u0101k le\u013c\u013cu da\u017e\u0101s seksa le\u013c\u013cu vietn\u0113s. Vi\u0146i saskait\u012bs popul\u0101r\u0101kos seksa rota\u013clietu centrus internet\u0101 un veidos reitingus, pamatojoties uz lietot\u0101ju atsauksm\u0113m un cenu faktoriem. Jums nav j\u0101t\u0113r\u0113 vair\u0101k ener\u0123ijas, lai atrastu \u0161\u012bs vietnes, m\u0113s pied\u0101v\u0101jam \u0161\u0101das seksa le\u013c\u013cu vietnes.<\/p>\t\t\t\t\t\t\t\t<\/div>\n\t\t\t\t<\/div>\n\t\t\t\t<div class=\"elementor-element elementor-element-bf413c6 elementor-widget elementor-widget-text-editor\" data-id=\"bf413c6\" data-element_type=\"widget\" data-widget_type=\"text-editor.default\">\n\t\t\t\t<div class=\"elementor-widget-container\">\n\t\t\t\t\t\t\t\t\t<ul><li><a href=\"https:\/\/sndoll.com\/\" target=\"_blank\" rel=\"noopener\"><span style=\"color: red;\">SnDoll:<\/span><\/a> 4500 Sex lelle lieliski izgatavota no TPE un silikona materi\u0101la. M\u0113s esam uzticam\u0101k\u0101 seksa le\u013c\u013cu komp\u0101nija, jo saviem klientiem pied\u0101v\u0101jam augstas kvalit\u0101tes m\u012bkstas un dro\u0161as m\u012blas lelles un super TPE seksa lelles. Garant\u0113ta pieg\u0101de un bezmaksas pieg\u0101de!<\/li><li><a href=\"https:\/\/pornsites.xxx\/\" target=\"_blank\" rel=\"noopener\"><span style=\"color: red;\">Porno viet\u0146u apskati:<\/span><\/a> Porn Sites ir vienk\u0101r\u0161i lab\u0101ko pornogr\u0101fijas viet\u0146u un seksa rota\u013clietu viet\u0146u saraksts. Atrodiet XXX\u00a0p\u0101rskatus un god\u012bgu reitingu par popul\u0101r\u0101kaj\u0101m seksa kamer\u0101m, kamer\u0101m, VR un daudz\u0101m bezmaksas vietn\u0113m!<\/li><li><a href=\"https:\/\/utengrense.com\/\" target=\"_blank\" rel=\"noopener\"><span style=\"color: red;\">Utengrense.com:<\/span><\/a> Mums ir m\u016bsu seksa veikals tie\u0161saist\u0113 Norv\u0113\u0123ij\u0101, un m\u0113s esam ieinteres\u0113ti saviem klientiem p\u0101rdot tikai augstas kvalit\u0101tes preces par labu cenu, piem\u0113ram, seksa rota\u013clietas un seks\u012bgu apak\u0161ve\u013cu.<\/li><li><a href=\"https:\/\/www.pincelebs.net\/\" target=\"_blank\" rel=\"noopener\"><span style=\"color: red;\">Piespraust slaven\u012bbas:<\/span><\/a> Kails, kails, bez aug\u0161puses, seks\u012bgs un skatieties slaven\u012bbu aktri\u0161u, dzied\u0101t\u0101ju, mode\u013cu un TV person\u012bbu att\u0113lus<\/li><li><a href=\"https:\/\/www.youpornlist.com\/\" target=\"_blank\" rel=\"noopener\"><span style=\"color: red;\">Youpornlist.com: <\/span><\/a>YouPornList ir lab\u0101ko pornogr\u0101fisko viet\u0146u izlase p\u0113c kategorij\u0101m. Katra vieta ir izv\u0113l\u0113ta p\u0113c ilgsto\u0161as un stingras m\u016bsu roku darba ekspertu anal\u012bzes.<\/li><li><a href=\"https:\/\/www.porninspector.com\/\" target=\"_blank\" rel=\"noopener\"><span style=\"color: red;\">Porninspector.com:<\/span><\/a> Porn Inspector ir daudz pornogr\u0101fijas p\u0101rskatu par da\u017e\u0101m no daudzsolo\u0161\u0101kaj\u0101m pieaugu\u0161o vietn\u0113m. M\u0113s vienm\u0113r sniedzam savu god\u012bg\u0101ko un objekt\u012bv\u0101ko viedokli. Katr\u0101 ierakst\u0101 b\u016bs iek\u013cauti daudzi att\u0113li un video paraugi, kas \u0146emti tie\u0161i no vietnes dal\u012bbnieka apgabala, sniedzot jums iesp\u0113ju redz\u0113t tie\u0161i to, kas tiek pied\u0101v\u0101ts, pirms izlemjat ieg\u0101d\u0101ties!<\/li><li><a href=\"http:\/\/hentai-gamer.com\/\" target=\"_blank\" rel=\"noopener\"><span style=\"color: red;\">Hentai-Gamer:<\/span><\/a> Hentai-Gamer.com ir lab\u0101k\u0101 vietne 100% bezmaksas Hentai sp\u0113l\u0113m. T\u0101p\u0113c turpiniet un sp\u0113l\u0113jiet hentai flash sp\u0113les t\u016bl\u012bt!<\/li><li><a href=\"https:\/\/sexdollpornhd.com\/\" target=\"_blank\" rel=\"noopener\"><span style=\"color: red;\">Seksa le\u013c\u013cu porno HD: <\/span><\/a>P\u0101rbaudiet seksa le\u013c\u013cu porno video vietn\u0113 SexDollPornHD.com, lai j\u016bs var\u0113tu redz\u0113t savu m\u012blas lelli darb\u012bb\u0101, pirms to ieg\u0101d\u0101jaties!<\/li><li><a href=\"https:\/\/www.thesafeporn.com\/\" target=\"_blank\" rel=\"noopener\"><span style=\"color: red;\">Dro\u0161a pornogr\u0101fija: <\/span><\/a>Vietn\u0113 thesafeporn.com j\u016bs atrad\u012bsiet t\u016bksto\u0161iem pornogr\u0101fisko viet\u0146u, kas atlas\u012btas to kvalit\u0101tes un dro\u0161\u012bbas d\u0113\u013c, un katrai vietnei ir sniegts p\u0101rskats, kas jums pal\u012bdz\u0113s izdar\u012bt izv\u0113li.<\/li><li><a href=\"https:\/\/allpornsites.net\/\" target=\"_blank\" rel=\"noopener\"><span style=\"color: red;\">Allpornsites.net:<\/span><\/a> Par Vis\u0101m Porn Sites, J\u016bs atrad\u012bsiet Liel\u0101ko Porn Sites Izv\u0113li Visum\u0101 Ka Gets Regul\u0101ri Atjaunin\u0101ts Gandr\u012bz Katru Dienu Ar Jaunas Porn Sites No Jebkuras Ni\u0161as.<\/li><li><a href=\"https:\/\/hotpornbible.com\/\" target=\"_blank\" rel=\"noopener\"><span style=\"color: red;\">Popul\u0101ro porno viet\u0146u saraksts:<\/span><\/a>Hot Porn Bible ir hotties porno vietnes pasaul\u0113! Mums ir visaugst\u0101k nov\u0113rt\u0113t\u0101s bezmaksas un augst\u0101k\u0101s kvalit\u0101tes vietnes pieaugu\u0161ajiem katr\u0101 kategorij\u0101.<\/li><li><a href=\"https:\/\/www.mrpinks.com\/\" target=\"_blank\" rel=\"noopener\"><span style=\"color: red;\">Porno atsauksmes:<\/span><\/a> Mr. Pink&#039;s Porn Reviews ir j\u016bsu uzticam\u0101 pornogr\u0101fijas apskatu vietne, kur\u0101 varat ieg\u016bt god\u012bgus pieaugu\u0161o viet\u0146u p\u0101rskatus, pornogr\u0101fijas vietnes ar atlaid\u0113m un lab\u0101k\u0101s pornogr\u0101fijas vietnes.<\/li><li><a href=\"https:\/\/richobo.com\/\" target=\"_blank\" rel=\"noopener\"><span style=\"color: red;\">Sludin\u0101jumi un eskorta ce\u013cvedis | Ri\u010dobo: <\/span><\/a>Izklaides zi\u0146u saraksts ar starptautiskiem pieaugu\u0161ajiem paredz\u0113tiem sludin\u0101jumiem Richobo \/ eskorti \/ pas\u0101kumi \/ stript\u012bzdejot\u0101jas \/ pieaugu\u0161o pakalpojumi \/ xguide \/ mode\u013ci \/ mas\u0101\u017eas \/ luksusa automa\u0161\u012bnas<\/li><li><a href=\"https:\/\/uncams.com\/\" target=\"_blank\" rel=\"noopener\"><span style=\"color: red;\">ANO kameras:<\/span><\/a> Skatieties tie\u0161raides kameras t\u016bl\u012bt! Re\u0123istr\u0101cija nav nepiecie\u0161ama\u00a0\u2014 100% bezmaksas necenz\u0113ta pieaugu\u0161o t\u0113rz\u0113\u0161ana. S\u0101ciet t\u0113rz\u0113t ar amatieriem, ekshibicionistiem, porno zvaigzn\u0113m ar HD video un audio.<\/li><li><p><a href=\"https:\/\/thebestfetishsites.com\/adult-toy-stores\/\" target=\"_blank\" rel=\"noopener\">Popul\u0101r\u0101k\u0101s seksa rota\u013clietu vietnes<\/a> :\u00a0<\/p><\/li><\/ul>\t\t\t\t\t\t\t\t<\/div>\n\t\t\t\t<\/div>\n\t\t\t\t\t<\/div>\n\t\t<\/div>\n\t\t\t\t\t<\/div>\n\t\t<\/section>\n\t\t\t\t<section class=\"elementor-section elementor-top-section elementor-element elementor-element-9b10116 elementor-section-boxed elementor-section-height-default elementor-section-height-default\" data-id=\"9b10116\" data-element_type=\"section\">\n\t\t\t\t\t\t<div class=\"elementor-container elementor-column-gap-default\">\n\t\t\t\t\t<div class=\"elementor-column elementor-col-100 elementor-top-column elementor-element elementor-element-60c82a0\" data-id=\"60c82a0\" data-element_type=\"column\">\n\t\t\t<div class=\"elementor-column-wrap--60c82a0 elementor-widget-wrap elementor-element-populated\">\n\t\t\t\t\t\t<div class=\"elementor-element elementor-element-a13b0eb elementor-widget elementor-widget-spacer\" data-id=\"a13b0eb\" data-element_type=\"widget\" data-widget_type=\"spacer.default\">\n\t\t\t\t<div class=\"elementor-widget-container\">\n\t\t\t\t\t\t\t<div class=\"elementor-spacer\">\n\t\t\t<div class=\"elementor-spacer-inner\"><\/div>\n\t\t<\/div>\n\t\t\t\t\t\t<\/div>\n\t\t\t\t<\/div>\n\t\t\t\t\t<\/div>\n\t\t<\/div>\n\t\t\t\t\t<\/div>\n\t\t<\/section>\n\t\t\t\t<\/div>","protected":false},"excerpt":{"rendered":"<p>More Sex Doll Sites Buy Sex Dolls on Aliexpress Buy Sex Dolls on Amazon If our dolls are not suitable for you, you can find more dolls through some sex doll sites. They will count the most popular sex toy malls on the Internet and make rankings based on user reviews and price factors. You [&hellip;]<\/p>\n","protected":false},"author":3,"featured_media":0,"parent":0,"menu_order":0,"comment_status":"closed","ping_status":"closed","template":"elementor_header_footer","meta":{"footnotes":""},"class_list":["post-579","page","type-page","status-publish","hentry"],"_links":{"self":[{"href":"https:\/\/sexdollxxx.com\/lv\/wp-json\/wp\/v2\/pages\/579","targetHints":{"allow":["GET"]}}],"collection":[{"href":"https:\/\/sexdollxxx.com\/lv\/wp-json\/wp\/v2\/pages"}],"about":[{"href":"https:\/\/sexdollxxx.com\/lv\/wp-json\/wp\/v2\/types\/page"}],"author":[{"embeddable":true,"href":"https:\/\/sexdollxxx.com\/lv\/wp-json\/wp\/v2\/users\/3"}],"replies":[{"embeddable":true,"href":"https:\/\/sexdollxxx.com\/lv\/wp-json\/wp\/v2\/comments?post=579"}],"version-history":[{"count":0,"href":"https:\/\/sexdollxxx.com\/lv\/wp-json\/wp\/v2\/pages\/579\/revisions"}],"wp:attachment":[{"href":"https:\/\/sexdollxxx.com\/lv\/wp-json\/wp\/v2\/media?parent=579"}],"curies":[{"name":"wp","href":"https:\/\/api.w.org\/{rel}","templated":true}]}}