{"id":3030,"date":"2021-06-11T23:38:50","date_gmt":"2021-06-11T23:38:50","guid":{"rendered":"https:\/\/bluebirds.sslcommerz.org\/?post_type=product&#038;p=3030"},"modified":"2025-08-19T01:45:09","modified_gmt":"2025-08-18T17:45:09","slug":"real-love-doll-torso-ava","status":"publish","type":"product","link":"https:\/\/sexdollxxx.com\/lv\/real-love-doll-torso-ava\/","title":{"rendered":"\u012astas m\u012blest\u012bbas lelles rumpis \u2013 Ava"},"content":{"rendered":"<h2>Hot Real Love Doll Torso<\/h2>\n<p>\u012asts dupsis, \u012bsts inc\u012btis; \u0160\u012bs ir lietas, ko masturbators nekad nevar sniegt, un t\u0101p\u0113c tas strauji zaud\u0113 popularit\u0101ti cilv\u0113ku vid\u016b. Turkl\u0101t ne visiem var pieder\u0113t a <a href=\"\/lv\/\">seksa lelle<\/a>, t\u0101p\u0113c kaut kur pa vidu \u0161iem diviem ir m\u016bsu\u00a0<a href=\"https:\/\/en.wikipedia.org\/wiki\/Thermoplastic_elastomer\" target=\"_blank\" rel=\"noopener\">tpe<\/a> \u012bstas m\u012blest\u012bbas lelles rumpis. T\u0101 ir daudz lab\u0101ka alternat\u012bva masturbatoriem un sniedz jums pietiekami cie\u0161u saj\u016btu, ka dr\u0101v\u0101t sievieti. Inc\u012btim var piek\u013c\u016bt ar\u012b no priek\u0161puses vai aizmugures.<\/p>\n<p>Ja esat pl\u0101nojis atteikties no masturbatora, tad \u0161\u012b ir j\u016bsu iesp\u0113ja. Pas\u016btiet t\u016bl\u012bt un pieg\u0101d\u0101jiet to m\u0101j\u0101s tikai da\u017eu dienu laik\u0101 bez papildu izmaks\u0101m.<\/p>\n<p><img fetchpriority=\"high\" decoding=\"async\" class=\"alignnone wp-image-3035 size-full\" src=\"https:\/\/sexdollxxx.com\/wp-content\/uploads\/2021\/06\/ass-sex-doll-torso-measurement.jpg\" alt=\"M\u012blest\u012bbas lelles rumpis\" width=\"1000\" height=\"1000\" title=\"\" srcset=\"https:\/\/sexdollxxx.com\/wp-content\/uploads\/2021\/06\/ass-sex-doll-torso-measurement.jpg 1000w, https:\/\/sexdollxxx.com\/wp-content\/uploads\/2021\/06\/ass-sex-doll-torso-measurement-300x300.jpg 300w, https:\/\/sexdollxxx.com\/wp-content\/uploads\/2021\/06\/ass-sex-doll-torso-measurement-250x250.jpg 250w, https:\/\/sexdollxxx.com\/wp-content\/uploads\/2021\/06\/ass-sex-doll-torso-measurement-600x600.jpg 600w, https:\/\/sexdollxxx.com\/wp-content\/uploads\/2021\/06\/ass-sex-doll-torso-measurement-150x150.jpg 150w, https:\/\/sexdollxxx.com\/wp-content\/uploads\/2021\/06\/ass-sex-doll-torso-measurement-768x768.jpg 768w, https:\/\/sexdollxxx.com\/wp-content\/uploads\/2021\/06\/ass-sex-doll-torso-measurement-100x100.jpg 100w\" sizes=\"(max-width: 1000px) 100vw, 1000px\"><\/p>","protected":false},"excerpt":{"rendered":"<p><span style=\"color: #f73e74;\">Gatavs nos\u016bt\u012b\u0161anai uz ASV, ES, Kan\u0101du un Austr\u0101liju<\/span><\/p>","protected":false},"featured_media":3045,"comment_status":"open","ping_status":"closed","template":"","meta":[],"product_cat":[205,194,189,219,344],"product_tag":[396],"class_list":{"0":"post-3030","1":"product","2":"type-product","3":"status-publish","4":"has-post-thumbnail","6":"product_cat-sex-doll-torso","7":"product_cat-65cm-88cm-sex-doll","8":"product_cat-mini-sex-doll","9":"product_cat-real-sex-dolls","10":"product_cat-tpe-sex-doll","11":"product_tag-65cm","12":"tm-no-options","14":"first","15":"instock","16":"sale","17":"shipping-taxable","18":"purchasable","19":"product-type-simple","swatches":"rey-swatches","show_selected":""},"_links":{"self":[{"href":"https:\/\/sexdollxxx.com\/lv\/wp-json\/wp\/v2\/product\/3030","targetHints":{"allow":["GET"]}}],"collection":[{"href":"https:\/\/sexdollxxx.com\/lv\/wp-json\/wp\/v2\/product"}],"about":[{"href":"https:\/\/sexdollxxx.com\/lv\/wp-json\/wp\/v2\/types\/product"}],"replies":[{"embeddable":true,"href":"https:\/\/sexdollxxx.com\/lv\/wp-json\/wp\/v2\/comments?post=3030"}],"wp:featuredmedia":[{"embeddable":true,"href":"https:\/\/sexdollxxx.com\/lv\/wp-json\/wp\/v2\/media\/3045"}],"wp:attachment":[{"href":"https:\/\/sexdollxxx.com\/lv\/wp-json\/wp\/v2\/media?parent=3030"}],"wp:term":[{"taxonomy":"product_cat","embeddable":true,"href":"https:\/\/sexdollxxx.com\/lv\/wp-json\/wp\/v2\/product_cat?post=3030"},{"taxonomy":"product_tag","embeddable":true,"href":"https:\/\/sexdollxxx.com\/lv\/wp-json\/wp\/v2\/product_tag?post=3030"}],"curies":[{"name":"wp","href":"https:\/\/api.w.org\/{rel}","templated":true}]}}