{"id":3047,"date":"2021-06-11T23:40:42","date_gmt":"2021-06-11T23:40:42","guid":{"rendered":"https:\/\/bluebirds.sslcommerz.org\/?post_type=product&#038;p=3047"},"modified":"2025-08-19T01:47:50","modified_gmt":"2025-08-18T17:47:50","slug":"lifelike-torso-doll-gigi","status":"publish","type":"product","link":"https:\/\/sexdollxxx.com\/lv\/lifelike-torso-doll-gigi\/","title":{"rendered":"Maza, dz\u012bv\u012bbai l\u012bdz\u012bga rumpja lelle \u2013 D\u017eid\u017ei"},"content":{"rendered":"<h2>Maza, dz\u012bv\u012bbai l\u012bdz\u012bga rumpja lelle \u2013 D\u017eid\u017ei<\/h2>\n<p>Ne visi v\u0113las a <a href=\"https:\/\/en.wikipedia.org\/wiki\/Sex_doll\" target=\"_blank\" rel=\"noopener\">seksa lelle<\/a> jo tas ir viegl\u0101ks un maz\u0101ks, jo lab\u0101k. Pateicoties materi\u0101lam, kas paz\u012bstams k\u0101 TPE, ir seksa lelles, kas ir tikpat vieglas k\u0101 4,4\u00a0m\u0101rci\u0146as un ar\u012b mazas, un to izm\u0113rs ir 11,6\u00a0collas.<\/p>\n<p>Papildus vieglajam svaram, TPE ir v\u0113l viena \u0101dai l\u012bdz\u012bga saj\u016bta, kas padara seksu ar mazu lelli p\u0113c iesp\u0113jas dz\u012bv\u012bg\u0101ku. Tas ir ar \u012bpa\u0161u uzsvaru uz an\u0101lo atveri un maksts, kas veidoti ar vair\u0101k\u0101m krok\u0101m tajos, lai sniegtu jums satrieco\u0161u pieredzi, sasitot \u012bstu sievieti.<\/p>\n<p>Da\u017eas priek\u0161roc\u012bbas <strong>par pie\u0146emamu cenu TPE Small Lifelike Torso Doll <\/strong>ir tas, ka tas ir sal\u012bdzino\u0161i l\u0113ts, viegli t\u012br\u0101ms un neprasa lielu uzglab\u0101\u0161anas vietu.<\/p>\n<p><img fetchpriority=\"high\" decoding=\"async\" class=\"alignnone wp-image-3053 size-full\" src=\"https:\/\/sexdollxxx.com\/wp-content\/uploads\/2021\/06\/torso-sex-doll-measurement.jpg\" alt=\"Torsa lelle\" width=\"1000\" height=\"1000\" title=\"\" srcset=\"https:\/\/sexdollxxx.com\/wp-content\/uploads\/2021\/06\/torso-sex-doll-measurement.jpg 1000w, https:\/\/sexdollxxx.com\/wp-content\/uploads\/2021\/06\/torso-sex-doll-measurement-300x300.jpg 300w, https:\/\/sexdollxxx.com\/wp-content\/uploads\/2021\/06\/torso-sex-doll-measurement-250x250.jpg 250w, https:\/\/sexdollxxx.com\/wp-content\/uploads\/2021\/06\/torso-sex-doll-measurement-600x600.jpg 600w, https:\/\/sexdollxxx.com\/wp-content\/uploads\/2021\/06\/torso-sex-doll-measurement-150x150.jpg 150w, https:\/\/sexdollxxx.com\/wp-content\/uploads\/2021\/06\/torso-sex-doll-measurement-768x768.jpg 768w, https:\/\/sexdollxxx.com\/wp-content\/uploads\/2021\/06\/torso-sex-doll-measurement-100x100.jpg 100w\" sizes=\"(max-width: 1000px) 100vw, 1000px\"><\/p>","protected":false},"excerpt":{"rendered":"<p><span style=\"color: #f73e74;\">Gatavs nos\u016bt\u012b\u0161anai uz ASV, ES, Kan\u0101du un Austr\u0101liju<\/span><\/p>","protected":false},"featured_media":3060,"comment_status":"open","ping_status":"closed","template":"","meta":[],"product_cat":[205,194,189,219,344],"product_tag":[396],"class_list":{"0":"post-3047","1":"product","2":"type-product","3":"status-publish","4":"has-post-thumbnail","6":"product_cat-sex-doll-torso","7":"product_cat-65cm-88cm-sex-doll","8":"product_cat-mini-sex-doll","9":"product_cat-real-sex-dolls","10":"product_cat-tpe-sex-doll","11":"product_tag-65cm","12":"tm-no-options","14":"first","15":"instock","16":"sale","17":"shipping-taxable","18":"purchasable","19":"product-type-simple","swatches":"rey-swatches","show_selected":""},"_links":{"self":[{"href":"https:\/\/sexdollxxx.com\/lv\/wp-json\/wp\/v2\/product\/3047","targetHints":{"allow":["GET"]}}],"collection":[{"href":"https:\/\/sexdollxxx.com\/lv\/wp-json\/wp\/v2\/product"}],"about":[{"href":"https:\/\/sexdollxxx.com\/lv\/wp-json\/wp\/v2\/types\/product"}],"replies":[{"embeddable":true,"href":"https:\/\/sexdollxxx.com\/lv\/wp-json\/wp\/v2\/comments?post=3047"}],"wp:featuredmedia":[{"embeddable":true,"href":"https:\/\/sexdollxxx.com\/lv\/wp-json\/wp\/v2\/media\/3060"}],"wp:attachment":[{"href":"https:\/\/sexdollxxx.com\/lv\/wp-json\/wp\/v2\/media?parent=3047"}],"wp:term":[{"taxonomy":"product_cat","embeddable":true,"href":"https:\/\/sexdollxxx.com\/lv\/wp-json\/wp\/v2\/product_cat?post=3047"},{"taxonomy":"product_tag","embeddable":true,"href":"https:\/\/sexdollxxx.com\/lv\/wp-json\/wp\/v2\/product_tag?post=3047"}],"curies":[{"name":"wp","href":"https:\/\/api.w.org\/{rel}","templated":true}]}}