{"id":3,"date":"2021-05-29T10:01:40","date_gmt":"2021-05-29T10:01:40","guid":{"rendered":"https:\/\/bluebirds.sslcommerz.org\/?page_id=3"},"modified":"2021-06-29T12:20:01","modified_gmt":"2021-06-29T12:20:01","slug":"privacy-policy","status":"publish","type":"page","link":"https:\/\/sexdollxxx.com\/pl\/privacy-policy\/","title":{"rendered":"Polityka prywatno\u015bci"},"content":{"rendered":"<div data-elementor-type=\"wp-page\" data-elementor-id=\"3\" class=\"elementor elementor-3\" data-elementor-post-type=\"page\">\n\t\t\t\t\t\t<section class=\"elementor-section elementor-top-section elementor-element elementor-element-28db0f3 elementor-section-boxed elementor-section-height-default elementor-section-height-default\" data-id=\"28db0f3\" data-element_type=\"section\">\n\t\t\t\t\t\t<div class=\"elementor-container elementor-column-gap-default\">\n\t\t\t\t\t<div class=\"elementor-column elementor-col-100 elementor-top-column elementor-element elementor-element-a983f34\" data-id=\"a983f34\" data-element_type=\"column\">\n\t\t\t<div class=\"elementor-column-wrap--a983f34 elementor-widget-wrap elementor-element-populated\">\n\t\t\t\t\t\t<div class=\"elementor-element elementor-element-57a1bda elementor-widget elementor-widget-woocommerce-breadcrumb\" data-id=\"57a1bda\" data-element_type=\"widget\" data-widget_type=\"woocommerce-breadcrumb.default\">\n\t\t\t\t<div class=\"elementor-widget-container\">\n\t\t\t\t\t<nav class=\"rey-breadcrumbs\"><div class=\"rey-breadcrumbs-item\" data-no-translation=\"\" data-trp-gettext=\"\">Dom<\/div><\/nav>\t\t\t\t<\/div>\n\t\t\t\t<\/div>\n\t\t\t\t\t<\/div>\n\t\t<\/div>\n\t\t\t\t\t<\/div>\n\t\t<\/section>\n\t\t\t\t<section class=\"elementor-section elementor-top-section elementor-element elementor-element-0abf504 elementor-section-boxed elementor-section-height-default elementor-section-height-default\" data-id=\"0abf504\" data-element_type=\"section\">\n\t\t\t\t\t\t<div class=\"elementor-container elementor-column-gap-default\">\n\t\t\t\t\t<div class=\"elementor-column elementor-col-100 elementor-top-column elementor-element elementor-element-c387141\" data-id=\"c387141\" data-element_type=\"column\">\n\t\t\t<div class=\"elementor-column-wrap--c387141 elementor-widget-wrap elementor-element-populated\">\n\t\t\t\t\t\t<div class=\"elementor-element elementor-element-d1ece43 elementor-widget elementor-widget-heading\" data-id=\"d1ece43\" data-element_type=\"widget\" data-widget_type=\"heading.default\">\n\t\t\t\t<div class=\"elementor-widget-container\">\n\t\t\t\t\t<h1 class=\"elementor-heading-title elementor-size-default\">Polityka prywatno\u015bci\n<\/h1>\t\t\t\t<\/div>\n\t\t\t\t<\/div>\n\t\t\t\t\t<\/div>\n\t\t<\/div>\n\t\t\t\t\t<\/div>\n\t\t<\/section>\n\t\t\t\t<section class=\"elementor-section elementor-top-section elementor-element elementor-element-457d9e0 elementor-section-boxed elementor-section-height-default elementor-section-height-default\" data-id=\"457d9e0\" data-element_type=\"section\">\n\t\t\t\t\t\t<div class=\"elementor-container elementor-column-gap-default\">\n\t\t\t\t\t<div class=\"elementor-column elementor-col-100 elementor-top-column elementor-element elementor-element-98ab7b9\" data-id=\"98ab7b9\" data-element_type=\"column\">\n\t\t\t<div class=\"elementor-column-wrap--98ab7b9 elementor-widget-wrap elementor-element-populated\">\n\t\t\t\t\t\t<div class=\"elementor-element elementor-element-4df22f2 elementor-widget elementor-widget-heading\" data-id=\"4df22f2\" data-element_type=\"widget\" data-widget_type=\"heading.default\">\n\t\t\t\t<div class=\"elementor-widget-container\">\n\t\t\t\t\t<h2 class=\"elementor-heading-title elementor-size-default\">Informacje, kt\u00f3re zbieramy\n<\/h2>\t\t\t\t<\/div>\n\t\t\t\t<\/div>\n\t\t\t\t\t<\/div>\n\t\t<\/div>\n\t\t\t\t\t<\/div>\n\t\t<\/section>\n\t\t\t\t<section class=\"elementor-section elementor-top-section elementor-element elementor-element-4df10f0 elementor-section-boxed elementor-section-height-default elementor-section-height-default\" data-id=\"4df10f0\" data-element_type=\"section\">\n\t\t\t\t\t\t<div class=\"elementor-container elementor-column-gap-default\">\n\t\t\t\t\t<div class=\"elementor-column elementor-col-100 elementor-top-column elementor-element elementor-element-b5113e9\" data-id=\"b5113e9\" data-element_type=\"column\">\n\t\t\t<div class=\"elementor-column-wrap--b5113e9 elementor-widget-wrap elementor-element-populated\">\n\t\t\t\t\t\t<div class=\"elementor-element elementor-element-2139bbb elementor-widget elementor-widget-text-editor\" data-id=\"2139bbb\" data-element_type=\"widget\" data-widget_type=\"text-editor.default\">\n\t\t\t\t<div class=\"elementor-widget-container\">\n\t\t\t\t\t\t\t\t\t<ul><li>Kiedy rejestrujesz si\u0119 jako nasz u\u017cytkownik, zapisujemy tylko Twoje <strong>rachunek<\/strong> oraz <strong>has\u0142o<\/strong> na naszym serwerze<\/li><li>Gdy dodajesz produkty do listy \u017cycze\u0144, zapisujemy r\u00f3wnie\u017c dla Ciebie dane.<\/li><li>Kiedy z\u0142o\u017cysz zam\u00f3wienie i za nie zap\u0142acisz, uratujemy Twoje <strong>e-mail<\/strong>, <strong>numer telefonu<\/strong>, <strong>adres<\/strong> i inne informacje, poniewa\u017c potrzebujemy ich do wysy\u0142ki.<\/li><\/ul>\t\t\t\t\t\t\t\t<\/div>\n\t\t\t\t<\/div>\n\t\t\t\t\t<\/div>\n\t\t<\/div>\n\t\t\t\t\t<\/div>\n\t\t<\/section>\n\t\t\t\t<section class=\"elementor-section elementor-top-section elementor-element elementor-element-9b9d12e elementor-section-boxed elementor-section-height-default elementor-section-height-default\" data-id=\"9b9d12e\" data-element_type=\"section\">\n\t\t\t\t\t\t<div class=\"elementor-container elementor-column-gap-default\">\n\t\t\t\t\t<div class=\"elementor-column elementor-col-100 elementor-top-column elementor-element elementor-element-f14f8f4\" data-id=\"f14f8f4\" data-element_type=\"column\">\n\t\t\t<div class=\"elementor-column-wrap--f14f8f4 elementor-widget-wrap elementor-element-populated\">\n\t\t\t\t\t\t<div class=\"elementor-element elementor-element-80a84dd elementor-widget elementor-widget-heading\" data-id=\"80a84dd\" data-element_type=\"widget\" data-widget_type=\"heading.default\">\n\t\t\t\t<div class=\"elementor-widget-container\">\n\t\t\t\t\t<h2 class=\"elementor-heading-title elementor-size-default\">Bezpiecze\u0144stwo informacji\n<\/h2>\t\t\t\t<\/div>\n\t\t\t\t<\/div>\n\t\t\t\t\t<\/div>\n\t\t<\/div>\n\t\t\t\t\t<\/div>\n\t\t<\/section>\n\t\t\t\t<section class=\"elementor-section elementor-top-section elementor-element elementor-element-1cfc0b5 elementor-section-boxed elementor-section-height-default elementor-section-height-default\" data-id=\"1cfc0b5\" data-element_type=\"section\">\n\t\t\t\t\t\t<div class=\"elementor-container elementor-column-gap-default\">\n\t\t\t\t\t<div class=\"elementor-column elementor-col-100 elementor-top-column elementor-element elementor-element-16600a7\" data-id=\"16600a7\" data-element_type=\"column\">\n\t\t\t<div class=\"elementor-column-wrap--16600a7 elementor-widget-wrap elementor-element-populated\">\n\t\t\t\t\t\t<div class=\"elementor-element elementor-element-9a00552 elementor-widget elementor-widget-text-editor\" data-id=\"9a00552\" data-element_type=\"widget\" data-widget_type=\"text-editor.default\">\n\t\t\t\t<div class=\"elementor-widget-container\">\n\t\t\t\t\t\t\t\t\t<ul><li>Nasz sklep internetowy oparty jest na woocommerce. Posiada doskona\u0142e \u015brodki obrony przed XSS i csrf. Aby uzyska\u0107 wi\u0119cej informacji, mo\u017cesz odwiedzi\u0107 szczeg\u00f3\u0142y woocommerce.<\/li><li>Podczas wizyty na tej stronie b\u0119dziesz opiera\u0142 si\u0119 na protokole bezpiecze\u0144stwa htpps, aby zapewni\u0107 bezpiecze\u0144stwo przesy\u0142ania informacji.<\/li><li>Nasza p\u0142atno\u015b\u0107 opiera si\u0119 na bezpiecznych platformach stron trzecich, takich jak PayPal. Odwied\u017a tutaj, aby zobaczy\u0107, jak PayPal zapewnia bezpiecze\u0144stwo transakcji<\/li><\/ul>\t\t\t\t\t\t\t\t<\/div>\n\t\t\t\t<\/div>\n\t\t\t\t\t<\/div>\n\t\t<\/div>\n\t\t\t\t\t<\/div>\n\t\t<\/section>\n\t\t\t\t<section class=\"elementor-section elementor-top-section elementor-element elementor-element-35f7479 elementor-section-boxed elementor-section-height-default elementor-section-height-default\" data-id=\"35f7479\" data-element_type=\"section\">\n\t\t\t\t\t\t<div class=\"elementor-container elementor-column-gap-default\">\n\t\t\t\t\t<div class=\"elementor-column elementor-col-100 elementor-top-column elementor-element elementor-element-f9b12d5\" data-id=\"f9b12d5\" data-element_type=\"column\">\n\t\t\t<div class=\"elementor-column-wrap--f9b12d5 elementor-widget-wrap elementor-element-populated\">\n\t\t\t\t\t\t<div class=\"elementor-element elementor-element-6f4d007 elementor-widget elementor-widget-heading\" data-id=\"6f4d007\" data-element_type=\"widget\" data-widget_type=\"heading.default\">\n\t\t\t\t<div class=\"elementor-widget-container\">\n\t\t\t\t\t<h2 class=\"elementor-heading-title elementor-size-default\">Pe\u0142noletno\u015b\u0107\n<\/h2>\t\t\t\t<\/div>\n\t\t\t\t<\/div>\n\t\t\t\t\t<\/div>\n\t\t<\/div>\n\t\t\t\t\t<\/div>\n\t\t<\/section>\n\t\t\t\t<section class=\"elementor-section elementor-top-section elementor-element elementor-element-2c04a42 elementor-section-boxed elementor-section-height-default elementor-section-height-default\" data-id=\"2c04a42\" data-element_type=\"section\">\n\t\t\t\t\t\t<div class=\"elementor-container elementor-column-gap-default\">\n\t\t\t\t\t<div class=\"elementor-column elementor-col-100 elementor-top-column elementor-element elementor-element-16c0ced\" data-id=\"16c0ced\" data-element_type=\"column\">\n\t\t\t<div class=\"elementor-column-wrap--16c0ced elementor-widget-wrap elementor-element-populated\">\n\t\t\t\t\t\t<div class=\"elementor-element elementor-element-01f6e47 elementor-widget elementor-widget-text-editor\" data-id=\"01f6e47\" data-element_type=\"widget\" data-widget_type=\"text-editor.default\">\n\t\t\t\t<div class=\"elementor-widget-container\">\n\t\t\t\t\t\t\t\t\t<ul><li>Nasza strona internetowa zawiera tre\u015bci zastrze\u017cone dla doros\u0142ych. Je\u015bli nie masz uko\u0144czonych 18 lat, nie odwiedzaj strony.<\/li><li>Kiedy odwiedzasz, oznacza to, \u017ce konsekwencje tre\u015bci dla doros\u0142ych nie maj\u0105 z nami nic wsp\u00f3lnego.<\/li><\/ul>\t\t\t\t\t\t\t\t<\/div>\n\t\t\t\t<\/div>\n\t\t\t\t<div class=\"elementor-element elementor-element-0e3c52c elementor-widget elementor-widget-text-editor\" data-id=\"0e3c52c\" data-element_type=\"widget\" data-widget_type=\"text-editor.default\">\n\t\t\t\t<div class=\"elementor-widget-container\">\n\t\t\t\t\t\t\t\t\t<p>Zmiany w Polityce prywatno\u015bci<br \/>Zastrzegamy sobie prawo do zmiany naszej polityki prywatno\u015bci. Mo\u017cesz przegl\u0105da\u0107 t\u0119 stron\u0119, aby zobaczy\u0107 najnowsz\u0105 polityk\u0119 prywatno\u015bci.<\/p>\t\t\t\t\t\t\t\t<\/div>\n\t\t\t\t<\/div>\n\t\t\t\t\t<\/div>\n\t\t<\/div>\n\t\t\t\t\t<\/div>\n\t\t<\/section>\n\t\t\t\t<\/div>","protected":false},"excerpt":{"rendered":"<p>Privacy Policy The information we collect When you register as our user, we only save your account and password on our server When you add products to wishlists, we also save data for you. When you place an order and pay for it, we will save your emai, phone number, address and other information, because [&hellip;]<\/p>\n","protected":false},"author":3,"featured_media":0,"parent":0,"menu_order":0,"comment_status":"closed","ping_status":"open","template":"elementor_header_footer","meta":{"footnotes":""},"class_list":["post-3","page","type-page","status-publish","hentry"],"_links":{"self":[{"href":"https:\/\/sexdollxxx.com\/pl\/wp-json\/wp\/v2\/pages\/3","targetHints":{"allow":["GET"]}}],"collection":[{"href":"https:\/\/sexdollxxx.com\/pl\/wp-json\/wp\/v2\/pages"}],"about":[{"href":"https:\/\/sexdollxxx.com\/pl\/wp-json\/wp\/v2\/types\/page"}],"author":[{"embeddable":true,"href":"https:\/\/sexdollxxx.com\/pl\/wp-json\/wp\/v2\/users\/3"}],"replies":[{"embeddable":true,"href":"https:\/\/sexdollxxx.com\/pl\/wp-json\/wp\/v2\/comments?post=3"}],"version-history":[{"count":0,"href":"https:\/\/sexdollxxx.com\/pl\/wp-json\/wp\/v2\/pages\/3\/revisions"}],"wp:attachment":[{"href":"https:\/\/sexdollxxx.com\/pl\/wp-json\/wp\/v2\/media?parent=3"}],"curies":[{"name":"wp","href":"https:\/\/api.w.org\/{rel}","templated":true}]}}