{"id":617,"date":"2021-06-01T20:26:08","date_gmt":"2021-06-01T12:26:08","guid":{"rendered":"https:\/\/bluebirds.sslcommerz.org\/?page_id=617"},"modified":"2024-01-03T16:34:57","modified_gmt":"2024-01-03T08:34:57","slug":"sex-doll-affiliate-program","status":"publish","type":"page","link":"https:\/\/sexdollxxx.com\/pl\/sex-doll-affiliate-program\/","title":{"rendered":"Program partnerski dla lalek erotycznych"},"content":{"rendered":"<div data-elementor-type=\"wp-page\" data-elementor-id=\"617\" class=\"elementor elementor-617\" data-elementor-post-type=\"page\">\n\t\t\t\t\t\t<section class=\"elementor-section elementor-top-section elementor-element elementor-element-43ee23e elementor-section-boxed elementor-section-height-default elementor-section-height-default\" data-id=\"43ee23e\" data-element_type=\"section\">\n\t\t\t\t\t\t<div class=\"elementor-container elementor-column-gap-default\">\n\t\t\t\t\t<div class=\"elementor-column elementor-col-100 elementor-top-column elementor-element elementor-element-1adf86a\" data-id=\"1adf86a\" data-element_type=\"column\">\n\t\t\t<div class=\"elementor-column-wrap--1adf86a elementor-widget-wrap elementor-element-populated\">\n\t\t\t\t\t\t<div class=\"elementor-element elementor-element-210f1af elementor-widget elementor-widget-woocommerce-breadcrumb\" data-id=\"210f1af\" data-element_type=\"widget\" data-widget_type=\"woocommerce-breadcrumb.default\">\n\t\t\t\t<div class=\"elementor-widget-container\">\n\t\t\t\t\t<nav class=\"rey-breadcrumbs\"><div class=\"rey-breadcrumbs-item\" data-no-translation=\"\" data-trp-gettext=\"\">Dom<\/div><\/nav>\t\t\t\t<\/div>\n\t\t\t\t<\/div>\n\t\t\t\t\t<\/div>\n\t\t<\/div>\n\t\t\t\t\t<\/div>\n\t\t<\/section>\n\t\t\t\t<section class=\"elementor-section elementor-top-section elementor-element elementor-element-c228a1a elementor-section-boxed elementor-section-height-default elementor-section-height-default\" data-id=\"c228a1a\" data-element_type=\"section\">\n\t\t\t\t\t\t<div class=\"elementor-container elementor-column-gap-default\">\n\t\t\t\t\t<div class=\"elementor-column elementor-col-100 elementor-top-column elementor-element elementor-element-19a633d\" data-id=\"19a633d\" data-element_type=\"column\">\n\t\t\t<div class=\"elementor-column-wrap--19a633d elementor-widget-wrap elementor-element-populated\">\n\t\t\t\t\t\t<div class=\"elementor-element elementor-element-92458c9 elementor-widget elementor-widget-heading\" data-id=\"92458c9\" data-element_type=\"widget\" data-widget_type=\"heading.default\">\n\t\t\t\t<div class=\"elementor-widget-container\">\n\t\t\t\t\t<h1 class=\"elementor-heading-title elementor-size-default\">Program partnerski dla lalek erotycznych\n<\/h1>\t\t\t\t<\/div>\n\t\t\t\t<\/div>\n\t\t\t\t\t<\/div>\n\t\t<\/div>\n\t\t\t\t\t<\/div>\n\t\t<\/section>\n\t\t\t\t<section class=\"elementor-section elementor-top-section elementor-element elementor-element-e718e91 elementor-section-boxed elementor-section-height-default elementor-section-height-default\" data-id=\"e718e91\" data-element_type=\"section\">\n\t\t\t\t\t\t<div class=\"elementor-container elementor-column-gap-default\">\n\t\t\t\t\t<div class=\"elementor-column elementor-col-100 elementor-top-column elementor-element elementor-element-298e9dc\" data-id=\"298e9dc\" data-element_type=\"column\">\n\t\t\t<div class=\"elementor-column-wrap--298e9dc elementor-widget-wrap elementor-element-populated\">\n\t\t\t\t\t\t<div class=\"elementor-element elementor-element-65a9015 elementor-widget elementor-widget-spacer\" data-id=\"65a9015\" data-element_type=\"widget\" data-widget_type=\"spacer.default\">\n\t\t\t\t<div class=\"elementor-widget-container\">\n\t\t\t\t\t\t\t<div class=\"elementor-spacer\">\n\t\t\t<div class=\"elementor-spacer-inner\"><\/div>\n\t\t<\/div>\n\t\t\t\t\t\t<\/div>\n\t\t\t\t<\/div>\n\t\t\t\t\t<\/div>\n\t\t<\/div>\n\t\t\t\t\t<\/div>\n\t\t<\/section>\n\t\t\t\t<section class=\"elementor-section elementor-top-section elementor-element elementor-element-25f4ca3 elementor-section-boxed elementor-section-height-default elementor-section-height-default\" data-id=\"25f4ca3\" data-element_type=\"section\">\n\t\t\t\t\t\t<div class=\"elementor-container elementor-column-gap-default\">\n\t\t\t\t\t<div class=\"elementor-column elementor-col-100 elementor-top-column elementor-element elementor-element-b199dec\" data-id=\"b199dec\" data-element_type=\"column\">\n\t\t\t<div class=\"elementor-column-wrap--b199dec elementor-widget-wrap elementor-element-populated\">\n\t\t\t\t\t\t<div class=\"elementor-element elementor-element-0165792 elementor-widget elementor-widget-text-editor\" data-id=\"0165792\" data-element_type=\"widget\" data-widget_type=\"text-editor.default\">\n\t\t\t\t<div class=\"elementor-widget-container\">\n\t\t\t\t\t\t\t\t\t<p>Dzi\u0119kujemy za zainteresowanie Programem Partnerskim SexDollxxx. Chcieliby\u015bmy zaprosi\u0107 Ci\u0119 do zostania partnerem i zarabiania pieni\u0119dzy poprzez nasz program partnerski.<br \/>Zosta\u0144 cz\u0119\u015bci\u0105 najwi\u0119kszego i najbardziej znanego programu partnerskiego dla lalek dla doros\u0142ych TERAZ!<\/p><p>Co miesi\u0105c sprzedajemy tysi\u0105ce lalek erotycznych, wi\u0119c teraz dodajemy kana\u0142y marketingu afiliacyjnego i mamy nadziej\u0119, \u017ce do\u0142\u0105czysz do nas, aby przenie\u015b\u0107 nasz\u0105 sprzeda\u017c na wy\u017cszy poziom. Mam nadziej\u0119, \u017ce b\u0119dziemy mieli \u015bwietn\u0105 wsp\u00f3\u0142prac\u0119 w przysz\u0142o\u015bci.<\/p>\t\t\t\t\t\t\t\t<\/div>\n\t\t\t\t<\/div>\n\t\t\t\t\t<\/div>\n\t\t<\/div>\n\t\t\t\t\t<\/div>\n\t\t<\/section>\n\t\t\t\t<section class=\"elementor-section elementor-top-section elementor-element elementor-element-928a69f elementor-section-boxed elementor-section-height-default elementor-section-height-default\" data-id=\"928a69f\" data-element_type=\"section\">\n\t\t\t\t\t\t<div class=\"elementor-container elementor-column-gap-default\">\n\t\t\t\t\t<div class=\"elementor-column elementor-col-100 elementor-top-column elementor-element elementor-element-245c2c7\" data-id=\"245c2c7\" data-element_type=\"column\">\n\t\t\t<div class=\"elementor-column-wrap--245c2c7 elementor-widget-wrap elementor-element-populated\">\n\t\t\t\t\t\t<div class=\"elementor-element elementor-element-f7ed410 elementor-widget elementor-widget-heading\" data-id=\"f7ed410\" data-element_type=\"widget\" data-widget_type=\"heading.default\">\n\t\t\t\t<div class=\"elementor-widget-container\">\n\t\t\t\t\t<h5 class=\"elementor-heading-title elementor-size-default\">Korzy\u015bci z programu partnerskiego<\/h5>\t\t\t\t<\/div>\n\t\t\t\t<\/div>\n\t\t\t\t<div class=\"elementor-element elementor-element-e558776 elementor-widget elementor-widget-text-editor\" data-id=\"e558776\" data-element_type=\"widget\" data-widget_type=\"text-editor.default\">\n\t\t\t\t<div class=\"elementor-widget-container\">\n\t\t\t\t\t\t\t\t\t<ul><li>Stawka prowizji: 6%<\/li><li>Czas trwania pliku cookie: 30 dni<\/li><li>\u015arednia warto\u015b\u0107 zam\u00f3wienia (AOV): $500-1999 (<strong>zarabiasz \u015brednio $60 przy jednym zam\u00f3wieniu!<\/strong>)<\/li><li>Wyp\u0142ata:<strong>\u00a0<\/strong>Je\u015bli masz wi\u0119cej ni\u017c 200 USD prowizji, nasz dzia\u0142 finansowy rozliczy si\u0119 jednorazowo.<\/li><li>Miesi\u0119czny biuletyn \u2013 dzi\u0119ki kt\u00f3remu b\u0119dziesz na bie\u017c\u0105co z najnowszymi informacjami o nowo\u015bciach produktowych, promocjach i nie tylko!<\/li><li>Wewn\u0119trzny mened\u017cer afiliacyjny i wsparcie \u2013 naszym zadaniem jest dba\u0107 o Ciebie!<\/li><li>Zaufany od roku 2019<\/li><\/ul>\t\t\t\t\t\t\t\t<\/div>\n\t\t\t\t<\/div>\n\t\t\t\t\t<\/div>\n\t\t<\/div>\n\t\t\t\t\t<\/div>\n\t\t<\/section>\n\t\t\t\t<section class=\"elementor-section elementor-top-section elementor-element elementor-element-b17aee8 elementor-section-boxed elementor-section-height-default elementor-section-height-default\" data-id=\"b17aee8\" data-element_type=\"section\">\n\t\t\t\t\t\t<div class=\"elementor-container elementor-column-gap-default\">\n\t\t\t\t\t<div class=\"elementor-column elementor-col-100 elementor-top-column elementor-element elementor-element-c044242\" data-id=\"c044242\" data-element_type=\"column\">\n\t\t\t<div class=\"elementor-column-wrap--c044242 elementor-widget-wrap elementor-element-populated\">\n\t\t\t\t\t\t<div class=\"elementor-element elementor-element-139830c elementor-widget elementor-widget-text-editor\" data-id=\"139830c\" data-element_type=\"widget\" data-widget_type=\"text-editor.default\">\n\t\t\t\t<div class=\"elementor-widget-container\">\n\t\t\t\t\t\t\t\t\t<p><strong>Ile mo\u017cesz zarobi\u0107 jako partner afiliacyjny SexDollxxx?<\/strong><\/p><p>Nasi partnerzy stowarzyszeni zarabiaj\u0105 <em><span style=\"text-decoration: underline;\"><strong>6%<\/strong><\/span><\/em> prowizj\u0119 od ka\u017cdej sprzeda\u017cy wygenerowanej przez ich polecenia. NIE jest to najwy\u017csza stawka prowizji oferowana przez t\u0119 bran\u017c\u0119. ale wygenerujesz wi\u0119ksz\u0105 sprzeda\u017c, poniewa\u017c nasza cena jest bardzo konkurencyjna<\/p><p>Przyk\u0142adowa prowizja:<\/p><p>Nasza najlepiej sprzedaj\u0105ca si\u0119 lalka z p\u0142ask\u0105 klatk\u0105 piersiow\u0105 <a href=\"https:\/\/sexdollxxx.com\/pl\/flat-chested-sex-doll-misaki\/\" data-abc=\"true\">Misaki<\/a> wyceniony jest na $499. Nasi partnerzy stowarzyszeni zarabiaj\u0105 $29,94 za ka\u017cdym razem, gdy kupuje j\u0105 kto\u015b z ich poleconych. ($499 X 0,06 = $29,94)<br \/>jak zwykle co miesi\u0105c b\u0119dzie sprzedawanych oko\u0142o 10 lalek Misaki. czyli zarobisz 299,4 usd ($29,94 X 10 = $299,4)<\/p>\t\t\t\t\t\t\t\t<\/div>\n\t\t\t\t<\/div>\n\t\t\t\t\t<\/div>\n\t\t<\/div>\n\t\t\t\t\t<\/div>\n\t\t<\/section>\n\t\t\t\t<section class=\"elementor-section elementor-top-section elementor-element elementor-element-accac0b elementor-section-boxed elementor-section-height-default elementor-section-height-default\" data-id=\"accac0b\" data-element_type=\"section\">\n\t\t\t\t\t\t<div class=\"elementor-container elementor-column-gap-default\">\n\t\t\t\t\t<div class=\"elementor-column elementor-col-100 elementor-top-column elementor-element elementor-element-58f881d\" data-id=\"58f881d\" data-element_type=\"column\">\n\t\t\t<div class=\"elementor-column-wrap--58f881d elementor-widget-wrap elementor-element-populated\">\n\t\t\t\t\t\t<div class=\"elementor-element elementor-element-e68a6ba elementor-widget elementor-widget-heading\" data-id=\"e68a6ba\" data-element_type=\"widget\" data-widget_type=\"heading.default\">\n\t\t\t\t<div class=\"elementor-widget-container\">\n\t\t\t\t\t<h5 class=\"elementor-heading-title elementor-size-default\">Jak zosta\u0107 partnerem stowarzyszonym<\/h5>\t\t\t\t<\/div>\n\t\t\t\t<\/div>\n\t\t\t\t<div class=\"elementor-element elementor-element-7cb08f1 elementor-widget elementor-widget-text-editor\" data-id=\"7cb08f1\" data-element_type=\"widget\" data-widget_type=\"text-editor.default\">\n\t\t\t\t<div class=\"elementor-widget-container\">\n\t\t\t\t\t\t\t\t\t<p><strong style=\"background-color: var(--body-bg-color); color: var(--body-color); font-family: var(--body-font-family),sans-serif; font-size: 1.125rem;\">Strona g\u0142\u00f3wna programu partnerskiego:<\/strong><\/p><div class=\"elementor-element elementor-element-62e1a98 elementor-widget elementor-widget-wd_text_block\" data-id=\"62e1a98\" data-element_type=\"widget\" data-widget_type=\"wd_text_block.default\"><div class=\"elementor-widget-container\"><div class=\"wd-text-block reset-last-child text-left\"><p class=\"nitro-offscreen\"><a href=\"https:\/\/sexdollxxx.goaffpro.com\/\" target=\"_blank\" rel=\"noopener\">https:\/\/sexdollxxx.goaffpro.com\/<\/a><\/p><p class=\"nitro-offscreen\"><strong>Strona rejestracyjna:<\/strong><br \/><a href=\"https:\/\/sexdollxxx.goaffpro.com\/create-account\/\" target=\"_blank\" rel=\"noopener\">https:\/\/sexdollxxx.goaffpro.com\/create-account\/<\/a><\/p><p class=\"nitro-offscreen\"><strong>Strona logowania:<\/strong><br \/><a href=\"https:\/\/sexdollxxx.goaffpro.com\/login\/\" target=\"_blank\" rel=\"noopener\">https:\/\/sexdollxxx.goaffpro.com\/login\/<\/a><\/p><\/div><\/div><\/div><div class=\"elementor-element elementor-element-7dbf6af elementor-widget elementor-widget-wd_text_block\" data-id=\"7dbf6af\" data-element_type=\"widget\" data-widget_type=\"wd_text_block.default\"><div class=\"elementor-widget-container\"><div class=\"wd-text-block reset-last-child text-left\"><p><strong>Notatka:<\/strong> P\u0142atne kana\u0142y reklamowe, takie jak Exoclick, Trafficfactory i TrafficJunky, s\u0105 niedozwolone. Strony z katalogami kupon\u00f3w r\u00f3wnie\u017c nie s\u0105 dozwolone. Je\u015bli masz jakiekolwiek pytania, skontaktuj si\u0119 z nami pod adresem <a href=\"mailto:sales@sexdollxxx.com\">sales@sexdollxxx.com<\/a><\/p><\/div><\/div><\/div>\t\t\t\t\t\t\t\t<\/div>\n\t\t\t\t<\/div>\n\t\t\t\t\t<\/div>\n\t\t<\/div>\n\t\t\t\t\t<\/div>\n\t\t<\/section>\n\t\t\t\t<section class=\"elementor-section elementor-top-section elementor-element elementor-element-01c7f3b elementor-section-boxed elementor-section-height-default elementor-section-height-default\" data-id=\"01c7f3b\" data-element_type=\"section\">\n\t\t\t\t\t\t<div class=\"elementor-container elementor-column-gap-default\">\n\t\t\t\t\t<div class=\"elementor-column elementor-col-100 elementor-top-column elementor-element elementor-element-c598eb9\" data-id=\"c598eb9\" data-element_type=\"column\">\n\t\t\t<div class=\"elementor-column-wrap--c598eb9 elementor-widget-wrap elementor-element-populated\">\n\t\t\t\t\t\t<div class=\"elementor-element elementor-element-bba4079 elementor-widget elementor-widget-heading\" data-id=\"bba4079\" data-element_type=\"widget\" data-widget_type=\"heading.default\">\n\t\t\t\t<div class=\"elementor-widget-container\">\n\t\t\t\t\t<h5 class=\"elementor-heading-title elementor-size-default\">Jak to dzia\u0142a?<\/h5>\t\t\t\t<\/div>\n\t\t\t\t<\/div>\n\t\t\t\t<div class=\"elementor-element elementor-element-298027d elementor-widget elementor-widget-text-editor\" data-id=\"298027d\" data-element_type=\"widget\" data-widget_type=\"text-editor.default\">\n\t\t\t\t<div class=\"elementor-widget-container\">\n\t\t\t\t\t\t\t\t\t<p>\u2013 Zarejestruj si\u0119 jako partner afiliacyjny SexDollxxx.<br \/>\u2013 Umie\u015b\u0107 banery reklamowe i dodaj sw\u00f3j partnerski adres URL na swojej stronie internetowej.<br \/>\u2013 Kiedy u\u017cytkownik przejdzie na stron\u0119 sexdollxxx.com i dokona zakupu, automatycznie zarobisz 6% ze sprzeda\u017cy.<br \/>\u2013 Zaloguj si\u0119 do Panelu Partnera Afiliacyjnego w dowolnym momencie, aby \u015bledzi\u0107 klikni\u0119cia, konwersje i zarobki.<br \/>\u2013 Wyp\u0142aty b\u0119d\u0105 dokonywane za po\u015brednictwem przelewu Paypal po osi\u0105gni\u0119ciu progu $200,00.<\/p>\t\t\t\t\t\t\t\t<\/div>\n\t\t\t\t<\/div>\n\t\t\t\t\t<\/div>\n\t\t<\/div>\n\t\t\t\t\t<\/div>\n\t\t<\/section>\n\t\t\t\t<section class=\"elementor-section elementor-top-section elementor-element elementor-element-89486af elementor-section-boxed elementor-section-height-default elementor-section-height-default\" data-id=\"89486af\" data-element_type=\"section\">\n\t\t\t\t\t\t<div class=\"elementor-container elementor-column-gap-default\">\n\t\t\t\t\t<div class=\"elementor-column elementor-col-100 elementor-top-column elementor-element elementor-element-deae571\" data-id=\"deae571\" data-element_type=\"column\">\n\t\t\t<div class=\"elementor-column-wrap--deae571 elementor-widget-wrap elementor-element-populated\">\n\t\t\t\t\t\t<div class=\"elementor-element elementor-element-30f276c elementor-widget elementor-widget-spacer\" data-id=\"30f276c\" data-element_type=\"widget\" data-widget_type=\"spacer.default\">\n\t\t\t\t<div class=\"elementor-widget-container\">\n\t\t\t\t\t\t\t<div class=\"elementor-spacer\">\n\t\t\t<div class=\"elementor-spacer-inner\"><\/div>\n\t\t<\/div>\n\t\t\t\t\t\t<\/div>\n\t\t\t\t<\/div>\n\t\t\t\t\t<\/div>\n\t\t<\/div>\n\t\t\t\t\t<\/div>\n\t\t<\/section>\n\t\t\t\t<\/div>","protected":false},"excerpt":{"rendered":"<p>Sex Doll Affiliate Program Thank you for your interest in the SexDollxxx Affiliate Program. We would like to invite you to be an affiliate and earn money through our Affiliate program.Become a part of the largest and most renowned Adult Sex Doll Affiliate Program NOW! Every month we are selling thousands of sex dolls, so [&hellip;]<\/p>\n","protected":false},"author":3,"featured_media":0,"parent":0,"menu_order":0,"comment_status":"closed","ping_status":"closed","template":"elementor_header_footer","meta":{"footnotes":""},"class_list":["post-617","page","type-page","status-publish","hentry"],"_links":{"self":[{"href":"https:\/\/sexdollxxx.com\/pl\/wp-json\/wp\/v2\/pages\/617","targetHints":{"allow":["GET"]}}],"collection":[{"href":"https:\/\/sexdollxxx.com\/pl\/wp-json\/wp\/v2\/pages"}],"about":[{"href":"https:\/\/sexdollxxx.com\/pl\/wp-json\/wp\/v2\/types\/page"}],"author":[{"embeddable":true,"href":"https:\/\/sexdollxxx.com\/pl\/wp-json\/wp\/v2\/users\/3"}],"replies":[{"embeddable":true,"href":"https:\/\/sexdollxxx.com\/pl\/wp-json\/wp\/v2\/comments?post=617"}],"version-history":[{"count":0,"href":"https:\/\/sexdollxxx.com\/pl\/wp-json\/wp\/v2\/pages\/617\/revisions"}],"wp:attachment":[{"href":"https:\/\/sexdollxxx.com\/pl\/wp-json\/wp\/v2\/media?parent=617"}],"curies":[{"name":"wp","href":"https:\/\/api.w.org\/{rel}","templated":true}]}}