{"id":3076,"date":"2021-06-11T23:48:09","date_gmt":"2021-06-11T23:48:09","guid":{"rendered":"https:\/\/bluebirds.sslcommerz.org\/?post_type=product&#038;p=3076"},"modified":"2025-08-19T02:15:29","modified_gmt":"2025-08-18T18:15:29","slug":"ass-sex-doll-torso-aiko","status":"publish","type":"product","link":"https:\/\/sexdollxxx.com\/pl\/ass-sex-doll-torso-aiko\/","title":{"rendered":"Mini Ass Sex Doll Torso \u2013 Aiko"},"content":{"rendered":"<h2>Mini Ass Sex Doll Torso \u2013 Aiko<\/h2>\n<p>Ten <strong>silikon Mini Ass Sex Doll Torso online<\/strong> wa\u017cy zaledwie 4,4 funta i jest wystarczaj\u0105co lekki, aby mo\u017cna go by\u0142o nosi\u0107 ze sob\u0105 i bawi\u0107 si\u0119. Wykonana jest z TPE, dzi\u0119ki czemu jest elastyczna i nie powoduje uraz\u00f3w ani niepo\u017c\u0105danych reakcji podczas u\u017cytkowania. To jest pow\u00f3d, dla kt\u00f3rego jej ty\u0142ek jest mi\u0119kki i realistyczny jak ludzki ty\u0142ek. Wn\u0119trze pochwy jest ca\u0142kowicie surrealistyczne i misternie na\u015bladuje struktur\u0119 zmarszczek prawdziwej kobiety. Odbyt jest wykonany z tak\u0105 sam\u0105 koncentracj\u0105, aby zapewni\u0107 Ci maksymaln\u0105 przyjemno\u015b\u0107.<\/p>\n<p>Mo\u017cesz kupi\u0107 <strong>TPE realistyczny mini tu\u0142\u00f3w lalki erotycznej<\/strong> i mo\u017ce by\u0107 dostarczony w ci\u0105gu kilku dni, a nie ujawnimy zawarto\u015bci paczki.<\/p>\n<p><img fetchpriority=\"high\" decoding=\"async\" class=\"alignnone wp-image-3086 size-full\" src=\"https:\/\/sexdollxxx.com\/wp-content\/uploads\/2021\/06\/Mini-Ass-Torso-Sex-Doll-Size.jpg\" alt=\"Mini Ass Sex Doll Torso\" width=\"1000\" height=\"1000\" title=\"\" srcset=\"https:\/\/sexdollxxx.com\/wp-content\/uploads\/2021\/06\/Mini-Ass-Torso-Sex-Doll-Size.jpg 1000w, https:\/\/sexdollxxx.com\/wp-content\/uploads\/2021\/06\/Mini-Ass-Torso-Sex-Doll-Size-300x300.jpg 300w, https:\/\/sexdollxxx.com\/wp-content\/uploads\/2021\/06\/Mini-Ass-Torso-Sex-Doll-Size-250x250.jpg 250w, https:\/\/sexdollxxx.com\/wp-content\/uploads\/2021\/06\/Mini-Ass-Torso-Sex-Doll-Size-600x600.jpg 600w, https:\/\/sexdollxxx.com\/wp-content\/uploads\/2021\/06\/Mini-Ass-Torso-Sex-Doll-Size-150x150.jpg 150w, https:\/\/sexdollxxx.com\/wp-content\/uploads\/2021\/06\/Mini-Ass-Torso-Sex-Doll-Size-768x768.jpg 768w, https:\/\/sexdollxxx.com\/wp-content\/uploads\/2021\/06\/Mini-Ass-Torso-Sex-Doll-Size-100x100.jpg 100w\" sizes=\"(max-width: 1000px) 100vw, 1000px\"><\/p>","protected":false},"excerpt":{"rendered":"<p><span style=\"color: #f73e74;\">Gotowy do wysy\u0142ki do USA, UE, Kanady i Australii<\/span><\/p>","protected":false},"featured_media":3077,"comment_status":"open","ping_status":"closed","template":"","meta":[],"product_cat":[205,194,189,219,344],"product_tag":[396],"class_list":{"0":"post-3076","1":"product","2":"type-product","3":"status-publish","4":"has-post-thumbnail","6":"product_cat-sex-doll-torso","7":"product_cat-65cm-88cm-sex-doll","8":"product_cat-mini-sex-doll","9":"product_cat-real-sex-dolls","10":"product_cat-tpe-sex-doll","11":"product_tag-65cm","12":"tm-no-options","14":"first","15":"instock","16":"sale","17":"shipping-taxable","18":"purchasable","19":"product-type-simple","swatches":"rey-swatches","show_selected":""},"_links":{"self":[{"href":"https:\/\/sexdollxxx.com\/pl\/wp-json\/wp\/v2\/product\/3076","targetHints":{"allow":["GET"]}}],"collection":[{"href":"https:\/\/sexdollxxx.com\/pl\/wp-json\/wp\/v2\/product"}],"about":[{"href":"https:\/\/sexdollxxx.com\/pl\/wp-json\/wp\/v2\/types\/product"}],"replies":[{"embeddable":true,"href":"https:\/\/sexdollxxx.com\/pl\/wp-json\/wp\/v2\/comments?post=3076"}],"wp:featuredmedia":[{"embeddable":true,"href":"https:\/\/sexdollxxx.com\/pl\/wp-json\/wp\/v2\/media\/3077"}],"wp:attachment":[{"href":"https:\/\/sexdollxxx.com\/pl\/wp-json\/wp\/v2\/media?parent=3076"}],"wp:term":[{"taxonomy":"product_cat","embeddable":true,"href":"https:\/\/sexdollxxx.com\/pl\/wp-json\/wp\/v2\/product_cat?post=3076"},{"taxonomy":"product_tag","embeddable":true,"href":"https:\/\/sexdollxxx.com\/pl\/wp-json\/wp\/v2\/product_tag?post=3076"}],"curies":[{"name":"wp","href":"https:\/\/api.w.org\/{rel}","templated":true}]}}