{"id":31428,"date":"2023-12-01T19:11:02","date_gmt":"2023-12-01T11:11:02","guid":{"rendered":"https:\/\/sexdollxxx.com\/?page_id=31428"},"modified":"2023-12-02T09:52:21","modified_gmt":"2023-12-02T01:52:21","slug":"how-to-pay-by-payment-link","status":"publish","type":"page","link":"https:\/\/sexdollxxx.com\/ro\/how-to-pay-by-payment-link\/","title":{"rendered":"Cum s\u0103 pl\u0103ti\u021bi prin linkul de plat\u0103"},"content":{"rendered":"<div data-elementor-type=\"wp-page\" data-elementor-id=\"31428\" class=\"elementor elementor-31428\" data-elementor-post-type=\"page\">\n\t\t\t\t\t\t<section class=\"elementor-section elementor-top-section elementor-element elementor-element-5539fe5 elementor-section-boxed elementor-section-height-default elementor-section-height-default\" data-id=\"5539fe5\" data-element_type=\"section\">\n\t\t\t\t\t\t<div class=\"elementor-container elementor-column-gap-default\">\n\t\t\t\t\t<div class=\"elementor-column elementor-col-100 elementor-top-column elementor-element elementor-element-9197215\" data-id=\"9197215\" data-element_type=\"column\">\n\t\t\t<div class=\"elementor-column-wrap--9197215 elementor-widget-wrap elementor-element-populated\">\n\t\t\t\t\t\t<div class=\"elementor-element elementor-element-8564278 elementor-widget elementor-widget-woocommerce-breadcrumb\" data-id=\"8564278\" data-element_type=\"widget\" data-widget_type=\"woocommerce-breadcrumb.default\">\n\t\t\t\t<div class=\"elementor-widget-container\">\n\t\t\t\t\t<nav class=\"rey-breadcrumbs\"><div class=\"rey-breadcrumbs-item\" data-no-translation=\"\" data-trp-gettext=\"\">Acas\u0103<\/div><\/nav>\t\t\t\t<\/div>\n\t\t\t\t<\/div>\n\t\t\t\t\t<\/div>\n\t\t<\/div>\n\t\t\t\t\t<\/div>\n\t\t<\/section>\n\t\t\t\t<section class=\"elementor-section elementor-top-section elementor-element elementor-element-05ce4b8 elementor-section-boxed elementor-section-height-default elementor-section-height-default\" data-id=\"05ce4b8\" data-element_type=\"section\">\n\t\t\t\t\t\t<div class=\"elementor-container elementor-column-gap-default\">\n\t\t\t\t\t<div class=\"elementor-column elementor-col-100 elementor-top-column elementor-element elementor-element-479b636\" data-id=\"479b636\" data-element_type=\"column\">\n\t\t\t<div class=\"elementor-column-wrap--479b636 elementor-widget-wrap elementor-element-populated\">\n\t\t\t\t\t\t<div class=\"elementor-element elementor-element-8902af9 elementor-widget elementor-widget-heading\" data-id=\"8902af9\" data-element_type=\"widget\" data-widget_type=\"heading.default\">\n\t\t\t\t<div class=\"elementor-widget-container\">\n\t\t\t\t\t<h1 class=\"elementor-heading-title elementor-size-default\">Link de plat\u0103<\/h1>\t\t\t\t<\/div>\n\t\t\t\t<\/div>\n\t\t\t\t\t<\/div>\n\t\t<\/div>\n\t\t\t\t\t<\/div>\n\t\t<\/section>\n\t\t\t\t<section class=\"elementor-section elementor-top-section elementor-element elementor-element-508454a elementor-section-boxed elementor-section-height-default elementor-section-height-default\" data-id=\"508454a\" data-element_type=\"section\">\n\t\t\t\t\t\t<div class=\"elementor-container elementor-column-gap-default\">\n\t\t\t\t\t<div class=\"elementor-column elementor-col-100 elementor-top-column elementor-element elementor-element-4b48ff9\" data-id=\"4b48ff9\" data-element_type=\"column\">\n\t\t\t<div class=\"elementor-column-wrap--4b48ff9 elementor-widget-wrap elementor-element-populated\">\n\t\t\t\t\t\t<div class=\"elementor-element elementor-element-2de2546 elementor-widget elementor-widget-heading\" data-id=\"2de2546\" data-element_type=\"widget\" data-widget_type=\"heading.default\">\n\t\t\t\t<div class=\"elementor-widget-container\">\n\t\t\t\t\t<h2 class=\"elementor-heading-title elementor-size-default\">Cum s\u0103 pl\u0103ti\u021bi prin linkul de plat\u0103\n<\/h2>\t\t\t\t<\/div>\n\t\t\t\t<\/div>\n\t\t\t\t<div class=\"elementor-element elementor-element-8941698 elementor-widget elementor-widget-text-editor\" data-id=\"8941698\" data-element_type=\"widget\" data-widget_type=\"text-editor.default\">\n\t\t\t\t<div class=\"elementor-widget-container\">\n\t\t\t\t\t\t\t\t\t<p>Deoarece canalul de carduri de credit nu este prietenos cu magazinele de p\u0103pu\u0219i sexuale \u00een zilele noastre, trebuie s\u0103 folosim link-uri de plat\u0103 pentru a \u00eendeplini comenzile.<\/p>\t\t\t\t\t\t\t\t<\/div>\n\t\t\t\t<\/div>\n\t\t\t\t\t<\/div>\n\t\t<\/div>\n\t\t\t\t\t<\/div>\n\t\t<\/section>\n\t\t\t\t<section class=\"elementor-section elementor-top-section elementor-element elementor-element-5acd8b6 elementor-section-boxed elementor-section-height-default elementor-section-height-default\" data-id=\"5acd8b6\" data-element_type=\"section\">\n\t\t\t\t\t\t<div class=\"elementor-container elementor-column-gap-default\">\n\t\t\t\t\t<div class=\"elementor-column elementor-col-100 elementor-top-column elementor-element elementor-element-074124a\" data-id=\"074124a\" data-element_type=\"column\">\n\t\t\t<div class=\"elementor-column-wrap--074124a elementor-widget-wrap elementor-element-populated\">\n\t\t\t\t\t\t<div class=\"elementor-element elementor-element-9732559 elementor-widget elementor-widget-heading\" data-id=\"9732559\" data-element_type=\"widget\" data-widget_type=\"heading.default\">\n\t\t\t\t<div class=\"elementor-widget-container\">\n\t\t\t\t\t<h2 class=\"elementor-heading-title elementor-size-default\">1. Plasa\u021bi comanda pe site-ul sexdollxxx.com\n<\/h2>\t\t\t\t<\/div>\n\t\t\t\t<\/div>\n\t\t\t\t\t<\/div>\n\t\t<\/div>\n\t\t\t\t\t<\/div>\n\t\t<\/section>\n\t\t\t\t<section class=\"elementor-section elementor-top-section elementor-element elementor-element-505cf09 elementor-section-boxed elementor-section-height-default elementor-section-height-default\" data-id=\"505cf09\" data-element_type=\"section\">\n\t\t\t\t\t\t<div class=\"elementor-container elementor-column-gap-default\">\n\t\t\t\t\t<div class=\"elementor-column elementor-col-100 elementor-top-column elementor-element elementor-element-fd7be84\" data-id=\"fd7be84\" data-element_type=\"column\">\n\t\t\t<div class=\"elementor-column-wrap--fd7be84 elementor-widget-wrap elementor-element-populated\">\n\t\t\t\t\t\t<div class=\"elementor-element elementor-element-3588333 elementor-widget elementor-widget-text-editor\" data-id=\"3588333\" data-element_type=\"widget\" data-widget_type=\"text-editor.default\">\n\t\t\t\t<div class=\"elementor-widget-container\">\n\t\t\t\t\t\t\t\t\t<ul><li>Ad\u0103uga\u021bi p\u0103pu\u0219a \u00een co\u0219<\/li><li>Accesa\u021bi pagina Checkout<\/li><li>Alege\u021bi re\u021binerea, Linkul de plat\u0103 cu cardul de credit<\/li><\/ul>\t\t\t\t\t\t\t\t<\/div>\n\t\t\t\t<\/div>\n\t\t\t\t<div class=\"elementor-element elementor-element-41aea97 elementor-widget elementor-widget-text-editor\" data-id=\"41aea97\" data-element_type=\"widget\" data-widget_type=\"text-editor.default\">\n\t\t\t\t<div class=\"elementor-widget-container\">\n\t\t\t\t\t\t\t\t\t<p><span style=\"text-decoration: underline;\">Odat\u0103 ce face\u021bi clic pe \u201ePlase Order\u201d, sistemul nostru v\u0103 va trimite un e-mail, inclusiv num\u0103rul comenzii \u0219i suma comenzii. ve\u021bi g\u0103si \u0219i linkul de plat\u0103<\/span><\/p><p><strong><span style=\"text-decoration: underline;\">(Dac\u0103 nu a\u021bi primit e-mail \u00een decurs de 5 minute, v\u0103 rug\u0103m s\u0103 verifica\u021bi folderul de spam prin e-mail)<\/span><\/strong><\/p>\t\t\t\t\t\t\t\t<\/div>\n\t\t\t\t<\/div>\n\t\t\t\t\t<\/div>\n\t\t<\/div>\n\t\t\t\t\t<\/div>\n\t\t<\/section>\n\t\t\t\t<section class=\"elementor-section elementor-top-section elementor-element elementor-element-8cbacbf elementor-section-boxed elementor-section-height-default elementor-section-height-default\" data-id=\"8cbacbf\" data-element_type=\"section\">\n\t\t\t\t\t\t<div class=\"elementor-container elementor-column-gap-default\">\n\t\t\t\t\t<div class=\"elementor-column elementor-col-100 elementor-top-column elementor-element elementor-element-f26a0a7\" data-id=\"f26a0a7\" data-element_type=\"column\">\n\t\t\t<div class=\"elementor-column-wrap--f26a0a7 elementor-widget-wrap elementor-element-populated\">\n\t\t\t\t\t\t<div class=\"elementor-element elementor-element-21f0acb elementor-widget elementor-widget-heading\" data-id=\"21f0acb\" data-element_type=\"widget\" data-widget_type=\"heading.default\">\n\t\t\t\t<div class=\"elementor-widget-container\">\n\t\t\t\t\t<h2 class=\"elementor-heading-title elementor-size-default\">2. Utilizarea Link-ului de plat\u0103 pentru plata cu cardul de credit<\/h2>\t\t\t\t<\/div>\n\t\t\t\t<\/div>\n\t\t\t\t\t<\/div>\n\t\t<\/div>\n\t\t\t\t\t<\/div>\n\t\t<\/section>\n\t\t\t\t<section class=\"elementor-section elementor-top-section elementor-element elementor-element-72c1daa elementor-section-boxed elementor-section-height-default elementor-section-height-default\" data-id=\"72c1daa\" data-element_type=\"section\">\n\t\t\t\t\t\t<div class=\"elementor-container elementor-column-gap-default\">\n\t\t\t\t\t<div class=\"elementor-column elementor-col-100 elementor-top-column elementor-element elementor-element-d9357f5\" data-id=\"d9357f5\" data-element_type=\"column\">\n\t\t\t<div class=\"elementor-column-wrap--d9357f5 elementor-widget-wrap elementor-element-populated\">\n\t\t\t\t\t\t<div class=\"elementor-element elementor-element-c78e6ad elementor-widget elementor-widget-text-editor\" data-id=\"c78e6ad\" data-element_type=\"widget\" data-widget_type=\"text-editor.default\">\n\t\t\t\t<div class=\"elementor-widget-container\">\n\t\t\t\t\t\t\t\t\t<p>2.1 c\u00e2nd deschide\u021bi linkul de plat\u0103, v\u0103 rug\u0103m s\u0103 introduce\u021bi num\u0103rul comenzii \u0219i suma comenzii, pe care le-a\u021bi primit pe e-mail.<\/p>\t\t\t\t\t\t\t\t<\/div>\n\t\t\t\t<\/div>\n\t\t\t\t<div class=\"elementor-element elementor-element-4a42044 elementor-widget elementor-widget-image\" data-id=\"4a42044\" data-element_type=\"widget\" data-widget_type=\"image.default\">\n\t\t\t\t<div class=\"elementor-widget-container\">\n\t\t\t\t\t\t\t\t\t\t\t\t\t\t\t<img fetchpriority=\"high\" decoding=\"async\" width=\"1674\" height=\"639\" src=\"https:\/\/sexdollxxx.com\/wp-content\/uploads\/2023\/12\/pic-payment-1.jpg\" class=\"attachment-full size-full wp-image-31441\" alt=\"\" srcset=\"https:\/\/sexdollxxx.com\/wp-content\/uploads\/2023\/12\/pic-payment-1.jpg 1674w, https:\/\/sexdollxxx.com\/wp-content\/uploads\/2023\/12\/pic-payment-1-300x115.jpg 300w, https:\/\/sexdollxxx.com\/wp-content\/uploads\/2023\/12\/pic-payment-1-250x95.jpg 250w, https:\/\/sexdollxxx.com\/wp-content\/uploads\/2023\/12\/pic-payment-1-600x229.jpg 600w, https:\/\/sexdollxxx.com\/wp-content\/uploads\/2023\/12\/pic-payment-1-1024x391.jpg 1024w, https:\/\/sexdollxxx.com\/wp-content\/uploads\/2023\/12\/pic-payment-1-768x293.jpg 768w, https:\/\/sexdollxxx.com\/wp-content\/uploads\/2023\/12\/pic-payment-1-1536x586.jpg 1536w, https:\/\/sexdollxxx.com\/wp-content\/uploads\/2023\/12\/pic-payment-1-18x7.jpg 18w\" sizes=\"(max-width: 1674px) 100vw, 1674px\" title=\"\">\t\t\t\t\t\t\t\t\t\t\t\t\t\t\t<\/div>\n\t\t\t\t<\/div>\n\t\t\t\t<div class=\"elementor-element elementor-element-a014885 elementor-widget elementor-widget-text-editor\" data-id=\"a014885\" data-element_type=\"widget\" data-widget_type=\"text-editor.default\">\n\t\t\t\t<div class=\"elementor-widget-container\">\n\t\t\t\t\t\t\t\t\t<p>2.2 apoi ad\u0103uga\u021bi \u00een co\u0219 \u0219i accesa\u021bi pagina de finalizare a comenzii<\/p>\t\t\t\t\t\t\t\t<\/div>\n\t\t\t\t<\/div>\n\t\t\t\t<section class=\"elementor-section elementor-inner-section elementor-element elementor-element-39b7a12 elementor-section-boxed elementor-section-height-default elementor-section-height-default\" data-id=\"39b7a12\" data-element_type=\"section\">\n\t\t\t\t\t\t<div class=\"elementor-container elementor-column-gap-default\">\n\t\t\t\t\t<div class=\"elementor-column elementor-col-50 elementor-inner-column elementor-element elementor-element-cd27ca6\" data-id=\"cd27ca6\" data-element_type=\"column\">\n\t\t\t<div class=\"elementor-column-wrap--cd27ca6 elementor-widget-wrap elementor-element-populated\">\n\t\t\t\t\t\t<div class=\"elementor-element elementor-element-276732d elementor-widget elementor-widget-image\" data-id=\"276732d\" data-element_type=\"widget\" data-widget_type=\"image.default\">\n\t\t\t\t<div class=\"elementor-widget-container\">\n\t\t\t\t\t\t\t\t\t\t\t\t\t\t\t<img decoding=\"async\" width=\"850\" height=\"337\" src=\"https:\/\/sexdollxxx.com\/wp-content\/uploads\/2023\/12\/pic-payment-2-1.jpg\" class=\"attachment-large size-large wp-image-32212\" alt=\"\" srcset=\"https:\/\/sexdollxxx.com\/wp-content\/uploads\/2023\/12\/pic-payment-2-1.jpg 850w, https:\/\/sexdollxxx.com\/wp-content\/uploads\/2023\/12\/pic-payment-2-1-300x119.jpg 300w, https:\/\/sexdollxxx.com\/wp-content\/uploads\/2023\/12\/pic-payment-2-1-250x99.jpg 250w, https:\/\/sexdollxxx.com\/wp-content\/uploads\/2023\/12\/pic-payment-2-1-600x238.jpg 600w, https:\/\/sexdollxxx.com\/wp-content\/uploads\/2023\/12\/pic-payment-2-1-768x304.jpg 768w, https:\/\/sexdollxxx.com\/wp-content\/uploads\/2023\/12\/pic-payment-2-1-18x7.jpg 18w\" sizes=\"(max-width: 850px) 100vw, 850px\" title=\"\">\t\t\t\t\t\t\t\t\t\t\t\t\t\t\t<\/div>\n\t\t\t\t<\/div>\n\t\t\t\t\t<\/div>\n\t\t<\/div>\n\t\t\t\t<div class=\"elementor-column elementor-col-50 elementor-inner-column elementor-element elementor-element-8a1705b\" data-id=\"8a1705b\" data-element_type=\"column\">\n\t\t\t<div class=\"elementor-column-wrap--8a1705b elementor-widget-wrap elementor-element-populated\">\n\t\t\t\t\t\t<div class=\"elementor-element elementor-element-14bd65b elementor-widget elementor-widget-image\" data-id=\"14bd65b\" data-element_type=\"widget\" data-widget_type=\"image.default\">\n\t\t\t\t<div class=\"elementor-widget-container\">\n\t\t\t\t\t\t\t\t\t\t\t\t\t\t\t<img decoding=\"async\" width=\"1024\" height=\"489\" src=\"https:\/\/sexdollxxx.com\/wp-content\/uploads\/2023\/12\/pic-payment-3-1-1024x489.jpg\" class=\"attachment-large size-large wp-image-32213\" alt=\"\" srcset=\"https:\/\/sexdollxxx.com\/wp-content\/uploads\/2023\/12\/pic-payment-3-1-1024x489.jpg 1024w, https:\/\/sexdollxxx.com\/wp-content\/uploads\/2023\/12\/pic-payment-3-1-300x143.jpg 300w, https:\/\/sexdollxxx.com\/wp-content\/uploads\/2023\/12\/pic-payment-3-1-250x119.jpg 250w, https:\/\/sexdollxxx.com\/wp-content\/uploads\/2023\/12\/pic-payment-3-1-600x286.jpg 600w, https:\/\/sexdollxxx.com\/wp-content\/uploads\/2023\/12\/pic-payment-3-1-768x366.jpg 768w, https:\/\/sexdollxxx.com\/wp-content\/uploads\/2023\/12\/pic-payment-3-1-18x9.jpg 18w, https:\/\/sexdollxxx.com\/wp-content\/uploads\/2023\/12\/pic-payment-3-1.jpg 1027w\" sizes=\"(max-width: 1024px) 100vw, 1024px\" title=\"\">\t\t\t\t\t\t\t\t\t\t\t\t\t\t\t<\/div>\n\t\t\t\t<\/div>\n\t\t\t\t\t<\/div>\n\t\t<\/div>\n\t\t\t\t\t<\/div>\n\t\t<\/section>\n\t\t\t\t<div class=\"elementor-element elementor-element-0240556 elementor-widget elementor-widget-text-editor\" data-id=\"0240556\" data-element_type=\"widget\" data-widget_type=\"text-editor.default\">\n\t\t\t\t<div class=\"elementor-widget-container\">\n\t\t\t\t\t\t\t\t\t<p>2.3 La pagina de checkout. Completa\u021bi informa\u021biile necesare, ve\u021bi vedea informa\u021biile cardului de credit acolo<\/p>\t\t\t\t\t\t\t\t<\/div>\n\t\t\t\t<\/div>\n\t\t\t\t<div class=\"elementor-element elementor-element-aa95632 elementor-widget elementor-widget-image\" data-id=\"aa95632\" data-element_type=\"widget\" data-widget_type=\"image.default\">\n\t\t\t\t<div class=\"elementor-widget-container\">\n\t\t\t\t\t\t\t\t\t\t\t\t\t\t\t<img loading=\"lazy\" decoding=\"async\" width=\"768\" height=\"487\" src=\"https:\/\/sexdollxxx.com\/wp-content\/uploads\/2023\/12\/pic-payment-4-768x487.jpg\" class=\"attachment-medium_large size-medium_large wp-image-32215\" alt=\"\" srcset=\"https:\/\/sexdollxxx.com\/wp-content\/uploads\/2023\/12\/pic-payment-4-768x487.jpg 768w, https:\/\/sexdollxxx.com\/wp-content\/uploads\/2023\/12\/pic-payment-4-300x190.jpg 300w, https:\/\/sexdollxxx.com\/wp-content\/uploads\/2023\/12\/pic-payment-4-250x158.jpg 250w, https:\/\/sexdollxxx.com\/wp-content\/uploads\/2023\/12\/pic-payment-4-600x380.jpg 600w, https:\/\/sexdollxxx.com\/wp-content\/uploads\/2023\/12\/pic-payment-4-1024x649.jpg 1024w, https:\/\/sexdollxxx.com\/wp-content\/uploads\/2023\/12\/pic-payment-4-1536x973.jpg 1536w, https:\/\/sexdollxxx.com\/wp-content\/uploads\/2023\/12\/pic-payment-4-18x12.jpg 18w, https:\/\/sexdollxxx.com\/wp-content\/uploads\/2023\/12\/pic-payment-4.jpg 1787w\" sizes=\"(max-width: 768px) 100vw, 768px\" title=\"\">\t\t\t\t\t\t\t\t\t\t\t\t\t\t\t<\/div>\n\t\t\t\t<\/div>\n\t\t\t\t<div class=\"elementor-element elementor-element-a9d09ce elementor-widget elementor-widget-text-editor\" data-id=\"a9d09ce\" data-element_type=\"widget\" data-widget_type=\"text-editor.default\">\n\t\t\t\t<div class=\"elementor-widget-container\">\n\t\t\t\t\t\t\t\t\t<p>2.4 Odat\u0103 ce plasa\u021bi comanda, v\u0103 vom confirma plata prin e-mail \u00een termen de 24 de ore<\/p><p><strong><span style=\"text-decoration: underline;\">(Dac\u0103 nu a\u021bi primit e-mail \u00een decurs de 24 de ore, v\u0103 rug\u0103m s\u0103 verifica\u021bi dosarul de spam de e-mail)<\/span><\/strong><\/p>\t\t\t\t\t\t\t\t<\/div>\n\t\t\t\t<\/div>\n\t\t\t\t\t<\/div>\n\t\t<\/div>\n\t\t\t\t\t<\/div>\n\t\t<\/section>\n\t\t\t\t<section class=\"elementor-section elementor-top-section elementor-element elementor-element-834850d elementor-section-boxed elementor-section-height-default elementor-section-height-default\" data-id=\"834850d\" data-element_type=\"section\">\n\t\t\t\t\t\t<div class=\"elementor-container elementor-column-gap-default\">\n\t\t\t\t\t<div class=\"elementor-column elementor-col-100 elementor-top-column elementor-element elementor-element-5a5e132\" data-id=\"5a5e132\" data-element_type=\"column\">\n\t\t\t<div class=\"elementor-column-wrap--5a5e132 elementor-widget-wrap elementor-element-populated\">\n\t\t\t\t\t\t<div class=\"elementor-element elementor-element-bec2d8c elementor-widget elementor-widget-text-editor\" data-id=\"bec2d8c\" data-element_type=\"widget\" data-widget_type=\"text-editor.default\">\n\t\t\t\t<div class=\"elementor-widget-container\">\n\t\t\t\t\t\t\t\t\t<p>Pentru linkul de plat\u0103, oferim dou\u0103 op\u021biuni la alegere<\/p><ul><li>Site pentru p\u0103pu\u0219i<\/li><li>Site non Doll<\/li><\/ul>\t\t\t\t\t\t\t\t<\/div>\n\t\t\t\t<\/div>\n\t\t\t\t<div class=\"elementor-element elementor-element-2d15cee elementor-widget elementor-widget-text-editor\" data-id=\"2d15cee\" data-element_type=\"widget\" data-widget_type=\"text-editor.default\">\n\t\t\t\t<div class=\"elementor-widget-container\">\n\t\t\t\t\t\t\t\t\t<p>Dac\u0103 mai ave\u021bi \u00eentreb\u0103ri, v\u0103 rug\u0103m s\u0103 nu ezita\u021bi <a href=\"\/ro\/contact-us\/\"><span style=\"text-decoration: underline;\">contacta\u0163i-ne<\/span><\/a>, v\u0103 vom r\u0103spunde la e-mail \u00een termen de 24 de ore<\/p>\t\t\t\t\t\t\t\t<\/div>\n\t\t\t\t<\/div>\n\t\t\t\t\t<\/div>\n\t\t<\/div>\n\t\t\t\t\t<\/div>\n\t\t<\/section>\n\t\t\t\t<\/div>","protected":false},"excerpt":{"rendered":"<p>Payment Link How To Pay By Payment Link As Credit Card channel is not friendly to sex doll shops nowadays, we have to use payment links to accomplish orders. 1. Place order on site sexdollxxx.com Add Doll to Cart Go to Checkout page Choose the methold, Credit Card Payment Link Once you click &#8220;Place Order&#8221;, [&hellip;]<\/p>\n","protected":false},"author":3,"featured_media":0,"parent":0,"menu_order":0,"comment_status":"closed","ping_status":"closed","template":"elementor_header_footer","meta":{"footnotes":""},"class_list":["post-31428","page","type-page","status-publish","hentry"],"_links":{"self":[{"href":"https:\/\/sexdollxxx.com\/ro\/wp-json\/wp\/v2\/pages\/31428","targetHints":{"allow":["GET"]}}],"collection":[{"href":"https:\/\/sexdollxxx.com\/ro\/wp-json\/wp\/v2\/pages"}],"about":[{"href":"https:\/\/sexdollxxx.com\/ro\/wp-json\/wp\/v2\/types\/page"}],"author":[{"embeddable":true,"href":"https:\/\/sexdollxxx.com\/ro\/wp-json\/wp\/v2\/users\/3"}],"replies":[{"embeddable":true,"href":"https:\/\/sexdollxxx.com\/ro\/wp-json\/wp\/v2\/comments?post=31428"}],"version-history":[{"count":0,"href":"https:\/\/sexdollxxx.com\/ro\/wp-json\/wp\/v2\/pages\/31428\/revisions"}],"wp:attachment":[{"href":"https:\/\/sexdollxxx.com\/ro\/wp-json\/wp\/v2\/media?parent=31428"}],"curies":[{"name":"wp","href":"https:\/\/api.w.org\/{rel}","templated":true}]}}