{"id":3047,"date":"2021-06-11T23:40:42","date_gmt":"2021-06-11T23:40:42","guid":{"rendered":"https:\/\/bluebirds.sslcommerz.org\/?post_type=product&#038;p=3047"},"modified":"2025-08-19T01:47:50","modified_gmt":"2025-08-18T17:47:50","slug":"lifelike-torso-doll-gigi","status":"publish","type":"product","link":"https:\/\/sexdollxxx.com\/ro\/lifelike-torso-doll-gigi\/","title":{"rendered":"P\u0103pu\u0219\u0103 mic\u0103 cu trunchi realist \u2013 Gigi"},"content":{"rendered":"<h2>P\u0103pu\u0219\u0103 mic\u0103 cu trunchi realist \u2013 Gigi<\/h2>\n<p>Nu toat\u0103 lumea \u00ee\u0219i dore\u0219te o <a href=\"https:\/\/en.wikipedia.org\/wiki\/Sex_doll\" target=\"_blank\" rel=\"noopener\">papusa sexuala<\/a> pentru efectele personale complete ale acestuia \u0219i pentru acest grup de oameni, cu c\u00e2t este mai u\u0219or \u0219i mai mic, cu at\u00e2t mai bine. Datorit\u0103 unui material cunoscut sub numele de TPE, exist\u0103 p\u0103pu\u0219i sexuale care sunt la fel de u\u0219oare ca 4,4 kilograme \u0219i de asemenea mici, cu o dimensiune de 11,6 inci.<\/p>\n<p>Dincolo de greutate redus\u0103, TPE vine cu un avantaj suplimentar al senza\u021biei sale asem\u0103n\u0103toare pielii, ceea ce face ca sexul cu o p\u0103pu\u0219\u0103 cu trunchi mic s\u0103 fie c\u00e2t mai real posibil. Acest lucru pune un accent deosebit pe anus \u0219i vagin, concepute cu mai multe pliuri \u00een ele pentru a v\u0103 oferi experien\u021ba uluitoare de a lovi o femeie adev\u0103rat\u0103.<\/p>\n<p>C\u00e2teva avantaje ale <strong>P\u0103pu\u0219\u0103 TPE cu trunchi mic \u0219i realist la pre\u021b accesibil <\/strong>sunt c\u0103 este relativ ieftin, u\u0219or de cur\u0103\u021bat \u0219i nu necesit\u0103 spa\u021biu mare de depozitare.<\/p>\n<p><img fetchpriority=\"high\" decoding=\"async\" class=\"alignnone wp-image-3053 size-full\" src=\"https:\/\/sexdollxxx.com\/wp-content\/uploads\/2021\/06\/torso-sex-doll-measurement.jpg\" alt=\"P\u0103pu\u0219\u0103 cu trunchi\" width=\"1000\" height=\"1000\" title=\"\" srcset=\"https:\/\/sexdollxxx.com\/wp-content\/uploads\/2021\/06\/torso-sex-doll-measurement.jpg 1000w, https:\/\/sexdollxxx.com\/wp-content\/uploads\/2021\/06\/torso-sex-doll-measurement-300x300.jpg 300w, https:\/\/sexdollxxx.com\/wp-content\/uploads\/2021\/06\/torso-sex-doll-measurement-250x250.jpg 250w, https:\/\/sexdollxxx.com\/wp-content\/uploads\/2021\/06\/torso-sex-doll-measurement-600x600.jpg 600w, https:\/\/sexdollxxx.com\/wp-content\/uploads\/2021\/06\/torso-sex-doll-measurement-150x150.jpg 150w, https:\/\/sexdollxxx.com\/wp-content\/uploads\/2021\/06\/torso-sex-doll-measurement-768x768.jpg 768w, https:\/\/sexdollxxx.com\/wp-content\/uploads\/2021\/06\/torso-sex-doll-measurement-100x100.jpg 100w\" sizes=\"(max-width: 1000px) 100vw, 1000px\"><\/p>","protected":false},"excerpt":{"rendered":"<p><span style=\"color: #f73e74;\">Gata pentru livrare \u00een SUA, UE, Canada \u0219i Australia<\/span><\/p>","protected":false},"featured_media":3060,"comment_status":"open","ping_status":"closed","template":"","meta":[],"product_cat":[205,194,189,219,344],"product_tag":[396],"class_list":{"0":"post-3047","1":"product","2":"type-product","3":"status-publish","4":"has-post-thumbnail","6":"product_cat-sex-doll-torso","7":"product_cat-65cm-88cm-sex-doll","8":"product_cat-mini-sex-doll","9":"product_cat-real-sex-dolls","10":"product_cat-tpe-sex-doll","11":"product_tag-65cm","12":"tm-no-options","14":"first","15":"instock","16":"sale","17":"shipping-taxable","18":"purchasable","19":"product-type-simple","swatches":"rey-swatches","show_selected":""},"_links":{"self":[{"href":"https:\/\/sexdollxxx.com\/ro\/wp-json\/wp\/v2\/product\/3047","targetHints":{"allow":["GET"]}}],"collection":[{"href":"https:\/\/sexdollxxx.com\/ro\/wp-json\/wp\/v2\/product"}],"about":[{"href":"https:\/\/sexdollxxx.com\/ro\/wp-json\/wp\/v2\/types\/product"}],"replies":[{"embeddable":true,"href":"https:\/\/sexdollxxx.com\/ro\/wp-json\/wp\/v2\/comments?post=3047"}],"wp:featuredmedia":[{"embeddable":true,"href":"https:\/\/sexdollxxx.com\/ro\/wp-json\/wp\/v2\/media\/3060"}],"wp:attachment":[{"href":"https:\/\/sexdollxxx.com\/ro\/wp-json\/wp\/v2\/media?parent=3047"}],"wp:term":[{"taxonomy":"product_cat","embeddable":true,"href":"https:\/\/sexdollxxx.com\/ro\/wp-json\/wp\/v2\/product_cat?post=3047"},{"taxonomy":"product_tag","embeddable":true,"href":"https:\/\/sexdollxxx.com\/ro\/wp-json\/wp\/v2\/product_tag?post=3047"}],"curies":[{"name":"wp","href":"https:\/\/api.w.org\/{rel}","templated":true}]}}