{"id":3061,"date":"2021-06-11T23:44:24","date_gmt":"2021-06-11T23:44:24","guid":{"rendered":"https:\/\/bluebirds.sslcommerz.org\/?post_type=product&#038;p=3061"},"modified":"2025-08-16T10:24:58","modified_gmt":"2025-08-16T02:24:58","slug":"tpe-torso-doll-veronica","status":"publish","type":"product","link":"https:\/\/sexdollxxx.com\/ro\/tpe-torso-doll-veronica\/","title":{"rendered":"P\u0103pu\u0219\u0103 TPE Torso pentru Sex \u2013 Veronica"},"content":{"rendered":"<h2>P\u0103pu\u0219\u0103 TPE Torso pentru Sex \u2013 Veronica<\/h2>\n<p>The <a href=\"\/ro\/140cm-tpe-doll-pepper\/\">papusa sexuala tpe<\/a> trunchiul este intermediarul \u00eentre o p\u0103pu\u0219\u0103 sexual\u0103 de dimensiune mare \u0219i o <a href=\"https:\/\/www.snapdeal.com\/products\/mens-sex-toys-masturbators-fleshlights?sort=plrty\" target=\"_blank\" rel=\"noopener\">masturbator<\/a>; sau mai bine spus, o p\u0103pu\u0219\u0103 sexual\u0103 cu trunchi f\u0103r\u0103 c\u00e2teva membre \u0219i cap. Acest lucru le face mult mai mici \u0219i mai u\u0219oare pentru o utilizare, \u00eentre\u021binere \u0219i depozitare mai u\u0219oare. Aceasta are doar 55 cm lungime, dar men\u021bine senza\u021bia unei persoane adev\u0103rate.<\/p>\n<p>Acest trunchi de p\u0103pu\u0219\u0103 sexual\u0103 are \u00eenc\u0103 un schelet metalic \u00eencorporat care permite o anumit\u0103 mi\u0219care \u00een timpul sexului \u0219i piele TPE, care \u00ee\u021bi ofer\u0103 senza\u021bia de intimitate cu o persoan\u0103 real\u0103. Pentru c\u0103 ea este f\u0103cut\u0103 \u00een principal pentru sex, i s-a acordat mult\u0103 prioritate <a href=\"https:\/\/en.wikipedia.org\/wiki\/Labia\" target=\"_blank\" rel=\"noopener\">labiilor<\/a> p\u00e2n\u0103 \u00een ad\u00e2ncul vaginului ei. Aceasta este dincolo de orice pl\u0103cere pe care \u021bi-o pot oferi masturbatorii.<\/p>\n<p><img fetchpriority=\"high\" decoding=\"async\" class=\"alignnone wp-image-3070 size-full\" src=\"https:\/\/sexdollxxx.com\/wp-content\/uploads\/2021\/06\/55cm-torso-sex-doll.jpg\" alt=\"Torso TPE\" width=\"1000\" height=\"1000\" title=\"\" srcset=\"https:\/\/sexdollxxx.com\/wp-content\/uploads\/2021\/06\/55cm-torso-sex-doll.jpg 1000w, https:\/\/sexdollxxx.com\/wp-content\/uploads\/2021\/06\/55cm-torso-sex-doll-300x300.jpg 300w, https:\/\/sexdollxxx.com\/wp-content\/uploads\/2021\/06\/55cm-torso-sex-doll-250x250.jpg 250w, https:\/\/sexdollxxx.com\/wp-content\/uploads\/2021\/06\/55cm-torso-sex-doll-600x600.jpg 600w, https:\/\/sexdollxxx.com\/wp-content\/uploads\/2021\/06\/55cm-torso-sex-doll-150x150.jpg 150w, https:\/\/sexdollxxx.com\/wp-content\/uploads\/2021\/06\/55cm-torso-sex-doll-768x768.jpg 768w, https:\/\/sexdollxxx.com\/wp-content\/uploads\/2021\/06\/55cm-torso-sex-doll-100x100.jpg 100w\" sizes=\"(max-width: 1000px) 100vw, 1000px\"><\/p>","protected":false},"excerpt":{"rendered":"<p><span style=\"color: #f73e74;\">Gata pentru livrare \u00een SUA, UE, Canada \u0219i Australia<\/span><\/p>","protected":false},"featured_media":3067,"comment_status":"open","ping_status":"closed","template":"","meta":[],"product_cat":[205,194,189,219,344],"product_tag":[381],"class_list":{"0":"post-3061","1":"product","2":"type-product","3":"status-publish","4":"has-post-thumbnail","6":"product_cat-sex-doll-torso","7":"product_cat-65cm-88cm-sex-doll","8":"product_cat-mini-sex-doll","9":"product_cat-real-sex-dolls","10":"product_cat-tpe-sex-doll","11":"product_tag-123cm","12":"tm-no-options","14":"first","15":"instock","16":"sale","17":"shipping-taxable","18":"purchasable","19":"product-type-simple","swatches":"rey-swatches","show_selected":""},"_links":{"self":[{"href":"https:\/\/sexdollxxx.com\/ro\/wp-json\/wp\/v2\/product\/3061","targetHints":{"allow":["GET"]}}],"collection":[{"href":"https:\/\/sexdollxxx.com\/ro\/wp-json\/wp\/v2\/product"}],"about":[{"href":"https:\/\/sexdollxxx.com\/ro\/wp-json\/wp\/v2\/types\/product"}],"replies":[{"embeddable":true,"href":"https:\/\/sexdollxxx.com\/ro\/wp-json\/wp\/v2\/comments?post=3061"}],"wp:featuredmedia":[{"embeddable":true,"href":"https:\/\/sexdollxxx.com\/ro\/wp-json\/wp\/v2\/media\/3067"}],"wp:attachment":[{"href":"https:\/\/sexdollxxx.com\/ro\/wp-json\/wp\/v2\/media?parent=3061"}],"wp:term":[{"taxonomy":"product_cat","embeddable":true,"href":"https:\/\/sexdollxxx.com\/ro\/wp-json\/wp\/v2\/product_cat?post=3061"},{"taxonomy":"product_tag","embeddable":true,"href":"https:\/\/sexdollxxx.com\/ro\/wp-json\/wp\/v2\/product_tag?post=3061"}],"curies":[{"name":"wp","href":"https:\/\/api.w.org\/{rel}","templated":true}]}}