{"id":3,"date":"2021-05-29T10:01:40","date_gmt":"2021-05-29T10:01:40","guid":{"rendered":"https:\/\/bluebirds.sslcommerz.org\/?page_id=3"},"modified":"2021-06-29T12:20:01","modified_gmt":"2021-06-29T12:20:01","slug":"privacy-policy","status":"publish","type":"page","link":"https:\/\/sexdollxxx.com\/sk\/privacy-policy\/","title":{"rendered":"Z\u00e1sady ochrany osobn\u00fdch \u00fadajov"},"content":{"rendered":"<div data-elementor-type=\"wp-page\" data-elementor-id=\"3\" class=\"elementor elementor-3\" data-elementor-post-type=\"page\">\n\t\t\t\t\t\t<section class=\"elementor-section elementor-top-section elementor-element elementor-element-28db0f3 elementor-section-boxed elementor-section-height-default elementor-section-height-default\" data-id=\"28db0f3\" data-element_type=\"section\">\n\t\t\t\t\t\t<div class=\"elementor-container elementor-column-gap-default\">\n\t\t\t\t\t<div class=\"elementor-column elementor-col-100 elementor-top-column elementor-element elementor-element-a983f34\" data-id=\"a983f34\" data-element_type=\"column\">\n\t\t\t<div class=\"elementor-column-wrap--a983f34 elementor-widget-wrap elementor-element-populated\">\n\t\t\t\t\t\t<div class=\"elementor-element elementor-element-57a1bda elementor-widget elementor-widget-woocommerce-breadcrumb\" data-id=\"57a1bda\" data-element_type=\"widget\" data-widget_type=\"woocommerce-breadcrumb.default\">\n\t\t\t\t<div class=\"elementor-widget-container\">\n\t\t\t\t\t<nav class=\"rey-breadcrumbs\"><div class=\"rey-breadcrumbs-item\" data-no-translation=\"\" data-trp-gettext=\"\">Domov<\/div><\/nav>\t\t\t\t<\/div>\n\t\t\t\t<\/div>\n\t\t\t\t\t<\/div>\n\t\t<\/div>\n\t\t\t\t\t<\/div>\n\t\t<\/section>\n\t\t\t\t<section class=\"elementor-section elementor-top-section elementor-element elementor-element-0abf504 elementor-section-boxed elementor-section-height-default elementor-section-height-default\" data-id=\"0abf504\" data-element_type=\"section\">\n\t\t\t\t\t\t<div class=\"elementor-container elementor-column-gap-default\">\n\t\t\t\t\t<div class=\"elementor-column elementor-col-100 elementor-top-column elementor-element elementor-element-c387141\" data-id=\"c387141\" data-element_type=\"column\">\n\t\t\t<div class=\"elementor-column-wrap--c387141 elementor-widget-wrap elementor-element-populated\">\n\t\t\t\t\t\t<div class=\"elementor-element elementor-element-d1ece43 elementor-widget elementor-widget-heading\" data-id=\"d1ece43\" data-element_type=\"widget\" data-widget_type=\"heading.default\">\n\t\t\t\t<div class=\"elementor-widget-container\">\n\t\t\t\t\t<h1 class=\"elementor-heading-title elementor-size-default\">Z\u00e1sady ochrany osobn\u00fdch \u00fadajov\n<\/h1>\t\t\t\t<\/div>\n\t\t\t\t<\/div>\n\t\t\t\t\t<\/div>\n\t\t<\/div>\n\t\t\t\t\t<\/div>\n\t\t<\/section>\n\t\t\t\t<section class=\"elementor-section elementor-top-section elementor-element elementor-element-457d9e0 elementor-section-boxed elementor-section-height-default elementor-section-height-default\" data-id=\"457d9e0\" data-element_type=\"section\">\n\t\t\t\t\t\t<div class=\"elementor-container elementor-column-gap-default\">\n\t\t\t\t\t<div class=\"elementor-column elementor-col-100 elementor-top-column elementor-element elementor-element-98ab7b9\" data-id=\"98ab7b9\" data-element_type=\"column\">\n\t\t\t<div class=\"elementor-column-wrap--98ab7b9 elementor-widget-wrap elementor-element-populated\">\n\t\t\t\t\t\t<div class=\"elementor-element elementor-element-4df22f2 elementor-widget elementor-widget-heading\" data-id=\"4df22f2\" data-element_type=\"widget\" data-widget_type=\"heading.default\">\n\t\t\t\t<div class=\"elementor-widget-container\">\n\t\t\t\t\t<h2 class=\"elementor-heading-title elementor-size-default\">Inform\u00e1cie, ktor\u00e9 zhroma\u017e\u010fujeme\n<\/h2>\t\t\t\t<\/div>\n\t\t\t\t<\/div>\n\t\t\t\t\t<\/div>\n\t\t<\/div>\n\t\t\t\t\t<\/div>\n\t\t<\/section>\n\t\t\t\t<section class=\"elementor-section elementor-top-section elementor-element elementor-element-4df10f0 elementor-section-boxed elementor-section-height-default elementor-section-height-default\" data-id=\"4df10f0\" data-element_type=\"section\">\n\t\t\t\t\t\t<div class=\"elementor-container elementor-column-gap-default\">\n\t\t\t\t\t<div class=\"elementor-column elementor-col-100 elementor-top-column elementor-element elementor-element-b5113e9\" data-id=\"b5113e9\" data-element_type=\"column\">\n\t\t\t<div class=\"elementor-column-wrap--b5113e9 elementor-widget-wrap elementor-element-populated\">\n\t\t\t\t\t\t<div class=\"elementor-element elementor-element-2139bbb elementor-widget elementor-widget-text-editor\" data-id=\"2139bbb\" data-element_type=\"widget\" data-widget_type=\"text-editor.default\">\n\t\t\t\t<div class=\"elementor-widget-container\">\n\t\t\t\t\t\t\t\t\t<ul><li>Ke\u010f sa zaregistrujete ako n\u00e1\u0161 pou\u017e\u00edvate\u013e, ulo\u017e\u00edme iba v\u00e1\u0161 <strong>\u00fa\u010dtu<\/strong> a <strong>heslo<\/strong> na na\u0161om serveri<\/li><li>Ke\u010f prid\u00e1te produkty do zoznamov \u017eelan\u00ed, ulo\u017e\u00edme za v\u00e1s aj \u00fadaje.<\/li><li>Ke\u010f zad\u00e1te objedn\u00e1vku a zaplat\u00edte za \u0148u, ulo\u017e\u00edme va\u0161u <strong>e-mail<\/strong>, <strong>telef\u00f3nne \u010d\u00edslo<\/strong>, <strong>adresu<\/strong> a \u010fal\u0161ie inform\u00e1cie, preto\u017ee ich potrebujeme pre va\u0161u z\u00e1sielku.<\/li><\/ul>\t\t\t\t\t\t\t\t<\/div>\n\t\t\t\t<\/div>\n\t\t\t\t\t<\/div>\n\t\t<\/div>\n\t\t\t\t\t<\/div>\n\t\t<\/section>\n\t\t\t\t<section class=\"elementor-section elementor-top-section elementor-element elementor-element-9b9d12e elementor-section-boxed elementor-section-height-default elementor-section-height-default\" data-id=\"9b9d12e\" data-element_type=\"section\">\n\t\t\t\t\t\t<div class=\"elementor-container elementor-column-gap-default\">\n\t\t\t\t\t<div class=\"elementor-column elementor-col-100 elementor-top-column elementor-element elementor-element-f14f8f4\" data-id=\"f14f8f4\" data-element_type=\"column\">\n\t\t\t<div class=\"elementor-column-wrap--f14f8f4 elementor-widget-wrap elementor-element-populated\">\n\t\t\t\t\t\t<div class=\"elementor-element elementor-element-80a84dd elementor-widget elementor-widget-heading\" data-id=\"80a84dd\" data-element_type=\"widget\" data-widget_type=\"heading.default\">\n\t\t\t\t<div class=\"elementor-widget-container\">\n\t\t\t\t\t<h2 class=\"elementor-heading-title elementor-size-default\">Informa\u010dn\u00e1 bezpe\u010dnos\u0165\n<\/h2>\t\t\t\t<\/div>\n\t\t\t\t<\/div>\n\t\t\t\t\t<\/div>\n\t\t<\/div>\n\t\t\t\t\t<\/div>\n\t\t<\/section>\n\t\t\t\t<section class=\"elementor-section elementor-top-section elementor-element elementor-element-1cfc0b5 elementor-section-boxed elementor-section-height-default elementor-section-height-default\" data-id=\"1cfc0b5\" data-element_type=\"section\">\n\t\t\t\t\t\t<div class=\"elementor-container elementor-column-gap-default\">\n\t\t\t\t\t<div class=\"elementor-column elementor-col-100 elementor-top-column elementor-element elementor-element-16600a7\" data-id=\"16600a7\" data-element_type=\"column\">\n\t\t\t<div class=\"elementor-column-wrap--16600a7 elementor-widget-wrap elementor-element-populated\">\n\t\t\t\t\t\t<div class=\"elementor-element elementor-element-9a00552 elementor-widget elementor-widget-text-editor\" data-id=\"9a00552\" data-element_type=\"widget\" data-widget_type=\"text-editor.default\">\n\t\t\t\t<div class=\"elementor-widget-container\">\n\t\t\t\t\t\t\t\t\t<ul><li>N\u00e1\u0161 internetov\u00fd obchod je zalo\u017een\u00fd na woocommerce. M\u00e1 dokonal\u00e9 ochrann\u00e9 opatrenia proti XSS a csrf. Pre viac inform\u00e1ci\u00ed m\u00f4\u017eete nav\u0161t\u00edvi\u0165 podrobnosti o woocommerce.<\/li><li>Po\u010das n\u00e1v\u0161tevy tejto str\u00e1nky budete vych\u00e1dza\u0165 z bezpe\u010dnostn\u00e9ho protokolu htpps, aby ste zaistili bezpe\u010dnos\u0165 prenosu inform\u00e1ci\u00ed.<\/li><li>Na\u0161a platba je zalo\u017een\u00e1 na zabezpe\u010den\u00fdch platform\u00e1ch tret\u00edch str\u00e1n, ako je PayPal. Nav\u0161t\u00edvte tu a zistite, ako PayPal zabezpe\u010duje bezpe\u010dnos\u0165 transakci\u00ed<\/li><\/ul>\t\t\t\t\t\t\t\t<\/div>\n\t\t\t\t<\/div>\n\t\t\t\t\t<\/div>\n\t\t<\/div>\n\t\t\t\t\t<\/div>\n\t\t<\/section>\n\t\t\t\t<section class=\"elementor-section elementor-top-section elementor-element elementor-element-35f7479 elementor-section-boxed elementor-section-height-default elementor-section-height-default\" data-id=\"35f7479\" data-element_type=\"section\">\n\t\t\t\t\t\t<div class=\"elementor-container elementor-column-gap-default\">\n\t\t\t\t\t<div class=\"elementor-column elementor-col-100 elementor-top-column elementor-element elementor-element-f9b12d5\" data-id=\"f9b12d5\" data-element_type=\"column\">\n\t\t\t<div class=\"elementor-column-wrap--f9b12d5 elementor-widget-wrap elementor-element-populated\">\n\t\t\t\t\t\t<div class=\"elementor-element elementor-element-6f4d007 elementor-widget elementor-widget-heading\" data-id=\"6f4d007\" data-element_type=\"widget\" data-widget_type=\"heading.default\">\n\t\t\t\t<div class=\"elementor-widget-container\">\n\t\t\t\t\t<h2 class=\"elementor-heading-title elementor-size-default\">Vek s\u00fahlasu\n<\/h2>\t\t\t\t<\/div>\n\t\t\t\t<\/div>\n\t\t\t\t\t<\/div>\n\t\t<\/div>\n\t\t\t\t\t<\/div>\n\t\t<\/section>\n\t\t\t\t<section class=\"elementor-section elementor-top-section elementor-element elementor-element-2c04a42 elementor-section-boxed elementor-section-height-default elementor-section-height-default\" data-id=\"2c04a42\" data-element_type=\"section\">\n\t\t\t\t\t\t<div class=\"elementor-container elementor-column-gap-default\">\n\t\t\t\t\t<div class=\"elementor-column elementor-col-100 elementor-top-column elementor-element elementor-element-16c0ced\" data-id=\"16c0ced\" data-element_type=\"column\">\n\t\t\t<div class=\"elementor-column-wrap--16c0ced elementor-widget-wrap elementor-element-populated\">\n\t\t\t\t\t\t<div class=\"elementor-element elementor-element-01f6e47 elementor-widget elementor-widget-text-editor\" data-id=\"01f6e47\" data-element_type=\"widget\" data-widget_type=\"text-editor.default\">\n\t\t\t\t<div class=\"elementor-widget-container\">\n\t\t\t\t\t\t\t\t\t<ul><li>Na\u0161a webov\u00e1 str\u00e1nka obsahuje obsah obmedzen\u00fd pre dospel\u00fdch. Ak m\u00e1te menej ako 18 rokov, nenav\u0161tevujte webov\u00fa str\u00e1nku.<\/li><li>Ke\u010f nav\u0161t\u00edvite, znamen\u00e1 to, \u017ee d\u00f4sledky obsahu pre dospel\u00fdch s nami nemaj\u00fa ni\u010d spolo\u010dn\u00e9.<\/li><\/ul>\t\t\t\t\t\t\t\t<\/div>\n\t\t\t\t<\/div>\n\t\t\t\t<div class=\"elementor-element elementor-element-0e3c52c elementor-widget elementor-widget-text-editor\" data-id=\"0e3c52c\" data-element_type=\"widget\" data-widget_type=\"text-editor.default\">\n\t\t\t\t<div class=\"elementor-widget-container\">\n\t\t\t\t\t\t\t\t\t<p>Zmeny z\u00e1sad ochrany osobn\u00fdch \u00fadajov<br \/>Vyhradzujeme si pr\u00e1vo zmeni\u0165 na\u0161e z\u00e1sady ochrany osobn\u00fdch \u00fadajov. M\u00f4\u017eete si prezrie\u0165 t\u00fato str\u00e1nku a zobrazi\u0165 najnov\u0161ie z\u00e1sady ochrany osobn\u00fdch \u00fadajov.<\/p>\t\t\t\t\t\t\t\t<\/div>\n\t\t\t\t<\/div>\n\t\t\t\t\t<\/div>\n\t\t<\/div>\n\t\t\t\t\t<\/div>\n\t\t<\/section>\n\t\t\t\t<\/div>","protected":false},"excerpt":{"rendered":"<p>Privacy Policy The information we collect When you register as our user, we only save your account and password on our server When you add products to wishlists, we also save data for you. When you place an order and pay for it, we will save your emai, phone number, address and other information, because [&hellip;]<\/p>\n","protected":false},"author":3,"featured_media":0,"parent":0,"menu_order":0,"comment_status":"closed","ping_status":"open","template":"elementor_header_footer","meta":{"footnotes":""},"class_list":["post-3","page","type-page","status-publish","hentry"],"_links":{"self":[{"href":"https:\/\/sexdollxxx.com\/sk\/wp-json\/wp\/v2\/pages\/3","targetHints":{"allow":["GET"]}}],"collection":[{"href":"https:\/\/sexdollxxx.com\/sk\/wp-json\/wp\/v2\/pages"}],"about":[{"href":"https:\/\/sexdollxxx.com\/sk\/wp-json\/wp\/v2\/types\/page"}],"author":[{"embeddable":true,"href":"https:\/\/sexdollxxx.com\/sk\/wp-json\/wp\/v2\/users\/3"}],"replies":[{"embeddable":true,"href":"https:\/\/sexdollxxx.com\/sk\/wp-json\/wp\/v2\/comments?post=3"}],"version-history":[{"count":0,"href":"https:\/\/sexdollxxx.com\/sk\/wp-json\/wp\/v2\/pages\/3\/revisions"}],"wp:attachment":[{"href":"https:\/\/sexdollxxx.com\/sk\/wp-json\/wp\/v2\/media?parent=3"}],"curies":[{"name":"wp","href":"https:\/\/api.w.org\/{rel}","templated":true}]}}