{"id":579,"date":"2021-06-01T15:27:36","date_gmt":"2021-06-01T15:27:36","guid":{"rendered":"https:\/\/bluebirds.sslcommerz.org\/?page_id=579"},"modified":"2024-11-16T16:30:14","modified_gmt":"2024-11-16T08:30:14","slug":"more-sex-doll-sites","status":"publish","type":"page","link":"https:\/\/sexdollxxx.com\/sk\/more-sex-doll-sites\/","title":{"rendered":"Viac str\u00e1nok o sexu\u00e1lnych b\u00e1bik\u00e1ch"},"content":{"rendered":"<div data-elementor-type=\"wp-page\" data-elementor-id=\"579\" class=\"elementor elementor-579\" data-elementor-post-type=\"page\">\n\t\t\t\t\t\t<section class=\"elementor-section elementor-top-section elementor-element elementor-element-6e09150 elementor-section-boxed elementor-section-height-default elementor-section-height-default\" data-id=\"6e09150\" data-element_type=\"section\">\n\t\t\t\t\t\t<div class=\"elementor-container elementor-column-gap-default\">\n\t\t\t\t\t<div class=\"elementor-column elementor-col-100 elementor-top-column elementor-element elementor-element-6bc6109\" data-id=\"6bc6109\" data-element_type=\"column\">\n\t\t\t<div class=\"elementor-column-wrap--6bc6109 elementor-widget-wrap elementor-element-populated\">\n\t\t\t\t\t\t<div class=\"elementor-element elementor-element-84793b0 elementor-widget elementor-widget-woocommerce-breadcrumb\" data-id=\"84793b0\" data-element_type=\"widget\" data-widget_type=\"woocommerce-breadcrumb.default\">\n\t\t\t\t<div class=\"elementor-widget-container\">\n\t\t\t\t\t<nav class=\"rey-breadcrumbs\"><div class=\"rey-breadcrumbs-item\" data-no-translation=\"\" data-trp-gettext=\"\">Domov<\/div><\/nav>\t\t\t\t<\/div>\n\t\t\t\t<\/div>\n\t\t\t\t\t<\/div>\n\t\t<\/div>\n\t\t\t\t\t<\/div>\n\t\t<\/section>\n\t\t\t\t<section class=\"elementor-section elementor-top-section elementor-element elementor-element-2ff495d elementor-section-boxed elementor-section-height-default elementor-section-height-default\" data-id=\"2ff495d\" data-element_type=\"section\">\n\t\t\t\t\t\t<div class=\"elementor-container elementor-column-gap-default\">\n\t\t\t\t\t<div class=\"elementor-column elementor-col-100 elementor-top-column elementor-element elementor-element-84c644f\" data-id=\"84c644f\" data-element_type=\"column\">\n\t\t\t<div class=\"elementor-column-wrap--84c644f elementor-widget-wrap elementor-element-populated\">\n\t\t\t\t\t\t<div class=\"elementor-element elementor-element-3f36792 elementor-widget elementor-widget-heading\" data-id=\"3f36792\" data-element_type=\"widget\" data-widget_type=\"heading.default\">\n\t\t\t\t<div class=\"elementor-widget-container\">\n\t\t\t\t\t<h1 class=\"elementor-heading-title elementor-size-default\">Viac str\u00e1nok o sexu\u00e1lnych b\u00e1bik\u00e1ch<\/h1>\t\t\t\t<\/div>\n\t\t\t\t<\/div>\n\t\t\t\t\t<\/div>\n\t\t<\/div>\n\t\t\t\t\t<\/div>\n\t\t<\/section>\n\t\t\t\t<section class=\"elementor-section elementor-top-section elementor-element elementor-element-0f1ceb6 elementor-section-boxed elementor-section-height-default elementor-section-height-default\" data-id=\"0f1ceb6\" data-element_type=\"section\">\n\t\t\t\t\t\t<div class=\"elementor-container elementor-column-gap-default\">\n\t\t\t\t\t<div class=\"elementor-column elementor-col-50 elementor-top-column elementor-element elementor-element-3f6db41\" data-id=\"3f6db41\" data-element_type=\"column\">\n\t\t\t<div class=\"elementor-column-wrap--3f6db41 elementor-widget-wrap elementor-element-populated\">\n\t\t\t\t\t\t<div class=\"elementor-element elementor-element-fc616c8 elementor-bg-transform elementor-bg-transform-move-up elementor-cta--skin-classic elementor-animated-content elementor-widget elementor-widget-call-to-action\" data-id=\"fc616c8\" data-element_type=\"widget\" data-widget_type=\"call-to-action.default\">\n\t\t\t\t<div class=\"elementor-widget-container\">\n\t\t\t\t\t\t\t<div class=\"elementor-cta\">\n\t\t\t\t\t<div class=\"elementor-cta__bg-wrapper\">\n\t\t\t\t<div class=\"elementor-cta__bg elementor-bg\" style=\"background-image: url(https:\/\/sexdollxxx.com\/wp-content\/uploads\/2021\/06\/buy-sex-doll-on-aliexpress.jpg);\" role=\"img\" aria-label=\"k\u00fapi\u0165-sex-b\u00e1biku-na-aliexpress\"><\/div>\n\t\t\t\t<div class=\"elementor-cta__bg-overlay\"><\/div>\n\t\t\t<\/div>\n\t\t\t\t\t\t\t\t<\/div>\n\t\t\t\t\t\t<\/div>\n\t\t\t\t<\/div>\n\t\t\t\t<div class=\"elementor-element elementor-element-8996d36 elementor-widget elementor-widget-text-editor\" data-id=\"8996d36\" data-element_type=\"widget\" data-widget_type=\"text-editor.default\">\n\t\t\t\t<div class=\"elementor-widget-container\">\n\t\t\t\t\t\t\t\t\tK\u00fapte si Sex Dolls na Aliexpress\t\t\t\t\t\t\t\t<\/div>\n\t\t\t\t<\/div>\n\t\t\t\t\t<\/div>\n\t\t<\/div>\n\t\t\t\t<div class=\"elementor-column elementor-col-50 elementor-top-column elementor-element elementor-element-52c154c\" data-id=\"52c154c\" data-element_type=\"column\">\n\t\t\t<div class=\"elementor-column-wrap--52c154c elementor-widget-wrap elementor-element-populated\">\n\t\t\t\t\t\t<div class=\"elementor-element elementor-element-e94131b elementor-bg-transform elementor-bg-transform-move-up elementor-cta--skin-classic elementor-animated-content elementor-widget elementor-widget-call-to-action\" data-id=\"e94131b\" data-element_type=\"widget\" data-widget_type=\"call-to-action.default\">\n\t\t\t\t<div class=\"elementor-widget-container\">\n\t\t\t\t\t\t\t<div class=\"elementor-cta\">\n\t\t\t\t\t<div class=\"elementor-cta__bg-wrapper\">\n\t\t\t\t<div class=\"elementor-cta__bg elementor-bg\" style=\"background-image: url(https:\/\/sexdollxxx.com\/wp-content\/uploads\/2021\/06\/buy-sex-doll-on-amazon.jpg);\" role=\"img\" aria-label=\"k\u00fapi\u0165-sex-b\u00e1biku-na-Amazone\"><\/div>\n\t\t\t\t<div class=\"elementor-cta__bg-overlay\"><\/div>\n\t\t\t<\/div>\n\t\t\t\t\t\t\t\t<\/div>\n\t\t\t\t\t\t<\/div>\n\t\t\t\t<\/div>\n\t\t\t\t<div class=\"elementor-element elementor-element-22b8323 elementor-widget elementor-widget-text-editor\" data-id=\"22b8323\" data-element_type=\"widget\" data-widget_type=\"text-editor.default\">\n\t\t\t\t<div class=\"elementor-widget-container\">\n\t\t\t\t\t\t\t\t\tK\u00fapte si Sex Dolls na Amazone\t\t\t\t\t\t\t\t<\/div>\n\t\t\t\t<\/div>\n\t\t\t\t\t<\/div>\n\t\t<\/div>\n\t\t\t\t\t<\/div>\n\t\t<\/section>\n\t\t\t\t<section class=\"elementor-section elementor-top-section elementor-element elementor-element-f228c90 elementor-section-boxed elementor-section-height-default elementor-section-height-default\" data-id=\"f228c90\" data-element_type=\"section\">\n\t\t\t\t\t\t<div class=\"elementor-container elementor-column-gap-default\">\n\t\t\t\t\t<div class=\"elementor-column elementor-col-100 elementor-top-column elementor-element elementor-element-277bf01\" data-id=\"277bf01\" data-element_type=\"column\">\n\t\t\t<div class=\"elementor-column-wrap--277bf01 elementor-widget-wrap elementor-element-populated\">\n\t\t\t\t\t\t<div class=\"elementor-element elementor-element-10a8e0b elementor-widget elementor-widget-text-editor\" data-id=\"10a8e0b\" data-element_type=\"widget\" data-widget_type=\"text-editor.default\">\n\t\t\t\t<div class=\"elementor-widget-container\">\n\t\t\t\t\t\t\t\t\t<p>Ak na\u0161e b\u00e1biky nie s\u00fa pre v\u00e1s vhodn\u00e9, \u010fal\u0161ie b\u00e1biky n\u00e1jdete na niektor\u00fdch str\u00e1nkach so sexu\u00e1lnymi b\u00e1bikami. Spo\u010d\u00edtaj\u00fa najob\u013e\u00fabenej\u0161ie n\u00e1kupn\u00e9 centr\u00e1 sexu\u00e1lnych hra\u010diek na internete a zostavia rebr\u00ed\u010dek na z\u00e1klade recenzi\u00ed pou\u017e\u00edvate\u013eov a cenov\u00fdch faktorov. Na n\u00e1jdenie t\u00fdchto str\u00e1nok nemus\u00edte min\u00fa\u0165 viac energie, poskytujeme nasleduj\u00face str\u00e1nky so sexu\u00e1lnymi b\u00e1bikami.<\/p>\t\t\t\t\t\t\t\t<\/div>\n\t\t\t\t<\/div>\n\t\t\t\t<div class=\"elementor-element elementor-element-bf413c6 elementor-widget elementor-widget-text-editor\" data-id=\"bf413c6\" data-element_type=\"widget\" data-widget_type=\"text-editor.default\">\n\t\t\t\t<div class=\"elementor-widget-container\">\n\t\t\t\t\t\t\t\t\t<ul><li><a href=\"https:\/\/sndoll.com\/\" target=\"_blank\" rel=\"noopener\"><span style=\"color: red;\">SnDoll:<\/span><\/a> 4500 Sex b\u00e1bika dokonale vyroben\u00e1 z TPE a silik\u00f3nov\u00e9ho materi\u00e1lu, Sme najd\u00f4veryhodnej\u0161ia spolo\u010dnos\u0165 zaoberaj\u00faca sa sexu\u00e1lnymi b\u00e1bikami, preto\u017ee na\u0161im z\u00e1kazn\u00edkom poskytujeme vysokokvalitn\u00e9 m\u00e4kk\u00e9 a bezpe\u010dn\u00e9 milostn\u00e9 b\u00e1biky a super TPE sexu\u00e1lne b\u00e1biky. Garantovan\u00e9 doru\u010denie a doprava zadarmo!<\/li><li><a href=\"https:\/\/pornsites.xxx\/\" target=\"_blank\" rel=\"noopener\"><span style=\"color: red;\">Recenzie porno str\u00e1nok:<\/span><\/a> Porno str\u00e1nky s\u00fa jednoducho zoznamom najlep\u0161\u00edch porno str\u00e1nok a str\u00e1nok so sexu\u00e1lnymi hra\u010dkami. N\u00e1jdite XXX recenzie a \u010destn\u00e9 hodnotenia najpopul\u00e1rnej\u0161\u00edch sexu\u00e1lnych kamier, sk\u00famaviek, VR a ton bezplatn\u00fdch str\u00e1nok!<\/li><li><a href=\"https:\/\/utengrense.com\/\" target=\"_blank\" rel=\"noopener\"><span style=\"color: red;\">Utengrense.com:<\/span><\/a> M\u00e1me online sexshop v N\u00f3rsku a m\u00e1me z\u00e1ujem pred\u00e1va\u0165 na\u0161im z\u00e1kazn\u00edkom len kvalitn\u00e9 veci za dobr\u00fa cenu, ako s\u00fa sexu\u00e1lne hra\u010dky a sexi spodn\u00e1 bielize\u0148.<\/li><li><a href=\"https:\/\/www.pincelebs.net\/\" target=\"_blank\" rel=\"noopener\"><span style=\"color: red;\">Pripn\u00fa\u0165 celebrity:<\/span><\/a> Nah\u00e9, nah\u00e9, polonah\u00e9, sexi a vidie\u0165 cez obr\u00e1zky celebr\u00edt here\u010diek, spev\u00e1\u010dok, modeliek a telev\u00edznych osobnost\u00ed<\/li><li><a href=\"https:\/\/www.youpornlist.com\/\" target=\"_blank\" rel=\"noopener\"><span style=\"color: red;\">Youpornlist.com: <\/span><\/a>YouPornList je v\u00fdber najlep\u0161\u00edch porno str\u00e1nok pod\u013ea kateg\u00f3ri\u00ed. Ka\u017ed\u00e9 pracovisko bolo vybran\u00e9 po dlhej a d\u00f4kladnej anal\u00fdze na\u0161ich odborn\u00edkov na ru\u010dn\u00e9 pr\u00e1ce.<\/li><li><a href=\"https:\/\/www.porninspector.com\/\" target=\"_blank\" rel=\"noopener\"><span style=\"color: red;\">Porninspector.com:<\/span><\/a> Porn Inspector m\u00e1 ve\u013ea porno recenzi\u00ed niektor\u00fdch z najs\u013eubnej\u0161\u00edch webov\u00fdch str\u00e1nok pre dospel\u00fdch. V\u017edy vyjadrujeme svoj naj\u00faprimnej\u0161\u00ed a nestrann\u00fd n\u00e1zor. Ka\u017ed\u00fd z\u00e1pis bude obsahova\u0165 mno\u017estvo obr\u00e1zkov a uk\u00e1\u017eok vide\u00ed prevzat\u00fdch priamo z \u010dlenskej oblasti danej str\u00e1nky, \u010do v\u00e1m d\u00e1va pr\u00edle\u017eitos\u0165 vidie\u0165 presne to, \u010do sa pon\u00faka, sk\u00f4r ako sa rozhodnete pre n\u00e1kup!<\/li><li><a href=\"http:\/\/hentai-gamer.com\/\" target=\"_blank\" rel=\"noopener\"><span style=\"color: red;\">Hentai-Gamer:<\/span><\/a> Hentai-Gamer.com je najlep\u0161ia webov\u00e1 str\u00e1nka pre bezplatn\u00e9 hry Hentai 100%. Tak\u017ee cho\u010fte do toho a hrajte hentai flash hry teraz!<\/li><li><a href=\"https:\/\/sexdollpornhd.com\/\" target=\"_blank\" rel=\"noopener\"><span style=\"color: red;\">Sex Doll Porn HD: <\/span><\/a>Pozrite si porno vide\u00e1 so sexu\u00e1lnou b\u00e1bikou na SexDollPornHD.com, aby ste mohli vidie\u0165 svoju b\u00e1biku v akcii sk\u00f4r, ako si ju k\u00fapite!<\/li><li><a href=\"https:\/\/www.thesafeporn.com\/\" target=\"_blank\" rel=\"noopener\"><span style=\"color: red;\">Bezpe\u010dn\u00e9 porno: <\/span><\/a>na thesafeporn.com n\u00e1jdete tis\u00edce porno str\u00e1nok, vybran\u00fdch pre ich kvalitu a bezpe\u010dnos\u0165, ku ka\u017edej str\u00e1nke recenziu, ktor\u00e1 v\u00e1m pom\u00f4\u017ee pri v\u00fdbere.<\/li><li><a href=\"https:\/\/allpornsites.net\/\" target=\"_blank\" rel=\"noopener\"><span style=\"color: red;\">Allpornsites.net:<\/span><\/a> Na v\u0161etk\u00fdch porno str\u00e1nkach n\u00e1jdete najv\u00e4\u010d\u0161\u00ed v\u00fdber porno str\u00e1nok vo vesm\u00edre, ktor\u00fd sa pravidelne aktualizuje takmer ka\u017ed\u00fd de\u0148 o nov\u00e9 porno str\u00e1nky z ak\u00e9hoko\u013evek miesta.<\/li><li><a href=\"https:\/\/hotpornbible.com\/\" target=\"_blank\" rel=\"noopener\"><span style=\"color: red;\">Zoznam hor\u00facich porno str\u00e1nok:<\/span><\/a>Hot Porn Bible m\u00e1 najpopul\u00e1rnej\u0161ie porno str\u00e1nky na svete! M\u00e1me najlep\u0161ie hodnoten\u00e9 bezplatn\u00e9 a pr\u00e9miov\u00e9 webov\u00e9 str\u00e1nky xxx pre dospel\u00fdch v ka\u017edej kateg\u00f3rii.<\/li><li><a href=\"https:\/\/www.mrpinks.com\/\" target=\"_blank\" rel=\"noopener\"><span style=\"color: red;\">Pornografick\u00e9 recenzie:<\/span><\/a> Mr. Pink&#039;s Porn Reviews je va\u0161a d\u00f4veryhodn\u00e1 str\u00e1nka s recenziami porna pre \u00faprimn\u00e9 recenzie str\u00e1nok pre dospel\u00fdch, z\u013eavnen\u00e9 porno a najlep\u0161ie porno str\u00e1nky.<\/li><li><a href=\"https:\/\/richobo.com\/\" target=\"_blank\" rel=\"noopener\"><span style=\"color: red;\">Inzer\u00e1ty a sprievodca | Richobo: <\/span><\/a>Z\u00e1bava novinky zoznam medzin\u00e1rodn\u00fdch inzer\u00e1tov pre dospel\u00fdch Richobo \/ sprievod \/ udalosti \/ stript\u00e9rky \/ slu\u017eby pre dospel\u00fdch \/ xguide \/ modely \/ mas\u00e1\u017ee \/ luxusn\u00e9 aut\u00e1<\/li><li><a href=\"https:\/\/uncams.com\/\" target=\"_blank\" rel=\"noopener\"><span style=\"color: red;\">Kamery OSN:<\/span><\/a> Sledujte \u017eiv\u00e9 kamery teraz! Nevy\u017eaduje sa \u017eiadna registr\u00e1cia \u2013 100% bezplatn\u00fd necenzurovan\u00fd chat pre dospel\u00fdch. Za\u010dnite chatova\u0165 s amat\u00e9rmi, exhibicionistami, pornohviezdami s HD videom a zvukom.<\/li><li><p><a href=\"https:\/\/thebestfetishsites.com\/adult-toy-stores\/\" target=\"_blank\" rel=\"noopener\">Najlep\u0161ie str\u00e1nky so sexu\u00e1lnymi hra\u010dkami<\/a> :\u00a0<\/p><\/li><\/ul>\t\t\t\t\t\t\t\t<\/div>\n\t\t\t\t<\/div>\n\t\t\t\t\t<\/div>\n\t\t<\/div>\n\t\t\t\t\t<\/div>\n\t\t<\/section>\n\t\t\t\t<section class=\"elementor-section elementor-top-section elementor-element elementor-element-9b10116 elementor-section-boxed elementor-section-height-default elementor-section-height-default\" data-id=\"9b10116\" data-element_type=\"section\">\n\t\t\t\t\t\t<div class=\"elementor-container elementor-column-gap-default\">\n\t\t\t\t\t<div class=\"elementor-column elementor-col-100 elementor-top-column elementor-element elementor-element-60c82a0\" data-id=\"60c82a0\" data-element_type=\"column\">\n\t\t\t<div class=\"elementor-column-wrap--60c82a0 elementor-widget-wrap elementor-element-populated\">\n\t\t\t\t\t\t<div class=\"elementor-element elementor-element-a13b0eb elementor-widget elementor-widget-spacer\" data-id=\"a13b0eb\" data-element_type=\"widget\" data-widget_type=\"spacer.default\">\n\t\t\t\t<div class=\"elementor-widget-container\">\n\t\t\t\t\t\t\t<div class=\"elementor-spacer\">\n\t\t\t<div class=\"elementor-spacer-inner\"><\/div>\n\t\t<\/div>\n\t\t\t\t\t\t<\/div>\n\t\t\t\t<\/div>\n\t\t\t\t\t<\/div>\n\t\t<\/div>\n\t\t\t\t\t<\/div>\n\t\t<\/section>\n\t\t\t\t<\/div>","protected":false},"excerpt":{"rendered":"<p>More Sex Doll Sites Buy Sex Dolls on Aliexpress Buy Sex Dolls on Amazon If our dolls are not suitable for you, you can find more dolls through some sex doll sites. They will count the most popular sex toy malls on the Internet and make rankings based on user reviews and price factors. You [&hellip;]<\/p>\n","protected":false},"author":3,"featured_media":0,"parent":0,"menu_order":0,"comment_status":"closed","ping_status":"closed","template":"elementor_header_footer","meta":{"footnotes":""},"class_list":["post-579","page","type-page","status-publish","hentry"],"_links":{"self":[{"href":"https:\/\/sexdollxxx.com\/sk\/wp-json\/wp\/v2\/pages\/579","targetHints":{"allow":["GET"]}}],"collection":[{"href":"https:\/\/sexdollxxx.com\/sk\/wp-json\/wp\/v2\/pages"}],"about":[{"href":"https:\/\/sexdollxxx.com\/sk\/wp-json\/wp\/v2\/types\/page"}],"author":[{"embeddable":true,"href":"https:\/\/sexdollxxx.com\/sk\/wp-json\/wp\/v2\/users\/3"}],"replies":[{"embeddable":true,"href":"https:\/\/sexdollxxx.com\/sk\/wp-json\/wp\/v2\/comments?post=579"}],"version-history":[{"count":0,"href":"https:\/\/sexdollxxx.com\/sk\/wp-json\/wp\/v2\/pages\/579\/revisions"}],"wp:attachment":[{"href":"https:\/\/sexdollxxx.com\/sk\/wp-json\/wp\/v2\/media?parent=579"}],"curies":[{"name":"wp","href":"https:\/\/api.w.org\/{rel}","templated":true}]}}