{"id":617,"date":"2021-06-01T20:26:08","date_gmt":"2021-06-01T12:26:08","guid":{"rendered":"https:\/\/bluebirds.sslcommerz.org\/?page_id=617"},"modified":"2024-01-03T16:34:57","modified_gmt":"2024-01-03T08:34:57","slug":"sex-doll-affiliate-program","status":"publish","type":"page","link":"https:\/\/sexdollxxx.com\/sk\/sex-doll-affiliate-program\/","title":{"rendered":"Sex Doll Partnersk\u00fd program"},"content":{"rendered":"<div data-elementor-type=\"wp-page\" data-elementor-id=\"617\" class=\"elementor elementor-617\" data-elementor-post-type=\"page\">\n\t\t\t\t\t\t<section class=\"elementor-section elementor-top-section elementor-element elementor-element-43ee23e elementor-section-boxed elementor-section-height-default elementor-section-height-default\" data-id=\"43ee23e\" data-element_type=\"section\">\n\t\t\t\t\t\t<div class=\"elementor-container elementor-column-gap-default\">\n\t\t\t\t\t<div class=\"elementor-column elementor-col-100 elementor-top-column elementor-element elementor-element-1adf86a\" data-id=\"1adf86a\" data-element_type=\"column\">\n\t\t\t<div class=\"elementor-column-wrap--1adf86a elementor-widget-wrap elementor-element-populated\">\n\t\t\t\t\t\t<div class=\"elementor-element elementor-element-210f1af elementor-widget elementor-widget-woocommerce-breadcrumb\" data-id=\"210f1af\" data-element_type=\"widget\" data-widget_type=\"woocommerce-breadcrumb.default\">\n\t\t\t\t<div class=\"elementor-widget-container\">\n\t\t\t\t\t<nav class=\"rey-breadcrumbs\"><div class=\"rey-breadcrumbs-item\" data-no-translation=\"\" data-trp-gettext=\"\">Domov<\/div><\/nav>\t\t\t\t<\/div>\n\t\t\t\t<\/div>\n\t\t\t\t\t<\/div>\n\t\t<\/div>\n\t\t\t\t\t<\/div>\n\t\t<\/section>\n\t\t\t\t<section class=\"elementor-section elementor-top-section elementor-element elementor-element-c228a1a elementor-section-boxed elementor-section-height-default elementor-section-height-default\" data-id=\"c228a1a\" data-element_type=\"section\">\n\t\t\t\t\t\t<div class=\"elementor-container elementor-column-gap-default\">\n\t\t\t\t\t<div class=\"elementor-column elementor-col-100 elementor-top-column elementor-element elementor-element-19a633d\" data-id=\"19a633d\" data-element_type=\"column\">\n\t\t\t<div class=\"elementor-column-wrap--19a633d elementor-widget-wrap elementor-element-populated\">\n\t\t\t\t\t\t<div class=\"elementor-element elementor-element-92458c9 elementor-widget elementor-widget-heading\" data-id=\"92458c9\" data-element_type=\"widget\" data-widget_type=\"heading.default\">\n\t\t\t\t<div class=\"elementor-widget-container\">\n\t\t\t\t\t<h1 class=\"elementor-heading-title elementor-size-default\">Sex Doll Partnersk\u00fd program\n<\/h1>\t\t\t\t<\/div>\n\t\t\t\t<\/div>\n\t\t\t\t\t<\/div>\n\t\t<\/div>\n\t\t\t\t\t<\/div>\n\t\t<\/section>\n\t\t\t\t<section class=\"elementor-section elementor-top-section elementor-element elementor-element-e718e91 elementor-section-boxed elementor-section-height-default elementor-section-height-default\" data-id=\"e718e91\" data-element_type=\"section\">\n\t\t\t\t\t\t<div class=\"elementor-container elementor-column-gap-default\">\n\t\t\t\t\t<div class=\"elementor-column elementor-col-100 elementor-top-column elementor-element elementor-element-298e9dc\" data-id=\"298e9dc\" data-element_type=\"column\">\n\t\t\t<div class=\"elementor-column-wrap--298e9dc elementor-widget-wrap elementor-element-populated\">\n\t\t\t\t\t\t<div class=\"elementor-element elementor-element-65a9015 elementor-widget elementor-widget-spacer\" data-id=\"65a9015\" data-element_type=\"widget\" data-widget_type=\"spacer.default\">\n\t\t\t\t<div class=\"elementor-widget-container\">\n\t\t\t\t\t\t\t<div class=\"elementor-spacer\">\n\t\t\t<div class=\"elementor-spacer-inner\"><\/div>\n\t\t<\/div>\n\t\t\t\t\t\t<\/div>\n\t\t\t\t<\/div>\n\t\t\t\t\t<\/div>\n\t\t<\/div>\n\t\t\t\t\t<\/div>\n\t\t<\/section>\n\t\t\t\t<section class=\"elementor-section elementor-top-section elementor-element elementor-element-25f4ca3 elementor-section-boxed elementor-section-height-default elementor-section-height-default\" data-id=\"25f4ca3\" data-element_type=\"section\">\n\t\t\t\t\t\t<div class=\"elementor-container elementor-column-gap-default\">\n\t\t\t\t\t<div class=\"elementor-column elementor-col-100 elementor-top-column elementor-element elementor-element-b199dec\" data-id=\"b199dec\" data-element_type=\"column\">\n\t\t\t<div class=\"elementor-column-wrap--b199dec elementor-widget-wrap elementor-element-populated\">\n\t\t\t\t\t\t<div class=\"elementor-element elementor-element-0165792 elementor-widget elementor-widget-text-editor\" data-id=\"0165792\" data-element_type=\"widget\" data-widget_type=\"text-editor.default\">\n\t\t\t\t<div class=\"elementor-widget-container\">\n\t\t\t\t\t\t\t\t\t<p>\u010eakujeme za v\u00e1\u0161 z\u00e1ujem o partnersk\u00fd program SexDollxxx. Radi by sme v\u00e1s pozvali, aby ste sa stali affiliate partnerom a zar\u00e1bali peniaze prostredn\u00edctvom n\u00e1\u0161ho Affiliate programu.<br \/>Sta\u0148te sa s\u00fa\u010das\u0165ou najv\u00e4\u010d\u0161ieho a najrenomovanej\u0161ieho partnersk\u00e9ho programu pre dospel\u00e9 sexu\u00e1lne b\u00e1biky TERAZ!<\/p><p>Ka\u017ed\u00fd mesiac pred\u00e1vame tis\u00edce sexu\u00e1lnych b\u00e1bik, tak\u017ee teraz prid\u00e1vame kan\u00e1ly affiliate marketingu a d\u00fafame, \u017ee sa k n\u00e1m prid\u00e1te a posuniete n\u00e1\u0161 predaj na vy\u0161\u0161iu \u00farove\u0148. D\u00fafame, \u017ee v bud\u00facnosti budeme ma\u0165 skvel\u00fa spolupr\u00e1cu.<\/p>\t\t\t\t\t\t\t\t<\/div>\n\t\t\t\t<\/div>\n\t\t\t\t\t<\/div>\n\t\t<\/div>\n\t\t\t\t\t<\/div>\n\t\t<\/section>\n\t\t\t\t<section class=\"elementor-section elementor-top-section elementor-element elementor-element-928a69f elementor-section-boxed elementor-section-height-default elementor-section-height-default\" data-id=\"928a69f\" data-element_type=\"section\">\n\t\t\t\t\t\t<div class=\"elementor-container elementor-column-gap-default\">\n\t\t\t\t\t<div class=\"elementor-column elementor-col-100 elementor-top-column elementor-element elementor-element-245c2c7\" data-id=\"245c2c7\" data-element_type=\"column\">\n\t\t\t<div class=\"elementor-column-wrap--245c2c7 elementor-widget-wrap elementor-element-populated\">\n\t\t\t\t\t\t<div class=\"elementor-element elementor-element-f7ed410 elementor-widget elementor-widget-heading\" data-id=\"f7ed410\" data-element_type=\"widget\" data-widget_type=\"heading.default\">\n\t\t\t\t<div class=\"elementor-widget-container\">\n\t\t\t\t\t<h5 class=\"elementor-heading-title elementor-size-default\">V\u00fdhody pridru\u017een\u00e9ho programu<\/h5>\t\t\t\t<\/div>\n\t\t\t\t<\/div>\n\t\t\t\t<div class=\"elementor-element elementor-element-e558776 elementor-widget elementor-widget-text-editor\" data-id=\"e558776\" data-element_type=\"widget\" data-widget_type=\"text-editor.default\">\n\t\t\t\t<div class=\"elementor-widget-container\">\n\t\t\t\t\t\t\t\t\t<ul><li>Sadzba prov\u00edzie: 6%<\/li><li>Trvanie s\u00faboru cookie: 30 dn\u00ed<\/li><li>Priemern\u00e1 hodnota objedn\u00e1vky (AOV): $500-1999 (<strong>zarob\u00edte priemerne $60 len jednou objedn\u00e1vkou!<\/strong>)<\/li><li>V\u00fdplata:<strong>\u00a0<\/strong>Ak m\u00e1te prov\u00edziu vy\u0161\u0161iu ako 200 USD, na\u0161e finan\u010dn\u00e9 oddelenie to vyrovn\u00e1 raz.<\/li><li>Mesa\u010dn\u00fd bulletin \u2013 aby ste mali preh\u013ead o najnov\u0161\u00edch predstaveniach produktov, akci\u00e1ch a podobne!<\/li><li>Intern\u00fd affiliate mana\u017e\u00e9r a podpora \u2013 na\u0161ou \u00falohou je postara\u0165 sa o v\u00e1s!<\/li><li>D\u00f4veryhodn\u00fd od roku 2019<\/li><\/ul>\t\t\t\t\t\t\t\t<\/div>\n\t\t\t\t<\/div>\n\t\t\t\t\t<\/div>\n\t\t<\/div>\n\t\t\t\t\t<\/div>\n\t\t<\/section>\n\t\t\t\t<section class=\"elementor-section elementor-top-section elementor-element elementor-element-b17aee8 elementor-section-boxed elementor-section-height-default elementor-section-height-default\" data-id=\"b17aee8\" data-element_type=\"section\">\n\t\t\t\t\t\t<div class=\"elementor-container elementor-column-gap-default\">\n\t\t\t\t\t<div class=\"elementor-column elementor-col-100 elementor-top-column elementor-element elementor-element-c044242\" data-id=\"c044242\" data-element_type=\"column\">\n\t\t\t<div class=\"elementor-column-wrap--c044242 elementor-widget-wrap elementor-element-populated\">\n\t\t\t\t\t\t<div class=\"elementor-element elementor-element-139830c elementor-widget elementor-widget-text-editor\" data-id=\"139830c\" data-element_type=\"widget\" data-widget_type=\"text-editor.default\">\n\t\t\t\t<div class=\"elementor-widget-container\">\n\t\t\t\t\t\t\t\t\t<p><strong>Ko\u013eko m\u00f4\u017eete zarobi\u0165 ako affiliate partner SexDollxxx?<\/strong><\/p><p>Na\u0161i affiliate partneri zar\u00e1baj\u00fa <em><span style=\"text-decoration: underline;\"><strong>6%<\/strong><\/span><\/em> prov\u00edzia za ka\u017ed\u00fd predaj vygenerovan\u00fd ich odpor\u00fa\u010daniami. Toto NIE JE najvy\u0161\u0161ia prov\u00edzia pon\u00fakan\u00e1 t\u00fdmto odvetv\u00edm. ale vygenerujete viac predaja, preto\u017ee na\u0161a cena je ve\u013emi konkurencieschopn\u00e1<\/p><p>Pr\u00edklad prov\u00edzie:<\/p><p>Na\u0161a najpred\u00e1vanej\u0161ia b\u00e1bika s ploch\u00fdm hrudn\u00edkom <a href=\"https:\/\/sexdollxxx.com\/sk\/flat-chested-sex-doll-misaki\/\" data-abc=\"true\">Misaki<\/a> m\u00e1 hodnotu $499. Na\u0161i affiliate partneri zarobia $29,94 zaka\u017ed\u00fdm, ke\u010f si ju k\u00fapi jeden z ich odpor\u00fa\u010dan\u00ed. ($499 x 0,06 = $29,94)<br \/>ako obvykle sa ka\u017ed\u00fd mesiac pred\u00e1 asi 10 b\u00e1bik Misaki. to znamen\u00e1, \u017ee zarob\u00edte 299,4 usd ($29,94 X 10 = $299,4)<\/p>\t\t\t\t\t\t\t\t<\/div>\n\t\t\t\t<\/div>\n\t\t\t\t\t<\/div>\n\t\t<\/div>\n\t\t\t\t\t<\/div>\n\t\t<\/section>\n\t\t\t\t<section class=\"elementor-section elementor-top-section elementor-element elementor-element-accac0b elementor-section-boxed elementor-section-height-default elementor-section-height-default\" data-id=\"accac0b\" data-element_type=\"section\">\n\t\t\t\t\t\t<div class=\"elementor-container elementor-column-gap-default\">\n\t\t\t\t\t<div class=\"elementor-column elementor-col-100 elementor-top-column elementor-element elementor-element-58f881d\" data-id=\"58f881d\" data-element_type=\"column\">\n\t\t\t<div class=\"elementor-column-wrap--58f881d elementor-widget-wrap elementor-element-populated\">\n\t\t\t\t\t\t<div class=\"elementor-element elementor-element-e68a6ba elementor-widget elementor-widget-heading\" data-id=\"e68a6ba\" data-element_type=\"widget\" data-widget_type=\"heading.default\">\n\t\t\t\t<div class=\"elementor-widget-container\">\n\t\t\t\t\t<h5 class=\"elementor-heading-title elementor-size-default\">Ako sa sta\u0165 affiliate partnerom<\/h5>\t\t\t\t<\/div>\n\t\t\t\t<\/div>\n\t\t\t\t<div class=\"elementor-element elementor-element-7cb08f1 elementor-widget elementor-widget-text-editor\" data-id=\"7cb08f1\" data-element_type=\"widget\" data-widget_type=\"text-editor.default\">\n\t\t\t\t<div class=\"elementor-widget-container\">\n\t\t\t\t\t\t\t\t\t<p><strong style=\"background-color: var(--body-bg-color); color: var(--body-color); font-family: var(--body-font-family),sans-serif; font-size: 1.125rem;\">Domovsk\u00e1 str\u00e1nka pridru\u017een\u00e9ho programu:<\/strong><\/p><div class=\"elementor-element elementor-element-62e1a98 elementor-widget elementor-widget-wd_text_block\" data-id=\"62e1a98\" data-element_type=\"widget\" data-widget_type=\"wd_text_block.default\"><div class=\"elementor-widget-container\"><div class=\"wd-text-block reset-last-child text-left\"><p class=\"nitro-offscreen\"><a href=\"https:\/\/sexdollxxx.goaffpro.com\/\" target=\"_blank\" rel=\"noopener\">https:\/\/sexdollxxx.goaffpro.com\/<\/a><\/p><p class=\"nitro-offscreen\"><strong>Registra\u010dn\u00e1 str\u00e1nka:<\/strong><br \/><a href=\"https:\/\/sexdollxxx.goaffpro.com\/create-account\/\" target=\"_blank\" rel=\"noopener\">https:\/\/sexdollxxx.goaffpro.com\/create-account\/<\/a><\/p><p class=\"nitro-offscreen\"><strong>Prihlasovacia str\u00e1nka:<\/strong><br \/><a href=\"https:\/\/sexdollxxx.goaffpro.com\/login\/\" target=\"_blank\" rel=\"noopener\">https:\/\/sexdollxxx.goaffpro.com\/login\/<\/a><\/p><\/div><\/div><\/div><div class=\"elementor-element elementor-element-7dbf6af elementor-widget elementor-widget-wd_text_block\" data-id=\"7dbf6af\" data-element_type=\"widget\" data-widget_type=\"wd_text_block.default\"><div class=\"elementor-widget-container\"><div class=\"wd-text-block reset-last-child text-left\"><p><strong>Pozn\u00e1mka:<\/strong> Platen\u00e9 reklamn\u00e9 kan\u00e1ly ako Exoclick\u3001Trafficfactory a TrafficJunky nie s\u00fa povolen\u00e9. Webov\u00e9 str\u00e1nky adres\u00e1ra kup\u00f3nov tie\u017e nie s\u00fa povolen\u00e9. Ak m\u00e1te ak\u00e9ko\u013evek ot\u00e1zky, nev\u00e1hajte n\u00e1s kontaktova\u0165 na <a href=\"mailto:sales@sexdollxxx.com\">sales@sexdollxxx.com<\/a><\/p><\/div><\/div><\/div>\t\t\t\t\t\t\t\t<\/div>\n\t\t\t\t<\/div>\n\t\t\t\t\t<\/div>\n\t\t<\/div>\n\t\t\t\t\t<\/div>\n\t\t<\/section>\n\t\t\t\t<section class=\"elementor-section elementor-top-section elementor-element elementor-element-01c7f3b elementor-section-boxed elementor-section-height-default elementor-section-height-default\" data-id=\"01c7f3b\" data-element_type=\"section\">\n\t\t\t\t\t\t<div class=\"elementor-container elementor-column-gap-default\">\n\t\t\t\t\t<div class=\"elementor-column elementor-col-100 elementor-top-column elementor-element elementor-element-c598eb9\" data-id=\"c598eb9\" data-element_type=\"column\">\n\t\t\t<div class=\"elementor-column-wrap--c598eb9 elementor-widget-wrap elementor-element-populated\">\n\t\t\t\t\t\t<div class=\"elementor-element elementor-element-bba4079 elementor-widget elementor-widget-heading\" data-id=\"bba4079\" data-element_type=\"widget\" data-widget_type=\"heading.default\">\n\t\t\t\t<div class=\"elementor-widget-container\">\n\t\t\t\t\t<h5 class=\"elementor-heading-title elementor-size-default\">Ako to funguje?<\/h5>\t\t\t\t<\/div>\n\t\t\t\t<\/div>\n\t\t\t\t<div class=\"elementor-element elementor-element-298027d elementor-widget elementor-widget-text-editor\" data-id=\"298027d\" data-element_type=\"widget\" data-widget_type=\"text-editor.default\">\n\t\t\t\t<div class=\"elementor-widget-container\">\n\t\t\t\t\t\t\t\t\t<p>\u2013 Zaregistrujte sa ako affiliate partner SexDollxxx.<br \/>- Umiestnite bannerov\u00e9 reklamy a pridajte svoju pridru\u017een\u00fa adresu URL na svoj web.<br \/>\u2013 Ke\u010f sa pou\u017e\u00edvate\u013e preklikne na sexdollxxx.com a uskuto\u010dn\u00ed n\u00e1kup, automaticky z\u00edskate 6% z predaja.<br \/>\u2013 Kedyko\u013evek sa prihl\u00e1ste do panela pridru\u017een\u00fdch partnerov a sledujte kliknutia, konverzie a z\u00e1robky.<br \/>\u2013 V\u00fdplaty sa uskuto\u010dnia prostredn\u00edctvom prevodu Paypal po dosiahnut\u00ed prahu $200.00.<\/p>\t\t\t\t\t\t\t\t<\/div>\n\t\t\t\t<\/div>\n\t\t\t\t\t<\/div>\n\t\t<\/div>\n\t\t\t\t\t<\/div>\n\t\t<\/section>\n\t\t\t\t<section class=\"elementor-section elementor-top-section elementor-element elementor-element-89486af elementor-section-boxed elementor-section-height-default elementor-section-height-default\" data-id=\"89486af\" data-element_type=\"section\">\n\t\t\t\t\t\t<div class=\"elementor-container elementor-column-gap-default\">\n\t\t\t\t\t<div class=\"elementor-column elementor-col-100 elementor-top-column elementor-element elementor-element-deae571\" data-id=\"deae571\" data-element_type=\"column\">\n\t\t\t<div class=\"elementor-column-wrap--deae571 elementor-widget-wrap elementor-element-populated\">\n\t\t\t\t\t\t<div class=\"elementor-element elementor-element-30f276c elementor-widget elementor-widget-spacer\" data-id=\"30f276c\" data-element_type=\"widget\" data-widget_type=\"spacer.default\">\n\t\t\t\t<div class=\"elementor-widget-container\">\n\t\t\t\t\t\t\t<div class=\"elementor-spacer\">\n\t\t\t<div class=\"elementor-spacer-inner\"><\/div>\n\t\t<\/div>\n\t\t\t\t\t\t<\/div>\n\t\t\t\t<\/div>\n\t\t\t\t\t<\/div>\n\t\t<\/div>\n\t\t\t\t\t<\/div>\n\t\t<\/section>\n\t\t\t\t<\/div>","protected":false},"excerpt":{"rendered":"<p>Sex Doll Affiliate Program Thank you for your interest in the SexDollxxx Affiliate Program. We would like to invite you to be an affiliate and earn money through our Affiliate program.Become a part of the largest and most renowned Adult Sex Doll Affiliate Program NOW! Every month we are selling thousands of sex dolls, so [&hellip;]<\/p>\n","protected":false},"author":3,"featured_media":0,"parent":0,"menu_order":0,"comment_status":"closed","ping_status":"closed","template":"elementor_header_footer","meta":{"footnotes":""},"class_list":["post-617","page","type-page","status-publish","hentry"],"_links":{"self":[{"href":"https:\/\/sexdollxxx.com\/sk\/wp-json\/wp\/v2\/pages\/617","targetHints":{"allow":["GET"]}}],"collection":[{"href":"https:\/\/sexdollxxx.com\/sk\/wp-json\/wp\/v2\/pages"}],"about":[{"href":"https:\/\/sexdollxxx.com\/sk\/wp-json\/wp\/v2\/types\/page"}],"author":[{"embeddable":true,"href":"https:\/\/sexdollxxx.com\/sk\/wp-json\/wp\/v2\/users\/3"}],"replies":[{"embeddable":true,"href":"https:\/\/sexdollxxx.com\/sk\/wp-json\/wp\/v2\/comments?post=617"}],"version-history":[{"count":0,"href":"https:\/\/sexdollxxx.com\/sk\/wp-json\/wp\/v2\/pages\/617\/revisions"}],"wp:attachment":[{"href":"https:\/\/sexdollxxx.com\/sk\/wp-json\/wp\/v2\/media?parent=617"}],"curies":[{"name":"wp","href":"https:\/\/api.w.org\/{rel}","templated":true}]}}