{"id":3061,"date":"2021-06-11T23:44:24","date_gmt":"2021-06-11T23:44:24","guid":{"rendered":"https:\/\/bluebirds.sslcommerz.org\/?post_type=product&#038;p=3061"},"modified":"2025-08-16T10:24:58","modified_gmt":"2025-08-16T02:24:58","slug":"tpe-torso-doll-veronica","status":"publish","type":"product","link":"https:\/\/sexdollxxx.com\/sk\/tpe-torso-doll-veronica\/","title":{"rendered":"B\u00e1bika TPE Torzo na sex \u2013 Veronica"},"content":{"rendered":"<h2>B\u00e1bika TPE Torzo na sex \u2013 Veronica<\/h2>\n<p>The <a href=\"\/sk\/140cm-tpe-doll-pepper\/\">sexu\u00e1lna b\u00e1bika tpe<\/a> trup je prostredn\u00edkom medzi sexu\u00e1lnou b\u00e1bikou plnej ve\u013ekosti a a <a href=\"https:\/\/www.snapdeal.com\/products\/mens-sex-toys-masturbators-fleshlights?sort=plrty\" target=\"_blank\" rel=\"noopener\">masturb\u00e1tor<\/a>; alebo lep\u0161ie povedan\u00e9, sexu\u00e1lna b\u00e1bika s trupom bez niektor\u00fdch kon\u010dat\u00edn a hlavy. V\u010faka tomu s\u00fa ove\u013ea men\u0161ie a \u013eah\u0161ie pre jednoduch\u0161ie pou\u017e\u00edvanie, \u00fadr\u017ebu a skladovanie. T\u00e1to konkr\u00e9tna je len 55 cm dlh\u00e1, no napriek tomu si zachov\u00e1va pocit skuto\u010dnej \u013eudskej osoby.<\/p>\n<p>Toto torzo sexu\u00e1lnej b\u00e1biky m\u00e1 st\u00e1le zabudovan\u00fa kovov\u00fa kostru, ktor\u00e1 umo\u017e\u0148uje ur\u010dit\u00fd pohyb po\u010das sexu, a TPE ko\u017eu, ktor\u00e1 v\u00e1m d\u00e1va pocit intimity so skuto\u010dnou osobou. Ke\u010f\u017ee bola stvoren\u00e1 hlavne na sex, bola jej venovan\u00e1 ve\u013ek\u00e1 priorita <a href=\"https:\/\/en.wikipedia.org\/wiki\/Labia\" target=\"_blank\" rel=\"noopener\">stydk\u00e9 pysky<\/a> do h\u013abky jej vag\u00edny. Toto je nad r\u00e1mec ak\u00e9hoko\u013evek pote\u0161enia, ktor\u00e9 v\u00e1m masturb\u00e1tori m\u00f4\u017eu poskytn\u00fa\u0165.<\/p>\n<p><img fetchpriority=\"high\" decoding=\"async\" class=\"alignnone wp-image-3070 size-full\" src=\"https:\/\/sexdollxxx.com\/wp-content\/uploads\/2021\/06\/55cm-torso-sex-doll.jpg\" alt=\"TPE Torzo\" width=\"1000\" height=\"1000\" title=\"\" srcset=\"https:\/\/sexdollxxx.com\/wp-content\/uploads\/2021\/06\/55cm-torso-sex-doll.jpg 1000w, https:\/\/sexdollxxx.com\/wp-content\/uploads\/2021\/06\/55cm-torso-sex-doll-300x300.jpg 300w, https:\/\/sexdollxxx.com\/wp-content\/uploads\/2021\/06\/55cm-torso-sex-doll-250x250.jpg 250w, https:\/\/sexdollxxx.com\/wp-content\/uploads\/2021\/06\/55cm-torso-sex-doll-600x600.jpg 600w, https:\/\/sexdollxxx.com\/wp-content\/uploads\/2021\/06\/55cm-torso-sex-doll-150x150.jpg 150w, https:\/\/sexdollxxx.com\/wp-content\/uploads\/2021\/06\/55cm-torso-sex-doll-768x768.jpg 768w, https:\/\/sexdollxxx.com\/wp-content\/uploads\/2021\/06\/55cm-torso-sex-doll-100x100.jpg 100w\" sizes=\"(max-width: 1000px) 100vw, 1000px\"><\/p>","protected":false},"excerpt":{"rendered":"<p><span style=\"color: #f73e74;\">Pripraven\u00e9 na odoslanie do USA, E\u00da, Kanady a Austr\u00e1lie<\/span><\/p>","protected":false},"featured_media":3067,"comment_status":"open","ping_status":"closed","template":"","meta":[],"product_cat":[205,194,189,219,344],"product_tag":[381],"class_list":{"0":"post-3061","1":"product","2":"type-product","3":"status-publish","4":"has-post-thumbnail","6":"product_cat-sex-doll-torso","7":"product_cat-65cm-88cm-sex-doll","8":"product_cat-mini-sex-doll","9":"product_cat-real-sex-dolls","10":"product_cat-tpe-sex-doll","11":"product_tag-123cm","12":"tm-no-options","14":"first","15":"instock","16":"sale","17":"shipping-taxable","18":"purchasable","19":"product-type-simple","swatches":"rey-swatches","show_selected":""},"_links":{"self":[{"href":"https:\/\/sexdollxxx.com\/sk\/wp-json\/wp\/v2\/product\/3061","targetHints":{"allow":["GET"]}}],"collection":[{"href":"https:\/\/sexdollxxx.com\/sk\/wp-json\/wp\/v2\/product"}],"about":[{"href":"https:\/\/sexdollxxx.com\/sk\/wp-json\/wp\/v2\/types\/product"}],"replies":[{"embeddable":true,"href":"https:\/\/sexdollxxx.com\/sk\/wp-json\/wp\/v2\/comments?post=3061"}],"wp:featuredmedia":[{"embeddable":true,"href":"https:\/\/sexdollxxx.com\/sk\/wp-json\/wp\/v2\/media\/3067"}],"wp:attachment":[{"href":"https:\/\/sexdollxxx.com\/sk\/wp-json\/wp\/v2\/media?parent=3061"}],"wp:term":[{"taxonomy":"product_cat","embeddable":true,"href":"https:\/\/sexdollxxx.com\/sk\/wp-json\/wp\/v2\/product_cat?post=3061"},{"taxonomy":"product_tag","embeddable":true,"href":"https:\/\/sexdollxxx.com\/sk\/wp-json\/wp\/v2\/product_tag?post=3061"}],"curies":[{"name":"wp","href":"https:\/\/api.w.org\/{rel}","templated":true}]}}