{"id":3076,"date":"2021-06-11T23:48:09","date_gmt":"2021-06-11T23:48:09","guid":{"rendered":"https:\/\/bluebirds.sslcommerz.org\/?post_type=product&#038;p=3076"},"modified":"2025-08-19T02:15:29","modified_gmt":"2025-08-18T18:15:29","slug":"ass-sex-doll-torso-aiko","status":"publish","type":"product","link":"https:\/\/sexdollxxx.com\/sk\/ass-sex-doll-torso-aiko\/","title":{"rendered":"Mini Ass Sex Doll Torso \u2013 Aiko"},"content":{"rendered":"<h2>Mini Ass Sex Doll Torso \u2013 Aiko<\/h2>\n<p>Toto <strong>silik\u00f3nov\u00e9 Mini Ass Sex Doll Torso online<\/strong> v\u00e1\u017ei len 4,4 lb a je dostato\u010dne \u013eahk\u00fd na to, aby ste ho mohli nosi\u0165 so sebou a hra\u0165 sa s n\u00edm. Je vyroben\u00e1 z TPE, tak\u017ee je elastick\u00e1 a po\u010das pou\u017e\u00edvania nesp\u00f4sobuje \u017eiadne poranenia ani ne\u017eiaduce reakcie. To je d\u00f4vod, pre\u010do jej zadok p\u00f4sob\u00ed jemne a realisticky ako \u013eudsk\u00fd zadok. Vn\u00fatro vag\u00edny je \u00faplne neskuto\u010dn\u00e9 a zlo\u017eito napodob\u0148uje \u0161trukt\u00faru vr\u00e1sok skuto\u010dnej \u017eeny. Kone\u010dn\u00edk je vyroben\u00fd s rovnakou koncentr\u00e1ciou, aby v\u00e1m poskytol maxim\u00e1lne pote\u0161enie.<\/p>\n<p>M\u00f4\u017ee\u0161 k\u00fapi\u0165 <strong>TPE realistick\u00e9 mini torzo sexu\u00e1lnej b\u00e1biky<\/strong> a m\u00f4\u017ee v\u00e1m by\u0165 doru\u010den\u00fd do nieko\u013ek\u00fdch dn\u00ed a obsah bal\u00edka nezverejn\u00edme.<\/p>\n<p><img fetchpriority=\"high\" decoding=\"async\" class=\"alignnone wp-image-3086 size-full\" src=\"https:\/\/sexdollxxx.com\/wp-content\/uploads\/2021\/06\/Mini-Ass-Torso-Sex-Doll-Size.jpg\" alt=\"Mini Ass Sex Doll Torzo\" width=\"1000\" height=\"1000\" title=\"\" srcset=\"https:\/\/sexdollxxx.com\/wp-content\/uploads\/2021\/06\/Mini-Ass-Torso-Sex-Doll-Size.jpg 1000w, https:\/\/sexdollxxx.com\/wp-content\/uploads\/2021\/06\/Mini-Ass-Torso-Sex-Doll-Size-300x300.jpg 300w, https:\/\/sexdollxxx.com\/wp-content\/uploads\/2021\/06\/Mini-Ass-Torso-Sex-Doll-Size-250x250.jpg 250w, https:\/\/sexdollxxx.com\/wp-content\/uploads\/2021\/06\/Mini-Ass-Torso-Sex-Doll-Size-600x600.jpg 600w, https:\/\/sexdollxxx.com\/wp-content\/uploads\/2021\/06\/Mini-Ass-Torso-Sex-Doll-Size-150x150.jpg 150w, https:\/\/sexdollxxx.com\/wp-content\/uploads\/2021\/06\/Mini-Ass-Torso-Sex-Doll-Size-768x768.jpg 768w, https:\/\/sexdollxxx.com\/wp-content\/uploads\/2021\/06\/Mini-Ass-Torso-Sex-Doll-Size-100x100.jpg 100w\" sizes=\"(max-width: 1000px) 100vw, 1000px\"><\/p>","protected":false},"excerpt":{"rendered":"<p><span style=\"color: #f73e74;\">Pripraven\u00e9 na odoslanie do USA, E\u00da, Kanady a Austr\u00e1lie<\/span><\/p>","protected":false},"featured_media":3077,"comment_status":"open","ping_status":"closed","template":"","meta":[],"product_cat":[205,194,189,219,344],"product_tag":[396],"class_list":{"0":"post-3076","1":"product","2":"type-product","3":"status-publish","4":"has-post-thumbnail","6":"product_cat-sex-doll-torso","7":"product_cat-65cm-88cm-sex-doll","8":"product_cat-mini-sex-doll","9":"product_cat-real-sex-dolls","10":"product_cat-tpe-sex-doll","11":"product_tag-65cm","12":"tm-no-options","14":"first","15":"instock","16":"sale","17":"shipping-taxable","18":"purchasable","19":"product-type-simple","swatches":"rey-swatches","show_selected":""},"_links":{"self":[{"href":"https:\/\/sexdollxxx.com\/sk\/wp-json\/wp\/v2\/product\/3076","targetHints":{"allow":["GET"]}}],"collection":[{"href":"https:\/\/sexdollxxx.com\/sk\/wp-json\/wp\/v2\/product"}],"about":[{"href":"https:\/\/sexdollxxx.com\/sk\/wp-json\/wp\/v2\/types\/product"}],"replies":[{"embeddable":true,"href":"https:\/\/sexdollxxx.com\/sk\/wp-json\/wp\/v2\/comments?post=3076"}],"wp:featuredmedia":[{"embeddable":true,"href":"https:\/\/sexdollxxx.com\/sk\/wp-json\/wp\/v2\/media\/3077"}],"wp:attachment":[{"href":"https:\/\/sexdollxxx.com\/sk\/wp-json\/wp\/v2\/media?parent=3076"}],"wp:term":[{"taxonomy":"product_cat","embeddable":true,"href":"https:\/\/sexdollxxx.com\/sk\/wp-json\/wp\/v2\/product_cat?post=3076"},{"taxonomy":"product_tag","embeddable":true,"href":"https:\/\/sexdollxxx.com\/sk\/wp-json\/wp\/v2\/product_tag?post=3076"}],"curies":[{"name":"wp","href":"https:\/\/api.w.org\/{rel}","templated":true}]}}