{"id":31428,"date":"2023-12-01T19:11:02","date_gmt":"2023-12-01T11:11:02","guid":{"rendered":"https:\/\/sexdollxxx.com\/?page_id=31428"},"modified":"2023-12-02T09:52:21","modified_gmt":"2023-12-02T01:52:21","slug":"how-to-pay-by-payment-link","status":"publish","type":"page","link":"https:\/\/sexdollxxx.com\/sl\/how-to-pay-by-payment-link\/","title":{"rendered":"Kako pla\u010dati s pla\u010dilno povezavo"},"content":{"rendered":"<div data-elementor-type=\"wp-page\" data-elementor-id=\"31428\" class=\"elementor elementor-31428\" data-elementor-post-type=\"page\">\n\t\t\t\t\t\t<section class=\"elementor-section elementor-top-section elementor-element elementor-element-5539fe5 elementor-section-boxed elementor-section-height-default elementor-section-height-default\" data-id=\"5539fe5\" data-element_type=\"section\">\n\t\t\t\t\t\t<div class=\"elementor-container elementor-column-gap-default\">\n\t\t\t\t\t<div class=\"elementor-column elementor-col-100 elementor-top-column elementor-element elementor-element-9197215\" data-id=\"9197215\" data-element_type=\"column\">\n\t\t\t<div class=\"elementor-column-wrap--9197215 elementor-widget-wrap elementor-element-populated\">\n\t\t\t\t\t\t<div class=\"elementor-element elementor-element-8564278 elementor-widget elementor-widget-woocommerce-breadcrumb\" data-id=\"8564278\" data-element_type=\"widget\" data-widget_type=\"woocommerce-breadcrumb.default\">\n\t\t\t\t<div class=\"elementor-widget-container\">\n\t\t\t\t\t<nav class=\"rey-breadcrumbs\"><div class=\"rey-breadcrumbs-item\" data-no-translation=\"\" data-trp-gettext=\"\">domov<\/div><\/nav>\t\t\t\t<\/div>\n\t\t\t\t<\/div>\n\t\t\t\t\t<\/div>\n\t\t<\/div>\n\t\t\t\t\t<\/div>\n\t\t<\/section>\n\t\t\t\t<section class=\"elementor-section elementor-top-section elementor-element elementor-element-05ce4b8 elementor-section-boxed elementor-section-height-default elementor-section-height-default\" data-id=\"05ce4b8\" data-element_type=\"section\">\n\t\t\t\t\t\t<div class=\"elementor-container elementor-column-gap-default\">\n\t\t\t\t\t<div class=\"elementor-column elementor-col-100 elementor-top-column elementor-element elementor-element-479b636\" data-id=\"479b636\" data-element_type=\"column\">\n\t\t\t<div class=\"elementor-column-wrap--479b636 elementor-widget-wrap elementor-element-populated\">\n\t\t\t\t\t\t<div class=\"elementor-element elementor-element-8902af9 elementor-widget elementor-widget-heading\" data-id=\"8902af9\" data-element_type=\"widget\" data-widget_type=\"heading.default\">\n\t\t\t\t<div class=\"elementor-widget-container\">\n\t\t\t\t\t<h1 class=\"elementor-heading-title elementor-size-default\">Povezava za pla\u010dilo<\/h1>\t\t\t\t<\/div>\n\t\t\t\t<\/div>\n\t\t\t\t\t<\/div>\n\t\t<\/div>\n\t\t\t\t\t<\/div>\n\t\t<\/section>\n\t\t\t\t<section class=\"elementor-section elementor-top-section elementor-element elementor-element-508454a elementor-section-boxed elementor-section-height-default elementor-section-height-default\" data-id=\"508454a\" data-element_type=\"section\">\n\t\t\t\t\t\t<div class=\"elementor-container elementor-column-gap-default\">\n\t\t\t\t\t<div class=\"elementor-column elementor-col-100 elementor-top-column elementor-element elementor-element-4b48ff9\" data-id=\"4b48ff9\" data-element_type=\"column\">\n\t\t\t<div class=\"elementor-column-wrap--4b48ff9 elementor-widget-wrap elementor-element-populated\">\n\t\t\t\t\t\t<div class=\"elementor-element elementor-element-2de2546 elementor-widget elementor-widget-heading\" data-id=\"2de2546\" data-element_type=\"widget\" data-widget_type=\"heading.default\">\n\t\t\t\t<div class=\"elementor-widget-container\">\n\t\t\t\t\t<h2 class=\"elementor-heading-title elementor-size-default\">Kako pla\u010dati s pla\u010dilno povezavo\n<\/h2>\t\t\t\t<\/div>\n\t\t\t\t<\/div>\n\t\t\t\t<div class=\"elementor-element elementor-element-8941698 elementor-widget elementor-widget-text-editor\" data-id=\"8941698\" data-element_type=\"widget\" data-widget_type=\"text-editor.default\">\n\t\t\t\t<div class=\"elementor-widget-container\">\n\t\t\t\t\t\t\t\t\t<p>Ker kanal kreditnih kartic danes ni prijazen trgovinam s seks pun\u010dkami, moramo za izpolnitev naro\u010dil uporabiti pla\u010dilne povezave.<\/p>\t\t\t\t\t\t\t\t<\/div>\n\t\t\t\t<\/div>\n\t\t\t\t\t<\/div>\n\t\t<\/div>\n\t\t\t\t\t<\/div>\n\t\t<\/section>\n\t\t\t\t<section class=\"elementor-section elementor-top-section elementor-element elementor-element-5acd8b6 elementor-section-boxed elementor-section-height-default elementor-section-height-default\" data-id=\"5acd8b6\" data-element_type=\"section\">\n\t\t\t\t\t\t<div class=\"elementor-container elementor-column-gap-default\">\n\t\t\t\t\t<div class=\"elementor-column elementor-col-100 elementor-top-column elementor-element elementor-element-074124a\" data-id=\"074124a\" data-element_type=\"column\">\n\t\t\t<div class=\"elementor-column-wrap--074124a elementor-widget-wrap elementor-element-populated\">\n\t\t\t\t\t\t<div class=\"elementor-element elementor-element-9732559 elementor-widget elementor-widget-heading\" data-id=\"9732559\" data-element_type=\"widget\" data-widget_type=\"heading.default\">\n\t\t\t\t<div class=\"elementor-widget-container\">\n\t\t\t\t\t<h2 class=\"elementor-heading-title elementor-size-default\">1. Naro\u010dite na spletnem mestu sexdollxxx.com\n<\/h2>\t\t\t\t<\/div>\n\t\t\t\t<\/div>\n\t\t\t\t\t<\/div>\n\t\t<\/div>\n\t\t\t\t\t<\/div>\n\t\t<\/section>\n\t\t\t\t<section class=\"elementor-section elementor-top-section elementor-element elementor-element-505cf09 elementor-section-boxed elementor-section-height-default elementor-section-height-default\" data-id=\"505cf09\" data-element_type=\"section\">\n\t\t\t\t\t\t<div class=\"elementor-container elementor-column-gap-default\">\n\t\t\t\t\t<div class=\"elementor-column elementor-col-100 elementor-top-column elementor-element elementor-element-fd7be84\" data-id=\"fd7be84\" data-element_type=\"column\">\n\t\t\t<div class=\"elementor-column-wrap--fd7be84 elementor-widget-wrap elementor-element-populated\">\n\t\t\t\t\t\t<div class=\"elementor-element elementor-element-3588333 elementor-widget elementor-widget-text-editor\" data-id=\"3588333\" data-element_type=\"widget\" data-widget_type=\"text-editor.default\">\n\t\t\t\t<div class=\"elementor-widget-container\">\n\t\t\t\t\t\t\t\t\t<ul><li>Dodaj lutko v ko\u0161arico<\/li><li>Pojdite na stran Checkout<\/li><li>Izberite metodo, povezavo za pla\u010dilo s kreditno kartico<\/li><\/ul>\t\t\t\t\t\t\t\t<\/div>\n\t\t\t\t<\/div>\n\t\t\t\t<div class=\"elementor-element elementor-element-41aea97 elementor-widget elementor-widget-text-editor\" data-id=\"41aea97\" data-element_type=\"widget\" data-widget_type=\"text-editor.default\">\n\t\t\t\t<div class=\"elementor-widget-container\">\n\t\t\t\t\t\t\t\t\t<p><span style=\"text-decoration: underline;\">Ko kliknete \u00bbOddaj naro\u010dilo\u00ab, vam bo na\u0161 sistem poslal e-po\u0161to s \u0161tevilko naro\u010dila in zneskom naro\u010dila. na\u0161li boste tudi povezavo za pla\u010dilo<\/span><\/p><p><strong><span style=\"text-decoration: underline;\">(\u010ce e-po\u0161te niste prejeli v 5 minutah, preverite mapo z vsiljeno po\u0161to)<\/span><\/strong><\/p>\t\t\t\t\t\t\t\t<\/div>\n\t\t\t\t<\/div>\n\t\t\t\t\t<\/div>\n\t\t<\/div>\n\t\t\t\t\t<\/div>\n\t\t<\/section>\n\t\t\t\t<section class=\"elementor-section elementor-top-section elementor-element elementor-element-8cbacbf elementor-section-boxed elementor-section-height-default elementor-section-height-default\" data-id=\"8cbacbf\" data-element_type=\"section\">\n\t\t\t\t\t\t<div class=\"elementor-container elementor-column-gap-default\">\n\t\t\t\t\t<div class=\"elementor-column elementor-col-100 elementor-top-column elementor-element elementor-element-f26a0a7\" data-id=\"f26a0a7\" data-element_type=\"column\">\n\t\t\t<div class=\"elementor-column-wrap--f26a0a7 elementor-widget-wrap elementor-element-populated\">\n\t\t\t\t\t\t<div class=\"elementor-element elementor-element-21f0acb elementor-widget elementor-widget-heading\" data-id=\"21f0acb\" data-element_type=\"widget\" data-widget_type=\"heading.default\">\n\t\t\t\t<div class=\"elementor-widget-container\">\n\t\t\t\t\t<h2 class=\"elementor-heading-title elementor-size-default\">2. Uporaba pla\u010dilne povezave za pla\u010dilo s kreditno kartico<\/h2>\t\t\t\t<\/div>\n\t\t\t\t<\/div>\n\t\t\t\t\t<\/div>\n\t\t<\/div>\n\t\t\t\t\t<\/div>\n\t\t<\/section>\n\t\t\t\t<section class=\"elementor-section elementor-top-section elementor-element elementor-element-72c1daa elementor-section-boxed elementor-section-height-default elementor-section-height-default\" data-id=\"72c1daa\" data-element_type=\"section\">\n\t\t\t\t\t\t<div class=\"elementor-container elementor-column-gap-default\">\n\t\t\t\t\t<div class=\"elementor-column elementor-col-100 elementor-top-column elementor-element elementor-element-d9357f5\" data-id=\"d9357f5\" data-element_type=\"column\">\n\t\t\t<div class=\"elementor-column-wrap--d9357f5 elementor-widget-wrap elementor-element-populated\">\n\t\t\t\t\t\t<div class=\"elementor-element elementor-element-c78e6ad elementor-widget elementor-widget-text-editor\" data-id=\"c78e6ad\" data-element_type=\"widget\" data-widget_type=\"text-editor.default\">\n\t\t\t\t<div class=\"elementor-widget-container\">\n\t\t\t\t\t\t\t\t\t<p>2.1 Ko odprete povezavo za pla\u010dilo, vnesite \u0161tevilko naro\u010dila in znesek naro\u010dila, ki ste ju prejeli po elektronski po\u0161ti.<\/p>\t\t\t\t\t\t\t\t<\/div>\n\t\t\t\t<\/div>\n\t\t\t\t<div class=\"elementor-element elementor-element-4a42044 elementor-widget elementor-widget-image\" data-id=\"4a42044\" data-element_type=\"widget\" data-widget_type=\"image.default\">\n\t\t\t\t<div class=\"elementor-widget-container\">\n\t\t\t\t\t\t\t\t\t\t\t\t\t\t\t<img fetchpriority=\"high\" decoding=\"async\" width=\"1674\" height=\"639\" src=\"https:\/\/sexdollxxx.com\/wp-content\/uploads\/2023\/12\/pic-payment-1.jpg\" class=\"attachment-full size-full wp-image-31441\" alt=\"\" srcset=\"https:\/\/sexdollxxx.com\/wp-content\/uploads\/2023\/12\/pic-payment-1.jpg 1674w, https:\/\/sexdollxxx.com\/wp-content\/uploads\/2023\/12\/pic-payment-1-300x115.jpg 300w, https:\/\/sexdollxxx.com\/wp-content\/uploads\/2023\/12\/pic-payment-1-250x95.jpg 250w, https:\/\/sexdollxxx.com\/wp-content\/uploads\/2023\/12\/pic-payment-1-600x229.jpg 600w, https:\/\/sexdollxxx.com\/wp-content\/uploads\/2023\/12\/pic-payment-1-1024x391.jpg 1024w, https:\/\/sexdollxxx.com\/wp-content\/uploads\/2023\/12\/pic-payment-1-768x293.jpg 768w, https:\/\/sexdollxxx.com\/wp-content\/uploads\/2023\/12\/pic-payment-1-1536x586.jpg 1536w, https:\/\/sexdollxxx.com\/wp-content\/uploads\/2023\/12\/pic-payment-1-18x7.jpg 18w\" sizes=\"(max-width: 1674px) 100vw, 1674px\" title=\"\">\t\t\t\t\t\t\t\t\t\t\t\t\t\t\t<\/div>\n\t\t\t\t<\/div>\n\t\t\t\t<div class=\"elementor-element elementor-element-a014885 elementor-widget elementor-widget-text-editor\" data-id=\"a014885\" data-element_type=\"widget\" data-widget_type=\"text-editor.default\">\n\t\t\t\t<div class=\"elementor-widget-container\">\n\t\t\t\t\t\t\t\t\t<p>2.2 nato dodajte v ko\u0161arico in pojdite na stran za dokon\u010danje nakupa<\/p>\t\t\t\t\t\t\t\t<\/div>\n\t\t\t\t<\/div>\n\t\t\t\t<section class=\"elementor-section elementor-inner-section elementor-element elementor-element-39b7a12 elementor-section-boxed elementor-section-height-default elementor-section-height-default\" data-id=\"39b7a12\" data-element_type=\"section\">\n\t\t\t\t\t\t<div class=\"elementor-container elementor-column-gap-default\">\n\t\t\t\t\t<div class=\"elementor-column elementor-col-50 elementor-inner-column elementor-element elementor-element-cd27ca6\" data-id=\"cd27ca6\" data-element_type=\"column\">\n\t\t\t<div class=\"elementor-column-wrap--cd27ca6 elementor-widget-wrap elementor-element-populated\">\n\t\t\t\t\t\t<div class=\"elementor-element elementor-element-276732d elementor-widget elementor-widget-image\" data-id=\"276732d\" data-element_type=\"widget\" data-widget_type=\"image.default\">\n\t\t\t\t<div class=\"elementor-widget-container\">\n\t\t\t\t\t\t\t\t\t\t\t\t\t\t\t<img decoding=\"async\" width=\"850\" height=\"337\" src=\"https:\/\/sexdollxxx.com\/wp-content\/uploads\/2023\/12\/pic-payment-2-1.jpg\" class=\"attachment-large size-large wp-image-32212\" alt=\"\" srcset=\"https:\/\/sexdollxxx.com\/wp-content\/uploads\/2023\/12\/pic-payment-2-1.jpg 850w, https:\/\/sexdollxxx.com\/wp-content\/uploads\/2023\/12\/pic-payment-2-1-300x119.jpg 300w, https:\/\/sexdollxxx.com\/wp-content\/uploads\/2023\/12\/pic-payment-2-1-250x99.jpg 250w, https:\/\/sexdollxxx.com\/wp-content\/uploads\/2023\/12\/pic-payment-2-1-600x238.jpg 600w, https:\/\/sexdollxxx.com\/wp-content\/uploads\/2023\/12\/pic-payment-2-1-768x304.jpg 768w, https:\/\/sexdollxxx.com\/wp-content\/uploads\/2023\/12\/pic-payment-2-1-18x7.jpg 18w\" sizes=\"(max-width: 850px) 100vw, 850px\" title=\"\">\t\t\t\t\t\t\t\t\t\t\t\t\t\t\t<\/div>\n\t\t\t\t<\/div>\n\t\t\t\t\t<\/div>\n\t\t<\/div>\n\t\t\t\t<div class=\"elementor-column elementor-col-50 elementor-inner-column elementor-element elementor-element-8a1705b\" data-id=\"8a1705b\" data-element_type=\"column\">\n\t\t\t<div class=\"elementor-column-wrap--8a1705b elementor-widget-wrap elementor-element-populated\">\n\t\t\t\t\t\t<div class=\"elementor-element elementor-element-14bd65b elementor-widget elementor-widget-image\" data-id=\"14bd65b\" data-element_type=\"widget\" data-widget_type=\"image.default\">\n\t\t\t\t<div class=\"elementor-widget-container\">\n\t\t\t\t\t\t\t\t\t\t\t\t\t\t\t<img decoding=\"async\" width=\"1024\" height=\"489\" src=\"https:\/\/sexdollxxx.com\/wp-content\/uploads\/2023\/12\/pic-payment-3-1-1024x489.jpg\" class=\"attachment-large size-large wp-image-32213\" alt=\"\" srcset=\"https:\/\/sexdollxxx.com\/wp-content\/uploads\/2023\/12\/pic-payment-3-1-1024x489.jpg 1024w, https:\/\/sexdollxxx.com\/wp-content\/uploads\/2023\/12\/pic-payment-3-1-300x143.jpg 300w, https:\/\/sexdollxxx.com\/wp-content\/uploads\/2023\/12\/pic-payment-3-1-250x119.jpg 250w, https:\/\/sexdollxxx.com\/wp-content\/uploads\/2023\/12\/pic-payment-3-1-600x286.jpg 600w, https:\/\/sexdollxxx.com\/wp-content\/uploads\/2023\/12\/pic-payment-3-1-768x366.jpg 768w, https:\/\/sexdollxxx.com\/wp-content\/uploads\/2023\/12\/pic-payment-3-1-18x9.jpg 18w, https:\/\/sexdollxxx.com\/wp-content\/uploads\/2023\/12\/pic-payment-3-1.jpg 1027w\" sizes=\"(max-width: 1024px) 100vw, 1024px\" title=\"\">\t\t\t\t\t\t\t\t\t\t\t\t\t\t\t<\/div>\n\t\t\t\t<\/div>\n\t\t\t\t\t<\/div>\n\t\t<\/div>\n\t\t\t\t\t<\/div>\n\t\t<\/section>\n\t\t\t\t<div class=\"elementor-element elementor-element-0240556 elementor-widget elementor-widget-text-editor\" data-id=\"0240556\" data-element_type=\"widget\" data-widget_type=\"text-editor.default\">\n\t\t\t\t<div class=\"elementor-widget-container\">\n\t\t\t\t\t\t\t\t\t<p>2.3 Na strani za dokon\u010danje nakupa. Izpolnite potrebne podatke, tam boste videli podatke o kreditni kartici<\/p>\t\t\t\t\t\t\t\t<\/div>\n\t\t\t\t<\/div>\n\t\t\t\t<div class=\"elementor-element elementor-element-aa95632 elementor-widget elementor-widget-image\" data-id=\"aa95632\" data-element_type=\"widget\" data-widget_type=\"image.default\">\n\t\t\t\t<div class=\"elementor-widget-container\">\n\t\t\t\t\t\t\t\t\t\t\t\t\t\t\t<img loading=\"lazy\" decoding=\"async\" width=\"768\" height=\"487\" src=\"https:\/\/sexdollxxx.com\/wp-content\/uploads\/2023\/12\/pic-payment-4-768x487.jpg\" class=\"attachment-medium_large size-medium_large wp-image-32215\" alt=\"\" srcset=\"https:\/\/sexdollxxx.com\/wp-content\/uploads\/2023\/12\/pic-payment-4-768x487.jpg 768w, https:\/\/sexdollxxx.com\/wp-content\/uploads\/2023\/12\/pic-payment-4-300x190.jpg 300w, https:\/\/sexdollxxx.com\/wp-content\/uploads\/2023\/12\/pic-payment-4-250x158.jpg 250w, https:\/\/sexdollxxx.com\/wp-content\/uploads\/2023\/12\/pic-payment-4-600x380.jpg 600w, https:\/\/sexdollxxx.com\/wp-content\/uploads\/2023\/12\/pic-payment-4-1024x649.jpg 1024w, https:\/\/sexdollxxx.com\/wp-content\/uploads\/2023\/12\/pic-payment-4-1536x973.jpg 1536w, https:\/\/sexdollxxx.com\/wp-content\/uploads\/2023\/12\/pic-payment-4-18x12.jpg 18w, https:\/\/sexdollxxx.com\/wp-content\/uploads\/2023\/12\/pic-payment-4.jpg 1787w\" sizes=\"(max-width: 768px) 100vw, 768px\" title=\"\">\t\t\t\t\t\t\t\t\t\t\t\t\t\t\t<\/div>\n\t\t\t\t<\/div>\n\t\t\t\t<div class=\"elementor-element elementor-element-a9d09ce elementor-widget elementor-widget-text-editor\" data-id=\"a9d09ce\" data-element_type=\"widget\" data-widget_type=\"text-editor.default\">\n\t\t\t\t<div class=\"elementor-widget-container\">\n\t\t\t\t\t\t\t\t\t<p>2.4 Ko oddate naro\u010dilo, bomo pla\u010dilo potrdili po e-po\u0161ti v 24 urah<\/p><p><strong><span style=\"text-decoration: underline;\">(\u010ce e-po\u0161te niste prejeli v 24 urah, preverite mapo z vsiljeno po\u0161to)<\/span><\/strong><\/p>\t\t\t\t\t\t\t\t<\/div>\n\t\t\t\t<\/div>\n\t\t\t\t\t<\/div>\n\t\t<\/div>\n\t\t\t\t\t<\/div>\n\t\t<\/section>\n\t\t\t\t<section class=\"elementor-section elementor-top-section elementor-element elementor-element-834850d elementor-section-boxed elementor-section-height-default elementor-section-height-default\" data-id=\"834850d\" data-element_type=\"section\">\n\t\t\t\t\t\t<div class=\"elementor-container elementor-column-gap-default\">\n\t\t\t\t\t<div class=\"elementor-column elementor-col-100 elementor-top-column elementor-element elementor-element-5a5e132\" data-id=\"5a5e132\" data-element_type=\"column\">\n\t\t\t<div class=\"elementor-column-wrap--5a5e132 elementor-widget-wrap elementor-element-populated\">\n\t\t\t\t\t\t<div class=\"elementor-element elementor-element-bec2d8c elementor-widget elementor-widget-text-editor\" data-id=\"bec2d8c\" data-element_type=\"widget\" data-widget_type=\"text-editor.default\">\n\t\t\t\t<div class=\"elementor-widget-container\">\n\t\t\t\t\t\t\t\t\t<p>Za povezavo za pla\u010dilo ponujamo dve mo\u017enosti po va\u0161i izbiri<\/p><ul><li>Spletno mesto za lutke<\/li><li>Spletno mesto brez lutk<\/li><\/ul>\t\t\t\t\t\t\t\t<\/div>\n\t\t\t\t<\/div>\n\t\t\t\t<div class=\"elementor-element elementor-element-2d15cee elementor-widget elementor-widget-text-editor\" data-id=\"2d15cee\" data-element_type=\"widget\" data-widget_type=\"text-editor.default\">\n\t\t\t\t<div class=\"elementor-widget-container\">\n\t\t\t\t\t\t\t\t\t<p>\u010ce imate \u0161e kakr\u0161na koli vpra\u0161anja, jih povabite <a href=\"\/sl\/contact-us\/\"><span style=\"text-decoration: underline;\">kontaktiraj nas<\/span><\/a>, na va\u0161 e-po\u0161tni naslov bomo odgovorili v 24 urah<\/p>\t\t\t\t\t\t\t\t<\/div>\n\t\t\t\t<\/div>\n\t\t\t\t\t<\/div>\n\t\t<\/div>\n\t\t\t\t\t<\/div>\n\t\t<\/section>\n\t\t\t\t<\/div>","protected":false},"excerpt":{"rendered":"<p>Payment Link How To Pay By Payment Link As Credit Card channel is not friendly to sex doll shops nowadays, we have to use payment links to accomplish orders. 1. Place order on site sexdollxxx.com Add Doll to Cart Go to Checkout page Choose the methold, Credit Card Payment Link Once you click &#8220;Place Order&#8221;, [&hellip;]<\/p>\n","protected":false},"author":3,"featured_media":0,"parent":0,"menu_order":0,"comment_status":"closed","ping_status":"closed","template":"elementor_header_footer","meta":{"footnotes":""},"class_list":["post-31428","page","type-page","status-publish","hentry"],"_links":{"self":[{"href":"https:\/\/sexdollxxx.com\/sl\/wp-json\/wp\/v2\/pages\/31428","targetHints":{"allow":["GET"]}}],"collection":[{"href":"https:\/\/sexdollxxx.com\/sl\/wp-json\/wp\/v2\/pages"}],"about":[{"href":"https:\/\/sexdollxxx.com\/sl\/wp-json\/wp\/v2\/types\/page"}],"author":[{"embeddable":true,"href":"https:\/\/sexdollxxx.com\/sl\/wp-json\/wp\/v2\/users\/3"}],"replies":[{"embeddable":true,"href":"https:\/\/sexdollxxx.com\/sl\/wp-json\/wp\/v2\/comments?post=31428"}],"version-history":[{"count":0,"href":"https:\/\/sexdollxxx.com\/sl\/wp-json\/wp\/v2\/pages\/31428\/revisions"}],"wp:attachment":[{"href":"https:\/\/sexdollxxx.com\/sl\/wp-json\/wp\/v2\/media?parent=31428"}],"curies":[{"name":"wp","href":"https:\/\/api.w.org\/{rel}","templated":true}]}}