{"id":579,"date":"2021-06-01T15:27:36","date_gmt":"2021-06-01T15:27:36","guid":{"rendered":"https:\/\/bluebirds.sslcommerz.org\/?page_id=579"},"modified":"2024-11-16T16:30:14","modified_gmt":"2024-11-16T08:30:14","slug":"more-sex-doll-sites","status":"publish","type":"page","link":"https:\/\/sexdollxxx.com\/sl\/more-sex-doll-sites\/","title":{"rendered":"Ve\u010d spletnih mest s seks lutkami"},"content":{"rendered":"<div data-elementor-type=\"wp-page\" data-elementor-id=\"579\" class=\"elementor elementor-579\" data-elementor-post-type=\"page\">\n\t\t\t\t\t\t<section class=\"elementor-section elementor-top-section elementor-element elementor-element-6e09150 elementor-section-boxed elementor-section-height-default elementor-section-height-default\" data-id=\"6e09150\" data-element_type=\"section\">\n\t\t\t\t\t\t<div class=\"elementor-container elementor-column-gap-default\">\n\t\t\t\t\t<div class=\"elementor-column elementor-col-100 elementor-top-column elementor-element elementor-element-6bc6109\" data-id=\"6bc6109\" data-element_type=\"column\">\n\t\t\t<div class=\"elementor-column-wrap--6bc6109 elementor-widget-wrap elementor-element-populated\">\n\t\t\t\t\t\t<div class=\"elementor-element elementor-element-84793b0 elementor-widget elementor-widget-woocommerce-breadcrumb\" data-id=\"84793b0\" data-element_type=\"widget\" data-widget_type=\"woocommerce-breadcrumb.default\">\n\t\t\t\t<div class=\"elementor-widget-container\">\n\t\t\t\t\t<nav class=\"rey-breadcrumbs\"><div class=\"rey-breadcrumbs-item\" data-no-translation=\"\" data-trp-gettext=\"\">domov<\/div><\/nav>\t\t\t\t<\/div>\n\t\t\t\t<\/div>\n\t\t\t\t\t<\/div>\n\t\t<\/div>\n\t\t\t\t\t<\/div>\n\t\t<\/section>\n\t\t\t\t<section class=\"elementor-section elementor-top-section elementor-element elementor-element-2ff495d elementor-section-boxed elementor-section-height-default elementor-section-height-default\" data-id=\"2ff495d\" data-element_type=\"section\">\n\t\t\t\t\t\t<div class=\"elementor-container elementor-column-gap-default\">\n\t\t\t\t\t<div class=\"elementor-column elementor-col-100 elementor-top-column elementor-element elementor-element-84c644f\" data-id=\"84c644f\" data-element_type=\"column\">\n\t\t\t<div class=\"elementor-column-wrap--84c644f elementor-widget-wrap elementor-element-populated\">\n\t\t\t\t\t\t<div class=\"elementor-element elementor-element-3f36792 elementor-widget elementor-widget-heading\" data-id=\"3f36792\" data-element_type=\"widget\" data-widget_type=\"heading.default\">\n\t\t\t\t<div class=\"elementor-widget-container\">\n\t\t\t\t\t<h1 class=\"elementor-heading-title elementor-size-default\">Ve\u010d spletnih mest s seks lutkami<\/h1>\t\t\t\t<\/div>\n\t\t\t\t<\/div>\n\t\t\t\t\t<\/div>\n\t\t<\/div>\n\t\t\t\t\t<\/div>\n\t\t<\/section>\n\t\t\t\t<section class=\"elementor-section elementor-top-section elementor-element elementor-element-0f1ceb6 elementor-section-boxed elementor-section-height-default elementor-section-height-default\" data-id=\"0f1ceb6\" data-element_type=\"section\">\n\t\t\t\t\t\t<div class=\"elementor-container elementor-column-gap-default\">\n\t\t\t\t\t<div class=\"elementor-column elementor-col-50 elementor-top-column elementor-element elementor-element-3f6db41\" data-id=\"3f6db41\" data-element_type=\"column\">\n\t\t\t<div class=\"elementor-column-wrap--3f6db41 elementor-widget-wrap elementor-element-populated\">\n\t\t\t\t\t\t<div class=\"elementor-element elementor-element-fc616c8 elementor-bg-transform elementor-bg-transform-move-up elementor-cta--skin-classic elementor-animated-content elementor-widget elementor-widget-call-to-action\" data-id=\"fc616c8\" data-element_type=\"widget\" data-widget_type=\"call-to-action.default\">\n\t\t\t\t<div class=\"elementor-widget-container\">\n\t\t\t\t\t\t\t<div class=\"elementor-cta\">\n\t\t\t\t\t<div class=\"elementor-cta__bg-wrapper\">\n\t\t\t\t<div class=\"elementor-cta__bg elementor-bg\" style=\"background-image: url(https:\/\/sexdollxxx.com\/wp-content\/uploads\/2021\/06\/buy-sex-doll-on-aliexpress.jpg);\" role=\"img\" aria-label=\"buy-sex-doll-on-aliexpress\"><\/div>\n\t\t\t\t<div class=\"elementor-cta__bg-overlay\"><\/div>\n\t\t\t<\/div>\n\t\t\t\t\t\t\t\t<\/div>\n\t\t\t\t\t\t<\/div>\n\t\t\t\t<\/div>\n\t\t\t\t<div class=\"elementor-element elementor-element-8996d36 elementor-widget elementor-widget-text-editor\" data-id=\"8996d36\" data-element_type=\"widget\" data-widget_type=\"text-editor.default\">\n\t\t\t\t<div class=\"elementor-widget-container\">\n\t\t\t\t\t\t\t\t\tKupite Sex Dolls na Aliexpressu\t\t\t\t\t\t\t\t<\/div>\n\t\t\t\t<\/div>\n\t\t\t\t\t<\/div>\n\t\t<\/div>\n\t\t\t\t<div class=\"elementor-column elementor-col-50 elementor-top-column elementor-element elementor-element-52c154c\" data-id=\"52c154c\" data-element_type=\"column\">\n\t\t\t<div class=\"elementor-column-wrap--52c154c elementor-widget-wrap elementor-element-populated\">\n\t\t\t\t\t\t<div class=\"elementor-element elementor-element-e94131b elementor-bg-transform elementor-bg-transform-move-up elementor-cta--skin-classic elementor-animated-content elementor-widget elementor-widget-call-to-action\" data-id=\"e94131b\" data-element_type=\"widget\" data-widget_type=\"call-to-action.default\">\n\t\t\t\t<div class=\"elementor-widget-container\">\n\t\t\t\t\t\t\t<div class=\"elementor-cta\">\n\t\t\t\t\t<div class=\"elementor-cta__bg-wrapper\">\n\t\t\t\t<div class=\"elementor-cta__bg elementor-bg\" style=\"background-image: url(https:\/\/sexdollxxx.com\/wp-content\/uploads\/2021\/06\/buy-sex-doll-on-amazon.jpg);\" role=\"img\" aria-label=\"buy-sex-doll-on-amazon\"><\/div>\n\t\t\t\t<div class=\"elementor-cta__bg-overlay\"><\/div>\n\t\t\t<\/div>\n\t\t\t\t\t\t\t\t<\/div>\n\t\t\t\t\t\t<\/div>\n\t\t\t\t<\/div>\n\t\t\t\t<div class=\"elementor-element elementor-element-22b8323 elementor-widget elementor-widget-text-editor\" data-id=\"22b8323\" data-element_type=\"widget\" data-widget_type=\"text-editor.default\">\n\t\t\t\t<div class=\"elementor-widget-container\">\n\t\t\t\t\t\t\t\t\tKupite Sex Dolls na Amazonu\t\t\t\t\t\t\t\t<\/div>\n\t\t\t\t<\/div>\n\t\t\t\t\t<\/div>\n\t\t<\/div>\n\t\t\t\t\t<\/div>\n\t\t<\/section>\n\t\t\t\t<section class=\"elementor-section elementor-top-section elementor-element elementor-element-f228c90 elementor-section-boxed elementor-section-height-default elementor-section-height-default\" data-id=\"f228c90\" data-element_type=\"section\">\n\t\t\t\t\t\t<div class=\"elementor-container elementor-column-gap-default\">\n\t\t\t\t\t<div class=\"elementor-column elementor-col-100 elementor-top-column elementor-element elementor-element-277bf01\" data-id=\"277bf01\" data-element_type=\"column\">\n\t\t\t<div class=\"elementor-column-wrap--277bf01 elementor-widget-wrap elementor-element-populated\">\n\t\t\t\t\t\t<div class=\"elementor-element elementor-element-10a8e0b elementor-widget elementor-widget-text-editor\" data-id=\"10a8e0b\" data-element_type=\"widget\" data-widget_type=\"text-editor.default\">\n\t\t\t\t<div class=\"elementor-widget-container\">\n\t\t\t\t\t\t\t\t\t<p>\u010ce na\u0161e lutke niso primerne za vas, lahko najdete ve\u010d lutk na nekaterih spletnih mestih za seks pun\u010dke. Pre\u0161teli bodo najbolj priljubljene nakupovalne centre s spolnimi igra\u010dami na internetu in jih razvrstili na podlagi ocen uporabnikov in cenovnih dejavnikov. Ni vam treba porabiti ve\u010d energije, da bi na\u0161li ta spletna mesta, ponujamo naslednja spletna mesta s seks lutkami.<\/p>\t\t\t\t\t\t\t\t<\/div>\n\t\t\t\t<\/div>\n\t\t\t\t<div class=\"elementor-element elementor-element-bf413c6 elementor-widget elementor-widget-text-editor\" data-id=\"bf413c6\" data-element_type=\"widget\" data-widget_type=\"text-editor.default\">\n\t\t\t\t<div class=\"elementor-widget-container\">\n\t\t\t\t\t\t\t\t\t<ul><li><a href=\"https:\/\/sndoll.com\/\" target=\"_blank\" rel=\"noopener\"><span style=\"color: red;\">SnDoll:<\/span><\/a> 4500 Seks lutka, ki je popolnoma izdelana iz TPE in silikonskega materiala, smo najbolj zaupanja vredno podjetje za seks pun\u010dke, saj na\u0161im strankam nudimo visokokakovostne mehke in varne ljubezenske pun\u010dke in super TPE seks pun\u010dke. Zagotovljena dostava in brezpla\u010dna dostava!<\/li><li><a href=\"https:\/\/pornsites.xxx\/\" target=\"_blank\" rel=\"noopener\"><span style=\"color: red;\">Ocene pornografskih strani:<\/span><\/a> Porn Sites je preprosto seznam najbolj\u0161ih pornografskih strani in strani s spolnimi igra\u010dami. Poi\u0161\u010dite ocene XXX in po\u0161tene lestvice najbolj priljubljenih seks kamer, cevi, VR in ogromno brezpla\u010dnih spletnih mest!<\/li><li><a href=\"https:\/\/utengrense.com\/\" target=\"_blank\" rel=\"noopener\"><span style=\"color: red;\">Utengrense.com:<\/span><\/a> Na Norve\u0161kem imamo svojo spletno trgovino s spolnostjo in na\u0161im strankam \u017eelimo prodajati samo visokokakovostne predmete po ugodni ceni, kot so spolne igra\u010de in seksi spodnje perilo.<\/li><li><a href=\"https:\/\/www.pincelebs.net\/\" target=\"_blank\" rel=\"noopener\"><span style=\"color: red;\">Pripni zvezdnike:<\/span><\/a> Gole, gole, zgoraj brez, seksi in prozorne podobe slavnih igralk, pevk, manekenk in televizijskih osebnosti<\/li><li><a href=\"https:\/\/www.youpornlist.com\/\" target=\"_blank\" rel=\"noopener\"><span style=\"color: red;\">Youpornlist.com: <\/span><\/a>YouPornList je izbor najbolj\u0161ih porno strani po kategorijah. Vsako mesto je bilo izbrano po dolgi in natan\u010dni analizi na\u0161ih strokovnjakov za ro\u010dno delo.<\/li><li><a href=\"https:\/\/www.porninspector.com\/\" target=\"_blank\" rel=\"noopener\"><span style=\"color: red;\">Porninspector.com:<\/span><\/a> Porn Inspector ima \u0161tevilne pornografske ocene nekaterih najbolj obetavnih spletnih mest za odrasle. Vedno podamo svoje najbolj po\u0161teno in nepristransko mnenje. Vsak zapis bo vklju\u010deval \u0161tevilne slike in video vzorce, vzete neposredno iz obmo\u010dja za \u010dlane tega spletnega mesta, kar vam bo dalo prilo\u017enost, da vidite, kaj to\u010dno je ponujeno, preden se odlo\u010dite za nakup!<\/li><li><a href=\"http:\/\/hentai-gamer.com\/\" target=\"_blank\" rel=\"noopener\"><span style=\"color: red;\">Hentai igralec:<\/span><\/a> Hentai-Gamer.com je najbolj\u0161e spletno mesto za brezpla\u010dne hentai igre 100%. Zato pojdi in igraj hentai flash igre zdaj!<\/li><li><a href=\"https:\/\/sexdollpornhd.com\/\" target=\"_blank\" rel=\"noopener\"><span style=\"color: red;\">Sex Doll Porn HD: <\/span><\/a>Oglejte si pornografske videoposnetke seks lutk na SexDollPornHD.com, da boste lahko videli svojo ljubezensko lutko v akciji, preden jo kupite!<\/li><li><a href=\"https:\/\/www.thesafeporn.com\/\" target=\"_blank\" rel=\"noopener\"><span style=\"color: red;\">Varna pornografija: <\/span><\/a>na thesafeporn.com boste na\u0161li na tiso\u010de pornografskih spletnih mest, izbranih zaradi njihove kakovosti in varnosti, za vsako stran pa pregled, ki vam bo pomagal pri izbiri.<\/li><li><a href=\"https:\/\/allpornsites.net\/\" target=\"_blank\" rel=\"noopener\"><span style=\"color: red;\">Allpornsites.net:<\/span><\/a> Na vseh pornografskih spletnih mestih boste na\u0161li najve\u010djo izbiro pornografskih spletnih mest v vesolju, ki se redno posodabljajo skoraj vsak dan z novimi pornografskimi spletnimi mesti katere koli ni\u0161e.<\/li><li><a href=\"https:\/\/hotpornbible.com\/\" target=\"_blank\" rel=\"noopener\"><span style=\"color: red;\">Seznam vro\u010dih porno strani:<\/span><\/a>Hot Porn Bible ima najbolj\u0161a pornografska mesta na svetu! V vsaki kategoriji imamo najbolje ocenjena brezpla\u010dna in vrhunska spletna mesta s xxx vsebinami za odrasle.<\/li><li><a href=\"https:\/\/www.mrpinks.com\/\" target=\"_blank\" rel=\"noopener\"><span style=\"color: red;\">Porno ocene:<\/span><\/a> Pink&#039;s Porn Reviews je va\u0161e zaupanja vredno mesto za pregledovanje pornografskih vsebin za po\u0161tene ocene spletnih mest za odrasle, zni\u017eano pornografijo in najbolj\u0161a pornografska spletna mesta.<\/li><li><a href=\"https:\/\/richobo.com\/\" target=\"_blank\" rel=\"noopener\"><span style=\"color: red;\">Mali oglasi in vodnik za spremstvo | Richobo: <\/span><\/a>Seznam novic o zabavi mednarodnih oglasnikov za odrasle Richobo \/ spremstvo \/ dogodki \/ striptizete \/ storitve za odrasle \/ xguide \/ modeli \/ masa\u017ee \/ luksuzni avtomobili<\/li><li><a href=\"https:\/\/uncams.com\/\" target=\"_blank\" rel=\"noopener\"><span style=\"color: red;\">Kamere ZN:<\/span><\/a> Oglejte si kamere v \u017eivo zdaj! Registracija ni potrebna \u2013 100% brezpla\u010den necenzuriran klepet za odrasle. Za\u010dnite klepetati z amaterji, ekshibicionisti, pornozvezdami z HD video in zvokom.<\/li><li><p><a href=\"https:\/\/thebestfetishsites.com\/adult-toy-stores\/\" target=\"_blank\" rel=\"noopener\">Najbolj\u0161a spletna mesta s seks igra\u010dami<\/a> :\u00a0<\/p><\/li><\/ul>\t\t\t\t\t\t\t\t<\/div>\n\t\t\t\t<\/div>\n\t\t\t\t\t<\/div>\n\t\t<\/div>\n\t\t\t\t\t<\/div>\n\t\t<\/section>\n\t\t\t\t<section class=\"elementor-section elementor-top-section elementor-element elementor-element-9b10116 elementor-section-boxed elementor-section-height-default elementor-section-height-default\" data-id=\"9b10116\" data-element_type=\"section\">\n\t\t\t\t\t\t<div class=\"elementor-container elementor-column-gap-default\">\n\t\t\t\t\t<div class=\"elementor-column elementor-col-100 elementor-top-column elementor-element elementor-element-60c82a0\" data-id=\"60c82a0\" data-element_type=\"column\">\n\t\t\t<div class=\"elementor-column-wrap--60c82a0 elementor-widget-wrap elementor-element-populated\">\n\t\t\t\t\t\t<div class=\"elementor-element elementor-element-a13b0eb elementor-widget elementor-widget-spacer\" data-id=\"a13b0eb\" data-element_type=\"widget\" data-widget_type=\"spacer.default\">\n\t\t\t\t<div class=\"elementor-widget-container\">\n\t\t\t\t\t\t\t<div class=\"elementor-spacer\">\n\t\t\t<div class=\"elementor-spacer-inner\"><\/div>\n\t\t<\/div>\n\t\t\t\t\t\t<\/div>\n\t\t\t\t<\/div>\n\t\t\t\t\t<\/div>\n\t\t<\/div>\n\t\t\t\t\t<\/div>\n\t\t<\/section>\n\t\t\t\t<\/div>","protected":false},"excerpt":{"rendered":"<p>More Sex Doll Sites Buy Sex Dolls on Aliexpress Buy Sex Dolls on Amazon If our dolls are not suitable for you, you can find more dolls through some sex doll sites. They will count the most popular sex toy malls on the Internet and make rankings based on user reviews and price factors. You [&hellip;]<\/p>\n","protected":false},"author":3,"featured_media":0,"parent":0,"menu_order":0,"comment_status":"closed","ping_status":"closed","template":"elementor_header_footer","meta":{"footnotes":""},"class_list":["post-579","page","type-page","status-publish","hentry"],"_links":{"self":[{"href":"https:\/\/sexdollxxx.com\/sl\/wp-json\/wp\/v2\/pages\/579","targetHints":{"allow":["GET"]}}],"collection":[{"href":"https:\/\/sexdollxxx.com\/sl\/wp-json\/wp\/v2\/pages"}],"about":[{"href":"https:\/\/sexdollxxx.com\/sl\/wp-json\/wp\/v2\/types\/page"}],"author":[{"embeddable":true,"href":"https:\/\/sexdollxxx.com\/sl\/wp-json\/wp\/v2\/users\/3"}],"replies":[{"embeddable":true,"href":"https:\/\/sexdollxxx.com\/sl\/wp-json\/wp\/v2\/comments?post=579"}],"version-history":[{"count":0,"href":"https:\/\/sexdollxxx.com\/sl\/wp-json\/wp\/v2\/pages\/579\/revisions"}],"wp:attachment":[{"href":"https:\/\/sexdollxxx.com\/sl\/wp-json\/wp\/v2\/media?parent=579"}],"curies":[{"name":"wp","href":"https:\/\/api.w.org\/{rel}","templated":true}]}}