{"id":3047,"date":"2021-06-11T23:40:42","date_gmt":"2021-06-11T23:40:42","guid":{"rendered":"https:\/\/bluebirds.sslcommerz.org\/?post_type=product&#038;p=3047"},"modified":"2025-08-19T01:47:50","modified_gmt":"2025-08-18T17:47:50","slug":"lifelike-torso-doll-gigi","status":"publish","type":"product","link":"https:\/\/sexdollxxx.com\/sl\/lifelike-torso-doll-gigi\/","title":{"rendered":"Majhna realisti\u010dna lutka s trupom \u2013 Gigi"},"content":{"rendered":"<h2>Majhna realisti\u010dna lutka s trupom \u2013 Gigi<\/h2>\n<p>Ne \u017eelijo vsi a <a href=\"https:\/\/en.wikipedia.org\/wiki\/Sex_doll\" target=\"_blank\" rel=\"noopener\">spolna lutka<\/a> za vse osebne predmete in za to skupino ljudi je la\u017eji in manj\u0161i, bolj\u0161i je. Zahvaljujo\u010d materialu, znanemu kot TPE, obstajajo seks lutke, ki so lahke kot 4,4 funta in tudi majhne, z velikostjo 11,6 palca.<\/p>\n<p>Poleg lahke ima TPE \u0161e dodatno prednost, saj je na otip podoben ko\u017ei, zaradi \u010desar je seks z majhno lutko s trupom \u010dim bolj resni\u010den. To je s posebnim poudarkom na anusu in vagini, zasnovano z ve\u010d gubami v njih, da vam omogo\u010di osupljivo izku\u0161njo trkanja prave \u017eenske.<\/p>\n<p>Nekatere prednosti <strong>cenovno ugodna TPE Majhna realisti\u010dna lutka s trupom <\/strong>so, da je relativno poceni, enostaven za \u010di\u0161\u010denje in ne zahteva veliko prostora za shranjevanje.<\/p>\n<p><img fetchpriority=\"high\" decoding=\"async\" class=\"alignnone wp-image-3053 size-full\" src=\"https:\/\/sexdollxxx.com\/wp-content\/uploads\/2021\/06\/torso-sex-doll-measurement.jpg\" alt=\"Torzo lutka\" width=\"1000\" height=\"1000\" title=\"\" srcset=\"https:\/\/sexdollxxx.com\/wp-content\/uploads\/2021\/06\/torso-sex-doll-measurement.jpg 1000w, https:\/\/sexdollxxx.com\/wp-content\/uploads\/2021\/06\/torso-sex-doll-measurement-300x300.jpg 300w, https:\/\/sexdollxxx.com\/wp-content\/uploads\/2021\/06\/torso-sex-doll-measurement-250x250.jpg 250w, https:\/\/sexdollxxx.com\/wp-content\/uploads\/2021\/06\/torso-sex-doll-measurement-600x600.jpg 600w, https:\/\/sexdollxxx.com\/wp-content\/uploads\/2021\/06\/torso-sex-doll-measurement-150x150.jpg 150w, https:\/\/sexdollxxx.com\/wp-content\/uploads\/2021\/06\/torso-sex-doll-measurement-768x768.jpg 768w, https:\/\/sexdollxxx.com\/wp-content\/uploads\/2021\/06\/torso-sex-doll-measurement-100x100.jpg 100w\" sizes=\"(max-width: 1000px) 100vw, 1000px\"><\/p>","protected":false},"excerpt":{"rendered":"<p><span style=\"color: #f73e74;\">Pripravljeno za po\u0161iljanje v ZDA, EU, Kanado in Avstralijo<\/span><\/p>","protected":false},"featured_media":3060,"comment_status":"open","ping_status":"closed","template":"","meta":[],"product_cat":[205,194,189,219,344],"product_tag":[396],"class_list":{"0":"post-3047","1":"product","2":"type-product","3":"status-publish","4":"has-post-thumbnail","6":"product_cat-sex-doll-torso","7":"product_cat-65cm-88cm-sex-doll","8":"product_cat-mini-sex-doll","9":"product_cat-real-sex-dolls","10":"product_cat-tpe-sex-doll","11":"product_tag-65cm","12":"tm-no-options","14":"first","15":"instock","16":"sale","17":"shipping-taxable","18":"purchasable","19":"product-type-simple","swatches":"rey-swatches","show_selected":""},"_links":{"self":[{"href":"https:\/\/sexdollxxx.com\/sl\/wp-json\/wp\/v2\/product\/3047","targetHints":{"allow":["GET"]}}],"collection":[{"href":"https:\/\/sexdollxxx.com\/sl\/wp-json\/wp\/v2\/product"}],"about":[{"href":"https:\/\/sexdollxxx.com\/sl\/wp-json\/wp\/v2\/types\/product"}],"replies":[{"embeddable":true,"href":"https:\/\/sexdollxxx.com\/sl\/wp-json\/wp\/v2\/comments?post=3047"}],"wp:featuredmedia":[{"embeddable":true,"href":"https:\/\/sexdollxxx.com\/sl\/wp-json\/wp\/v2\/media\/3060"}],"wp:attachment":[{"href":"https:\/\/sexdollxxx.com\/sl\/wp-json\/wp\/v2\/media?parent=3047"}],"wp:term":[{"taxonomy":"product_cat","embeddable":true,"href":"https:\/\/sexdollxxx.com\/sl\/wp-json\/wp\/v2\/product_cat?post=3047"},{"taxonomy":"product_tag","embeddable":true,"href":"https:\/\/sexdollxxx.com\/sl\/wp-json\/wp\/v2\/product_tag?post=3047"}],"curies":[{"name":"wp","href":"https:\/\/api.w.org\/{rel}","templated":true}]}}