{"id":3061,"date":"2021-06-11T23:44:24","date_gmt":"2021-06-11T23:44:24","guid":{"rendered":"https:\/\/bluebirds.sslcommerz.org\/?post_type=product&#038;p=3061"},"modified":"2025-08-16T10:24:58","modified_gmt":"2025-08-16T02:24:58","slug":"tpe-torso-doll-veronica","status":"publish","type":"product","link":"https:\/\/sexdollxxx.com\/sv\/tpe-torso-doll-veronica\/","title":{"rendered":"TPE Torso Doll for Sex \u2013 Veronica"},"content":{"rendered":"<h2>TPE Torso Doll for Sex \u2013 Veronica<\/h2>\n<p>De <a href=\"\/sv\/140cm-tpe-doll-pepper\/\">sexdocka tpe<\/a> torso \u00e4r mellanhanden mellan en full storlek sexdocka och en <a href=\"https:\/\/www.snapdeal.com\/products\/mens-sex-toys-masturbators-fleshlights?sort=plrty\" target=\"_blank\" rel=\"noopener\">onanerande<\/a>; eller b\u00e4ttre uttryckt, en torso-sexdocka utan n\u00e5gra av lemmarna och huvudet. Detta g\u00f6r dem mycket mindre och l\u00e4ttare f\u00f6r enklare anv\u00e4ndning, underh\u00e5ll och f\u00f6rvaring. Just den h\u00e4r \u00e4r bara 55 cm l\u00e5ng, men hon beh\u00e5ller k\u00e4nslan av en riktig m\u00e4nsklig person.<\/p>\n<p>Den h\u00e4r sexdockans \u00f6verkropp har fortfarande ett inbyggt metallskelett som till\u00e5ter viss r\u00f6relse under sex, och TPE-hud, vilket ger dig k\u00e4nslan av intimitet med en riktig person. Eftersom hon fr\u00e4mst \u00e4r gjord f\u00f6r sex, prioriterades henne mycket <a href=\"https:\/\/en.wikipedia.org\/wiki\/Labia\" target=\"_blank\" rel=\"noopener\">blygdl\u00e4ppar<\/a> till djupet av hennes slida. Detta \u00e4r bortom allt n\u00f6je som onani kan ge dig.<\/p>\n<p><img fetchpriority=\"high\" decoding=\"async\" class=\"alignnone wp-image-3070 size-full\" src=\"https:\/\/sexdollxxx.com\/wp-content\/uploads\/2021\/06\/55cm-torso-sex-doll.jpg\" alt=\"TPE Torso\" width=\"1000\" height=\"1000\" title=\"\" srcset=\"https:\/\/sexdollxxx.com\/wp-content\/uploads\/2021\/06\/55cm-torso-sex-doll.jpg 1000w, https:\/\/sexdollxxx.com\/wp-content\/uploads\/2021\/06\/55cm-torso-sex-doll-300x300.jpg 300w, https:\/\/sexdollxxx.com\/wp-content\/uploads\/2021\/06\/55cm-torso-sex-doll-250x250.jpg 250w, https:\/\/sexdollxxx.com\/wp-content\/uploads\/2021\/06\/55cm-torso-sex-doll-600x600.jpg 600w, https:\/\/sexdollxxx.com\/wp-content\/uploads\/2021\/06\/55cm-torso-sex-doll-150x150.jpg 150w, https:\/\/sexdollxxx.com\/wp-content\/uploads\/2021\/06\/55cm-torso-sex-doll-768x768.jpg 768w, https:\/\/sexdollxxx.com\/wp-content\/uploads\/2021\/06\/55cm-torso-sex-doll-100x100.jpg 100w\" sizes=\"(max-width: 1000px) 100vw, 1000px\"><\/p>","protected":false},"excerpt":{"rendered":"<p><span style=\"color: #f73e74;\">Klar f\u00f6r leverans till USA, EU, Kanada och Australien<\/span><\/p>","protected":false},"featured_media":3067,"comment_status":"open","ping_status":"closed","template":"","meta":[],"product_cat":[205,194,189,219,344],"product_tag":[381],"class_list":{"0":"post-3061","1":"product","2":"type-product","3":"status-publish","4":"has-post-thumbnail","6":"product_cat-sex-doll-torso","7":"product_cat-65cm-88cm-sex-doll","8":"product_cat-mini-sex-doll","9":"product_cat-real-sex-dolls","10":"product_cat-tpe-sex-doll","11":"product_tag-123cm","12":"tm-no-options","14":"first","15":"instock","16":"sale","17":"shipping-taxable","18":"purchasable","19":"product-type-simple","swatches":"rey-swatches","show_selected":""},"_links":{"self":[{"href":"https:\/\/sexdollxxx.com\/sv\/wp-json\/wp\/v2\/product\/3061","targetHints":{"allow":["GET"]}}],"collection":[{"href":"https:\/\/sexdollxxx.com\/sv\/wp-json\/wp\/v2\/product"}],"about":[{"href":"https:\/\/sexdollxxx.com\/sv\/wp-json\/wp\/v2\/types\/product"}],"replies":[{"embeddable":true,"href":"https:\/\/sexdollxxx.com\/sv\/wp-json\/wp\/v2\/comments?post=3061"}],"wp:featuredmedia":[{"embeddable":true,"href":"https:\/\/sexdollxxx.com\/sv\/wp-json\/wp\/v2\/media\/3067"}],"wp:attachment":[{"href":"https:\/\/sexdollxxx.com\/sv\/wp-json\/wp\/v2\/media?parent=3061"}],"wp:term":[{"taxonomy":"product_cat","embeddable":true,"href":"https:\/\/sexdollxxx.com\/sv\/wp-json\/wp\/v2\/product_cat?post=3061"},{"taxonomy":"product_tag","embeddable":true,"href":"https:\/\/sexdollxxx.com\/sv\/wp-json\/wp\/v2\/product_tag?post=3061"}],"curies":[{"name":"wp","href":"https:\/\/api.w.org\/{rel}","templated":true}]}}